{"id":9941,"date":"2023-12-20T18:46:32","date_gmt":"2023-12-20T17:46:32","guid":{"rendered":"https:\/\/www.imf.asso.fr\/pages\/?page_id=9941"},"modified":"2026-03-05T12:57:59","modified_gmt":"2026-03-05T11:57:59","slug":"formation-de-preparation-aux-selections-test","status":"publish","type":"page","link":"https:\/\/www.imf.asso.fr\/pages\/?page_id=9941","title":{"rendered":"Pr\u00e9paration aux formations du travail social"},"content":{"rendered":"<p>Action financ\u00e9e par le Fonds Social Europ\u00e9en (FSE+)<\/p>\n<p><!--more--><\/p>\n<p><img decoding=\"async\" loading=\"lazy\" class=\"aligncenter wp-image-9918 size-large\" src=\"https:\/\/www.imf.asso.fr\/pages\/wp-content\/uploads\/Banner-1024x503.png\" alt=\"\" width=\"945\" height=\"464\" srcset=\"https:\/\/www.imf.asso.fr\/pages\/wp-content\/uploads\/Banner-1024x503.png 1024w, https:\/\/www.imf.asso.fr\/pages\/wp-content\/uploads\/Banner-300x147.png 300w, https:\/\/www.imf.asso.fr\/pages\/wp-content\/uploads\/Banner-768x377.png 768w, https:\/\/www.imf.asso.fr\/pages\/wp-content\/uploads\/Banner-945x464.png 945w, https:\/\/www.imf.asso.fr\/pages\/wp-content\/uploads\/Banner.png 1345w\" sizes=\"(max-width: 945px) 100vw, 945px\" \/><\/p>\n<p><span style=\"color: #1d60ab; font-size: 18pt;\"><strong>LA PR\u00c9PA <em>TRACE TON AVENIR<\/em><\/strong><\/span><\/p>\n<p>Une pr\u00e9pa courte et gratuite, destin\u00e9e aux personnes de 17 \u00e0 29 ans, pour <strong>trouver sa voie professionnelle<\/strong> et <strong>d\u00e9couvrir les m\u00e9tiers du social<\/strong>, \u00e0 Marseille, Arles ou Avignon.<\/p>\n<p><span style=\"color: #1d60ab;\"><strong><span style=\"font-size: 18pt;\"><br \/>\nLE PROGRAMME :<\/span><\/strong><\/span><\/p>\n<ul>\n<li class=\"cvGsUA direction-ltr align-start para-style-body\"><span class=\"a_GcMg font-feature-liga-off font-feature-clig-off font-feature-calt-off text-decoration-none text-strikethrough-none\"><span style=\"color: #3366ff; font-size: 14pt;\"><strong>D\u00e9couvrir les m\u00e9tiers de l\u2019humain et du lien social,<\/strong><\/span><br \/>\n<\/span><span class=\"a_GcMg font-feature-liga-off font-feature-clig-off font-feature-calt-off text-decoration-none text-strikethrough-none\">des carri\u00e8res qui ont du sens dans un secteur qui recrute<\/span><span class=\"a_GcMg font-feature-liga-off font-feature-clig-off font-feature-calt-off text-decoration-none text-strikethrough-none\"><\/p>\n<p><\/span><\/li>\n<li>\n<p class=\"cvGsUA direction-ltr align-start para-style-body\"><span class=\"a_GcMg font-feature-liga-off font-feature-clig-off font-feature-calt-off text-decoration-none text-strikethrough-none\"><span style=\"color: #3366ff; font-size: 14pt;\"><strong>B\u00e9n\u00e9ficier d\u2019une pr\u00e9-formation courte et gratuite<\/strong><\/span><br \/>\n<\/span><span class=\"a_GcMg font-feature-liga-off font-feature-clig-off font-feature-calt-off text-decoration-none text-strikethrough-none\">disposant de nombreux avantages<\/span> <span class=\"a_GcMg font-feature-liga-off font-feature-clig-off font-feature-calt-off text-decoration-none text-strikethrough-none\">:<\/span><span class=\"a_GcMg font-feature-liga-off font-feature-clig-off font-feature-calt-off text-decoration-none text-strikethrough-none\"> ateliers ludiques pour compl\u00e9ter ses comp\u00e9tences, petits groupes de travail pour un meilleur suivi&#8230;<\/span><\/p>\n<\/li>\n<li style=\"text-align: left;\">\n<p class=\"cvGsUA direction-ltr align-start para-style-body\"><span style=\"font-size: 14pt;\"><strong><span class=\"a_GcMg font-feature-liga-off font-feature-clig-off font-feature-calt-off text-decoration-none text-strikethrough-none\" style=\"color: #3366ff;\">\u00catre accompagn\u00e9 dans l&rsquo;\u00e9laboration de son projet professionnel :<\/span><\/strong><\/span><span style=\"font-size: 14pt;\"><strong><span class=\"a_GcMg font-feature-liga-off font-feature-clig-off font-feature-calt-off text-decoration-none text-strikethrough-none\" style=\"color: #3366ff;\"><br \/>\n<\/span><\/strong><\/span><span class=\"a_GcMg font-feature-liga-off font-feature-clig-off font-feature-calt-off text-decoration-none text-strikethrough-none\">un soutien individualis\u00e9 pour une orientation r\u00e9ussie, co-construire des solutions, explorer le champ des possibles et mieux r\u00e9pondre aux besoins de chacun (garde d\u2019enfant, logement, permis de conduire, handicap, sant\u00e9&#8230;)<br \/>\n<\/span><\/p>\n<\/li>\n<\/ul>\n<p><span style=\"font-size: 18pt; color: #1d60ab;\"><strong><br \/>\nL&rsquo;ESSENTIEL :\u00a0<br \/>\n<\/strong><\/span><\/p>\n<ul>\n<li class=\"x_elementToProof\">Dur\u00e9e : <span style=\"color: #3366ff;\"><strong>3 mois <\/strong>(<\/span><span style=\"color: #3366ff;\">180h <span style=\"color: #3366ff;\">de formation<\/span> th\u00e9orique et 35h de stage)<\/span><\/li>\n<li>Co\u00fbt : <span style=\"color: #3366ff;\"><strong>Formation enti\u00e8rement prise en charge<\/strong><\/span><\/li>\n<li>Pr\u00e9-requis : <strong><span style=\"color: #3366ff;\">Avoir entre 17 et 29 ans &#8211; Accessible avec ou sans le bac selon les sessions (nous consulter)<\/span><\/strong><\/li>\n<li><a style=\"text-align: center; clear: both; border-radius: 20px; margin: 10px 0px; font-weight: bold;\" href=\"https:\/\/www.imf.asso.fr\/pages\/wp-content\/uploads\/IMF-RIS-Trace-Ton-Avenir-prepa-aux-metiers-du-social.pdf\">Consulter le flyer<\/a><\/li>\n<li>Se pr\u00e9-inscrire :\u00a0\n<ul>\n<li><a style=\"text-align: center; clear: both; border-radius: 20px; margin: 10px 0px; font-weight: bold;\" href=\"https:\/\/www.imf.asso.fr\/pages\/wp-content\/uploads\/dossier_inscription_prepa_26fev2026.docx\"><span style=\"font-size: 10pt;\">\u00a0\u279c\u00a0 \u00a0PR\u00c9-INSCRIPTION\u00a0 PAPIER<\/span> \u00a0<\/a><\/li>\n<li><a style=\"text-align: center; clear: both; border-radius: 20px; margin: 10px 0px; padding: 1px 5px 3px; font-weight: bold;\" href=\"https:\/\/imf.ymag.cloud\/index.php\/preinscription\/\"><span style=\"font-size: 10pt;\">\u279c\u00a0 \u00a0 PR\u00c9-INSCRIPTION EN LIGNE<\/span>\u00a0\u00a0\u00a0<\/a><\/li>\n<\/ul>\n<\/li>\n<li>Nous contacter :\n<ul>\n<li>Marseille : <span class=\"a_GcMg font-feature-liga-off font-feature-clig-off font-feature-calt-off text-decoration-none text-strikethrough-none\"><span style=\"color: #3366ff;\"><strong>04 91 24 61 12<\/strong> <\/span>et <span style=\"color: #3366ff;\"><strong>imfinfos@imf.asso.fr<\/strong><\/span><\/span><\/li>\n<li><span class=\"a_GcMg font-feature-liga-off font-feature-clig-off font-feature-calt-off text-decoration-none text-strikethrough-none\">Avignon\/Arles : <strong><span style=\"color: #3366ff;\">04 13 35 46 86<\/span><\/strong> et <strong><span style=\"color: #3366ff;\">imfinfos@imf.asso.fr<\/span><\/strong><\/span><\/li>\n<\/ul>\n<\/li>\n<\/ul>\n<p>&nbsp;<\/p>\n<p><span style=\"color: #1d60ab; font-size: 18pt;\"><strong>PROCHAINES SESSIONS :<\/strong><\/span><\/p>\n<ul>\n<li>IMF RIS Marseille : <span style=\"color: #3366ff;\"><strong>du 20 avril 2026 au 9 juin 2026<\/strong><\/span><\/li>\n<li>IMF RIS Avignon :\u00a0<span style=\"color: #3366ff;\"><strong>du lundi 30 Mars 2026 au mardi 09 Juin 2026<\/strong><\/span><\/li>\n<li>IMF RIS Arles : <strong><span style=\"color: #3366ff;\"><em>\u00e0 venir<\/em><\/span><\/strong><\/li>\n<\/ul>\n<p>&nbsp;<\/p>\n<p><img decoding=\"async\" loading=\"lazy\" class=\"alignnone wp-image-9923 size-large\" src=\"https:\/\/www.imf.asso.fr\/pages\/wp-content\/uploads\/Footer-1024x140.png\" alt=\"\" width=\"945\" height=\"129\" srcset=\"https:\/\/www.imf.asso.fr\/pages\/wp-content\/uploads\/Footer-1024x140.png 1024w, https:\/\/www.imf.asso.fr\/pages\/wp-content\/uploads\/Footer-300x41.png 300w, https:\/\/www.imf.asso.fr\/pages\/wp-content\/uploads\/Footer-768x105.png 768w, https:\/\/www.imf.asso.fr\/pages\/wp-content\/uploads\/Footer-945x129.png 945w, https:\/\/www.imf.asso.fr\/pages\/wp-content\/uploads\/Footer.png 1285w\" sizes=\"(max-width: 945px) 100vw, 945px\" \/><\/p>\n<p><!---\n\n\n\n\n\n\n\n\n\n\n\n\n\n\n\n\n\n\n\n\n\n\n\n\n\n\n\n\n\n\n\n\n\n\n\n\n\n\n\n\n\n\n\n\n\n\n\n\n\n\n\n\n\n\n\n\n\n\n\n\n\n\n\n\n\n\n\n\n\n\n\n\n\n\n\n\n\n\n\n\n\n\n\n\n\n\n\n\n\n\n\n\n\n\n\n\n\n\n\n\n\n\n\n\n\n\n\n\n\n\n\n\n\n\n\n\n\n\n\n\n\n\n\n\n\n\n\n\n\n\n\n\n\n\n\n\n\n\n\n\n\n\n\n\n\n\n\n\n\n\n\n\n\n\n\n\n\n\n\n\n\n\n\n\n\n\n\n\n\n\n\n\n\n\n\n\n\n\n\n\n\n\n\n\n\n\n\n\n\n\n\n\n\n\n\n\n\n\n\n\n\n\n\n\n\n\n\n\n\n\n\n\n\n\n\n\n\n\n\n\n\n\n\n\n\n\n\n\n\n\n\n\n\n\n\n\n\n\n\n\n\n\n\n\n\n<p><span style=\"color: #1d60ab;\"><strong>R\u00c9UNIONS D'INFORMATION<\/strong><\/span><\/p>\n\n\n\n\n<p><strong>02\/04\/2024<\/strong> de 14h30 \u00e0 16h00 sur l'<strong>IMF RIS Avignon<\/strong><br \/>\n<strong>11\/03\/2024 <\/strong>de 10h \u00e0 11h30 \u00e0<strong> TEEF -\u00a0 Av. Pierre Semard, 13150 Tarascon<br \/>\n18\/03\/2024<\/strong> de 14h30 \u00e0 16h00 sur l'<strong>IMF RIS Avignon<br \/>\n<\/strong><\/p>\n\n\n\n\n\n\n\n\n\n\n\n\n\n\n\n\n\n\n\n\n\n\n\n\n\n\n\n\n\n\n\n\n\n\n\n\n\n\n\n\n\n\n\n\n\n\n\n\n\n\n\n\n\n\n\n\n\n\n\n\n\n\n\n\n\n\n\n\n\n\n\n\n\n\n\n\n\n\n\n\n\n\n\n\n\n\n\n\n\n\n\n\n\n\n\n\n\n\n\n\n\n\n\n\n\n\n\n\n\n\n\n\n\n\n\n\n\n\n\n\n\n\n\n\n\n\n\n\n\n\n\n\n\n\n\n\n\n\n\n\n\n\n\n\n\n\n\n\n\n\n\n\n\n\n\n\n\n\n\n\n\n\n\n\n\n\n\n\n\n\n\n\n\n\n\n\n\n\n\n\n\n\n\n\n\n\n\n\n\n\n\n\n\n\n\n\n\n\n\n\n\n\n\n\n\n\n\n\n\n\n\n\n\n\n\n\n\n\n\n\n\n\n\n\n\n\n\n\n\n\n\n\n\n\n\n\n\n\n\n\n\n\n\n\n\n---><!--\n\n\n\n\n\n\n\n\n\n\n\n\n\n\n\n\n\n\n\n\n\n\n\n\n\n\n\n\n\n\n\n\n\n\n\n\n\n\n\n\n\n\n\n\n\n\n\n\n\n\n\n\n\n\n\n\n\n\n\n\n\n\n\n\n\n\n\n\n\n\n\n\n\n\n\n\n\n\n\n\n\n\n\n\n\n\n\n\n\n\n\n\n\n\n\n\n\n\n\n\n\n\n\n\n\n\n\n\n\n\n\n\n\n\n\n\n\n\n\n\n\n\n\n\n\n\n\n\n\n\n\n\n\n\n\n\n\n\n\n\n\n\n\n\n\n\n\n\n\n\n\n\n\n\n\n\n\n\n\n\n\n\n\n\n\n\n\n\n\n\n\n\n\n\n\n\n\n\n\n\n\n\n<ul>\n\t\n\n<li class=\"x_elementToProof\" data-olk-copy-source=\"MessageBody\"><strong>IMF RIS Avignon<\/strong> <br \/>\n1\u00e8re session : <strong><span style=\"color: #1d60ab;\">Novembre 2025 \u2013 Janvier 2026\u00a0<\/span><\/strong><br \/>\n2\u00e8me session : <strong><span style=\"color: #1d60ab;\">Avril 2026 \u2013 Juin 2026 <span data-olk-copy-source=\"MessageBody\">\u00a0<br \/>\n<\/span><\/span><\/strong><br \/>\n3\u00e8me session : <strong><span style=\"color: #1d60ab;\">Novembre 2026 \u2013 Janvier 2027<span data-olk-copy-source=\"MessageBody\">\u00a0<\/span><\/span><\/strong><br \/>\n4\u00e8me session : <strong><span style=\"color: #1d60ab;\">Avril 2027 \u2013 Juin 2027<span data-olk-copy-source=\"MessageBody\">\u00a0<\/span><\/span><\/strong><br \/>\n5\u00e8me session : <strong><span style=\"color: #1d60ab;\">Octobre 2027 \u2013 D\u00e9cembre 2027<span data-olk-copy-source=\"MessageBody\">\u00a0<\/span><\/span><\/strong><br \/>\n<\/li>\n\n\n<span style=\"display: inline-block; width: 0px; overflow: hidden; line-height: 0;\" data-mce-type=\"bookmark\" class=\"mce_SELRES_start\"><\/span>\n\t\n\n<li class=\"x_elementToProof\"><strong>IMF RIS Marseille\u00a0<\/strong> <br \/>\n1\u00e8re session :\u00a0 <strong><span style=\"color: #1d60ab;\">Du lundi 03 Novembre 2025 au Mardi 13 Janvier 2026\u00a0<\/span><\/strong><br \/>\n2\u00e8me session : <strong><span style=\"color: #1d60ab;\">Avril 2026 \u2013 Juin 2026 <span data-olk-copy-source=\"MessageBody\">\u00a0<br \/>\n<\/span><\/span><\/strong><br \/>\n3\u00e8me session : <strong><span style=\"color: #1d60ab;\">Novembre 2026 \u2013 Janvier 2027<span data-olk-copy-source=\"MessageBody\">\u00a0<\/span><\/span><\/strong><br \/>\n4\u00e8me session : <strong><span style=\"color: #1d60ab;\">Avril 2027 \u2013 Juin 2027<span data-olk-copy-source=\"MessageBody\">\u00a0<\/span><\/span><\/strong><br \/>\n5\u00e8me session : <strong><span style=\"color: #1d60ab;\">Octobre 2027 \u2013 D\u00e9cembre 2027<span data-olk-copy-source=\"MessageBody\">\u00a0<\/span><\/span><\/strong>\n\n\n<\/li>\n\n\n\t\n\n<li class=\"x_elementToProof\"><strong>IMF RIS Arles<\/strong> <br \/>\n1\u00e8re session : <strong><span style=\"color: #1d60ab;\">Novembre 2025 \u2013 Janvier 2026\u00a0<\/span><\/strong><br \/>\n2\u00e8me session : <strong><span style=\"color: #1d60ab;\">Novembre 2026 \u2013 Janvier 2027<span data-olk-copy-source=\"MessageBody\">\u00a0<\/span><\/span><\/strong><br \/>\n3\u00e8me session : <strong><span style=\"color: #1d60ab;\">Octobre 2027 \u2013 D\u00e9cembre 2027<span data-olk-copy-source=\"MessageBody\">\u00a0<\/span><\/span><\/strong>\n\n\n<\/li>\n\n\n<\/ul>\n\n\n<span data-mce-type=\"bookmark\" style=\"display: inline-block; width: 0px; overflow: hidden; line-height: 0;\" class=\"mce_SELRES_start\"><\/span>\n\n\n\n--><\/p>\n","protected":false},"excerpt":{"rendered":"<p>Action financ\u00e9e par le Fonds Social Europ\u00e9en (FSE+)<\/p><p><a class=\"more-link btn\" href=\"https:\/\/www.imf.asso.fr\/pages\/?page_id=9941\">Lire la suite<\/a><\/p>\n","protected":false},"author":4,"featured_media":0,"parent":42,"menu_order":1,"comment_status":"closed","ping_status":"closed","template":"template-twocolumnsleft.php","meta":{"footnotes":""},"_links":{"self":[{"href":"https:\/\/www.imf.asso.fr\/pages\/index.php?rest_route=\/wp\/v2\/pages\/9941"}],"collection":[{"href":"https:\/\/www.imf.asso.fr\/pages\/index.php?rest_route=\/wp\/v2\/pages"}],"about":[{"href":"https:\/\/www.imf.asso.fr\/pages\/index.php?rest_route=\/wp\/v2\/types\/page"}],"author":[{"embeddable":true,"href":"https:\/\/www.imf.asso.fr\/pages\/index.php?rest_route=\/wp\/v2\/users\/4"}],"replies":[{"embeddable":true,"href":"https:\/\/www.imf.asso.fr\/pages\/index.php?rest_route=%2Fwp%2Fv2%2Fcomments&post=9941"}],"version-history":[{"count":3,"href":"https:\/\/www.imf.asso.fr\/pages\/index.php?rest_route=\/wp\/v2\/pages\/9941\/revisions"}],"predecessor-version":[{"id":16453,"href":"https:\/\/www.imf.asso.fr\/pages\/index.php?rest_route=\/wp\/v2\/pages\/9941\/revisions\/16453"}],"up":[{"embeddable":true,"href":"https:\/\/www.imf.asso.fr\/pages\/index.php?rest_route=\/wp\/v2\/pages\/42"}],"wp:attachment":[{"href":"https:\/\/www.imf.asso.fr\/pages\/index.php?rest_route=%2Fwp%2Fv2%2Fmedia&parent=9941"}],"curies":[{"name":"wp","href":"https:\/\/api.w.org\/{rel}","templated":true}]}}