{"id":9917,"date":"2023-12-20T17:15:26","date_gmt":"2023-12-20T16:15:26","guid":{"rendered":"https:\/\/www.imf.asso.fr\/pages\/?page_id=9917"},"modified":"2025-12-10T18:01:33","modified_gmt":"2025-12-10T17:01:33","slug":"trace-ton-avenir","status":"publish","type":"page","link":"https:\/\/www.imf.asso.fr\/pages\/?page_id=9917","title":{"rendered":"TRACE TON AVENIR, un projet FSE+"},"content":{"rendered":"<p><img decoding=\"async\" loading=\"lazy\" class=\"wp-image-9918 size-large aligncenter\" src=\"https:\/\/www.imf.asso.fr\/pages\/wp-content\/uploads\/Banner-1024x503.png\" alt=\"\" width=\"945\" height=\"464\" srcset=\"https:\/\/www.imf.asso.fr\/pages\/wp-content\/uploads\/Banner-1024x503.png 1024w, https:\/\/www.imf.asso.fr\/pages\/wp-content\/uploads\/Banner-300x147.png 300w, https:\/\/www.imf.asso.fr\/pages\/wp-content\/uploads\/Banner-768x377.png 768w, https:\/\/www.imf.asso.fr\/pages\/wp-content\/uploads\/Banner-945x464.png 945w, https:\/\/www.imf.asso.fr\/pages\/wp-content\/uploads\/Banner.png 1345w\" sizes=\"(max-width: 945px) 100vw, 945px\" \/><\/p>\n<p><span style=\"color: #1d60ab;\"><strong>OBJECTIFS :<\/strong><\/span><\/p>\n<ul>\n<li><span class=\"OYPEnA text-decoration-none text-strikethrough-none\"><strong>Faciliter l\u2019acc\u00e8s \u00e0 la formation et \u00e0 l\u2019emploi de publics, 17 \u00e0 29 ans, rencontrant diverses difficult\u00e9s, quel que soit le m\u00e9tier vis\u00e9.<\/strong> Dans un m\u00eame temps, valoriser les m\u00e9tiers du social et m\u00e9dico-social et contribuer \u00e0 leur attractivit\u00e9. [<a href=\"https:\/\/www.imf.asso.fr\/pages\/?page_id=9941\">En savoir plus sur la pr\u00e9pa<\/a>]<br \/>\n<\/span><\/li>\n<p><!--\n\t\n\t\n\n<li><span class=\"OYPEnA text-decoration-none text-strikethrough-none\">Mettre en oeuvre une cellule Apprentissage pour d<strong>\u00e9velopper les modalit\u00e9s d\u2019alternance et d\u2019apprentissage par l\u2019accroissement des liens avec les employeurs et les futurs apprenants<\/strong><\/span><\/li>\n\n\n\n--><\/p>\n<li><span class=\"OYPEnA text-decoration-none text-strikethrough-none\"><strong>Produire des connaissances avec les acteurs concern\u00e9s quant aux difficult\u00e9s rencontr\u00e9es par les publics les plus fragiles<\/strong> pour s\u2019inscrire durablement dans un parcours de professionnalisation aux m\u00e9tiers du social et du m\u00e9dico-social<\/span><\/li>\n<\/ul>\n<p><span style=\"color: #1d60ab;\"><strong><br \/>\nP\u00c9RIODE PR\u00c9VISIONNELLE DE R\u00c9ALISATION :\u00a0<br \/>\n<\/strong><\/span><span data-teams=\"true\">Du 01\/09\/2025 au 31\/12\/2027<\/span><\/p>\n<p><strong><span style=\"color: #1d60ab;\">BUDGET :<br \/>\n<\/span><\/strong><span class=\"OYPEnA text-decoration-none text-strikethrough-none\">Co\u00fbt total pr\u00e9visionnel : <strong><span data-teams=\"true\">491 378.20\u20ac<br \/>\n<\/span><\/strong><\/span><span data-teams=\"true\">Subvention FSE+ sollicit\u00e9e : <strong>294 826.92\u20ac<\/strong><\/span><\/p>\n<p><span style=\"color: #1d60ab;\"><strong>CONTACT :<br \/>\n<\/strong><\/span>imf.direction@imf.asso.fr<\/p>\n<p>&nbsp;<\/p>\n<p><img decoding=\"async\" loading=\"lazy\" class=\"alignnone wp-image-9923 size-large\" src=\"https:\/\/www.imf.asso.fr\/pages\/wp-content\/uploads\/Footer-1024x140.png\" alt=\"\" width=\"945\" height=\"129\" srcset=\"https:\/\/www.imf.asso.fr\/pages\/wp-content\/uploads\/Footer-1024x140.png 1024w, https:\/\/www.imf.asso.fr\/pages\/wp-content\/uploads\/Footer-300x41.png 300w, https:\/\/www.imf.asso.fr\/pages\/wp-content\/uploads\/Footer-768x105.png 768w, https:\/\/www.imf.asso.fr\/pages\/wp-content\/uploads\/Footer-945x129.png 945w, https:\/\/www.imf.asso.fr\/pages\/wp-content\/uploads\/Footer.png 1285w\" sizes=\"(max-width: 945px) 100vw, 945px\" \/><\/p>\n<p>&nbsp;<\/p>\n","protected":false},"excerpt":{"rendered":"<p><img decoding=\"async\" loading=\"lazy\" class=\"wp-image-9918 size-large aligncenter\" src=\"https:\/\/www.imf.asso.fr\/pages\/wp-content\/uploads\/Banner-1024x503.png\" alt=\"\" width=\"945\" height=\"464\" srcset=\"https:\/\/www.imf.asso.fr\/pages\/wp-content\/uploads\/Banner-1024x503.png 1024w, https:\/\/www.imf.asso.fr\/pages\/wp-content\/uploads\/Banner-300x147.png 300w, https:\/\/www.imf.asso.fr\/pages\/wp-content\/uploads\/Banner-768x377.png 768w, https:\/\/www.imf.asso.fr\/pages\/wp-content\/uploads\/Banner-945x464.png 945w, https:\/\/www.imf.asso.fr\/pages\/wp-content\/uploads\/Banner.png 1345w\" sizes=\"(max-width: 945px) 100vw, 945px\" \/><\/p>\n<p><span style=\"color: #1d60ab;\"><strong>OBJECTIFS :<\/strong><\/span><\/p>\n<ul>\n<li><span class=\"OYPEnA text-decoration-none text-strikethrough-none\"><strong>Faciliter l\u2019acc\u00e8s \u00e0 la formation et \u00e0 l\u2019emploi de publics, 17 \u00e0 29 ans, rencontrant diverses difficult\u00e9s, quel que soit le m\u00e9tier &hellip;\n<p><a class=\"more-link btn\" href=\"https:\/\/www.imf.asso.fr\/pages\/?page_id=9917\">Lire la suite<\/a><\/p>\n<p><\/strong><\/span><\/li>\n<\/ul>\n","protected":false},"author":4,"featured_media":0,"parent":0,"menu_order":0,"comment_status":"closed","ping_status":"closed","template":"","meta":{"footnotes":""},"_links":{"self":[{"href":"https:\/\/www.imf.asso.fr\/pages\/index.php?rest_route=\/wp\/v2\/pages\/9917"}],"collection":[{"href":"https:\/\/www.imf.asso.fr\/pages\/index.php?rest_route=\/wp\/v2\/pages"}],"about":[{"href":"https:\/\/www.imf.asso.fr\/pages\/index.php?rest_route=\/wp\/v2\/types\/page"}],"author":[{"embeddable":true,"href":"https:\/\/www.imf.asso.fr\/pages\/index.php?rest_route=\/wp\/v2\/users\/4"}],"replies":[{"embeddable":true,"href":"https:\/\/www.imf.asso.fr\/pages\/index.php?rest_route=%2Fwp%2Fv2%2Fcomments&post=9917"}],"version-history":[{"count":3,"href":"https:\/\/www.imf.asso.fr\/pages\/index.php?rest_route=\/wp\/v2\/pages\/9917\/revisions"}],"predecessor-version":[{"id":15668,"href":"https:\/\/www.imf.asso.fr\/pages\/index.php?rest_route=\/wp\/v2\/pages\/9917\/revisions\/15668"}],"wp:attachment":[{"href":"https:\/\/www.imf.asso.fr\/pages\/index.php?rest_route=%2Fwp%2Fv2%2Fmedia&parent=9917"}],"curies":[{"name":"wp","href":"https:\/\/api.w.org\/{rel}","templated":true}]}}