{"id":9686,"date":"2023-11-20T11:48:09","date_gmt":"2023-11-20T10:48:09","guid":{"rendered":"https:\/\/www.imf.asso.fr\/pages\/?page_id=9686"},"modified":"2023-12-20T17:16:22","modified_gmt":"2023-12-20T16:16:22","slug":"developpement","status":"publish","type":"page","link":"https:\/\/www.imf.asso.fr\/pages\/?page_id=9686","title":{"rendered":"D\u00e9veloppement"},"content":{"rendered":"<p><img decoding=\"async\" loading=\"lazy\" class=\"alignnone wp-image-9713 size-full\" src=\"https:\/\/www.imf.asso.fr\/pages\/wp-content\/uploads\/1-1.png\" alt=\"\" width=\"1000\" height=\"243\" srcset=\"https:\/\/www.imf.asso.fr\/pages\/wp-content\/uploads\/1-1.png 1000w, https:\/\/www.imf.asso.fr\/pages\/wp-content\/uploads\/1-1-300x73.png 300w, https:\/\/www.imf.asso.fr\/pages\/wp-content\/uploads\/1-1-768x187.png 768w, https:\/\/www.imf.asso.fr\/pages\/wp-content\/uploads\/1-1-945x230.png 945w\" sizes=\"(max-width: 1000px) 100vw, 1000px\" \/><\/p>\n<p style=\"text-align: justify;\">Secteur en pleine mutation, les m\u00e9tiers du travail social rel\u00e8vent des d\u00e9fis sans pr\u00e9c\u00e9dent. Nous proposons d&rsquo;accompagner les \u00e9tablissements du social et m\u00e9dico-social dans l&rsquo;appr\u00e9hension de ces nouveaux enjeux et des pratiques qui en d\u00e9coulent.<\/p>\n<p style=\"text-align: justify;\">Nos projets sont cr\u00e9atifs et pragmatiques pour r\u00e9pondre pleinement aux besoins de chacun.<\/p>\n<p><a style=\"background: #e4e5eb; color: #5271ff; font-size: 25px; border-radius: 20px; width: 150px; height: 150px; padding: 53px 5px; text-align: center; float: left; margin-right: 10px; font-weight: bold;\" href=\" https:\/\/www.imf.asso.fr\/pages\/?page_id=9699\/\">SENIOR<br \/>\nLAB<\/a><\/p>\n<p><a style=\"background: #e4e5eb; color: #5271ff; font-size: 25px; border-radius: 20px; width: 150px; height: 150px; padding: 38px 3px; text-align: center; float: left; margin-right: 10px; font-weight: bold;\" href=\"https:\/\/www.imf.asso.fr\/pages\/?page_id=9917\/\">TRACE<br \/>\nTON AVENIR<\/a><\/p>\n<p><a style=\"display: block; text-align: center; clear: both; border-radius: 20px; margin: 200px auto 0 auto; width: 150px; padding: 5px; background: #5271ff; color: #fff; font-weight: bold; font-size: 15px;\" href=\"mailto:imf.poledev@imf.asso.fr\">EN SAVOIR PLUS<\/a><\/p>\n","protected":false},"excerpt":{"rendered":"<p><img decoding=\"async\" loading=\"lazy\" class=\"alignnone wp-image-9713 size-full\" src=\"https:\/\/www.imf.asso.fr\/pages\/wp-content\/uploads\/1-1.png\" alt=\"\" width=\"1000\" height=\"243\" srcset=\"https:\/\/www.imf.asso.fr\/pages\/wp-content\/uploads\/1-1.png 1000w, https:\/\/www.imf.asso.fr\/pages\/wp-content\/uploads\/1-1-300x73.png 300w, https:\/\/www.imf.asso.fr\/pages\/wp-content\/uploads\/1-1-768x187.png 768w, https:\/\/www.imf.asso.fr\/pages\/wp-content\/uploads\/1-1-945x230.png 945w\" sizes=\"(max-width: 1000px) 100vw, 1000px\" \/><\/p>\n<p style=\"text-align: justify;\">Secteur en pleine mutation, les m\u00e9tiers du travail social rel\u00e8vent des d\u00e9fis sans pr\u00e9c\u00e9dent. Nous proposons d&rsquo;accompagner les \u00e9tablissements du social et m\u00e9dico-social dans l&rsquo;appr\u00e9hension de ces nouveaux enjeux et &hellip; <\/p>\n<p><a class=\"more-link btn\" href=\"https:\/\/www.imf.asso.fr\/pages\/?page_id=9686\">Lire la suite<\/a><\/p>\n","protected":false},"author":4,"featured_media":0,"parent":0,"menu_order":0,"comment_status":"closed","ping_status":"closed","template":"template-twocolumnsright.php","meta":{"footnotes":""},"_links":{"self":[{"href":"https:\/\/www.imf.asso.fr\/pages\/index.php?rest_route=\/wp\/v2\/pages\/9686"}],"collection":[{"href":"https:\/\/www.imf.asso.fr\/pages\/index.php?rest_route=\/wp\/v2\/pages"}],"about":[{"href":"https:\/\/www.imf.asso.fr\/pages\/index.php?rest_route=\/wp\/v2\/types\/page"}],"author":[{"embeddable":true,"href":"https:\/\/www.imf.asso.fr\/pages\/index.php?rest_route=\/wp\/v2\/users\/4"}],"replies":[{"embeddable":true,"href":"https:\/\/www.imf.asso.fr\/pages\/index.php?rest_route=%2Fwp%2Fv2%2Fcomments&post=9686"}],"version-history":[{"count":3,"href":"https:\/\/www.imf.asso.fr\/pages\/index.php?rest_route=\/wp\/v2\/pages\/9686\/revisions"}],"predecessor-version":[{"id":9921,"href":"https:\/\/www.imf.asso.fr\/pages\/index.php?rest_route=\/wp\/v2\/pages\/9686\/revisions\/9921"}],"wp:attachment":[{"href":"https:\/\/www.imf.asso.fr\/pages\/index.php?rest_route=%2Fwp%2Fv2%2Fmedia&parent=9686"}],"curies":[{"name":"wp","href":"https:\/\/api.w.org\/{rel}","templated":true}]}}