{"id":872,"date":"2018-02-22T12:09:29","date_gmt":"2018-02-22T11:09:29","guid":{"rendered":"http:\/\/www.imf.asso.fr\/pages\/?page_id=872"},"modified":"2024-10-24T12:13:17","modified_gmt":"2024-10-24T10:13:17","slug":"epreuves-et-dispenses-depreuves","status":"publish","type":"page","link":"https:\/\/www.imf.asso.fr\/pages\/?page_id=872","title":{"rendered":"Epreuves et dispenses d&rsquo;\u00e9preuves"},"content":{"rendered":"<p><!--more--><\/p>\n<table class=\"cell_align_content\">\n<tbody>\n<tr class=\"cell_background_title\">\n<td><strong>Epreuves de s\u00e9lection d\u2019entr\u00e9e en formation de Moniteur Educateur<\/strong><\/td>\n<\/tr>\n<tr>\n<td>\n<p>Votre admission sera d\u00e9termin\u00e9e \u00e0 partir d\u2019une \u00e9preuve de s\u00e9lection compos\u00e9e :<\/p>\n<ul>\n<li style=\"list-style-type: none;\">\n<ul>\n<li style=\"list-style-type: none;\">\n<ul>\n<li style=\"list-style-type: none;\">\n<ul>\n<li style=\"list-style-type: none;\">\n<ul>\n<li>D\u2019un \u00e9crit qui pr\u00e9sente votre aptitude et votre motivation \u00e0 rentrer en formation (maxi 2 pages) qui servira de support \u00e0 l\u2019entretien.<\/li>\n<li>D\u2019un entretien de 30 minutes<\/li>\n<\/ul>\n<\/li>\n<\/ul>\n<\/li>\n<\/ul>\n<\/li>\n<\/ul>\n<\/li>\n<\/ul>\n<\/td>\n<\/tr>\n<tr>\n<td>\n<p><strong>Dispense<\/strong><\/p>\n<ul>\n<li>Si vous \u00eates dans l\u2019une des situations suivantes, vous \u00eates admissible de droit, et vous pouvez donc entrer en formation sans avoir \u00e0 passer la phase d\u2019admission.<br \/>\n&#8211; Je suis Laur\u00e9at.e de l\u2019Institut de l\u2019engagement,<br \/>\n&#8211; J\u2019ai sign\u00e9 un contrat d\u2019apprentissage ou de professionnalisation au sein d\u2019un \u00e9tablissement<br \/>\net service social ou m\u00e9dico-social,<br \/>\n&#8211; J\u2019ai d\u00e9j\u00e0 acquis plusieurs domaines \/ blocs de comp\u00e9tences du dipl\u00f4me de ME.<\/li>\n<\/ul>\n<\/td>\n<\/tr>\n<\/tbody>\n<\/table>\n<p>&nbsp;<\/p>\n","protected":false},"excerpt":{"rendered":"","protected":false},"author":1,"featured_media":0,"parent":622,"menu_order":1,"comment_status":"closed","ping_status":"closed","template":"template-twocolumnsleft.php","meta":{"footnotes":""},"_links":{"self":[{"href":"https:\/\/www.imf.asso.fr\/pages\/index.php?rest_route=\/wp\/v2\/pages\/872"}],"collection":[{"href":"https:\/\/www.imf.asso.fr\/pages\/index.php?rest_route=\/wp\/v2\/pages"}],"about":[{"href":"https:\/\/www.imf.asso.fr\/pages\/index.php?rest_route=\/wp\/v2\/types\/page"}],"author":[{"embeddable":true,"href":"https:\/\/www.imf.asso.fr\/pages\/index.php?rest_route=\/wp\/v2\/users\/1"}],"replies":[{"embeddable":true,"href":"https:\/\/www.imf.asso.fr\/pages\/index.php?rest_route=%2Fwp%2Fv2%2Fcomments&post=872"}],"version-history":[{"count":2,"href":"https:\/\/www.imf.asso.fr\/pages\/index.php?rest_route=\/wp\/v2\/pages\/872\/revisions"}],"predecessor-version":[{"id":11844,"href":"https:\/\/www.imf.asso.fr\/pages\/index.php?rest_route=\/wp\/v2\/pages\/872\/revisions\/11844"}],"up":[{"embeddable":true,"href":"https:\/\/www.imf.asso.fr\/pages\/index.php?rest_route=\/wp\/v2\/pages\/622"}],"wp:attachment":[{"href":"https:\/\/www.imf.asso.fr\/pages\/index.php?rest_route=%2Fwp%2Fv2%2Fmedia&parent=872"}],"curies":[{"name":"wp","href":"https:\/\/api.w.org\/{rel}","templated":true}]}}