{"id":87,"date":"2017-07-05T11:10:24","date_gmt":"2017-07-05T09:10:24","guid":{"rendered":"http:\/\/www.imf.asso.fr\/pages\/?page_id=87"},"modified":"2026-04-13T14:50:56","modified_gmt":"2026-04-13T12:50:56","slug":"cafdes","status":"publish","type":"page","link":"https:\/\/www.imf.asso.fr\/pages\/?page_id=87","title":{"rendered":"CAFDES"},"content":{"rendered":"<div class=\"post_sous-title\"><a title=\"Permalien vers CAFDES\" href=\"\/pages\/?page_id=87\" rel=\"bookmark\">Certificat d&rsquo;Aptitude aux Fonctions de Directeur d&rsquo;Etablissement ou de Service d&rsquo;Intervention Sociale<\/a><\/div>\n<p><span style=\"font-size: 12pt; padding: 0 0 0 7px;\"> Niveau du dipl\u00f4me : <strong>Bac+5 ou Niveau 7<\/strong><\/span> <!--more--><\/p>\n<div style=\"margin: 0 30px 0 0; max-width: 600px; height: 100%; float: left;\">\n<p><span style=\"color: #1d60ab;\"><strong>Le CAFDES atteste des comp\u00e9tences n\u00e9cessaires pour orienter, \u00e9laborer et conduire l\u2019action d\u2019\u00e9tablissements ou services du champ de l\u2019action sociale, m\u00e9dico-sociale ou sanitaire.<\/strong><\/span><\/p>\n<p>Au fait des politiques publiques europ\u00e9ennes et nationales, le directeur est garant d\u2019un accompagnement personnalis\u00e9 des usagers, de qualit\u00e9 et respectueux de leurs droits. Il veille aux \u00e9quilibres de gestion, d\u2019organisation et de d\u00e9veloppement des structures et des \u00e9quipes qu\u2019il conduit.<\/p>\n<p>D\u00e9bouch\u00e9s professionnels : associations ou organismes publics dans le secteur de la protection de l\u2019enfance, de l\u2019inclusion sociale, du handicap ou du grand-\u00e2ge\u2026<\/p>\n<\/div>\n<div style=\"width: 200px; float: left; margin: 20px 0 0 0;\">\n<p><a style=\"background-color: #fff; padding: 10px 10px; border-radius: 45px; border: 1px solid #cb6ce6;\" href=\"https:\/\/www.imf.asso.fr\/pages\/?page_id=636\"><strong>Se pr\u00e9-inscrire<\/strong><\/a><\/p>\n<p><a style=\"background-color: #fff; padding: 10px 10px; border-radius: 45px; border: 1px solid #cb6ce6;\" href=\"https:\/\/www.imf.asso.fr\/pages\/?page_id=181\"><strong>La formation en d\u00e9tail<\/strong><\/a><\/p>\n<p><a style=\"background-color: #fff; padding: 10px 10px; border-radius: 45px; border: 1px solid #cb6ce6;\" href=\"https:\/\/www.imf.asso.fr\/pages\/wp-content\/uploads\/CAFDES-2026-2028.pdf\"><strong>Le calendrier 2026-2028<\/strong><\/a><\/p>\n<p><a style=\"background-color: #fff; padding: 10px 10px; border-radius: 45px; border: 1px solid #cb6ce6;\" href=\"https:\/\/www.imf.asso.fr\/pages\/wp-content\/uploads\/f_cafdes_250305.pdf\"><strong>La fiche formation (pdf)<\/strong><\/a><\/p>\n<p><a style=\"background-color: #fff; padding: 10px 10px; border-radius: 45px; border: 1px solid #cb6ce6;\" href=\"https:\/\/www.imf.asso.fr\/pages\/?page_id=1641\"><strong>Les taux de r\u00e9ussite\u00a0<\/strong><\/a><\/p>\n<p>RNCP <strong>36838<\/strong><br \/>\nFormacode <strong>44047<\/strong><br \/>\nCode NSF <strong>332<\/strong><\/p>\n<\/div>\n<p style=\"clear: both;\">\u00a0<\/p>\n<p><span style=\"color: #1d60ab; font-size: 18pt;\"><strong>Le M\u00e9tier<\/strong><\/span><\/p>\n<p>Les directeurs d&rsquo;\u00e9tablissement ou de service d&rsquo;intervention sociale orientent, \u00e9laborent et conduisent l&rsquo;action d&rsquo;un ou plusieurs \u00e9tablissements ou services du champ de l&rsquo;action sociale, m\u00e9dico-sociale ou sanitaire. Ils exercent leurs missions et assument les responsabilit\u00e9s confi\u00e9es par d\u00e9l\u00e9gation de la personne morale, dans le respect du cadre l\u00e9gislatif et r\u00e9glementaire et s&rsquo;inscrivant dans les missions d&rsquo;int\u00e9r\u00eat g\u00e9n\u00e9ral et d&rsquo;utilit\u00e9 sociale. Ils cr\u00e9ent et sont garants des conditions d&rsquo;un accompagnement des usagers individualis\u00e9, de qualit\u00e9 et respectant leur consentement libre et \u00e9clair\u00e9.<\/p>\n<p>Le CAFDES (certificat d&rsquo;aptitude aux fonctions de directeur d&rsquo;\u00e9tablissement ou de service d&rsquo;intervention sociale) atteste des comp\u00e9tences n\u00e9cessaires pour exercer les fonctions suivantes :<\/p>\n<ul>\n<li>Elaboration et conduite strat\u00e9gique d&rsquo;un projet d&rsquo;\u00e9tablissement ou de service<\/li>\n<li>Management et gestion des ressources humaines<\/li>\n<li>Gestion \u00e9conomique, financi\u00e8re et logistique d&rsquo;un \u00e9tablissement ou d&rsquo;un service<\/li>\n<li>Expertise de l&rsquo;intervention sanitaire et sociale sur un territoire<\/li>\n<\/ul>\n<p>&nbsp;<\/p>\n<p><span style=\"font-size: 18pt; color: #1d60ab;\"><strong>L\u2019exercice professionnel<\/strong><\/span><\/p>\n<p>Le directeur d\u2019\u00e9tablissement ou de service d\u2019intervention sociale est un salari\u00e9 employ\u00e9 par des associations ou des organismes publics \u0153uvrant dans le champ de l\u2019action sociale, m\u00e9dico-sociale ou sanitaire.<\/p>\n<p align=\"JUSTIFY\">Le champ offre de grandes perspectives d&#8217;emploi de par sa diversit\u00e9 (CHRS, \u00e9tablissements m\u00e9dico-sociaux pour enfants et adultes, maisons de retraite, chef de projet, politique de la ville\u2026).<br \/>\nLes conditions d&#8217;emploi varient selon l&rsquo;organisme employeur et son statut. Les salaires et la carri\u00e8re sont d\u00e9termin\u00e9s par des conventions collectives.<\/p>\n<p align=\"JUSTIFY\"><img decoding=\"async\" loading=\"lazy\" class=\"alignnone size-full wp-image-17098\" src=\"https:\/\/www.imf.asso.fr\/pages\/wp-content\/uploads\/1776075109807.jpg\" alt=\"\" width=\"800\" height=\"800\" srcset=\"https:\/\/www.imf.asso.fr\/pages\/wp-content\/uploads\/1776075109807.jpg 800w, https:\/\/www.imf.asso.fr\/pages\/wp-content\/uploads\/1776075109807-300x300.jpg 300w, https:\/\/www.imf.asso.fr\/pages\/wp-content\/uploads\/1776075109807-150x150.jpg 150w, https:\/\/www.imf.asso.fr\/pages\/wp-content\/uploads\/1776075109807-768x768.jpg 768w\" sizes=\"(max-width: 800px) 100vw, 800px\" \/><\/p>\n<div class=\"factice-child-page\"><a href=\"https:\/\/www.imf.asso.fr\/pages\/?page_id=636\">La s\u00e9lection<\/a><\/div>\n","protected":false},"excerpt":{"rendered":"<div class=\"post_sous-title\"><a title=\"Permalien vers CAFDES\" href=\"\/pages\/?page_id=87\" rel=\"bookmark\">Certificat d&rsquo;Aptitude aux Fonctions de Directeur d&rsquo;Etablissement ou de Service d&rsquo;Intervention Sociale<\/a><\/div>\n<p><span style=\"font-size: 12pt; padding: 0 0 0 7px;\"> Niveau du dipl\u00f4me : <strong>Bac+5 ou Niveau 7<\/strong><\/span> <\/p><p><a class=\"more-link btn\" href=\"https:\/\/www.imf.asso.fr\/pages\/?page_id=87\">Lire la suite<\/a><\/p>\n","protected":false},"author":1,"featured_media":0,"parent":85,"menu_order":1,"comment_status":"closed","ping_status":"closed","template":"template-twocolumnsleft.php","meta":{"footnotes":""},"_links":{"self":[{"href":"https:\/\/www.imf.asso.fr\/pages\/index.php?rest_route=\/wp\/v2\/pages\/87"}],"collection":[{"href":"https:\/\/www.imf.asso.fr\/pages\/index.php?rest_route=\/wp\/v2\/pages"}],"about":[{"href":"https:\/\/www.imf.asso.fr\/pages\/index.php?rest_route=\/wp\/v2\/types\/page"}],"author":[{"embeddable":true,"href":"https:\/\/www.imf.asso.fr\/pages\/index.php?rest_route=\/wp\/v2\/users\/1"}],"replies":[{"embeddable":true,"href":"https:\/\/www.imf.asso.fr\/pages\/index.php?rest_route=%2Fwp%2Fv2%2Fcomments&post=87"}],"version-history":[{"count":5,"href":"https:\/\/www.imf.asso.fr\/pages\/index.php?rest_route=\/wp\/v2\/pages\/87\/revisions"}],"predecessor-version":[{"id":17101,"href":"https:\/\/www.imf.asso.fr\/pages\/index.php?rest_route=\/wp\/v2\/pages\/87\/revisions\/17101"}],"up":[{"embeddable":true,"href":"https:\/\/www.imf.asso.fr\/pages\/index.php?rest_route=\/wp\/v2\/pages\/85"}],"wp:attachment":[{"href":"https:\/\/www.imf.asso.fr\/pages\/index.php?rest_route=%2Fwp%2Fv2%2Fmedia&parent=87"}],"curies":[{"name":"wp","href":"https:\/\/api.w.org\/{rel}","templated":true}]}}