{"id":81,"date":"2017-07-05T11:06:26","date_gmt":"2017-07-05T09:06:26","guid":{"rendered":"http:\/\/www.imf.asso.fr\/pages\/?page_id=81"},"modified":"2024-06-25T10:21:26","modified_gmt":"2024-06-25T08:21:26","slug":"formations-collectives-sur-site","status":"publish","type":"page","link":"https:\/\/www.imf.asso.fr\/pages\/?page_id=81","title":{"rendered":"Formations collectives sur site"},"content":{"rendered":"<p><!--more--><\/p>\n<table class=\"cell_align_content\">\n<tbody>\n<tr>\n<td>\n<p>L\u2019<strong>IMF<\/strong> propose une d\u00e9marche de formation sur site, en r\u00e9ponse \u00e0 la volont\u00e9 des structures professionnelles de rendre visible la r\u00e9flexion \u00e0 l\u2019\u0153uvre dans les actions qu\u2019elles m\u00e8nent.<\/p>\n<p>La compl\u00e9mentarit\u00e9 entre l\u2019intelligence en travail social, n\u00e9e des pratiques effectives aupr\u00e8s des usagers et les \u00ab\u00a0savoirs attest\u00e9s\u00a0\u00bb port\u00e9s par le centre de formation, est l\u2019un des grands objectifs d\u2019une formation en travail social active, actuelle et prospective d\u00e9velopp\u00e9e par l\u2019IMF.<\/p>\n<p><strong>Les formations collectives d\u00e9placent l\u2019\u00e9quipe de l\u2019Institut sur le site de la structure.<\/strong><br \/>\nAppuy\u00e9es sur le partage des pr\u00e9occupations de l\u2019action sociale, ces formations sont des moments de mise en lumi\u00e8re de l\u2019expertise sp\u00e9cifique \u00e0 chaque \u00e9quipe, avec un objectif : rendre intelligible ce qui se cherche au plus pr\u00e8s des publics dont les terrains professionnels ont la charge.<\/p>\n<\/td>\n<\/tr>\n<\/tbody>\n<\/table>\n<table border=\"0\" width=\"100%\" cellspacing=\"0\" cellpadding=\"0\" align=\"center\">\n<tbody>\n<tr class=\"cell_background_title\">\n<td><strong>Contact<\/strong><\/td>\n<\/tr>\n<tr>\n<td>Pour plus d&rsquo;information, veuillez prendre contact avec notre\u00a0<a href=\"mailto:imf.poledev@imf.asso.fr\">P\u00f4le D\u00e9veloppement &amp; Projets<\/a><\/td>\n<\/tr>\n<\/tbody>\n<\/table>\n<p>&nbsp;<\/p>\n","protected":false},"excerpt":{"rendered":"","protected":false},"author":1,"featured_media":0,"parent":50,"menu_order":6,"comment_status":"closed","ping_status":"closed","template":"template-twocolumnsleft.php","meta":{"footnotes":""},"_links":{"self":[{"href":"https:\/\/www.imf.asso.fr\/pages\/index.php?rest_route=\/wp\/v2\/pages\/81"}],"collection":[{"href":"https:\/\/www.imf.asso.fr\/pages\/index.php?rest_route=\/wp\/v2\/pages"}],"about":[{"href":"https:\/\/www.imf.asso.fr\/pages\/index.php?rest_route=\/wp\/v2\/types\/page"}],"author":[{"embeddable":true,"href":"https:\/\/www.imf.asso.fr\/pages\/index.php?rest_route=\/wp\/v2\/users\/1"}],"replies":[{"embeddable":true,"href":"https:\/\/www.imf.asso.fr\/pages\/index.php?rest_route=%2Fwp%2Fv2%2Fcomments&post=81"}],"version-history":[{"count":2,"href":"https:\/\/www.imf.asso.fr\/pages\/index.php?rest_route=\/wp\/v2\/pages\/81\/revisions"}],"predecessor-version":[{"id":10765,"href":"https:\/\/www.imf.asso.fr\/pages\/index.php?rest_route=\/wp\/v2\/pages\/81\/revisions\/10765"}],"up":[{"embeddable":true,"href":"https:\/\/www.imf.asso.fr\/pages\/index.php?rest_route=\/wp\/v2\/pages\/50"}],"wp:attachment":[{"href":"https:\/\/www.imf.asso.fr\/pages\/index.php?rest_route=%2Fwp%2Fv2%2Fmedia&parent=81"}],"curies":[{"name":"wp","href":"https:\/\/api.w.org\/{rel}","templated":true}]}}