{"id":7889,"date":"2021-11-20T00:07:47","date_gmt":"2021-11-19T23:07:47","guid":{"rendered":"https:\/\/www.imf.asso.fr\/pages\/?page_id=7889"},"modified":"2026-04-15T13:22:57","modified_gmt":"2026-04-15T11:22:57","slug":"fc1906-management-et-fait-religieux","status":"publish","type":"page","link":"https:\/\/www.imf.asso.fr\/pages\/?page_id=7889","title":{"rendered":"FC1906 &#8211; Management et fait religieux"},"content":{"rendered":"<div class=\"post_sous-title; non-visible\"><a title=\"Permalien vers FC1906 - Management et fait religieux\" href=\"\/pages\/?page_id=7889\" rel=\"bookmark\">Management et fait religieux<\/a><\/div>\n<p><!--more--><\/p>\n<p><strong><span style=\"color: #1d60ab;\"><span style=\"font-size: 14pt;\">Selon les chiffres de novembre 2019 de l\u2019Observatoire du Fait Religieux en Entreprise, 70% des cadres ont <\/span><span style=\"font-size: 14pt;\">\u00e9t\u00e9 confront\u00e9s \u00e0 une demande de nature religieuse de la part de leurs collaborateurs (am\u00e9nager le temps <\/span><span style=\"font-size: 14pt;\">de travail ou d\u2019absence, porter un signe religieux visible&#8230;).<\/span><\/span><\/strong><\/p>\n<p>Ces chiffres indiquent une banalisation du fait religieux et de potentiel conflit dans le management. Une demande mal formul\u00e9e ou mal comprise, un cadre l\u00e9gal peu ou pas ma\u00eetris\u00e9, des repr\u00e9sentations sur de tels sujets sont des causes de tensions pouvant perturber l\u2019ensemble d\u2019un service ou d\u2019une entreprise.<\/p>\n<p style=\"margin: 10px 0;\"><a href=\"https:\/\/www.imf.asso.fr\/pages\/wp-content\/uploads\/FC1906-\u2013-Management-et-fait-religieux.pdf\"><span style=\"margin: 0 0 0 10px; padding: 5px 10px; background: #f4f3fa; border: 1px solid purple; border-radius: 20px;\"><strong>\u00a0T\u00e9l\u00e9charger la fiche de formation\u00a0<\/strong><\/span><\/a><\/p>\n<p style=\"margin: 40px 0 10px 0;\"><span style=\"color: #1d60ab;\">\u25cb<\/span> Sites de formation disponibles :<\/p>\n<p style=\"margin: 0 10px 20px; color: #1d60ab; line-height: 1.2em;\"><strong>IMF RIS Avignon <br \/>\n<\/strong>55 all\u00e9e Camille Claudel<br \/>\nHamadryade B\u00e2t. B<br \/>\n84 140<\/p>\n<p style=\"margin: 0 10px 20px; color: #1d60ab; line-height: 1.2em;\"><strong>IMF RIS Marseille<br \/>\n<\/strong>59 av. St Just<br \/>\nDomaine d&rsquo;Hippone<br \/>\n13013<\/p>\n<p style=\"margin: 0 10px 20px; color: #1d60ab; line-height: 1.2em;\"><strong>IMF RIS Arles<br \/>\n<\/strong>12 Chemin du Temple<br \/>\n13200<\/p>\n<p style=\"margin: 0;\"><span style=\"color: #1d60ab;\">\u25cb<\/span> S&rsquo;informer et s&rsquo;inscrire :<\/p>\n<p style=\"margin: 0; padding: 0 10px;\"><span style=\"color: #333333;\"><a href=\"mailto:imf.poledev@imf.asso.fr\"><span style=\"color: #1d60ab;\"><strong>imf.poledev@imf.asso.fr<\/strong><\/span><\/a><\/span><\/p>\n<p style=\"margin: 0 0 10px 0; padding: 0 10px;\"><span style=\"color: #333333;\"><strong><span style=\"color: #1d60ab;\">04 91 24 61 17<\/span><\/strong><\/span><\/p>\n","protected":false},"excerpt":{"rendered":"<div class=\"post_sous-title; non-visible\"><a title=\"Permalien vers FC1906 - Management et fait religieux\" href=\"\/pages\/?page_id=7889\" rel=\"bookmark\">Management et fait religieux<\/a><\/div>\n","protected":false},"author":1,"featured_media":0,"parent":6699,"menu_order":3,"comment_status":"closed","ping_status":"closed","template":"template-twocolumnsleft.php","meta":{"footnotes":""},"_links":{"self":[{"href":"https:\/\/www.imf.asso.fr\/pages\/index.php?rest_route=\/wp\/v2\/pages\/7889"}],"collection":[{"href":"https:\/\/www.imf.asso.fr\/pages\/index.php?rest_route=\/wp\/v2\/pages"}],"about":[{"href":"https:\/\/www.imf.asso.fr\/pages\/index.php?rest_route=\/wp\/v2\/types\/page"}],"author":[{"embeddable":true,"href":"https:\/\/www.imf.asso.fr\/pages\/index.php?rest_route=\/wp\/v2\/users\/1"}],"replies":[{"embeddable":true,"href":"https:\/\/www.imf.asso.fr\/pages\/index.php?rest_route=%2Fwp%2Fv2%2Fcomments&post=7889"}],"version-history":[{"count":2,"href":"https:\/\/www.imf.asso.fr\/pages\/index.php?rest_route=\/wp\/v2\/pages\/7889\/revisions"}],"predecessor-version":[{"id":17232,"href":"https:\/\/www.imf.asso.fr\/pages\/index.php?rest_route=\/wp\/v2\/pages\/7889\/revisions\/17232"}],"up":[{"embeddable":true,"href":"https:\/\/www.imf.asso.fr\/pages\/index.php?rest_route=\/wp\/v2\/pages\/6699"}],"wp:attachment":[{"href":"https:\/\/www.imf.asso.fr\/pages\/index.php?rest_route=%2Fwp%2Fv2%2Fmedia&parent=7889"}],"curies":[{"name":"wp","href":"https:\/\/api.w.org\/{rel}","templated":true}]}}