{"id":7855,"date":"2021-11-19T12:37:41","date_gmt":"2021-11-19T11:37:41","guid":{"rendered":"https:\/\/www.imf.asso.fr\/pages\/?page_id=7855"},"modified":"2026-04-15T11:52:13","modified_gmt":"2026-04-15T09:52:13","slug":"fc1635-mise-en-oeuvre-de-levaluation-interne","status":"publish","type":"page","link":"https:\/\/www.imf.asso.fr\/pages\/?page_id=7855","title":{"rendered":"FC1635 | Accompagner l&rsquo;\u00e9valuation des ESSMS selon le r\u00e9f\u00e9rentiel HAS"},"content":{"rendered":"<div class=\"post_sous-title; non-visible\"><a title=\"Permalien vers FC1635 \u2013  Accompagner l'\u00e9valuation des ESSMS selon le r\u00e9f\u00e9rentiel HAS\" href=\"\/pages\/?page_id=7855\" rel=\"bookmark\">Accompagner l&rsquo;\u00e9valuation des ESSMS selon le r\u00e9f\u00e9rentiel HAS<\/a><\/div>\n<p><!--more--><\/p>\n<p><span style=\"font-size: 14pt; color: #1d60ab;\"><strong>Depuis l\u2019entr\u00e9e en vigueur de la loi n\u00b0 2002-2 du 2 janvier 2002 r\u00e9novant l\u2019action sociale et m\u00e9dico-sociale, <\/strong><\/span><span style=\"font-size: 14pt; color: #1d60ab;\"><strong>les ESSMS sont tenus de proc\u00e9der \u00e0 une \u00e9valuation de la qualit\u00e9 des prestations qu&rsquo;ils d\u00e9livrent.<\/strong> <\/span><\/p>\n<p>La loi du 24 juillet 2019 a confi\u00e9 \u00e0 la Haute Autorit\u00e9 de Sant\u00e9 (HAS) la responsabilit\u00e9 d&rsquo;\u00e9laborer une nouvelle proc\u00e9dure d&rsquo;\u00e9valuation nationale. Ce nouveau dispositif, mis en \u0153uvre depuis 2022, repose sur la cr\u00e9ation d\u2019un r\u00e9f\u00e9rentiel commun \u00e0 tous les ESSMS, centr\u00e9 sur la personne accompagn\u00e9e. Il s&rsquo;agit d&rsquo;une approche qui vise \u00e0 renforcer la dynamique de qualit\u00e9 au sein des \u00e9tablissements et services, tout en permettant \u00e0 la personne accompagn\u00e9e d&rsquo;\u00eatre actrice de son parcours. Cette formation vise \u00e0 aider les professionnels \u00e0 comprendre et mettre en \u0153uvre cette nouvelle \u00e9valuation, selon le r\u00e9f\u00e9rentiel HAS, et \u00e0 en faire un v\u00e9ritable outil d\u2019am\u00e9lioration continue de la qualit\u00e9.<\/p>\n<p style=\"margin: 10px 0;\"><a href=\"https:\/\/www.imf.asso.fr\/pages\/wp-content\/uploads\/FC1635-\u2013-Accompagner-levaluation-des-ESSMS-selon-le-referentiel-HAS.pdf\"><span style=\"margin: 0 0 0 10px; padding: 5px 10px; background: #f4f3fa; border: 1px solid purple; border-radius: 20px;\"><strong>\u00a0T\u00e9l\u00e9charger la fiche de formation\u00a0<\/strong><\/span><\/a><\/p>\n<p style=\"margin: 40px 0 10px 0;\"><span style=\"color: #1d60ab;\">\u25cb<\/span> Sites de formation disponibles :<\/p>\n<p style=\"margin: 0 10px 20px; color: #1d60ab; line-height: 1.2em;\"><strong>IMF RIS Avignon <br \/>\n<\/strong>55 all\u00e9e Camille Claudel<br \/>\nHamadryade B\u00e2t. B<br \/>\n84 140<\/p>\n<p style=\"margin: 0 10px 20px; color: #1d60ab; line-height: 1.2em;\"><strong>IMF RIS Marseille<br \/>\n<\/strong>59 av. St Just<br \/>\nDomaine d&rsquo;Hippone<br \/>\n13013<\/p>\n<p style=\"margin: 0 10px 20px; color: #1d60ab; line-height: 1.2em;\"><strong>IMF RIS Arles<br \/>\n<\/strong>12 Chemin du Temple<br \/>\n13200<\/p>\n<p style=\"margin: 0 10px 20px; color: #1d60ab; line-height: 1.2em;\"><strong>Sur votre \u00e9tablissement<\/strong><\/p>\n<p style=\"margin: 0;\"><span style=\"color: #1d60ab;\">\u25cb<\/span> S&rsquo;informer et s&rsquo;inscrire :<\/p>\n<p style=\"margin: 0; padding: 0 10px;\"><span style=\"color: #333333;\"><a href=\"mailto:imf.poledev@imf.asso.fr\"><span style=\"color: #1d60ab;\"><strong>imf.poledev@imf.asso.fr<\/strong><\/span><\/a><\/span><\/p>\n<p style=\"margin: 0 0 10px 0; padding: 0 10px;\"><span style=\"color: #333333;\"><strong><span style=\"color: #1d60ab;\">04 91 24 61 17<\/span><\/strong><\/span><\/p>\n","protected":false},"excerpt":{"rendered":"<div class=\"post_sous-title; non-visible\"><a title=\"Permalien vers FC1635 \u2013 Accompagner l'\u00e9valuation des ESSMS selon le r\u00e9f\u00e9rentiel HAS\" href=\"\/pages\/?page_id=7855\" rel=\"bookmark\">Accompagner l&rsquo;\u00e9valuation des ESSMS selon le r\u00e9f\u00e9rentiel HAS<\/a><\/div>\n","protected":false},"author":1,"featured_media":0,"parent":7007,"menu_order":5,"comment_status":"closed","ping_status":"closed","template":"template-twocolumnsleft.php","meta":{"footnotes":""},"_links":{"self":[{"href":"https:\/\/www.imf.asso.fr\/pages\/index.php?rest_route=\/wp\/v2\/pages\/7855"}],"collection":[{"href":"https:\/\/www.imf.asso.fr\/pages\/index.php?rest_route=\/wp\/v2\/pages"}],"about":[{"href":"https:\/\/www.imf.asso.fr\/pages\/index.php?rest_route=\/wp\/v2\/types\/page"}],"author":[{"embeddable":true,"href":"https:\/\/www.imf.asso.fr\/pages\/index.php?rest_route=\/wp\/v2\/users\/1"}],"replies":[{"embeddable":true,"href":"https:\/\/www.imf.asso.fr\/pages\/index.php?rest_route=%2Fwp%2Fv2%2Fcomments&post=7855"}],"version-history":[{"count":3,"href":"https:\/\/www.imf.asso.fr\/pages\/index.php?rest_route=\/wp\/v2\/pages\/7855\/revisions"}],"predecessor-version":[{"id":17201,"href":"https:\/\/www.imf.asso.fr\/pages\/index.php?rest_route=\/wp\/v2\/pages\/7855\/revisions\/17201"}],"up":[{"embeddable":true,"href":"https:\/\/www.imf.asso.fr\/pages\/index.php?rest_route=\/wp\/v2\/pages\/7007"}],"wp:attachment":[{"href":"https:\/\/www.imf.asso.fr\/pages\/index.php?rest_route=%2Fwp%2Fv2%2Fmedia&parent=7855"}],"curies":[{"name":"wp","href":"https:\/\/api.w.org\/{rel}","templated":true}]}}