{"id":7853,"date":"2021-11-19T12:35:08","date_gmt":"2021-11-19T11:35:08","guid":{"rendered":"https:\/\/www.imf.asso.fr\/pages\/?page_id=7853"},"modified":"2026-04-15T11:59:47","modified_gmt":"2026-04-15T09:59:47","slug":"fc1637-journee-de-reflexion-institutionnelle","status":"publish","type":"page","link":"https:\/\/www.imf.asso.fr\/pages\/?page_id=7853","title":{"rendered":"FC1637 | Journ\u00e9e de r\u00e9flexion institutionnelle"},"content":{"rendered":"<div class=\"post_sous-title; non-visible\"><a title=\"Permalien vers FC1637 - Journ\u00e9e de r\u00e9flexion institutionnelle\" href=\"\/pages\/?page_id=7853\" rel=\"bookmark\">Journ\u00e9e de r\u00e9flexion institutionnelle<\/a><\/div>\n<p><!--more--><\/p>\n<p><span style=\"font-size: 14pt; color: #1d60ab;\"><strong>La vie institutionnelle est dense et riche. L\u2019ensemble des acteurs engag\u00e9s dans l\u2019institution a besoin <\/strong><\/span><span style=\"font-size: 14pt; color: #1d60ab;\"><strong>des temps de rencontres et d\u2019\u00e9changes.<\/strong> <\/span><\/p>\n<p>Ceux-ci peuvent s\u2019appuyer sur des th\u00e8mes externes ou internes \u00e0 l\u2019institution, des projets en cours ou \u00e0 venir, de nouvelles perspectives institutionnelles&#8230; Une journ\u00e9e de r\u00e9flexion institutionnelle favorise les modes de coop\u00e9ration et renforce la place d\u2019acteurs de chacun des participants. Elle invite \u00e0 l\u2019engagement et \u00e0 la participation au collectif de<br \/>\ntravail.<\/p>\n<p style=\"margin: 10px 0;\"><a href=\"https:\/\/www.imf.asso.fr\/pages\/wp-content\/uploads\/FC1637\u2013-Journee-de-reflexion-institutionnelle.pdf\"><span style=\"margin: 0 0 0 10px; padding: 5px 10px; background: #f4f3fa; border: 1px solid purple; border-radius: 20px;\"><strong>\u00a0T\u00e9l\u00e9charger la fiche de formation\u00a0<\/strong><\/span><\/a><\/p>\n<p style=\"margin: 40px 0 10px 0;\"><span style=\"color: #1d60ab;\">\u25cb<\/span> Sites de formation disponibles :<\/p>\n<p style=\"margin: 0 10px 20px; color: #1d60ab; line-height: 1.2em;\"><strong>IMF RIS Avignon <br \/>\n<\/strong>55 all\u00e9e Camille Claudel<br \/>\nHamadryade B\u00e2t. B<br \/>\n84 140<\/p>\n<p style=\"margin: 0 10px 20px; color: #1d60ab; line-height: 1.2em;\"><strong>IMF RIS Marseille<br \/>\n<\/strong>59 av. St Just<br \/>\nDomaine d&rsquo;Hippone<br \/>\n13013<\/p>\n<p style=\"margin: 0 10px 20px; color: #1d60ab; line-height: 1.2em;\"><strong>IMF RIS Arles<br \/>\n<\/strong>12 Chemin du Temple<br \/>\n13200<\/p>\n<p style=\"margin: 0 10px 20px; color: #1d60ab; line-height: 1.2em;\"><strong>Sur votre \u00e9tablissement<\/strong><\/p>\n<p style=\"margin: 0;\"><span style=\"color: #1d60ab;\">\u25cb<\/span> S&rsquo;informer et s&rsquo;inscrire :<\/p>\n<p style=\"margin: 0; padding: 0 10px;\"><span style=\"color: #333333;\"><a href=\"mailto:imf.poledev@imf.asso.fr\"><span style=\"color: #1d60ab;\"><strong>imf.poledev@imf.asso.fr<\/strong><\/span><\/a><\/span><\/p>\n<p style=\"margin: 0 0 10px 0; padding: 0 10px;\"><span style=\"color: #333333;\"><strong><span style=\"color: #1d60ab;\">04 91 24 61 17<\/span><\/strong><\/span><\/p>\n","protected":false},"excerpt":{"rendered":"<div class=\"post_sous-title; non-visible\"><a title=\"Permalien vers FC1637 - Journ\u00e9e de r\u00e9flexion institutionnelle\" href=\"\/pages\/?page_id=7853\" rel=\"bookmark\">Journ\u00e9e de r\u00e9flexion institutionnelle<\/a><\/div>\n","protected":false},"author":1,"featured_media":0,"parent":7007,"menu_order":4,"comment_status":"closed","ping_status":"closed","template":"template-twocolumnsleft.php","meta":{"footnotes":""},"_links":{"self":[{"href":"https:\/\/www.imf.asso.fr\/pages\/index.php?rest_route=\/wp\/v2\/pages\/7853"}],"collection":[{"href":"https:\/\/www.imf.asso.fr\/pages\/index.php?rest_route=\/wp\/v2\/pages"}],"about":[{"href":"https:\/\/www.imf.asso.fr\/pages\/index.php?rest_route=\/wp\/v2\/types\/page"}],"author":[{"embeddable":true,"href":"https:\/\/www.imf.asso.fr\/pages\/index.php?rest_route=\/wp\/v2\/users\/1"}],"replies":[{"embeddable":true,"href":"https:\/\/www.imf.asso.fr\/pages\/index.php?rest_route=%2Fwp%2Fv2%2Fcomments&post=7853"}],"version-history":[{"count":3,"href":"https:\/\/www.imf.asso.fr\/pages\/index.php?rest_route=\/wp\/v2\/pages\/7853\/revisions"}],"predecessor-version":[{"id":17209,"href":"https:\/\/www.imf.asso.fr\/pages\/index.php?rest_route=\/wp\/v2\/pages\/7853\/revisions\/17209"}],"up":[{"embeddable":true,"href":"https:\/\/www.imf.asso.fr\/pages\/index.php?rest_route=\/wp\/v2\/pages\/7007"}],"wp:attachment":[{"href":"https:\/\/www.imf.asso.fr\/pages\/index.php?rest_route=%2Fwp%2Fv2%2Fmedia&parent=7853"}],"curies":[{"name":"wp","href":"https:\/\/api.w.org\/{rel}","templated":true}]}}