{"id":7850,"date":"2021-11-19T12:31:41","date_gmt":"2021-11-19T11:31:41","guid":{"rendered":"https:\/\/www.imf.asso.fr\/pages\/?page_id=7850"},"modified":"2026-04-15T11:52:43","modified_gmt":"2026-04-15T09:52:43","slug":"fc1634-actualiser-le-projet-associatif","status":"publish","type":"page","link":"https:\/\/www.imf.asso.fr\/pages\/?page_id=7850","title":{"rendered":"FC1634 | Actualiser le projet associatif"},"content":{"rendered":"<div class=\"post_sous-title; non-visible\"><a title=\"Permalien vers FC1634 - Actualiser le projet associatif\" href=\"\/pages\/?page_id=7850\" rel=\"bookmark\">Actualiser le projet associatif<\/a><\/div>\n<p><!--more--><\/p>\n<p><span style=\"color: #1d60ab; font-size: 14pt;\"><strong>Une association \u00e0 but non lucratif ne peut pas \u00eatre r\u00e9duite \u00e0 une fonction \u00ab d\u2019organisme gestionnaire \u00bb, <\/strong><\/span><span style=\"color: #1d60ab; font-size: 14pt;\"><strong>elle joue un r\u00f4le important dans la coh\u00e9sion sociale et dans le d\u00e9veloppement \u00e9conomique et territorial.<\/strong><\/span><\/p>\n<p>Les transformations rapides de notre soci\u00e9t\u00e9 et les \u00e9volutions du contexte l\u00e9gislatif et r\u00e9glementaire sollicitent les associations. L\u2019actualisation du Projet associatif, la finalit\u00e9 du projet vis-\u00e0-vis des attentes et des besoins du public auquel il s\u2019adresse ainsi que la relation aux \u00e9tablissements et services r\u00e9clament une r\u00e9flexion \u00e0 la fois globale et transversale.<\/p>\n<p style=\"margin: 10px 0;\"><a href=\"https:\/\/www.imf.asso.fr\/pages\/wp-content\/uploads\/FC1634-\u2013-Actualiser-le-projet-associatif.pdf\"><span style=\"margin: 0 0 0 10px; padding: 5px 10px; background: #f4f3fa; border: 1px solid purple; border-radius: 20px;\"><strong>\u00a0T\u00e9l\u00e9charger la fiche de formation\u00a0<\/strong><\/span><\/a><\/p>\n<p style=\"margin: 40px 0 10px 0;\"><span style=\"color: #1d60ab;\">\u25cb<\/span> Sites de formation disponibles :<\/p>\n<p style=\"margin: 0 10px 20px; color: #1d60ab; line-height: 1.2em;\"><strong>IMF RIS Avignon <br \/>\n<\/strong>55 all\u00e9e Camille Claudel<br \/>\nHamadryade B\u00e2t. B<br \/>\n84 140<\/p>\n<p style=\"margin: 0 10px 20px; color: #1d60ab; line-height: 1.2em;\"><strong>IMF RIS Marseille<br \/>\n<\/strong>59 av. St Just<br \/>\nDomaine d&rsquo;Hippone<br \/>\n13013<\/p>\n<p style=\"margin: 0 10px 20px; color: #1d60ab; line-height: 1.2em;\"><strong>IMF RIS Arles<br \/>\n<\/strong>12 Chemin du Temple<br \/>\n13200<\/p>\n<p style=\"margin: 0 10px 20px; color: #1d60ab; line-height: 1.2em;\"><strong>Sur votre \u00e9tablissement<\/strong><\/p>\n<p style=\"margin: 0;\"><span style=\"color: #1d60ab;\">\u25cb<\/span> S&rsquo;informer et s&rsquo;inscrire :<\/p>\n<p style=\"margin: 0; padding: 0 10px;\"><span style=\"color: #333333;\"><a href=\"mailto:imf.poledev@imf.asso.fr\"><span style=\"color: #1d60ab;\"><strong>imf.poledev@imf.asso.fr<\/strong><\/span><\/a><\/span><\/p>\n<p style=\"margin: 0 0 10px 0; padding: 0 10px;\"><span style=\"color: #333333;\"><strong><span style=\"color: #1d60ab;\">04 91 24 61 17<\/span><\/strong><\/span><\/p>\n","protected":false},"excerpt":{"rendered":"<div class=\"post_sous-title; non-visible\"><a title=\"Permalien vers FC1634 - Actualiser le projet associatif\" href=\"\/pages\/?page_id=7850\" rel=\"bookmark\">Actualiser le projet associatif<\/a><\/div>\n","protected":false},"author":1,"featured_media":0,"parent":7007,"menu_order":2,"comment_status":"closed","ping_status":"closed","template":"template-twocolumnsleft.php","meta":{"footnotes":""},"_links":{"self":[{"href":"https:\/\/www.imf.asso.fr\/pages\/index.php?rest_route=\/wp\/v2\/pages\/7850"}],"collection":[{"href":"https:\/\/www.imf.asso.fr\/pages\/index.php?rest_route=\/wp\/v2\/pages"}],"about":[{"href":"https:\/\/www.imf.asso.fr\/pages\/index.php?rest_route=\/wp\/v2\/types\/page"}],"author":[{"embeddable":true,"href":"https:\/\/www.imf.asso.fr\/pages\/index.php?rest_route=\/wp\/v2\/users\/1"}],"replies":[{"embeddable":true,"href":"https:\/\/www.imf.asso.fr\/pages\/index.php?rest_route=%2Fwp%2Fv2%2Fcomments&post=7850"}],"version-history":[{"count":3,"href":"https:\/\/www.imf.asso.fr\/pages\/index.php?rest_route=\/wp\/v2\/pages\/7850\/revisions"}],"predecessor-version":[{"id":17202,"href":"https:\/\/www.imf.asso.fr\/pages\/index.php?rest_route=\/wp\/v2\/pages\/7850\/revisions\/17202"}],"up":[{"embeddable":true,"href":"https:\/\/www.imf.asso.fr\/pages\/index.php?rest_route=\/wp\/v2\/pages\/7007"}],"wp:attachment":[{"href":"https:\/\/www.imf.asso.fr\/pages\/index.php?rest_route=%2Fwp%2Fv2%2Fmedia&parent=7850"}],"curies":[{"name":"wp","href":"https:\/\/api.w.org\/{rel}","templated":true}]}}