{"id":7848,"date":"2021-11-19T12:26:04","date_gmt":"2021-11-19T11:26:04","guid":{"rendered":"https:\/\/www.imf.asso.fr\/pages\/?page_id=7848"},"modified":"2026-04-15T12:00:20","modified_gmt":"2026-04-15T10:00:20","slug":"fc1633-actualiser-le-projet-institutionnel","status":"publish","type":"page","link":"https:\/\/www.imf.asso.fr\/pages\/?page_id=7848","title":{"rendered":"FC1633 | Faire du projet institutionnel un outil diff\u00e9renciant"},"content":{"rendered":"<div class=\"post_sous-title; non-visible\"><a title=\"Permalien vers FC1633 - Faire du projet institutionnel un outil diff\u00e9renciant\" href=\"\/pages\/?page_id=7848\" rel=\"bookmark\">Faire du projet institutionnel un outil diff\u00e9renciant<\/a><\/div>\n<p><!--more--><\/p>\n<p><span style=\"color: #1d60ab; font-size: 14pt;\"><strong>Les ESSMS doivent se r\u00e9inventer afin de s\u2019approprier les transformations organisationnelles r\u00e9centes <\/strong><\/span><span style=\"color: #1d60ab; font-size: 14pt;\"><strong>(CPOM, parcours modulaires, nouveau r\u00e9f\u00e9rentiel HAS, nomenclature SERAFIN-PH &#8230;). Ces transformations <\/strong><\/span><span style=\"color: #1d60ab; font-size: 14pt;\"><strong>sont tant d\u2019opportunit\u00e9s pour refonder collectivement le projet institutionnel autour de valeurs fortes et <\/strong><\/span><span style=\"color: #1d60ab; font-size: 14pt;\"><strong>partag\u00e9es, tout en d\u00e9veloppant des outils et m\u00e9thodologies communs.<\/strong><\/span><\/p>\n<p>Cette formation vise \u00e0 renforcer le management des projets, des actions et des \u00e9quipes, \u00e0 donner une nouvelle visibilit\u00e9 aux pratiques professionnelles, et \u00e0 construire un document projet vivant et \u00e9volutif. Ainsi, l\u2019actualisation du projet est, pour l\u2019ensemble des acteurs concern\u00e9s, une occasion forte de revisiter la finalit\u00e9 et les orientations de l\u2019institution. Dans cet accompagnement, il s\u2019agit de tenir compte des nouveaux besoins et attentes des professionnels et personnes accompagn\u00e9es, des interactions avec l\u2019environnement et la soci\u00e9t\u00e9, des d\u00e9placements th\u00e9oriques et pratiques provoqu\u00e9s par la l\u00e9gislation et les recherches en travail social.<\/p>\n<p style=\"margin: 10px 0;\"><a href=\"https:\/\/www.imf.asso.fr\/pages\/wp-content\/uploads\/FC1633-\u2013-Faire-du-projet-institutionnel-un-outil-differenciant.pdf\"><span style=\"margin: 0 0 0 10px; padding: 5px 10px; background: #f4f3fa; border: 1px solid purple; border-radius: 20px;\"><strong>\u00a0T\u00e9l\u00e9charger la fiche de formation\u00a0<\/strong><\/span><\/a><\/p>\n<p style=\"margin: 40px 0 10px 0;\"><span style=\"color: #1d60ab;\">\u25cb<\/span> Sites de formation disponibles :<\/p>\n<p style=\"margin: 0 10px 20px; color: #1d60ab; line-height: 1.2em;\"><strong>IMF RIS Avignon <br \/>\n<\/strong>55 all\u00e9e Camille Claudel<br \/>\nHamadryade B\u00e2t. B<br \/>\n84 140<\/p>\n<p style=\"margin: 0 10px 20px; color: #1d60ab; line-height: 1.2em;\"><strong>IMF RIS Marseille<br \/>\n<\/strong>59 av. St Just<br \/>\nDomaine d&rsquo;Hippone<br \/>\n13013<\/p>\n<p style=\"margin: 0 10px 20px; color: #1d60ab; line-height: 1.2em;\"><strong>IMF RIS Arles<br \/>\n<\/strong>12 Chemin du Temple<br \/>\n13200<\/p>\n<p style=\"margin: 0 10px 20px; color: #1d60ab; line-height: 1.2em;\"><strong>Sur votre \u00e9tablissement<\/strong><\/p>\n<p style=\"margin: 0;\"><span style=\"color: #1d60ab;\">\u25cb<\/span> S&rsquo;informer et s&rsquo;inscrire :<\/p>\n<p style=\"margin: 0; padding: 0 10px;\"><span style=\"color: #333333;\"><a href=\"mailto:imf.poledev@imf.asso.fr\"><span style=\"color: #1d60ab;\"><strong>imf.poledev@imf.asso.fr<\/strong><\/span><\/a><\/span><\/p>\n<p style=\"margin: 0 0 10px 0; padding: 0 10px;\"><span style=\"color: #333333;\"><strong><span style=\"color: #1d60ab;\">04 91 24 61 17<\/span><\/strong><\/span><\/p>\n","protected":false},"excerpt":{"rendered":"<div class=\"post_sous-title; non-visible\"><a title=\"Permalien vers FC1633 - Faire du projet institutionnel un outil diff\u00e9renciant\" href=\"\/pages\/?page_id=7848\" rel=\"bookmark\">Faire du projet institutionnel un outil diff\u00e9renciant<\/a><\/div>\n","protected":false},"author":1,"featured_media":0,"parent":7007,"menu_order":3,"comment_status":"closed","ping_status":"closed","template":"template-twocolumnsleft.php","meta":{"footnotes":""},"_links":{"self":[{"href":"https:\/\/www.imf.asso.fr\/pages\/index.php?rest_route=\/wp\/v2\/pages\/7848"}],"collection":[{"href":"https:\/\/www.imf.asso.fr\/pages\/index.php?rest_route=\/wp\/v2\/pages"}],"about":[{"href":"https:\/\/www.imf.asso.fr\/pages\/index.php?rest_route=\/wp\/v2\/types\/page"}],"author":[{"embeddable":true,"href":"https:\/\/www.imf.asso.fr\/pages\/index.php?rest_route=\/wp\/v2\/users\/1"}],"replies":[{"embeddable":true,"href":"https:\/\/www.imf.asso.fr\/pages\/index.php?rest_route=%2Fwp%2Fv2%2Fcomments&post=7848"}],"version-history":[{"count":3,"href":"https:\/\/www.imf.asso.fr\/pages\/index.php?rest_route=\/wp\/v2\/pages\/7848\/revisions"}],"predecessor-version":[{"id":17210,"href":"https:\/\/www.imf.asso.fr\/pages\/index.php?rest_route=\/wp\/v2\/pages\/7848\/revisions\/17210"}],"up":[{"embeddable":true,"href":"https:\/\/www.imf.asso.fr\/pages\/index.php?rest_route=\/wp\/v2\/pages\/7007"}],"wp:attachment":[{"href":"https:\/\/www.imf.asso.fr\/pages\/index.php?rest_route=%2Fwp%2Fv2%2Fmedia&parent=7848"}],"curies":[{"name":"wp","href":"https:\/\/api.w.org\/{rel}","templated":true}]}}