{"id":6925,"date":"2021-05-10T13:25:06","date_gmt":"2021-05-10T11:25:06","guid":{"rendered":"https:\/\/www.imf.asso.fr\/pages\/?page_id=6925"},"modified":"2025-03-17T15:17:41","modified_gmt":"2025-03-17T14:17:41","slug":"fc2007-2008-2009-actions-de-formation-en-situation-de-travail-afest","status":"publish","type":"page","link":"https:\/\/www.imf.asso.fr\/pages\/?page_id=6925","title":{"rendered":"FC2007 &#8211; R\u00e9f\u00e9rent\u00b7e AFEST (Actions de Formation En Situation de Travail)"},"content":{"rendered":"<div class=\"post_sous-title, non-visible\"><a title=\"Permalien vers FC2007 - AFEST (Actions de Formation En Situation de Travail)\" href=\"\/pages\/?page_id=6925\" rel=\"bookmark\">R\u00e9f\u00e9rent\u00b7e AFEST (Actions de Formation En Situation de Travail)<\/a><\/div>\n<p><!--<\/p>\n\n\n\n\n<div style=\"background-color: #194F8D;\">---<\/div>\n\n\n\n\n<p>\/\/--><br \/>\n<!--more--><\/p>\n<table>\n<tbody>\n<tr>\n<td>\n<ol>\n<li>Accompagnement au positionnement de l&rsquo;organisation apprenante (<a href=\"\/pages\/?page_id=7926\">fc2008<\/a>)<\/li>\n<li>Accompagnement de l&rsquo;\u00e9tablissement en ing\u00e9nierie de l&rsquo;AFEST (<a href=\"\/pages\/?page_id=7926\">fc2009<\/a>)<\/li>\n<li>R\u00e9f\u00e9rent AFEST (fc2007)<\/li>\n<\/ol>\n<p><strong>Pourquoi l&rsquo;IMF d\u00e9veloppe une offre d\u2019accompagnement et d\u2019ing\u00e9nierie pour des<\/strong> Actions de Formation En Situation de Travail (AFEST) ?<\/p>\n<ul>\n<li><strong>L&rsquo;IMF, sp\u00e9cialis\u00e9 depuis plus de 20 ans dans les formations en Travail Social<\/strong>, est qualifi\u00e9 \u00e9galement dans le d\u00e9veloppement, l&rsquo;ing\u00e9nierie sociale, et \u00e0 d\u00e9velopper une expertise sur <strong>l\u2019approche comp\u00e9tence<\/strong> dans le cadre des accompagnements VAE.<\/li>\n<li><strong>Les comp\u00e9tences de nos intervenants<\/strong>, gr\u00e2ce \u00e0 leur pr\u00e9sence r\u00e9guli\u00e8re sur le terrain sont actualis\u00e9es. Elles permettent \u00e0 nos \u00e9quipes d&rsquo;\u00eatre \u00e0<strong> l\u2019\u00e9coute de vos demandes et de vos besoins dans le diagnostic et l&rsquo;accompagnement des AFEST.<\/strong><\/li>\n<\/ul>\n<p>Pourquoi choisir une AFEST pour vos salari\u00e9(es) ?<\/p>\n<p>L\u2019AFEST est une action qui r\u00e9pond \u00e0 vos besoins de fa\u00e7on adapt\u00e9e.<\/p>\n<ul>\n<li>C&rsquo;est une modalit\u00e9 de transmission de comp\u00e9tences d&rsquo;un professionnel exp\u00e9riment\u00e9 \u00e0 un autre, d\u2019autant que 70 % des apprentissages se font directement sur les postes de travail 1.<\/li>\n<li>Les salari\u00e9(e)s se forment dans l\u2019action pour s\u2019approprier des comp\u00e9tences et actualiser leur savoir-faire pour dynamiser leur parcours professionnel.<\/li>\n<li>Elle est particuli\u00e8rement adapt\u00e9e dans les petites structures car elle permet aux salari\u00e9(e)s de combiner formation et activit\u00e9s.<\/li>\n<li>L&rsquo;apprenant va acqu\u00e9rir des comp\u00e9tences indispensables et utiles pour son employeur sur son poste actuel ou pour toutes nouvelles fonctions.<\/li>\n<li>Son co\u00fbt est pris en charge par les OPCO.<\/li>\n<li>Une AFEST de qualit\u00e9 permet de satisfaire l\u2019obligation de formation de l\u2019employeur envers ses salari\u00e9(e-s) qui pourront se former tout au long de leur carri\u00e8re.<\/li>\n<\/ul>\n<p><em>(*) <a href=\"https:\/\/culture-rh.com\/afest-definition-fonctionnement-financement-demarche-prise-en-charge\/\" target=\"_blank\" rel=\"noopener noreferrer\">https:\/\/culture-rh.com\/afest-definition-fonctionnement-financement-demarche-prise-en-charge\/<\/a><\/em><\/p>\n<p><strong>(contact : imf.poledev@imf.asso.fr)<\/strong><\/p>\n<\/td>\n<\/tr>\n<\/tbody>\n<\/table>\n<table style=\"width: 100%; height: 657px;\">\n<tbody>\n<tr style=\"height: 618px;\">\n<td class=\"cell_background_img\" style=\"height: 618px;\"><a title=\"cliquez sur l'image pour l'agrandir...\" href=\"https:\/\/www.imf.asso.fr\/pages\/wp-content\/uploads\/FC2007-\u2013-Referent.e-AFEST_converted.pdf\" target=\"_blank\" rel=\"noopener noreferrer\"><img decoding=\"async\" class=\"aligncenter\" src=\"https:\/\/www.imf.asso.fr\/pages\/wp-content\/uploads\/FC2007-\u2013-Referent.e-AFEST_converted.png\" \/><\/a><\/td>\n<\/tr>\n<\/tbody>\n<\/table>\n<p><em>documentation \u00e0 t\u00e9l\u00e9charger (plaquette, dossier d&rsquo;inscription, calendriers&#8230;) en page 2.<br \/>\n<\/em><\/p>\n<p><!--nextpage--><\/p>\n<table style=\"width: 100%; height: 69px;\">\n<tbody>\n<tr style=\"height: 69px;\">\n<td style=\"height: 69px;\">\n<h4><em>FC2007 &#8211; R\u00e9f\u00e9rent\u00b7e AFEST (Actions de Formation En Situation de Travail)<br \/>\n<\/em><\/h4>\n<\/td>\n<\/tr>\n<\/tbody>\n<\/table>\n<table>\n<tbody>\n<tr>\n<td>\n<ul>\n<li><a href=\"https:\/\/www.imf.asso.fr\/pages\/wp-content\/uploads\/FC2007-\u2013-Referent.e-AFEST_converted.pdf\" target=\"_blank\" rel=\"noopener noreferrer\">Fiche FC2007<\/a><\/li>\n<\/ul>\n<\/td>\n<\/tr>\n<\/tbody>\n<\/table>\n","protected":false},"excerpt":{"rendered":"<div class=\"post_sous-title, non-visible\"><a title=\"Permalien vers FC2007 - AFEST (Actions de Formation En Situation de Travail)\" href=\"\/pages\/?page_id=6925\" rel=\"bookmark\">R\u00e9f\u00e9rent\u00b7e AFEST (Actions de Formation En Situation de Travail)<\/a><\/div><\/p><p><a class=\"more-link btn\" href=\"https:\/\/www.imf.asso.fr\/pages\/?page_id=6925\">Lire la suite<\/a><\/p>\n","protected":false},"author":1,"featured_media":0,"parent":6909,"menu_order":2,"comment_status":"closed","ping_status":"closed","template":"template-twocolumnsleft.php","meta":{"footnotes":""},"_links":{"self":[{"href":"https:\/\/www.imf.asso.fr\/pages\/index.php?rest_route=\/wp\/v2\/pages\/6925"}],"collection":[{"href":"https:\/\/www.imf.asso.fr\/pages\/index.php?rest_route=\/wp\/v2\/pages"}],"about":[{"href":"https:\/\/www.imf.asso.fr\/pages\/index.php?rest_route=\/wp\/v2\/types\/page"}],"author":[{"embeddable":true,"href":"https:\/\/www.imf.asso.fr\/pages\/index.php?rest_route=\/wp\/v2\/users\/1"}],"replies":[{"embeddable":true,"href":"https:\/\/www.imf.asso.fr\/pages\/index.php?rest_route=%2Fwp%2Fv2%2Fcomments&post=6925"}],"version-history":[{"count":3,"href":"https:\/\/www.imf.asso.fr\/pages\/index.php?rest_route=\/wp\/v2\/pages\/6925\/revisions"}],"predecessor-version":[{"id":12815,"href":"https:\/\/www.imf.asso.fr\/pages\/index.php?rest_route=\/wp\/v2\/pages\/6925\/revisions\/12815"}],"up":[{"embeddable":true,"href":"https:\/\/www.imf.asso.fr\/pages\/index.php?rest_route=\/wp\/v2\/pages\/6909"}],"wp:attachment":[{"href":"https:\/\/www.imf.asso.fr\/pages\/index.php?rest_route=%2Fwp%2Fv2%2Fmedia&parent=6925"}],"curies":[{"name":"wp","href":"https:\/\/api.w.org\/{rel}","templated":true}]}}