{"id":674,"date":"2018-02-14T10:44:25","date_gmt":"2018-02-14T09:44:25","guid":{"rendered":"http:\/\/www.imf.asso.fr\/pages\/?page_id=674"},"modified":"2026-04-14T12:44:49","modified_gmt":"2026-04-14T10:44:49","slug":"asg","status":"publish","type":"page","link":"https:\/\/www.imf.asso.fr\/pages\/?page_id=674","title":{"rendered":"FC1644 &#8211; Assistant de soins en g\u00e9rontologie (ASG)"},"content":{"rendered":"<div class=\"post_sous-title, non-visible\"><a title=\"Permalien vers FC1644 - Assistant de soins en g\u00e9rontologie (ASG)\" href=\"\/pages\/?page_id=674\" rel=\"bookmark\">Assistant de soins en g\u00e9rontologie<\/a><\/div>\n<p><!--more--><\/p>\n<table>\n<tbody>\n<tr>\n<td class=\"cell_background_img\"><a title=\"cliquez sur l'image pour l'agrandir...\" href=\"https:\/\/www.imf.asso.fr\/pages\/wp-content\/uploads\/FC1644-\u2013-Assistant.e-de-soins-en-gerontologie_converted.pdf\" target=\"_blank\" rel=\"noopener noreferrer\"><img decoding=\"async\" class=\"aligncenter\" src=\"https:\/\/www.imf.asso.fr\/pages\/wp-content\/uploads\/FC1644-\u2013-Assistant.e-de-soins-en-gerontologie_converted.png\" \/><\/a><\/td>\n<\/tr>\n<\/tbody>\n<\/table>\n<p><em>documentation \u00e0 t\u00e9l\u00e9charger (plaquette, dossier d&rsquo;inscription, calendriers&#8230;) en page 2.<br \/>\n<\/em><br \/>\n<!--nextpage--><\/p>\n<table>\n<tbody>\n<tr>\n<td>\n<h4><em>FC1644 &#8211; Assistant de soins en g\u00e9rontologie (ASG)<\/em><\/h4>\n<\/td>\n<\/tr>\n<\/tbody>\n<\/table>\n<table>\n<tbody>\n<tr>\n<td>\n<ul>\n<li><a href=\"https:\/\/www.imf.asso.fr\/pages\/wp-content\/uploads\/FC1644-\u2013-Assistant.e-de-soins-en-gerontologie_converted.pdf\" target=\"_blank\" rel=\"noopener noreferrer\">Fiche FC1644<\/a><\/li>\n<li><a href=\"https:\/\/www.imf.asso.fr\/pages\/wp-content\/uploads\/BI-bulletin-dinscription-ASG-maj220925.pdf\" target=\"_blank\" rel=\"noopener noreferrer\">Bulletin d\u2019inscription<\/a><\/li>\n<\/ul>\n<p>&nbsp;<\/p>\n<ul>\n<li>Marseille\n<ul>\n<li><a href=\"https:\/\/www.imf.asso.fr\/pages\/wp-content\/uploads\/25_26-CALENDRIER-ASG-Marseille.pdf\">Calendrier d\u00e9cembre 2025 \u00e0 juin 2026<\/a><\/li>\n<li><a href=\"https:\/\/www.imf.asso.fr\/pages\/wp-content\/uploads\/calendrier-26_27-ASG.pdf\">Calendrier janvier 2027 \u00e0 juin 2027<\/a><\/li>\n<\/ul>\n<\/li>\n<li>Avignon\n<ul>\n<li style=\"list-style-type: none;\">\n<ul>\n<li><a href=\"https:\/\/www.imf.asso.fr\/pages\/wp-content\/uploads\/Calendrier-ASG-Avignon-2026.pdf\">Calendrier mars 2026 \u00e0 juin 2026<\/a><\/li>\n<\/ul>\n<\/li>\n<\/ul>\n<\/li>\n<\/ul>\n<\/td>\n<\/tr>\n<\/tbody>\n<\/table>\n","protected":false},"excerpt":{"rendered":"<div class=\"post_sous-title, non-visible\"><a title=\"Permalien vers FC1644 - Assistant de soins en g\u00e9rontologie (ASG)\" href=\"\/pages\/?page_id=674\" rel=\"bookmark\">Assistant de soins en g\u00e9rontologie<\/a><\/div>\n","protected":false},"author":1,"featured_media":0,"parent":6909,"menu_order":3,"comment_status":"closed","ping_status":"closed","template":"template-twocolumnsleft.php","meta":{"footnotes":""},"_links":{"self":[{"href":"https:\/\/www.imf.asso.fr\/pages\/index.php?rest_route=\/wp\/v2\/pages\/674"}],"collection":[{"href":"https:\/\/www.imf.asso.fr\/pages\/index.php?rest_route=\/wp\/v2\/pages"}],"about":[{"href":"https:\/\/www.imf.asso.fr\/pages\/index.php?rest_route=\/wp\/v2\/types\/page"}],"author":[{"embeddable":true,"href":"https:\/\/www.imf.asso.fr\/pages\/index.php?rest_route=\/wp\/v2\/users\/1"}],"replies":[{"embeddable":true,"href":"https:\/\/www.imf.asso.fr\/pages\/index.php?rest_route=%2Fwp%2Fv2%2Fcomments&post=674"}],"version-history":[{"count":3,"href":"https:\/\/www.imf.asso.fr\/pages\/index.php?rest_route=\/wp\/v2\/pages\/674\/revisions"}],"predecessor-version":[{"id":17135,"href":"https:\/\/www.imf.asso.fr\/pages\/index.php?rest_route=\/wp\/v2\/pages\/674\/revisions\/17135"}],"up":[{"embeddable":true,"href":"https:\/\/www.imf.asso.fr\/pages\/index.php?rest_route=\/wp\/v2\/pages\/6909"}],"wp:attachment":[{"href":"https:\/\/www.imf.asso.fr\/pages\/index.php?rest_route=%2Fwp%2Fv2%2Fmedia&parent=674"}],"curies":[{"name":"wp","href":"https:\/\/api.w.org\/{rel}","templated":true}]}}