{"id":6735,"date":"2021-04-16T13:45:08","date_gmt":"2021-04-16T11:45:08","guid":{"rendered":"https:\/\/www.imf.asso.fr\/pages\/?page_id=6735"},"modified":"2025-03-10T12:27:06","modified_gmt":"2025-03-10T11:27:06","slug":"fc1601-le-respect-de-lintimite","status":"publish","type":"page","link":"https:\/\/www.imf.asso.fr\/pages\/?page_id=6735","title":{"rendered":"FC1601 &#8211; Le respect de l&rsquo;intimit\u00e9"},"content":{"rendered":"<div class=\"post_sous-title, non-visible\"><a title=\"Permalien vers FC1601 - Le respect de l'intimit\u00e9\" href=\"\/pages\/?page_id=6735\" rel=\"bookmark\">Le respect de l&rsquo;intimit\u00e9<\/a><\/div>\n<p><!--\n\n\n<div style=\"background-color: #194F8D;\">---<\/div>\n\n\n\/\/--><br \/>\n<!--more--><\/p>\n<table style=\"width: 100%; height: 657px;\">\n<tbody>\n<tr style=\"height: 618px;\">\n<td class=\"cell_background_img\" style=\"height: 618px;\"><a title=\"cliquez sur l'image pour l'agrandir...\" href=\"https:\/\/www.imf.asso.fr\/pages\/wp-content\/uploads\/FC1601-\u2013-Le-respect-de-lintimite_converted.pdf\" target=\"_blank\" rel=\"noopener noreferrer\"><img decoding=\"async\" class=\"aligncenter\" src=\"https:\/\/www.imf.asso.fr\/pages\/wp-content\/uploads\/FC1601-\u2013-Le-respect-de-lintimite_converted.png\" \/><\/a><\/td>\n<\/tr>\n<\/tbody>\n<\/table>\n<p><em>documentation \u00e0 t\u00e9l\u00e9charger (plaquette, dossier d&rsquo;inscription, calendriers&#8230;) en page 2.<br \/>\n<\/em><\/p>\n<p><!--nextpage--><\/p>\n<table>\n<tbody>\n<tr>\n<td>\n<h4><em>FC1601 &#8211; Le respect de l&rsquo;intimit\u00e9<\/em><\/h4>\n<\/td>\n<\/tr>\n<\/tbody>\n<\/table>\n<table>\n<tbody>\n<tr>\n<td>\n<ul>\n<li><a href=\"https:\/\/www.imf.asso.fr\/pages\/wp-content\/uploads\/FC1601-\u2013-Le-respect-de-lintimite_converted.pdf\" target=\"_blank\" rel=\"noopener noreferrer\">Fiche FC1601<\/a><\/li>\n<\/ul>\n<\/td>\n<\/tr>\n<\/tbody>\n<\/table>\n","protected":false},"excerpt":{"rendered":"<div class=\"post_sous-title, non-visible\"><a title=\"Permalien vers FC1601 - Le respect de l'intimit\u00e9\" href=\"\/pages\/?page_id=6735\" rel=\"bookmark\">Le respect de l&rsquo;intimit\u00e9<\/a><\/div><\/p><p><a class=\"more-link btn\" href=\"https:\/\/www.imf.asso.fr\/pages\/?page_id=6735\">Lire la suite<\/a><\/p>\n","protected":false},"author":1,"featured_media":0,"parent":6682,"menu_order":1,"comment_status":"closed","ping_status":"closed","template":"template-twocolumnsleft.php","meta":{"footnotes":""},"_links":{"self":[{"href":"https:\/\/www.imf.asso.fr\/pages\/index.php?rest_route=\/wp\/v2\/pages\/6735"}],"collection":[{"href":"https:\/\/www.imf.asso.fr\/pages\/index.php?rest_route=\/wp\/v2\/pages"}],"about":[{"href":"https:\/\/www.imf.asso.fr\/pages\/index.php?rest_route=\/wp\/v2\/types\/page"}],"author":[{"embeddable":true,"href":"https:\/\/www.imf.asso.fr\/pages\/index.php?rest_route=\/wp\/v2\/users\/1"}],"replies":[{"embeddable":true,"href":"https:\/\/www.imf.asso.fr\/pages\/index.php?rest_route=%2Fwp%2Fv2%2Fcomments&post=6735"}],"version-history":[{"count":3,"href":"https:\/\/www.imf.asso.fr\/pages\/index.php?rest_route=\/wp\/v2\/pages\/6735\/revisions"}],"predecessor-version":[{"id":12720,"href":"https:\/\/www.imf.asso.fr\/pages\/index.php?rest_route=\/wp\/v2\/pages\/6735\/revisions\/12720"}],"up":[{"embeddable":true,"href":"https:\/\/www.imf.asso.fr\/pages\/index.php?rest_route=\/wp\/v2\/pages\/6682"}],"wp:attachment":[{"href":"https:\/\/www.imf.asso.fr\/pages\/index.php?rest_route=%2Fwp%2Fv2%2Fmedia&parent=6735"}],"curies":[{"name":"wp","href":"https:\/\/api.w.org\/{rel}","templated":true}]}}