{"id":6728,"date":"2021-04-16T13:22:58","date_gmt":"2021-04-16T11:22:58","guid":{"rendered":"https:\/\/www.imf.asso.fr\/pages\/?page_id=6728"},"modified":"2026-04-15T10:59:13","modified_gmt":"2026-04-15T08:59:13","slug":"fc1610-secret-professionnel","status":"publish","type":"page","link":"https:\/\/www.imf.asso.fr\/pages\/?page_id=6728","title":{"rendered":"FC1610 &#8211; Secret professionnel"},"content":{"rendered":"<div class=\"post_sous-title; non-visible\"><a title=\"Permalien vers FC1610\" href=\"https:\/\/www.imf.asso.fr\/pages\/?page_id=6728\" rel=\"bookmark\">Secret Professionnel<\/a><\/div>\n<p><!--more--><\/p>\n<p><span style=\"color: #1d60ab;\"><strong>L\u2019approche globale de la personne dans un environnement sollicitant plusieurs acteurs sanitaires et sociaux <\/strong><\/span><span style=\"color: #1d60ab;\"><strong>les invite \u00e0 partager des informations parfois sensibles.<\/strong> <\/span>Ces derniers doivent donc \u00e9valuer ce qui est strictement n\u00e9cessaire de communiquer pour un accompagnement pluriprofessionnel respectueux des personnes et du cadre l\u00e9gal. Ce contexte d\u2019intervention sociale interroge sur le sens du travail au service des personnes en difficult\u00e9s.<\/p>\n<p style=\"margin: 0;\"><span style=\"color: #1d60ab;\">\u25cb<\/span> L&rsquo;essentiel :<\/p>\n<p style=\"margin: 0 0 10px 0; padding: 0 10px;\"><span style=\"color: #333333;\"><span style=\"color: #1d60ab;\"><strong>Une formation <\/strong><\/span><\/span>sur<span style=\"color: #333333;\"><span style=\"color: #1d60ab;\"><strong> deux jours<\/strong><\/span><\/span><\/p>\n<p style=\"margin: 10px 0;\"><a href=\"https:\/\/www.imf.asso.fr\/pages\/wp-content\/uploads\/FC1610-\u2013-Secret-professionnel.pdf\"><span style=\"margin: 0 0 0 10px; padding: 5px 10px; background: #f4f3fa; border: 1px solid purple; border-radius: 20px;\"><strong>\u00a0T\u00e9l\u00e9charger la fiche de la formation<\/strong><\/span><\/a><\/p>\n<p style=\"margin: 40px 0 10px 0;\"><span style=\"color: #1d60ab;\">\u25cb<\/span> Sites de formation disponibles :<\/p>\n<p style=\"margin: 0 10px 20px; color: #1d60ab; line-height: 1.2em;\"><strong>IMF RIS Avignon <br \/>\n<\/strong><span style=\"color: #333333;\">55 all\u00e9e Camille Claudel<\/span><br \/>\n<span style=\"color: #333333;\">Hamadryade B\u00e2t. B<\/span><br \/>\n<span style=\"color: #333333;\">84 140<\/span><\/p>\n<p style=\"margin: 0 10px 20px; color: #1d60ab; line-height: 1.2em;\"><strong>IMF RIS Marseille<br \/>\n<\/strong><span style=\"color: #333333;\">59 av. St Just<\/span><br \/>\n<span style=\"color: #333333;\">Domaine d&rsquo;Hippone<\/span><br \/>\n<span style=\"color: #333333;\">13013<\/span><\/p>\n<p style=\"margin: 0 10px 20px; color: #1d60ab; line-height: 1.2em;\"><strong>IMF RIS Arles<br \/>\n<\/strong><span style=\"color: #333333;\">12 Chemin du Temple<\/span><br \/>\n<span style=\"color: #333333;\">13200<\/span><\/p>\n<p style=\"margin: 0;\"><span style=\"color: #1d60ab;\">\u25cb<\/span> S&rsquo;informer et s&rsquo;inscrire :<\/p>\n<p style=\"margin: 0; padding: 0 10px;\"><span style=\"color: #333333;\"><a href=\"mailto:imf.poledev@imf.asso.fr\"><span style=\"color: #1d60ab;\"><strong>imf.poledev@imf.asso.fr<\/strong><\/span><\/a><\/span><\/p>\n<p style=\"margin: 0 0 10px 0; padding: 0 10px;\"><span style=\"color: #333333;\"><strong><span style=\"color: #1d60ab;\">04 91 24 61 17<\/span><\/strong><\/span><\/p>\n","protected":false},"excerpt":{"rendered":"<div class=\"post_sous-title; non-visible\"><a title=\"Permalien vers FC1610\" href=\"https:\/\/www.imf.asso.fr\/pages\/?page_id=6728\" rel=\"bookmark\">Secret Professionnel<\/a><\/div>\n","protected":false},"author":1,"featured_media":0,"parent":6688,"menu_order":5,"comment_status":"closed","ping_status":"closed","template":"template-twocolumnsleft.php","meta":{"footnotes":""},"_links":{"self":[{"href":"https:\/\/www.imf.asso.fr\/pages\/index.php?rest_route=\/wp\/v2\/pages\/6728"}],"collection":[{"href":"https:\/\/www.imf.asso.fr\/pages\/index.php?rest_route=\/wp\/v2\/pages"}],"about":[{"href":"https:\/\/www.imf.asso.fr\/pages\/index.php?rest_route=\/wp\/v2\/types\/page"}],"author":[{"embeddable":true,"href":"https:\/\/www.imf.asso.fr\/pages\/index.php?rest_route=\/wp\/v2\/users\/1"}],"replies":[{"embeddable":true,"href":"https:\/\/www.imf.asso.fr\/pages\/index.php?rest_route=%2Fwp%2Fv2%2Fcomments&post=6728"}],"version-history":[{"count":3,"href":"https:\/\/www.imf.asso.fr\/pages\/index.php?rest_route=\/wp\/v2\/pages\/6728\/revisions"}],"predecessor-version":[{"id":17180,"href":"https:\/\/www.imf.asso.fr\/pages\/index.php?rest_route=\/wp\/v2\/pages\/6728\/revisions\/17180"}],"up":[{"embeddable":true,"href":"https:\/\/www.imf.asso.fr\/pages\/index.php?rest_route=\/wp\/v2\/pages\/6688"}],"wp:attachment":[{"href":"https:\/\/www.imf.asso.fr\/pages\/index.php?rest_route=%2Fwp%2Fv2%2Fmedia&parent=6728"}],"curies":[{"name":"wp","href":"https:\/\/api.w.org\/{rel}","templated":true}]}}