{"id":662,"date":"2018-02-14T10:04:15","date_gmt":"2018-02-14T09:04:15","guid":{"rendered":"http:\/\/www.imf.asso.fr\/pages\/?page_id=662"},"modified":"2026-04-30T12:58:32","modified_gmt":"2026-04-30T10:58:32","slug":"mjpm","status":"publish","type":"page","link":"https:\/\/www.imf.asso.fr\/pages\/?page_id=662","title":{"rendered":"FC1646 &#8211; Mandataire judiciaire \u00e0 la protection des majeurs (MJPM)"},"content":{"rendered":"<div class=\"post_sous-title; non-visible\"><a title=\"Permalien vers FC1646 - Mandataire judiciaire \u00e0 la protection des majeurs (MJPM)\" href=\"\/pages\/?page_id=662\" rel=\"bookmark\">Mandataire judiciaire \u00e0 la protection des majeurs<\/a><\/div>\n<p><!--more--><\/p>\n<table>\n<tbody>\n<tr>\n<td class=\"cell_background_img\"><a href=\"https:\/\/www.imf.asso.fr\/pages\/wp-content\/uploads\/FC1646-\u2013-Mandataire-judiciaire-a-la-protection-des-majeurs-MJPM-1.pdf\"><img decoding=\"async\" loading=\"lazy\" class=\"alignnone wp-image-10727 size-large\" src=\"https:\/\/www.imf.asso.fr\/pages\/wp-content\/uploads\/FC1646-\u2013-Mandataire-judiciaire-a-la-protection-des-majeurs-MJPM-1.png\" alt=\"\" width=\"945\" height=\"669\" \/><\/a><\/td>\n<\/tr>\n<\/tbody>\n<\/table>\n<p><em>Documentation \u00e0 t\u00e9l\u00e9charger (plaquette, dossier d&rsquo;inscription, calendriers&#8230;) en page 2.<br \/>\n<\/em><!--nextpage--><\/p>\n<table>\n<tbody>\n<tr>\n<td>\n<h4><em>FC1646 &#8211; Mandataire judiciaire \u00e0 la protection des majeurs (MJPM)<\/em><\/h4>\n<\/td>\n<\/tr>\n<\/tbody>\n<\/table>\n<table style=\"width: 100%; height: 117px;\">\n<tbody>\n<tr style=\"height: 39px;\">\n<td style=\"height: 39px;\"><strong>Date limite de d\u00e9p\u00f4t du dossier :<\/strong><\/td>\n<td style=\"height: 39px;\">\n<div data-olk-copy-source=\"MessageBody\"><b><span style=\"color: #1d60ab;\">29 mai 2026<\/span><br \/>\n<\/b><em>Les demandes re\u00e7ues plus tard seront potentiellement \u00e9tudi\u00e9es.<\/em><\/div>\n<\/td>\n<\/tr>\n<tr style=\"height: 39px;\">\n<td style=\"height: 39px;\"><strong>Commission d&rsquo;admission MJPM :<\/strong><\/td>\n<td style=\"height: 39px;\"><strong><span style=\"color: #1d60ab;\">12 juin 2026<\/span><br \/>\n<\/strong><em>Les r\u00e9sultats seront d\u00e9livr\u00e9s \u00e0 la suite du conseil<\/em><strong>.<\/strong><\/td>\n<\/tr>\n<\/tbody>\n<\/table>\n<table>\n<tbody>\n<tr>\n<td>\n<ul>\n<li><a href=\"https:\/\/www.imf.asso.fr\/pages\/wp-content\/uploads\/FC1646-\u2013-Mandataire-judiciaire-a-la-protection-des-majeurs-MJPM-1.pdf\" target=\"_blank\" rel=\"noopener noreferrer\">Fiche FC1646<\/a><\/li>\n<li><a href=\"\/pages\/formations\/catalogue\/docs\/fc1646c.pdf\" target=\"_blank\" rel=\"noopener noreferrer\">Fiche compl\u00e9mentaire<\/a><\/li>\n<li><a href=\"https:\/\/www.imf.asso.fr\/pages\/wp-content\/uploads\/DOSSIER-INSCRIPTION-MJPM-2026-2027.pdf\">Dossier d&rsquo;inscription<\/a><\/li>\n<li><a href=\"https:\/\/www.imf.asso.fr\/pages\/wp-content\/uploads\/MJPM_2627-2.pdf\">Calendrier 2026-2027<\/a><\/li>\n<li><a href=\"https:\/\/www.imf.asso.fr\/pages\/wp-content\/uploads\/MJPM_2526.pdf\" target=\"_blank\" rel=\"noopener noreferrer\">Calendrier 2025-2026 (session en cours)<\/a><\/li>\n<\/ul>\n<hr \/>\n<p><span style=\"color: #1d60ab;\"><strong>DEVIS<br \/>\n<\/strong><\/span>Pour toutes demandes de devis, merci de faire un mail \u00e0 d&rsquo;adresse suivante, en indiquant vos noms, pr\u00e9noms et adresse postale : <a href=\"mailto:n.aine@imf.asso.fr\"><span style=\"color: #1d60ab;\"><b>n.aine@imf.asso.fr<\/b><\/span><\/a><\/p>\n<hr \/>\n<div><strong><span style=\"color: #1d60ab;\">PR\u00c9REQUIS<\/span><\/strong><\/div>\n<ul>\n<li>\u00catre \u00e2g\u00e9 au minimum de 21 ans, et \u00eatre titulaire d\u2019un dipl\u00f4me enregistr\u00e9 au niveau 6 <br \/>\n<span style=\"color: #1d60ab;\"><b>OU<\/b> <\/span><\/li>\n<li>Justifier d\u2019une exp\u00e9rience professionnelle d\u2019une dur\u00e9e minimale de 3 ans dans un des domaines n\u00e9cessaires \u00e0 l\u2019exercice des fonctions de mandataire judiciaire <br \/>\n<span style=\"color: #1d60ab;\"><b>OU<\/b> <\/span><\/li>\n<li>\u00catre pr\u00e9pos\u00e9 d\u2019un \u00e9tablissement (21 ans + exp\u00e9rience professionnelle d\u2019un an au moins dans un des domaines n\u00e9cessaires \u00e0 l\u2019exercice de la fonction)<\/li>\n<\/ul>\n<hr \/>\n<div><span style=\"color: #1d60ab;\"><strong>INSCRIPTION<\/strong><\/span><\/div>\n<div>Les dossiers de candidature et demandes de dispenses seront examin\u00e9s en commission d&rsquo;admission <strong><span style=\"color: #1d60ab;\">en juin<\/span><\/strong> <span style=\"color: #1d60ab;\"><strong>pour d\u00e9marrage en octobre<\/strong><\/span>.<\/div>\n<div>\u00a0<\/div>\n<ol start=\"1\">\n<li style=\"list-style-type: none;\">\n<ol start=\"1\">\n<li>Pr\u00e9parez <span role=\"presentation\">votre CV et pi\u00e8ce d&rsquo;identit\u00e9<\/span><\/li>\n<li>\n<div role=\"presentation\">D\u00e9posez votre candidature en <b><a href=\"https:\/\/imf.ymag.cloud\/index.php\/preinscription\/\">cliquant ici<\/a><\/b><\/div>\n<p><span style=\"font-size: 10pt;\"><em>Pour rappel, vous pourrez retourner \u00e0 tout moment dans votre dossier en ligne en <a href=\"https:\/\/imf.ymag.cloud\/index.php\/login\/\">cliquant ici<\/a>. Il vous sera demand\u00e9 de d\u00e9poser ult\u00e9rieurement sur votre espace les documents suivants : <\/em><\/span> <\/p>\n<ul>\n<li><span style=\"font-size: 10pt;\"><em>un extrait du casier judiciaire,<\/em><\/span><\/li>\n<li>\n<div class=\"x_elementToProof\" role=\"presentation\"><span style=\"font-size: 10pt;\"><em>une lettre demande all\u00e8gement au vue de l&rsquo;exp\u00e9rience,<\/em><\/span><\/div>\n<\/li>\n<li>\n<div class=\"x_elementToProof\" role=\"presentation\"><span style=\"font-size: 10pt;\"><em>une fiche de poste + l&rsquo;attestation employeur si vous \u00eates d\u00e9j\u00e0 salari\u00e9 MJPM, <\/em><\/span><\/div>\n<\/li>\n<li>\n<div class=\"x_elementToProof\" role=\"presentation\"><span style=\"font-size: 10pt;\"><em>une lettre motivation, <\/em><\/span><\/div>\n<\/li>\n<li>\n<div class=\"x_elementToProof\" role=\"presentation\"><span style=\"font-size: 10pt;\"><em>un justificatif des modalit\u00e9s de prise en charge,<\/em><\/span><\/div>\n<\/li>\n<li>\n<div class=\"x_elementToProof\" role=\"presentation\"><span style=\"font-size: 10pt;\"><em>et l&rsquo;envoi d&rsquo;un ch\u00e8que d&rsquo;un montant de 110\u20ac, correspondant aux frais de s\u00e9lection du dossier, \u00e0 l&rsquo;ordre de l&rsquo;IMF RIS.<\/em><\/span><\/div>\n<\/li>\n<\/ul>\n<\/li>\n<\/ol>\n<\/li>\n<\/ol>\n<p>&nbsp;<\/p>\n<p><span style=\"color: #1d60ab;\"><strong>TAUX EN 2025<br \/>\n<\/strong><\/span><span data-olk-copy-source=\"MailCompose\">100% de r\u00e9ussite<br \/>\n100% d&rsquo;insertion<\/span><\/p>\n<\/td>\n<\/tr>\n<\/tbody>\n<\/table>\n<p>&nbsp;<\/p>\n","protected":false},"excerpt":{"rendered":"<div class=\"post_sous-title; non-visible\"><a title=\"Permalien vers FC1646 - Mandataire judiciaire \u00e0 la protection des majeurs (MJPM)\" href=\"\/pages\/?page_id=662\" rel=\"bookmark\">Mandataire judiciaire \u00e0 la protection des majeurs<\/a><\/div>\n","protected":false},"author":1,"featured_media":10771,"parent":47,"menu_order":10,"comment_status":"closed","ping_status":"closed","template":"template-twocolumnsleft.php","meta":{"footnotes":""},"_links":{"self":[{"href":"https:\/\/www.imf.asso.fr\/pages\/index.php?rest_route=\/wp\/v2\/pages\/662"}],"collection":[{"href":"https:\/\/www.imf.asso.fr\/pages\/index.php?rest_route=\/wp\/v2\/pages"}],"about":[{"href":"https:\/\/www.imf.asso.fr\/pages\/index.php?rest_route=\/wp\/v2\/types\/page"}],"author":[{"embeddable":true,"href":"https:\/\/www.imf.asso.fr\/pages\/index.php?rest_route=\/wp\/v2\/users\/1"}],"replies":[{"embeddable":true,"href":"https:\/\/www.imf.asso.fr\/pages\/index.php?rest_route=%2Fwp%2Fv2%2Fcomments&post=662"}],"version-history":[{"count":4,"href":"https:\/\/www.imf.asso.fr\/pages\/index.php?rest_route=\/wp\/v2\/pages\/662\/revisions"}],"predecessor-version":[{"id":17394,"href":"https:\/\/www.imf.asso.fr\/pages\/index.php?rest_route=\/wp\/v2\/pages\/662\/revisions\/17394"}],"up":[{"embeddable":true,"href":"https:\/\/www.imf.asso.fr\/pages\/index.php?rest_route=\/wp\/v2\/pages\/47"}],"wp:featuredmedia":[{"embeddable":true,"href":"https:\/\/www.imf.asso.fr\/pages\/index.php?rest_route=\/wp\/v2\/media\/10771"}],"wp:attachment":[{"href":"https:\/\/www.imf.asso.fr\/pages\/index.php?rest_route=%2Fwp%2Fv2%2Fmedia&parent=662"}],"curies":[{"name":"wp","href":"https:\/\/api.w.org\/{rel}","templated":true}]}}