{"id":638,"date":"2018-02-14T09:39:40","date_gmt":"2018-02-14T08:39:40","guid":{"rendered":"http:\/\/www.imf.asso.fr\/pages\/?page_id=638"},"modified":"2026-04-01T12:48:14","modified_gmt":"2026-04-01T10:48:14","slug":"caferuis","status":"publish","type":"page","link":"https:\/\/www.imf.asso.fr\/pages\/?page_id=638","title":{"rendered":"CAFERUIS"},"content":{"rendered":"<div class=\"post_sous-title\"><a title=\"Permalien vers CAFERUIS\" href=\"\/pages\/?page_id=638\" rel=\"bookmark\">Fonctions d&rsquo;Encadrement et de Responsable d&rsquo;Unit\u00e9 d&rsquo;Intervention Sociale<\/a><\/div>\n<p><!--more--><\/p>\n<table class=\"cell_align_content\" style=\"width: 100%; height: 39px;\">\n<tbody>\n<tr style=\"height: 39px;\">\n<td style=\"height: 39px;\"><a href=\"\/pages\/?page_id=89\">Voir la page d\u00e9di\u00e9e \u00e0 la formation<\/a><\/td>\n<\/tr>\n<\/tbody>\n<\/table>\n<table style=\"width: 100%; height: 134px;\">\n<tbody>\n<tr class=\"cell_background_title\" style=\"height: 39px;\">\n<td style=\"height: 39px; width: 99.8667%;\">\u00a0<span style=\"font-size: 14pt;\"><strong><span style=\"color: #1d60ab;\">INFORMATIONS IMPORTANTES<\/span><\/strong><\/span><\/td>\n<\/tr>\n<tr style=\"height: 95px;\">\n<td style=\"height: 95px; width: 99.8667%;\"><\/p>\n<ul>\n<li style=\"list-style-type: none;\">\n<ul>\n<li>Le dossier d&rsquo;inscription sera trait\u00e9 par nos services <strong><span style=\"color: #ff6600;\">uniquement apr\u00e8s r\u00e9ception de la totalit\u00e9 des pi\u00e8ces demand\u00e9es et versement des frais de s\u00e9lection<\/span>.\u00a0<\/strong><\/li>\n<li>Un candidat en contrat d&rsquo;apprentissage est dispens\u00e9 des \u00e9preuves de s\u00e9lection.<\/li>\n<li>Les s\u00e9lections se d\u00e9roulent en deux \u00e9tapes :\n<ul>\n<li><span style=\"color: #1d60ab;\"><strong>\u00c9preuve du dossier de candidature<\/strong><\/span><\/li>\n<li><span style=\"color: #1d60ab;\"><strong>\u00c9preuve orale<\/strong> <\/span>: cet entretien individuel, d\u2019une dur\u00e9e de 30 minutes en <strong>PR\u00c9SENTIEL<\/strong>, est centr\u00e9 sur le parcours du candidat et son int\u00e9r\u00eat pour la formation et le m\u00e9tier.<\/li>\n<\/ul>\n<\/li>\n<\/ul>\n<\/li>\n<\/ul>\n<p>&nbsp;<\/p>\n<table style=\"height: 287px; width: 99.7272%; border-color: #000000;\" border=\"1\" width=\"100%\" cellspacing=\"0\" cellpadding=\"0\" align=\"center\">\n<tbody>\n<tr class=\"cell_background_section\" style=\"height: 39px;\">\n<td style=\"width: 100%; height: 39px;\" colspan=\"2\"><strong><span style=\"font-size: 14pt; color: #1d60ab;\">S\u00c9LECTIONS EN COURS \u00c0 L&rsquo;IMF RIS AVIGNON<\/span><\/strong><\/td>\n<\/tr>\n<tr style=\"height: 39px;\">\n<td style=\"width: 50%; height: 39px;\">Date journ\u00e9e d&rsquo;information collective<\/td>\n<td style=\"width: 50%; height: 39px;\">\n<ul>\n<li><a href=\"\/pages\/?p=2994\"><strong>S&rsquo;inscrire \u00e0 l&rsquo;une de nos r\u00e9unions d&rsquo;information collective<\/strong><\/a><\/li>\n<\/ul>\n<\/td>\n<\/tr>\n<tr style=\"height: 49px;\">\n<td style=\"width: 50%; height: 49px;\">Date limite de d\u00e9p\u00f4t du dossier<\/td>\n<td style=\"width: 50%; height: 49px;\">\n<ul>\n<li>1\u00e8re session : <strong>vendredi<\/strong> <strong>13 mars 2026<\/strong><\/li>\n<li>2\u00e8me session : <strong>vendredi 15 mai 2026<\/strong><\/li>\n<\/ul>\n<\/td>\n<\/tr>\n<tr style=\"height: 72px;\">\n<td style=\"width: 50%; height: 72px;\">Date des \u00e9preuves de la s\u00e9lection orale<\/td>\n<td style=\"width: 50%; height: 72px;\">\n<ul>\n<li>1\u00e8re session :<strong> vendredi 27 mars 2026<\/strong><\/li>\n<li><span data-olk-copy-source=\"MessageBody\">2\u00e8me session : <strong>jeudi<\/strong> <strong>28 mai 2026<\/strong><\/span><\/li>\n<\/ul>\n<\/td>\n<\/tr>\n<\/tbody>\n<\/table>\n<table class=\"cell_align_content\" style=\"width: 96.0387%; height: 137px;\">\n<tbody>\n<tr class=\"cell_background_title\" style=\"height: 43px;\">\n<td style=\"height: 43px;\"><span style=\"color: #1d60ab; font-size: 14pt;\"><strong>FRAIS DE S\u00c9LECTIONS<\/strong><\/span><\/td>\n<\/tr>\n<tr style=\"height: 94px;\">\n<td style=\"height: 94px;\">\n<p>Montant :\u00a0 <strong><span style=\"color: #ff6600;\">70 euros<\/span><br \/>\n<\/strong><\/p>\n<p style=\"margin: 0;\">Le r\u00e8glement des frais de s\u00e9lection doit s&rsquo;effectuer <span style=\"color: #ff6600;\"><strong>avant la date limite de d\u00e9p\u00f4t du dossier<\/strong><\/span> :<\/p>\n<ul>\n<li><span style=\"color: #ff6600;\"><strong>en transmettant un ch\u00e8que \u00e0 l&rsquo;\u00c9tablissement d&rsquo;Avignon<\/strong><\/span> \u00e0 l&rsquo;adresse suivante : <br \/>\n<em>IMF RIS &#8211; Hamadryade B\u00e2t. B &#8211; 55 all\u00e9e Camille Claudel &#8211; 84140 Avignon<\/em><\/li>\n<li><strong><span style=\"color: #ff6600;\">en r\u00e9alisant un virement bancaire<\/span> <\/strong>(vous pouvez demander un RIB aupr\u00e8s de <a href=\"mailto:e.ageneau@imf.asso.fr\"><strong>e.ageneau@imf.asso.fr<\/strong><\/a>)<\/li>\n<\/ul>\n<\/td>\n<\/tr>\n<\/tbody>\n<\/table>\n<div class=\"&quot;post_sous-:\">\n<p><img decoding=\"async\" loading=\"lazy\" class=\"alignnone wp-image-12397 size-full\" src=\"https:\/\/www.imf.asso.fr\/pages\/wp-content\/uploads\/Bannieres-CAFERUIS.gif\" alt=\"\" width=\"800\" height=\"100\" \/><\/p>\n<p>&nbsp;<\/p>\n<p><span style=\"color: #ffffff; background: linear-gradient(90deg, rgba(45,182,219,1) 0%, rgba(29,96,171,1) 100%); padding: 13px 13px 11px 13px; border-radius: 20px;\">\u00a0<span style=\"font-size: 18pt;\"><strong>Formation en cours d&#8217;emploi<\/strong>\u00a0<\/span><\/span><\/p>\n<p style=\"display: block; margin: 0 0 0 30px;\"><span style=\"font-family: inherit; font-size: inherit; background-color: transparent;\">Formation ouverte aux personnes salari\u00e9es dont l\u2019employeur ou un organisme paritaire (OPCO, Transition pro \u2026) finance l\u2019int\u00e9gralit\u00e9 du co\u00fbt de la formation.<\/p>\n<p><\/span><\/p>\n<p><span style=\"color: #ffffff; background: linear-gradient(90deg, rgba(45,182,219,1) 0%, rgba(29,96,171,1) 100%); padding: 8px 13px 8px 13px; border-radius: 20px;\"><span style=\"font-size: 18pt;\">\u00a0 <span style=\"font-size: 12pt;\">\u279c\u00a0<strong> D\u00e9poser votre candidature <\/strong><\/span><\/span><\/span><\/p>\n<ol>\n<li>Pr\u00e9parez <strong><span style=\"color: #1d60ab;\">votre CV<\/span><span style=\"color: #1d60ab;\">, vos dipl\u00f4mes et votre <\/span><span style=\"color: #1d60ab;\">carte d\u2019identit\u00e9<\/span><\/strong> recto\/verso (ou passeport ou titre de s\u00e9jour)<\/li>\n<li>Pr\u00e9senter <span style=\"color: #1d60ab;\"><strong>un projet professionnel \u00e9crit<\/strong>\u00a0<strong>3 \u00e0 5 pages<\/strong><\/span>\u00a0dans lequel figure\n<ul style=\"margin: 0;\">\n<li>Votre vision argument\u00e9e de l\u2019action sociale et m\u00e9dico-social<\/li>\n<li>Votre vision argument\u00e9e de la fonction et des missions de cadre de proximit\u00e9<\/li>\n<li>Vos motivations argument\u00e9es pour entrer en formation et occuper un poste de cadre<\/li>\n<li style=\"margin: 0;\">Vos envies, projections dans un poste (m\u00eame si cela change en cours de formation)<\/li>\n<\/ul>\n<\/li>\n<li style=\"margin: 0;\"><span style=\"color: #1d60ab;\"><strong>D\u00e9posez votre candidature<\/strong> <\/span>en <a href=\"https:\/\/imf.ymag.cloud\/index.php\/preinscription\/\">cliquant ici<\/a>. Pour rappel, vous pourrez retourner \u00e0 tout moment dans votre dossier en ligne.<\/li>\n<\/ol>\n<table style=\"width: 100%; border-collapse: collapse; border-style: hidden; height: 115px;\">\n<tbody>\n<tr>\n<td style=\"width: 732.188px;\">\n<p><span style=\"color: #ffffff; background: linear-gradient(90deg, #2db6db 0%, #1d60ab 100%); padding: 8px 13px 8px; border-radius: 20px; font-size: 12pt;\">\u00a0<strong>\u00a0 \u279c\u00a0 Si vous avez un employeur \u00a0 \u00a0\u00a0<\/strong> <\/span><\/p>\n<p style=\"display: block; margin: 0 0 0 30px;\">Vous devrez \u00e9galement faire compl\u00e9ter <span style=\"color: #1d60ab;\">l&rsquo;<strong>attestation de prise en charge employeur<\/strong><\/span>\u00a0et demander <strong><span style=\"color: #1d60ab;\">un devis de formation<\/span><\/strong> aupr\u00e8s d&rsquo;\u00c9glantine Ageneau (<a href=\"mailto:e.ageneau@imf.asso.fr\">e.ageneau@imf.asso.fr<\/a>). Ces documents seront \u00e0 d\u00e9poser ult\u00e9rieurement dans votre espace apr\u00e8s r\u00e9ception d&rsquo;un mail vous invitant \u00e0 le faire.<\/p>\n<p><\/p>\n<p style=\"display: block; margin: 0 0 0 30px;\"><span style=\"color: #1d60ab;\">\u279c <\/span>T\u00e9l\u00e9charger l&rsquo;<a href=\"https:\/\/www.imf.asso.fr\/pages\/wp-content\/uploads\/Attestation-prise-en-charge-employeur-maj-2024.pdf\">attestation de prise en charge employeur<\/a><\/p>\n<p><\/p>\n<p><span style=\"color: #ffffff; background: linear-gradient(90deg, rgba(45,182,219,1) 0%, rgba(29,96,171,1) 100%); padding: 13px 13px 11px 13px; border-radius: 20px;\">\u00a0 <span style=\"font-size: 18pt;\"><strong>Formation en apprentissage\u00a0 <\/strong><\/span><\/span><\/p>\n<p style=\"display: block; margin: 0 0 0 30px;\"><strong><a href=\"https:\/\/www.imf.asso.fr\/pages\/?page_id=10619\"><span style=\"color: #4a474b;\">Cliquer ici<\/span><\/a><br \/>\n<\/strong><\/p>\n<\/td>\n<\/tr>\n<\/tbody>\n<\/table>\n<\/div>\n<\/td>\n<\/tr>\n<\/tbody>\n<\/table>\n","protected":false},"excerpt":{"rendered":"<div class=\"post_sous-title\"><a title=\"Permalien vers CAFERUIS\" href=\"\/pages\/?page_id=638\" rel=\"bookmark\">Fonctions d&rsquo;Encadrement et de Responsable d&rsquo;Unit\u00e9 d&rsquo;Intervention Sociale<\/a><\/div>\n","protected":false},"author":1,"featured_media":10476,"parent":109,"menu_order":7,"comment_status":"closed","ping_status":"closed","template":"template-twocolumnsleft.php","meta":{"footnotes":""},"_links":{"self":[{"href":"https:\/\/www.imf.asso.fr\/pages\/index.php?rest_route=\/wp\/v2\/pages\/638"}],"collection":[{"href":"https:\/\/www.imf.asso.fr\/pages\/index.php?rest_route=\/wp\/v2\/pages"}],"about":[{"href":"https:\/\/www.imf.asso.fr\/pages\/index.php?rest_route=\/wp\/v2\/types\/page"}],"author":[{"embeddable":true,"href":"https:\/\/www.imf.asso.fr\/pages\/index.php?rest_route=\/wp\/v2\/users\/1"}],"replies":[{"embeddable":true,"href":"https:\/\/www.imf.asso.fr\/pages\/index.php?rest_route=%2Fwp%2Fv2%2Fcomments&post=638"}],"version-history":[{"count":4,"href":"https:\/\/www.imf.asso.fr\/pages\/index.php?rest_route=\/wp\/v2\/pages\/638\/revisions"}],"predecessor-version":[{"id":16978,"href":"https:\/\/www.imf.asso.fr\/pages\/index.php?rest_route=\/wp\/v2\/pages\/638\/revisions\/16978"}],"up":[{"embeddable":true,"href":"https:\/\/www.imf.asso.fr\/pages\/index.php?rest_route=\/wp\/v2\/pages\/109"}],"wp:featuredmedia":[{"embeddable":true,"href":"https:\/\/www.imf.asso.fr\/pages\/index.php?rest_route=\/wp\/v2\/media\/10476"}],"wp:attachment":[{"href":"https:\/\/www.imf.asso.fr\/pages\/index.php?rest_route=%2Fwp%2Fv2%2Fmedia&parent=638"}],"curies":[{"name":"wp","href":"https:\/\/api.w.org\/{rel}","templated":true}]}}