{"id":636,"date":"2018-02-14T09:35:37","date_gmt":"2018-02-14T08:35:37","guid":{"rendered":"http:\/\/www.imf.asso.fr\/pages\/?page_id=636"},"modified":"2026-04-01T13:16:56","modified_gmt":"2026-04-01T11:16:56","slug":"cafdes","status":"publish","type":"page","link":"https:\/\/www.imf.asso.fr\/pages\/?page_id=636","title":{"rendered":"CAFDES"},"content":{"rendered":"<div class=\"post_sous-title\"><a title=\"Permalien vers CAFDES\" href=\"\/pages\/?page_id=636\" rel=\"bookmark\">Fonctions de Directeur d&rsquo;Etablissement ou de Service d&rsquo;Intervention Sociale<\/a><\/div>\n<p><!--more--><\/p>\n<table class=\"cell_align_content\">\n<tbody>\n<tr>\n<td><a href=\"\/pages\/?page_id=87\">Voir la page d\u00e9di\u00e9e \u00e0 la <strong>formation CAFDES<\/strong><\/a><\/td>\n<\/tr>\n<\/tbody>\n<\/table>\n<table class=\"cell_align_content\" style=\"width: 100%; height: 39px;\">\n<tbody>\n<tr style=\"height: 39px;\">\n<td style=\"height: 39px;\"><a href=\"https:\/\/www.imf.asso.fr\/pages\/?page_id=5379\">Se pr\u00e9parer \u00e0 la <strong>s\u00e9lection CAFDES<\/strong><\/a><strong>\u00a0<\/strong><\/td>\n<\/tr>\n<\/tbody>\n<\/table>\n<table style=\"width: 100%; height: 657px;\">\n<tbody>\n<tr class=\"cell_background_title\" style=\"height: 39px;\">\n<td style=\"height: 39px; width: 100%;\"><span style=\"font-size: 14pt; color: #1d60ab;\"><strong>INFORMATIONS IMPORTANTES<\/strong><\/span><\/td>\n<\/tr>\n<tr style=\"height: 95px;\">\n<td style=\"height: 95px; width: 100%;\"><\/p>\n<ul>\n<li>Le dossier d&rsquo;inscription sera trait\u00e9 par nos services <strong><span style=\"color: #ff6600;\">uniquement apr\u00e8s r\u00e9ception de la totalit\u00e9 des pi\u00e8ces demand\u00e9es et versement des frais de s\u00e9lection<\/span><\/strong><\/li>\n<li>Un candidat en contrat d&rsquo;apprentissage est <strong><span style=\"color: #ff6600;\">dispens\u00e9 des \u00e9preuves de s\u00e9lection<\/span>.\u00a0<\/strong><\/li>\n<li><strong>L&rsquo;inscription est nationale.<\/strong> Cela signifie que vous ne devez effectuer qu&rsquo;une seule inscription par session et qu&rsquo;il vous sera ensuite possible d&rsquo;int\u00e9grer un autre organisme de formation, si votre candidature est retenue. <span style=\"color: #ff6600;\"><strong>Attention : <\/strong><\/span><span data-teams=\"true\"><span style=\"color: #ff6600;\"><strong>un candidat qui s&rsquo;inscrit \u00e0 deux endroits verra sa candidature annul\u00e9e dans les deux centres de formation<\/strong><\/span>.<\/span><\/li>\n<li>Consulter le<strong><a href=\"https:\/\/www.imf.asso.fr\/pages\/wp-content\/uploads\/2026_CAFDES_Reglement-selection_.pdf\"> R\u00e8glement des S\u00e9lections du CAFDES<\/a><\/strong><\/li>\n<\/ul>\n<p>&nbsp;<\/p>\n<p><span style=\"color: #1d60ab;\"><strong><span style=\"font-size: 14pt;\">LE D\u00c9ROUL\u00c9<\/span><\/strong><\/span><\/p>\n<p style=\"margin: 0;\">Les s\u00e9lections se d\u00e9roulent en deux \u00e9tapes\u00a0:<\/p>\n<ul>\n<li style=\"list-style-type: none;\">\n<ul style=\"list-style-type: disc;\">\n<li><span style=\"color: #1d60ab;\"><strong>\u00c9preuve du dossier de candidature <\/strong><span style=\"color: #333333;\">(voir d\u00e9tails ci-dessous dans la partie <em><strong>INSCRIPTION<\/strong><\/em>)<\/span><\/span><\/li>\n<li><span style=\"color: #1d60ab;\"><strong>\u00c9preuve orale. <\/strong><span style=\"color: #333333;\">Apr\u00e8s votre inscription, vous serez convoqu\u00e9 pour un <\/span><\/span>entretien individuel en visio d&rsquo;une dur\u00e9e de 30 minutes. <strong>Pour garantir l&rsquo;objectivit\u00e9 du jury, l&rsquo;entretien est organis\u00e9 par un autre centre de formation que celui auquel vous vous \u00eates inscrit<\/strong>. L&rsquo;entretien est centr\u00e9 sur le parcours du candidat et son int\u00e9r\u00eat pour la formation et le m\u00e9tier.\u00a0\u00a0<\/li>\n<li><a href=\"https:\/\/www.imf.asso.fr\/pages\/wp-content\/uploads\/protocole_selection_me_oct2023-vdef.pdf\" target=\"_blank\" rel=\"noopener\">Consulter le <\/a><a href=\"https:\/\/www.imf.asso.fr\/pages\/formations\/form_diplo\/cafdes\/reglement_selection.pdf\">Protocole de s\u00e9lection<\/a>\u00a0pour mieux comprendre le d\u00e9roul\u00e9 des s\u00e9lections.<\/li>\n<\/ul>\n<\/li>\n<\/ul>\n<p>&nbsp;<\/p>\n<p><strong><span style=\"font-size: 14pt; color: #1d60ab;\">S\u00c9LECTIONS EN COURS <span id=\"_f442aczwPJXInsEPz92u8Qc_129\" class=\"K6pdKd wtBS9\"><span class=\"pOOWX\">\u00c0<\/span><\/span> L&rsquo;IMF RIS AVIGNON<br \/>\n<\/span><\/strong><a href=\"\/pages\/?p=2994\"><strong><em>\u279c S&rsquo;inscrire \u00e0 l&rsquo;une de nos r\u00e9unions d&rsquo;information collective<\/em><\/strong><\/a><\/p>\n<p><span style=\"color: #1d60ab; font-size: 14pt;\"><strong>1\u00e8re SESSION<br \/>\n<\/strong><\/span>Date limite d&rsquo;inscription :\u00a0<span style=\"color: #1d60ab;\"><strong>26\/01\/2026<br \/>\n<\/strong><\/span>Date \u00e9preuve orale en visio :\u00a0<strong><span style=\"color: #1d60ab;\">9 ou 10\/02\/2026<\/span><br \/>\n<\/strong>R\u00e9sultats :\u00a0<span style=\"color: #1d60ab;\"><strong>13\/02\/2026<\/strong><\/span><\/p>\n<p><span style=\"color: #1d60ab; font-size: 14pt;\"><strong>2\u00e8me SESSION<br \/>\n<\/strong><\/span>Date limite d&rsquo;inscription :\u00a0<span style=\"color: #1d60ab;\" data-olk-copy-source=\"MessageBody\"><strong>11\/05\/2026<br \/>\n<\/strong><\/span>Date \u00e9preuve orale en visio :<span style=\"color: #1d60ab;\">\u00a0<strong>1 et 2\/06\/2026<br \/>\n<\/strong><\/span>R\u00e9sultats :<span style=\"color: #1d60ab;\">\u00a0<strong>05\/06\/2026<\/strong><\/span><\/p>\n<div>\u00a0<\/div>\n<table class=\"cell_align_content\" style=\"width: 96.0387%; height: 137px;\">\n<tbody>\n<tr class=\"cell_background_title\" style=\"height: 43px;\">\n<td style=\"height: 43px;\"><span style=\"color: #1d60ab; font-size: 14pt;\"><strong>FRAIS DE S\u00c9LECTION<\/strong><\/span><\/td>\n<\/tr>\n<tr style=\"height: 94px;\">\n<td style=\"height: 94px;\">\n<p>Les tarifs des frais de s\u00e9lection <strong>CAFDES<\/strong> sont fix\u00e9s chaque ann\u00e9e, au plan national par l&rsquo;<strong>UNAFORIS<\/strong>.<\/p>\n<p>Frais s\u00e9lection\u00a0 : <span style=\"color: #ff6600;\"><strong>170 euros<\/strong><\/span><\/p>\n<p style=\"margin: 0;\">Le r\u00e8glement des frais de s\u00e9lection doit s&rsquo;effectuer <span style=\"color: #ff6600;\"><strong>avant la date limite de d\u00e9p\u00f4t du dossier<\/strong><\/span> :<\/p>\n<ul>\n<li><span style=\"color: #ff6600;\"><strong>en transmettant un ch\u00e8que \u00e0 l&rsquo;\u00c9tablissement d&rsquo;Avignon<\/strong><\/span> \u00e0 l&rsquo;adresse suivante : <br \/>\n<em>IMF RIS &#8211; Hamadryade B\u00e2t. B &#8211; 55 all\u00e9e Camille Claudel &#8211; 84140 Avignon<\/em><\/li>\n<li><strong><span style=\"color: #ff6600;\">en r\u00e9alisant un virement<\/span> <\/strong>(vous pouvez demander un RIB aupr\u00e8s de <a href=\"mailto:e.ageneau@imf.asso.fr\"><strong>e.ageneau@imf.asso.fr<\/strong><\/a>)<\/li>\n<\/ul>\n<\/td>\n<\/tr>\n<\/tbody>\n<\/table>\n<\/td>\n<\/tr>\n<tr>\n<td style=\"width: 100%;\">\n<p>\n<span style=\"color: #eba00c;\"><strong><img decoding=\"async\" loading=\"lazy\" class=\"alignnone wp-image-12411 size-full\" src=\"https:\/\/www.imf.asso.fr\/pages\/wp-content\/uploads\/Bannieres-CAFDES.gif\" alt=\"\" width=\"800\" height=\"100\" \/><\/p>\n<p><\/strong><\/span><\/p>\n<p><span style=\"color: #ffffff; background: linear-gradient(90deg, rgba(45,182,219,1) 0%, rgba(29,96,171,1) 100%); padding: 13px 13px 11px 13px; border-radius: 20px;\">\u00a0<span style=\"font-size: 18pt;\"><span style=\"font-size: 14pt;\"><strong>Formation en cours d&#8217;emploi<\/strong><\/span>\u00a0<\/span><\/span><\/p>\n<p style=\"display: block; margin: 0 0 0 20px;\"><span style=\"font-family: inherit; font-size: inherit; background-color: transparent;\">Formation ouverte aux personnes salari\u00e9es dont l\u2019employeur ou un organisme paritaire (OPCO, Transition pro \u2026) finance l\u2019int\u00e9gralit\u00e9 du co\u00fbt de la formation.<\/span><\/p>\n<p><span style=\"font-size: 12pt; color: #ff6600; font-family: arial black, sans-serif;\"><br \/>\n<span style=\"color: #1d60ab;\"><strong><span style=\"font-family: arial, helvetica, sans-serif;\">Pour vous inscrire, il vous suffira :\u00a0<\/span><\/strong><\/span><\/span><\/p>\n<p><span style=\"color: #ffffff; background: linear-gradient(90deg, rgba(45,182,219,1) 0%, rgba(29,96,171,1) 100%); padding: 8px 13px 8px 13px; border-radius: 20px;\"><span style=\"font-size: 18pt;\">\u00a0<span style=\"font-size: 10pt;\">\u279c\u00a0<strong> D\u00e9posez votre candidature\u00a0\u00a0<\/strong><\/span><\/span><\/span><\/p>\n<ol>\n<li style=\"list-style-type: none;\">\n<ol>\n<li>Pr\u00e9parez <strong><span style=\"color: #1d60ab;\">votre CV<\/span><span style=\"color: #1d60ab;\">, vos dipl\u00f4mes et votre <\/span><span style=\"color: #1d60ab;\">carte d\u2019identit\u00e9<\/span><\/strong> recto\/verso (ou passeport ou titre de s\u00e9jour)<\/li>\n<li>R\u00e9digez<span style=\"color: #1d60ab;\"><strong> une note de 4 pages minimum \u00e0 6 pages maximum<\/strong><\/span>,<span style=\"color: #1d60ab;\"><strong> r\u00e9dig\u00e9e<\/strong><\/span>, <span style=\"color: #1d60ab;\"><strong>tapuscrit<\/strong><\/span>, <span style=\"color: #1d60ab;\"><strong>pagin\u00e9e<\/strong><\/span> et en <span style=\"color: #1d60ab;\"><strong>format PDF<\/strong> <\/span>dans laquelle devront \u00eatre pr\u00e9sent\u00e9s :\n<ul>\n<li>Un expos\u00e9 des motivations ;<\/li>\n<li>Une mise en perspective du parcours professionnel et de formation ;<\/li>\n<li style=\"margin: 0;\">Une r\u00e9flexion sur la fa\u00e7on dont le candidat envisage la fonction de direction d\u2019un \u00e9tablissement ou d\u2019un service d\u2019intervention sociale<\/li>\n<\/ul>\n<\/li>\n<li style=\"margin: 0;\"><span style=\"color: #1d60ab;\"><strong>D\u00e9posez votre candidature<\/strong> <\/span>en <a href=\"https:\/\/imf.ymag.cloud\/index.php\/preinscription\/\">cliquant ici<\/a>. Pour rappel, vous pourrez retourner \u00e0 tout moment dans votre dossier en ligne.<\/li>\n<\/ol>\n<\/li>\n<\/ol>\n<table style=\"width: 100%; border-collapse: collapse; border-style: hidden; height: 115px;\">\n<tbody>\n<tr>\n<td style=\"width: 732.188px;\">\n<p><span style=\"color: #ffffff; background: linear-gradient(90deg, #2db6db 0%, #1d60ab 100%); padding: 8px 13px 8px; border-radius: 20px; font-size: 12pt;\">\u00a0<span style=\"font-size: 10pt;\"><strong> \u279c Si vous avez un employeur\u00a0\u00a0<\/strong><\/span><\/span><\/p>\n<p style=\"display: block; margin: 0 0 0 20px;\">Vous devrez \u00e9galement faire compl\u00e9ter <span style=\"color: #1d60ab;\">l&rsquo;<strong>attestation de prise en charge employeur<\/strong><\/span>\u00a0et demander <strong><span style=\"color: #1d60ab;\">un devis de formation<\/span><\/strong> aupr\u00e8s d&rsquo;Eglantine Ageneau (<a href=\"mailto:e.ageneau@imf.asso.fr\">e.ageneau@imf.asso.fr<\/a>). Ces documents seront \u00e0 d\u00e9poser ult\u00e9rieurement dans votre espace apr\u00e8s r\u00e9ception d&rsquo;un mail vous invitant \u00e0 le faire.<\/p>\n<p style=\"display: block; margin: 0 0 0 20px;\"><span style=\"color: #1d60ab;\"><br \/>\n\u279c <\/span>T\u00e9l\u00e9charger l&rsquo;<a href=\"https:\/\/www.imf.asso.fr\/pages\/wp-content\/uploads\/Attestation-prise-en-charge-employeur-maj-2024.pdf\">attestation de prise en charge employeur<\/a><\/p>\n<p style=\"margin: 45px 0 13px 0;\"><span style=\"color: #ffffff; background: linear-gradient(90deg, rgba(45,182,219,1) 0%, rgba(29,96,171,1) 100%); padding: 13px 13px 11px 13px; border-radius: 20px;\">\u00a0 <span style=\"font-size: 18pt;\"><strong><span style=\"font-size: 14pt;\">Formation en apprentissage<\/span>\u00a0 <\/strong><\/span><\/span><\/p>\n<p style=\"display: block; margin: 0 0 0 20px;\"><strong><a href=\"https:\/\/www.imf.asso.fr\/pages\/?page_id=10619\"><span style=\"color: #4a474b;\">Cliquer ici<\/span><\/a><\/p>\n<p><\/strong><\/p>\n<\/td>\n<\/tr>\n<tr>\n<td style=\"width: 732.188px;\">\u00a0<\/td>\n<\/tr>\n<\/tbody>\n<\/table>\n<p><!---\n\n\n\n\n\n\n\n\n\n\n\n\n\n\n\n\n\n\n\n\n\n\n\n\n\n\n\n\n\n\n\n\n\n\n\n\n\n\n\n\n\n\n\n\n\n\n\n\n\n\n\n\n\n\n\n\n\n\n\n\n\n\n\n\n\n\n\n\n\n\n\n\n\n\n\n\n\n\n\n\n\n\n\n\n\n\n\n\n\n\n\n\n\n\n\n\n\n\n\n\n\n\n\n\n\n\n\n\n\n\n\n\n\n\n\n\n\n\n\n\n\n\n\n\n\n\n\n\n\n\n\n\n\n\n\n\n\n\n\n\n\n\n\n\n\n\n\n\n\n\n\n\n\n\n\n\n\n\n\n\n\n\n\n\n\n\n\n\n\n\n\n\n\n\n\n\n\n\n\n\n\n\n\n\n\n\n\n\n\n\n\n\n\n\n\n\n\n\n\n\n\n\n\n\n\n\n\n\n\n\n\n\n\n\n\n\n\n\n\n\n\n<table class=\"cell_align_content\">\n\n\n<tbody>\n\n\n<tr class=\"cell_background_title\">\n\n\n<td style=\"width: 748.75px;\">Epreuves de s\u00e9lection d\u2019entr\u00e9e en formation d\u2019Etat d\u2019Accompagnant Educatif et Social<\/td>\n\n\n<\/tr>\n\n\n\n\n<tr>\n\n\n<td style=\"width: 748.75px;\">\n\n\n<ul>\n\t\n\n<li>Un dossier de candidature compos\u00e9\n<span style=\"display: inline-block; width: 0px; overflow: hidden; line-height: 0;\" data-mce-type=\"bookmark\" class=\"mce_SELRES_start\"><\/span>\n\n\n<ul>\n\t\n\n<li>D\u2019un curriculum vitae<\/li>\n\n\n\t\n\n<li>D\u2019un \u00e9crit pr\u00e9sentant le parcours et projet professionnel du candidat (2 pages)<\/li>\n\n\n<\/ul>\n\n\n<\/li>\n\n\n\t\n\n<li>Une \u00e9preuve orale d\u2019admission (30 minutes)\n\n\n\n\n\n\n\n\n\n\n\n\n\n\n\n\n\n\n\n\n\n\n\n\n\n\n\n\n\n\n\n\n\n\n\n\n\n\n\n\n\n\n\n\n\n\n\n\n\n\n\n\n\n\n\n\n\n\n\n\n\n\n\n\n\n\n\n\n\n\n\n\n\n\n\n\n\n\n\n\n\n\n\n\n\n\n\n\n\n\n\n\n\n\n\n\n\n\n\n\n\n\n\n\n\n\n\n\n\n\n\n\n\n\n\n\n\n\n\n\n\n\n\n\n\n\n\n\n\n\n\n\n\n\n\n\n\n\n\n\n\n\n\n\n\n\n\n\n\n\n\n\n\n\n\n\n\n\n\n\n\n\n\n\n\n\n\n\n\n\n\n\n\n\n\n\n\n\n\n\n\n\n\n\n\n\n\n\n\n\n\n\n\n\n\n\n\n\n\n\n\n\n\n\n\n\n\n\n\n\n\n\n\n\n\n\n\n\n\n\n\n\n<ul>\n\t\n\n<li>Entretien sur la base d\u2019un questionnaire ouvert, bas\u00e9 sur le projet de formation du candidat<\/li>\n\n\n<\/ul>\n\n\n<\/li>\n\n\n<\/ul>\n\n\n<\/td>\n\n\n<\/tr>\n\n\n<\/tbody>\n\n\n<\/table>\n\n\n<\/td>\n\n\n<\/tr>\n\n\n<\/tbody>\n\n\n<\/table>\n\n\n<span style=\"display: inline-block; width: 0px; overflow: hidden; line-height: 0;\" data-mce-type=\"bookmark\" class=\"mce_SELRES_start\"><\/span>\n\n\n\n\n\n\n\n\n\n\n\n\n---><\/td>\n<\/tr>\n<\/tbody>\n<\/table>\n<p><!---\n\n\n\n\n\n\n\n\n\n\n\n\n\n\n\n\n\n\n\n\n\n\n\n\n\n\n\n\n\n\n\n\n\n\n\n\n\n\n\n\n\n\n\n\n\n\n\n\n\n\n\n\n\n\n\n\n\n\n\n\n\n\n\n\n\n\n\n\n\n\n\n\n\n\n\n\n\n\n\n\n\n\n\n\n\n\n\n\n\n\n\n\n\n\n\n\n\n\n\n\n\n\n\n\n\n\n\n\n\n\n\n\n\n\n\n\n\n\n\n\n\n\n\n\n\n\n\n\n\n\n\n\n\n\n\n\n\n\n\n\n\n\n\n\n\n\n\n\n\n\n\n\n\n\n\n\n\n\n\n\n\n\n\n\n\n\n\n\n\n\n\n\n\n\n\n\n\n\n\n\n\n\n\n\n\n\n\n\n\n\n\n\n\n\n\n\n\n\n\n\n\n\n\n\n<table class=\"cell_align_content\">\n\n\n<tbody>\n\n\n<tr class=\"cell_background_title\">\n\n\n<td style=\"width: 748.75px;\">Epreuves de s\u00e9lection d\u2019entr\u00e9e en formation de Moniteur Educateur<\/td>\n\n\n<\/tr>\n\n\n\n\n<tr>\n\n\n<td style=\"width: 748.75px;\">\n\n\n<ul>\n\t\n\n<li>une \u00e9preuve dossier de candidature qui comprend :\u00a0\n\n\n\n\n\n\n\n\n\n\n\n\n\n\n\n\n\n\n\n\n\n\n\n\n\n\n\n\n\n\n\n\n\n\n\n\n\n\n\n\n\n\n\n\n\n\n\n\n\n\n\n\n\n\n\n\n\n\n\n\n\n\n\n\n\n\n\n\n\n\n\n\n\n\n\n\n\n\n\n\n\n\n\n\n\n\n\n\n\n\n\n\n\n\n\n\n\n\n\n\n\n\n\n\n\n\n\n\n\n\n\n\n\n\n\n\n\n\n\n\n\n\n\n\n\n\n\n\n\n\n\n\n\n\n\n\n\n\n\n\n\n\n\n\n\n\n\n\n\n\n\n\n\n\n\n\n\n\n\n\n\n\n\n\n\n\n\n\n\n\n\n\n\n\n\n\n\n\n\n\n\n\n\n\n\n\n\n\n\n\n\n\n\n\n\n\n\n\n\n\n\n\n\n\n\n\n<ul>\n\t\n\n<li>un curriculum vitae<\/li>\n\n\n\t\n\n<li>un \u00e9crit pr\u00e9sentant le projet professionnel du candidat<\/li>\n\n\n\t\n\n<li>un \u00e9crit pr\u00e9sentant une synth\u00e8se\u00a0 et une analyse de deux sujets d\u2019actualit\u00e9 de l\u2019ann\u00e9e en cours en lien avec les centres d\u2019int\u00e9r\u00eats, exp\u00e9riences professionnelles, associatives\u2026 du candidat (10 lignes par th\u00e8me).\n\n\nLes candidats ayant obtenu une note sup\u00e9rieure ou \u00e9gale \u00e0 10 \u00e0 l'\u00e9valuation du dossier de candidature seront convoqu\u00e9s \u00e0 l'\u00e9preuve orale.\n\n\n<\/li>\n\n\n<\/ul>\n\n\n<\/li>\n\n\n<\/ul>\n\n\n\n\n<ul>\n\t\n\n<li>une \u00e9preuve orale\u00a0<br \/>\nCet entretien\u00a0 individuel est centr\u00e9 sur le parcours du candidat et son int\u00e9r\u00eat pour la formation et le m\u00e9tier. Dur\u00e9e : 15 minutes.<\/li>\n\n\n<\/ul>\n\n\n\n\n<ul>\n\t\n\n<li style=\"list-style-type: none;\">\u00a0<\/li>\n\n\n<\/ul>\n\n\n<\/td>\n\n\n<\/tr>\n\n\n\n\n<tr>\n\n\n<td style=\"width: 748.75px;\">\u00a0<\/td>\n\n\n<\/tr>\n\n\n<\/tbody>\n\n\n<\/table>\n\n\n\n\n<table class=\"cell_align_content\">\n\n\n<tbody>\n\n\n<tr class=\"cell_background_title\">\n\n\n<td style=\"width: 748.75px;\">Comment conna\u00eetre mes r\u00e9sultats ?<\/td>\n\n\n<\/tr>\n\n\n\n\n<tr>\n\n\n<td style=\"width: 748.75px;\">Le candidat recevra un mail l'informant de ses r\u00e9sultats.<\/td>\n\n\n<\/tr>\n\n\n\n\n<tr>\n\n\n<td style=\"width: 748.75px;\">\u00a0<\/td>\n\n\n<\/tr>\n\n\n<\/tbody>\n\n\n<\/table>\n\n\n\n\n\n\n\n\n\n\n\n\n\n\n\n\n\n\n\n\n\n\n\n\n\n\n\n\n\n\n\n\n\n\n\n\n\n\n\n\n\n\n\n\n\n\n\n\n\n\n\n\n\n\n\n\n\n\n\n\n\n\n\n\n\n\n\n\n\n\n\n\n\n\n\n\n\n\n\n\n\n\n\n\n\n\n\n\n\n\n\n\n\n\n\n\n\n\n\n\n\n\n\n\n\n\n\n\n\n\n\n\n\n\n\n\n\n\n\n\n\n\n\n\n\n\n\n\n\n\n\n\n\n\n\n\n\n\n\n\n\n\n\n\n\n\n\n\n\n\n\n\n\n\n\n\n\n\n\n\n\n\n\n\n\n\n\n\n\n\n\n\n\n\n\n\n\n\n\n\n\n\n\n\n\n\n\n\n\n\n\n\n\n\n\n\n\n\n\n\n\n\n\n\n---><\/p>\n","protected":false},"excerpt":{"rendered":"<div class=\"post_sous-title\"><a title=\"Permalien vers CAFDES\" href=\"\/pages\/?page_id=636\" rel=\"bookmark\">Fonctions de Directeur d&rsquo;Etablissement ou de Service d&rsquo;Intervention Sociale<\/a><\/div>\n","protected":false},"author":1,"featured_media":10476,"parent":109,"menu_order":6,"comment_status":"closed","ping_status":"closed","template":"template-twocolumnsleft.php","meta":{"footnotes":""},"_links":{"self":[{"href":"https:\/\/www.imf.asso.fr\/pages\/index.php?rest_route=\/wp\/v2\/pages\/636"}],"collection":[{"href":"https:\/\/www.imf.asso.fr\/pages\/index.php?rest_route=\/wp\/v2\/pages"}],"about":[{"href":"https:\/\/www.imf.asso.fr\/pages\/index.php?rest_route=\/wp\/v2\/types\/page"}],"author":[{"embeddable":true,"href":"https:\/\/www.imf.asso.fr\/pages\/index.php?rest_route=\/wp\/v2\/users\/1"}],"replies":[{"embeddable":true,"href":"https:\/\/www.imf.asso.fr\/pages\/index.php?rest_route=%2Fwp%2Fv2%2Fcomments&post=636"}],"version-history":[{"count":5,"href":"https:\/\/www.imf.asso.fr\/pages\/index.php?rest_route=\/wp\/v2\/pages\/636\/revisions"}],"predecessor-version":[{"id":16983,"href":"https:\/\/www.imf.asso.fr\/pages\/index.php?rest_route=\/wp\/v2\/pages\/636\/revisions\/16983"}],"up":[{"embeddable":true,"href":"https:\/\/www.imf.asso.fr\/pages\/index.php?rest_route=\/wp\/v2\/pages\/109"}],"wp:featuredmedia":[{"embeddable":true,"href":"https:\/\/www.imf.asso.fr\/pages\/index.php?rest_route=\/wp\/v2\/media\/10476"}],"wp:attachment":[{"href":"https:\/\/www.imf.asso.fr\/pages\/index.php?rest_route=%2Fwp%2Fv2%2Fmedia&parent=636"}],"curies":[{"name":"wp","href":"https:\/\/api.w.org\/{rel}","templated":true}]}}