{"id":630,"date":"2018-02-14T09:30:49","date_gmt":"2018-02-14T08:30:49","guid":{"rendered":"http:\/\/www.imf.asso.fr\/pages\/?page_id=630"},"modified":"2026-04-01T12:13:05","modified_gmt":"2026-04-01T10:13:05","slug":"deis","status":"publish","type":"page","link":"https:\/\/www.imf.asso.fr\/pages\/?page_id=630","title":{"rendered":"DEIS"},"content":{"rendered":"<div class=\"post_sous-title\"><a title=\"Permalien vers DEIS\" href=\"\/pages\/?page_id=630\" rel=\"bookmark\">Ing\u00e9nierie Sociale<\/a><\/div>\n<p><!--more--><\/p>\n<table class=\"cell_align_content\">\n<tbody>\n<tr>\n<td><a href=\"https:\/\/www.imf.asso.fr\/pages\/?page_id=83\">Voir la page d\u00e9di\u00e9e \u00e0 la formation DEIS<\/a><\/td>\n<\/tr>\n<\/tbody>\n<\/table>\n<h3><span style=\"font-size: 18pt;\"><strong><span style=\"color: #1d60ab;\">INFORMATIONS IMPORTANTES<\/span><\/strong><\/span><\/h3>\n<ul>\n<li>Le dossier d&rsquo;inscription sera trait\u00e9 par nos services <strong><span style=\"color: #ff6600;\">uniquement apr\u00e8s r\u00e9ception de la totalit\u00e9 des pi\u00e8ces demand\u00e9es et versement des frais de s\u00e9lection<\/span>.\u00a0<\/strong><\/li>\n<li>Un candidat en contrat d\u2019apprentissage est\u00a0<span style=\"color: #ff6600;\"><strong>dispens\u00e9 des \u00e9preuves de s\u00e9lection<\/strong><\/span> (<a href=\"https:\/\/www.imf.asso.fr\/pages\/?page_id=10619\">se renseigner sur l&rsquo;apprentissage<\/a>)<\/li>\n<li>Pour tout compl\u00e9ment d&rsquo;information, vous pouvez vous inscrire \u00e0 l&rsquo;une de<a href=\"\/pages\/?p=2994\"> nos r\u00e9unions d&rsquo;information collective<\/a> ou contacter l&rsquo;assistante de formation de Marseille (<a href=\"mailto:a.belhaj@imf.asso.fr\">a.belhaj@imf.asso.fr<\/a>) ou d&rsquo;Avignon (<a href=\"mailto:e.ageneau@imf.asso.fr\">e.ageneau@imf.asso.fr<\/a>)<\/li>\n<\/ul>\n<h3><span style=\"color: #1d60ab;\"><strong>D\u00c9ROUL\u00c9<\/strong><\/span><\/h3>\n<p style=\"margin: 0;\">Les s\u00e9lections se d\u00e9roulent en deux \u00e9tapes\u00a0:<\/p>\n<ul>\n<li><span style=\"color: #1d60ab;\"><strong>\u00c9preuve du dossier de candidature<\/strong><\/span><\/li>\n<li><span style=\"color: #1d60ab;\"><strong>\u00c9preuve orale :<\/strong><\/span>\n<ul>\n<li><strong>Temps de pr\u00e9paration : 30 minutes<\/strong><br \/>\nChoisir entre trois textes d&rsquo;actualit\u00e9 et proposer une analyse en r\u00e9digeant une synth\u00e8se de 5 lignes<br \/>\nMettre en perspective votre analyse du texte avec votre projet de formation DEIS.<\/li>\n<li><b>Temps d&rsquo;\u00e9change : 30minutes<br \/>\n<\/b>Vous disposez pour cela d\u2019un temps de\u00a0<u>pr\u00e9sentation orale de 10 min<\/u> face aux membres du jury. Cette pr\u00e9sentation sera suivie d\u2019un <u>\u00e9change de 20 min<\/u> portant sur les \u00e9l\u00e9ments de votre dossier, votre pr\u00e9sentation et votre compr\u00e9hension de l\u2019article, et votre capacit\u00e9 \u00e0 probl\u00e9matiser, vous projeter dans la formation DEIS.<\/li>\n<\/ul>\n<\/li>\n<\/ul>\n<p><span style=\"color: #4a474b;\"><a href=\"https:\/\/www.imf.asso.fr\/pages\/wp-content\/uploads\/protocole_selection_me_oct2023-vdef.pdf\" target=\"_blank\" rel=\"noopener\">\u279c Consulter le <\/a><a href=\"https:\/\/www.imf.asso.fr\/pages\/formations\/form_diplo\/deis\/reglement_admission.pdf\">Protocole de s\u00e9lection<\/a>\u00a0pour mieux comprendre le d\u00e9roul\u00e9 des s\u00e9lections.<\/span><\/p>\n<h3><span style=\"color: #1d60ab; font-size: 18pt;\">S\u00c9LECTIONS EN COURS<\/span><\/h3>\n<table style=\"border-collapse: collapse; width: 100%;\">\n<tbody>\n<tr>\n<td style=\"width: 50%;\">\n<p><strong><span style=\"font-size: 14pt; color: #1d60ab;\">\u00c0 L&rsquo;IMF RIS AVIGNON<\/span><\/strong><\/p>\n<p style=\"margin: 0;\"><b data-olk-copy-source=\"MessageBody\">1\u00e8re session :<\/b><\/p>\n<ul>\n<li class=\"x_elementToProof\">Date limite de d\u00e9p\u00f4t de dossier : <strong>05\/04\/2026<\/strong><\/li>\n<li class=\"x_elementToProof\">Date entretien oral : <strong>20\/04\/2026<\/strong><\/li>\n<\/ul>\n<p style=\"margin: 0;\"><span class=\"x_elementToProof\"><b><br \/>\n2\u00e8me session :<\/b><\/span><\/p>\n<ul>\n<li class=\"x_elementToProof\"><span class=\"x_elementToProof\">Date limite de d\u00e9p\u00f4t de dossier : <strong>24\/05\/2026<\/strong><\/span><\/li>\n<li class=\"x_elementToProof\"><span class=\"x_elementToProof\">Date entretien oral : <strong>09\/06\/2026<\/strong><\/span><\/li>\n<\/ul>\n<\/td>\n<td style=\"width: 50%;\">\n<p><strong><span style=\"font-size: 14pt; color: #1d60ab;\">\u00c0 L&rsquo;IMF RIS MARSEILLE<\/span><\/strong><\/p>\n<p style=\"margin: 0;\"><b data-olk-copy-source=\"MessageBody\">1\u00e8re session :<\/b><\/p>\n<ul>\n<li class=\"x_elementToProof\">Date limite de d\u00e9p\u00f4t de dossier : <strong>01\/04\/26<\/strong><\/li>\n<li class=\"x_elementToProof\">Date entretien oral :<strong> 16\/04\/26<\/strong><\/li>\n<\/ul>\n<p style=\"margin: 0;\"><span class=\"x_elementToProof\"><b><br \/>\n2\u00e8me session :<\/b><\/span><\/p>\n<ul>\n<li class=\"x_elementToProof\"><span class=\"x_elementToProof\">Date limite de d\u00e9p\u00f4t de dossier : <strong>22\/04\/26<\/strong><\/span><\/li>\n<li class=\"x_elementToProof\"><span class=\"x_elementToProof\">Date entretien oral : <strong>07\/05\/26<\/strong><\/span><\/li>\n<\/ul>\n<p style=\"margin: 0;\"><span class=\"x_elementToProof\"><b><br \/>\n3\u00e8me session :<\/b><\/span><\/p>\n<ul>\n<li class=\"x_elementToProof\"><span class=\"x_elementToProof\">Date limite de d\u00e9p\u00f4t de dossier : <strong>06\/05\/26<\/strong><\/span><\/li>\n<li class=\"x_elementToProof\"><span class=\"x_elementToProof\">Date entretien oral : <strong>21\/05\/26<\/strong><\/span><\/li>\n<\/ul>\n<\/td>\n<\/tr>\n<\/tbody>\n<\/table>\n<h3><span style=\"color: #1d60ab; font-size: 18pt;\"><strong>FRAIS DE S\u00c9LECTION<\/strong><\/span><\/h3>\n<p>Montant\u00a0 : <span style=\"color: #ff6600;\"><strong>150 euros<\/strong><\/span><\/p>\n<p style=\"margin: 0;\">Le r\u00e8glement des frais de s\u00e9lection doit s&rsquo;effectuer <span style=\"color: #ff6600;\"><strong>avant la date limite de d\u00e9p\u00f4t du dossier<\/strong><\/span> :<\/p>\n<ul>\n<li><span style=\"color: #ff6600;\"><strong>en transmettant un ch\u00e8que \u00e0 l&rsquo;\u00c9tablissement concern\u00e9:<\/strong><\/span>\n<ul>\n<li><strong>Avignon<\/strong> : IMF RIS &#8211; Hamadryade &#8211; B\u00e2t. B &#8211; 55 all\u00e9e Camille Claudel &#8211; 84140 Avignon<\/li>\n<li><strong>Marseille<\/strong> : IMF RIS &#8211; 59 Av. de Saint Just &#8211; Domaine d&rsquo;Hippone &#8211; CS 30016 \u2013 13388 Marseille cedex 13<\/li>\n<\/ul>\n<\/li>\n<li><strong><span style=\"color: #ff6600;\">en r\u00e9alisant un virement bancaire<\/span> <\/strong>apr\u00e8s avoir demand\u00e9 un RIB aupr\u00e8s de l&rsquo;assistante de formation de l&rsquo;\u00e9tablissement concern\u00e9 :<\/li>\n<li>\n<ul>\n<li><strong>Avignon<\/strong> :\u00a0<a href=\"mailto:e.ageneau@imf.asso.fr\"><strong>e.ageneau@imf.asso.fr <\/strong><\/a><\/li>\n<li><strong>Marseille<\/strong> : <strong><a href=\"mailto:a.belhaj@imf.asso.fr\">a.belhaj@imf.asso.fr<\/a><\/strong><\/li>\n<\/ul>\n<\/li>\n<\/ul>\n<h3><span style=\"color: #1d60ab;\">INSCRIPTIONS<br \/>\n<\/span><br \/>\n<span style=\"color: #eba00c;\"><strong><img decoding=\"async\" loading=\"lazy\" class=\"alignnone wp-image-12424 size-full\" src=\"https:\/\/www.imf.asso.fr\/pages\/wp-content\/uploads\/Bannieres-DEIS-1.gif\" alt=\"\" width=\"800\" height=\"100\" \/><\/p>\n<p><\/strong><\/span><\/h3>\n<p>Deux voies d&rsquo;acc\u00e8s disponibles :<\/p>\n<table style=\"border-collapse: collapse; width: 100%;\">\n<tbody>\n<tr>\n<td style=\"width: 50%;\">\n<p><span style=\"color: #ffffff; background: linear-gradient(90deg, #2db6db 0%, #1d60ab 100%); padding: 13px 13px 11px; border-radius: 20px; font-size: 14pt;\">\u00a0<strong>Formation en cours d&#8217;emploi<\/strong>\u00a0<\/span><\/p>\n<p><span style=\"font-family: inherit; font-size: inherit; background-color: transparent;\">Formation ouverte aux personnes salari\u00e9es dont l\u2019employeur ou un organisme paritaire (OPCO, Transition pro\u2026) finance l\u2019int\u00e9gralit\u00e9 du co\u00fbt de la formation.<\/p>\n<p><\/span><span style=\"font-size: 12pt; color: #ff6600; font-family: lato, sans-serif;\"><span style=\"color: #333333;\"><strong>Pour vous inscrire, il vous faudra :<\/strong><\/span><\/p>\n<p><\/span><\/p>\n<p><span style=\"color: #ffffff; background: linear-gradient(90deg, rgba(45,182,219,1) 0%, rgba(29,96,171,1) 100%); padding: 13px 13px 11px 13px; border-radius: 20px;\"><span style=\"font-size: 18pt;\">\u00a0<span style=\"font-size: 10pt;\">\u279c\u00a0<strong> D\u00e9poser votre candidature<\/strong><\/span><\/span><\/span><\/p>\n<ol>\n<li style=\"list-style-type: none;\">\n<ol>\n<li>Pr\u00e9parez <strong><span style=\"color: #1d60ab;\">votre CV<\/span><span style=\"color: #1d60ab;\">, vos dipl\u00f4mes et votre <\/span><span style=\"color: #1d60ab;\">carte d\u2019identit\u00e9<\/span><\/strong> recto\/verso (ou passeport ou titre de s\u00e9jour)<\/li>\n<li>\u00c9laborez <span style=\"color: #1d60ab;\"><strong>un texte de pr\u00e9sentation personnalis\u00e9 du parcours professionnel de 8 \u00e0 10 pages<\/strong><\/span>, dactylographi\u00e9 qui explicite \u00e0 partir des exp\u00e9riences et des formations professionnelles ant\u00e9rieures les motivations pour s\u2019inscrire au DEIS.<\/li>\n<li><span style=\"color: #1d60ab;\"><strong>D\u00e9posez votre candidature<\/strong> <\/span>en <a href=\"https:\/\/imf.ymag.cloud\/index.php\/preinscription\/\">cliquant ici<\/a>. Pour rappel, vous pourrez retourner \u00e0 tout moment dans votre dossier en ligne.<\/li>\n<\/ol>\n<\/li>\n<\/ol>\n<p>&nbsp;<\/p>\n<p><span style=\"color: #ffffff; background: linear-gradient(90deg, #2db6db 0%, #1d60ab 100%); padding: 13px 13px 11px; border-radius: 20px; font-size: 12pt;\">\u00a0<span style=\"font-size: 10pt;\"><strong> \u279c Si vous avez un employeur<\/strong> <\/span><\/span><\/p>\n<p style=\"margin: 0 0 0 20px;\">Vous devrez \u00e9galement faire compl\u00e9ter <span style=\"color: #1d60ab;\">l&rsquo;<strong>attestation de prise en charge employeur<\/strong><\/span>\u00a0et demander <strong><span style=\"color: #1d60ab;\">un devis de formation<\/span><\/strong> aupr\u00e8s de :<\/p>\n<ul>\n<li><strong>Eglantine Ageneau<\/strong> pour l&rsquo;\u00e9tablissement d&rsquo;Avignon (<a href=\"mailto:e.ageneau@imf.asso.fr\">e.ageneau@imf.asso.fr<\/a>).<\/li>\n<li><strong>Amaria Belhaj<\/strong> pour l&rsquo;\u00e9tablissement de Marseille\u00a0(<a href=\"mailto:a.belhaj@imf.asso.fr\">a.belhaj@imf.asso.fr<\/a>).<\/li>\n<\/ul>\n<p>Ces documents seront \u00e0 d\u00e9poser ult\u00e9rieurement dans votre espace apr\u00e8s r\u00e9ception d&rsquo;un mail vous invitant \u00e0 le faire.<\/p>\n<p style=\"margin: 0 0 0 20px;\"><span style=\"color: #1d60ab;\">\u279c <\/span>T\u00e9l\u00e9charger l&rsquo;<a href=\"https:\/\/www.imf.asso.fr\/pages\/wp-content\/uploads\/Attestation-prise-en-charge-employeur-maj-2024.pdf\">attestation de prise en charge employeur<\/a><\/p>\n<p>&nbsp;<\/p>\n<\/td>\n<td style=\"width: 50%;\">\n<p><span style=\"color: #ffffff; background: linear-gradient(90deg, rgba(45,182,219,1) 0%, rgba(29,96,171,1) 100%); padding: 13px 13px 11px 13px; border-radius: 20px;\">\u00a0 <span style=\"font-size: 18pt;\"><strong><span style=\"font-size: 14pt;\">Formation en apprentissage<\/span>\u00a0 <\/strong><\/span><\/span><\/p>\n<p>Formation ouverte aux personnes de moins de 30 ans. Le financement de la formation est assur\u00e9 par l&rsquo;OPCO (OP\u00e9rateur de COmp\u00e9tences) auquel est rattach\u00e9e la structure qui emploie l&rsquo;apprenti.<\/p>\n<p style=\"margin: 0 0 0 20px;\"><strong><a href=\"https:\/\/www.imf.asso.fr\/pages\/?page_id=10944\"><span style=\"color: #4a474b;\">Cliquer ici pour vous inscrire<\/span><\/a><\/p>\n<p><\/strong><\/p>\n<\/td>\n<\/tr>\n<\/tbody>\n<\/table>\n<p>&nbsp;<\/p>\n<p><!---\n\n\n\n\n\n\n\n\n\n\n\n\n\n\n\n\n\n\n\n\n\n\n\n\n\n\n\n\n\n\n\n\n\n\n\n\n\n\n\n\n\n\n\n\n\n\n\n\n\n\n\n\n\n\n\n\n\n\n\n\n\n\n\n\n\n\n\n\n\n\n\n\n\n\n\n\n\n\n\n\n\n\n\n\n\n\n\n\n\n\n\n\n\n\n\n\n\n\n\n\n\n\n\n\n\n\n\n\n\n\n\n\n\n\n\n\n\n\n\n\n\n\n\n\n\n\n\n\n\n\n\n\n\n\n\n\n\n\n\n\n\n\n\n\n\n\n\n\n\n\n\n\n\n\n\n\n\n\n\n\n\n\n\n\n\n\n\n\n\n\n\n\n\n\n\n\n\n\n\n\n\n\n\n\n\n\n\n\n\n\n\n\n\n\n\n\n\n\n\n\n\n\n\n\n\n\n\n\n\n\n\n\n\n\n\n\n\n\n\n\n\n\n\n\n\n\n\n\n\n\n\n\n\n\n\n\n\n\n\n\n\n\n\n\n\n\n\n<table class=\"cell_align_content\">\n\n\n<tbody>\n\n\n<tr class=\"cell_background_title\">\n\n\n<td style=\"width: 748.75px;\">Epreuves de s\u00e9lection d\u2019entr\u00e9e en formation d\u2019Etat d\u2019Accompagnant Educatif et Social<\/td>\n\n\n<\/tr>\n\n\n\n\n<tr>\n\n\n<td style=\"width: 748.75px;\">\n\n\n<ul>\n\t\n\n<li>Un dossier de candidature compos\u00e9\n<span style=\"display: inline-block; width: 0px; overflow: hidden; line-height: 0;\" data-mce-type=\"bookmark\" class=\"mce_SELRES_start\"><\/span>\n\n\n<ul>\n\t\n\n<li>D\u2019un curriculum vitae<\/li>\n\n\n\t\n\n<li>D\u2019un \u00e9crit pr\u00e9sentant le parcours et projet professionnel du candidat (2 pages)<\/li>\n\n\n<\/ul>\n\n\n<\/li>\n\n\n\t\n\n<li>Une \u00e9preuve orale d\u2019admission (30 minutes)\n\n\n\n\n\n\n\n\n\n\n\n\n\n\n\n\n\n\n\n\n\n\n\n\n\n\n\n\n\n\n\n\n\n\n\n\n\n\n\n\n\n\n\n\n\n\n\n\n\n\n\n\n\n\n\n\n\n\n\n\n\n\n\n\n\n\n\n\n\n\n\n\n\n\n\n\n\n\n\n\n\n\n\n\n\n\n\n\n\n\n\n\n\n\n\n\n\n\n\n\n\n\n\n\n\n\n\n\n\n\n\n\n\n\n\n\n\n\n\n\n\n\n\n\n\n\n\n\n\n\n\n\n\n\n\n\n\n\n\n\n\n\n\n\n\n\n\n\n\n\n\n\n\n\n\n\n\n\n\n\n\n\n\n\n\n\n\n\n\n\n\n\n\n\n\n\n\n\n\n\n\n\n\n\n\n\n\n\n\n\n\n\n\n\n\n\n\n\n\n\n\n\n\n\n\n\n\n\n\n\n\n\n\n\n\n\n\n\n\n\n\n\n\n\n\n\n\n\n\n\n\n\n\n\n\n\n\n\n\n\n\n\n\n\n\n\n\n\n<ul>\n\t\n\n<li>Entretien sur la base d\u2019un questionnaire ouvert, bas\u00e9 sur le projet de formation du candidat<\/li>\n\n\n<\/ul>\n\n\n<\/li>\n\n\n<\/ul>\n\n\n<\/td>\n\n\n<\/tr>\n\n\n<\/tbody>\n\n\n<\/table>\n\n\n<\/td>\n\n\n<\/tr>\n\n\n<\/tbody>\n\n\n<\/table>\n\n\n<span style=\"display: inline-block; width: 0px; overflow: hidden; line-height: 0;\" data-mce-type=\"bookmark\" class=\"mce_SELRES_start\"><\/span>\n\n\n\n\n\n\n\n\n\n\n\n\n---><!---\n\n\n\n\n\n\n\n\n\n\n\n\n\n\n\n\n\n\n\n\n\n\n\n\n\n\n\n\n\n\n\n\n\n\n\n\n\n\n\n\n\n\n\n\n\n\n\n\n\n\n\n\n\n\n\n\n\n\n\n\n\n\n\n\n\n\n\n\n\n\n\n\n\n\n\n\n\n\n\n\n\n\n\n\n\n\n\n\n\n\n\n\n\n\n\n\n\n\n\n\n\n\n\n\n\n\n\n\n\n\n\n\n\n\n\n\n\n\n\n\n\n\n\n\n\n\n\n\n\n\n\n\n\n\n\n\n\n\n\n\n\n\n\n\n\n\n\n\n\n\n\n\n\n\n\n\n\n\n\n\n\n\n\n\n\n\n\n\n\n\n\n\n\n\n\n\n\n\n\n\n\n\n\n\n\n\n\n\n\n\n\n\n\n\n\n\n\n\n\n\n\n\n\n\n\n\n\n\n\n\n\n\n\n\n\n\n\n\n\n\n\n\n\n\n\n\n\n\n\n\n<table class=\"cell_align_content\">\n\n\n<tbody>\n\n\n<tr class=\"cell_background_title\">\n\n\n<td style=\"width: 748.75px;\">Epreuves de s\u00e9lection d\u2019entr\u00e9e en formation de Moniteur Educateur<\/td>\n\n\n<\/tr>\n\n\n\n\n<tr>\n\n\n<td style=\"width: 748.75px;\">\n\n\n<ul>\n\t\n\n<li>une \u00e9preuve dossier de candidature qui comprend :\u00a0\n\n\n\n\n\n\n\n\n\n\n\n\n\n\n\n\n\n\n\n\n\n\n\n\n\n\n\n\n\n\n\n\n\n\n\n\n\n\n\n\n\n\n\n\n\n\n\n\n\n\n\n\n\n\n\n\n\n\n\n\n\n\n\n\n\n\n\n\n\n\n\n\n\n\n\n\n\n\n\n\n\n\n\n\n\n\n\n\n\n\n\n\n\n\n\n\n\n\n\n\n\n\n\n\n\n\n\n\n\n\n\n\n\n\n\n\n\n\n\n\n\n\n\n\n\n\n\n\n\n\n\n\n\n\n\n\n\n\n\n\n\n\n\n\n\n\n\n\n\n\n\n\n\n\n\n\n\n\n\n\n\n\n\n\n\n\n\n\n\n\n\n\n\n\n\n\n\n\n\n\n\n\n\n\n\n\n\n\n\n\n\n\n\n\n\n\n\n\n\n\n\n\n\n\n\n\n\n\n\n\n\n\n\n\n\n\n\n\n\n\n\n\n\n\n\n\n\n\n\n\n\n\n<ul>\n\t\n\n<li>un curriculum vitae<\/li>\n\n\n\t\n\n<li>un \u00e9crit pr\u00e9sentant le projet professionnel du candidat<\/li>\n\n\n\t\n\n<li>un \u00e9crit pr\u00e9sentant une synth\u00e8se\u00a0 et une analyse de deux sujets d\u2019actualit\u00e9 de l\u2019ann\u00e9e en cours en lien avec les centres d\u2019int\u00e9r\u00eats, exp\u00e9riences professionnelles, associatives\u2026 du candidat (10 lignes par th\u00e8me).\n\n\nLes candidats ayant obtenu une note sup\u00e9rieure ou \u00e9gale \u00e0 10 \u00e0 l'\u00e9valuation du dossier de candidature seront convoqu\u00e9s \u00e0 l'\u00e9preuve orale.\n\n\n<\/li>\n\n\n<\/ul>\n\n\n<\/li>\n\n\n<\/ul>\n\n\n\n\n<ul>\n\t\n\n<li>une \u00e9preuve orale\u00a0<br \/>\nCet entretien\u00a0 individuel est centr\u00e9 sur le parcours du candidat et son int\u00e9r\u00eat pour la formation et le m\u00e9tier. Dur\u00e9e : 15 minutes.<\/li>\n\n\n<\/ul>\n\n\n\n\n<ul>\n\t\n\n<li style=\"list-style-type: none;\">\u00a0<\/li>\n\n\n<\/ul>\n\n\n<\/td>\n\n\n<\/tr>\n\n\n\n\n<tr>\n\n\n<td style=\"width: 748.75px;\">\u00a0<\/td>\n\n\n<\/tr>\n\n\n<\/tbody>\n\n\n<\/table>\n\n\n\n\n<table class=\"cell_align_content\">\n\n\n<tbody>\n\n\n<tr class=\"cell_background_title\">\n\n\n<td style=\"width: 748.75px;\">Comment conna\u00eetre mes r\u00e9sultats ?<\/td>\n\n\n<\/tr>\n\n\n\n\n<tr>\n\n\n<td style=\"width: 748.75px;\">Le candidat recevra un mail l'informant de ses r\u00e9sultats.<\/td>\n\n\n<\/tr>\n\n\n\n\n<tr>\n\n\n<td style=\"width: 748.75px;\">\u00a0<\/td>\n\n\n<\/tr>\n\n\n<\/tbody>\n\n\n<\/table>\n\n\n\n\n\n\n\n\n\n\n\n\n\n\n\n\n\n\n\n\n\n\n\n\n\n\n\n\n\n\n\n\n\n\n\n\n\n\n\n\n\n\n\n\n\n\n\n\n\n\n\n\n\n\n\n\n\n\n\n\n\n\n\n\n\n\n\n\n\n\n\n\n\n\n\n\n\n\n\n\n\n\n\n\n\n\n\n\n\n\n\n\n\n\n\n\n\n\n\n\n\n\n\n\n\n\n\n\n\n\n\n\n\n\n\n\n\n\n\n\n\n\n\n\n\n\n\n\n\n\n\n\n\n\n\n\n\n\n\n\n\n\n\n\n\n\n\n\n\n\n\n\n\n\n\n\n\n\n\n\n\n\n\n\n\n\n\n\n\n\n\n\n\n\n\n\n\n\n\n\n\n\n\n\n\n\n\n\n\n\n\n\n\n\n\n\n\n\n\n\n\n\n\n\n\n\n\n\n\n\n\n\n\n\n\n\n\n\n\n\n\n\n\n\n\n\n\n\n\n\n---><\/p>\n","protected":false},"excerpt":{"rendered":"<div class=\"post_sous-title\"><a title=\"Permalien vers DEIS\" href=\"\/pages\/?page_id=630\" rel=\"bookmark\">Ing\u00e9nierie Sociale<\/a><\/div>\n","protected":false},"author":1,"featured_media":10771,"parent":109,"menu_order":8,"comment_status":"closed","ping_status":"closed","template":"template-twocolumnsleft.php","meta":{"footnotes":""},"_links":{"self":[{"href":"https:\/\/www.imf.asso.fr\/pages\/index.php?rest_route=\/wp\/v2\/pages\/630"}],"collection":[{"href":"https:\/\/www.imf.asso.fr\/pages\/index.php?rest_route=\/wp\/v2\/pages"}],"about":[{"href":"https:\/\/www.imf.asso.fr\/pages\/index.php?rest_route=\/wp\/v2\/types\/page"}],"author":[{"embeddable":true,"href":"https:\/\/www.imf.asso.fr\/pages\/index.php?rest_route=\/wp\/v2\/users\/1"}],"replies":[{"embeddable":true,"href":"https:\/\/www.imf.asso.fr\/pages\/index.php?rest_route=%2Fwp%2Fv2%2Fcomments&post=630"}],"version-history":[{"count":3,"href":"https:\/\/www.imf.asso.fr\/pages\/index.php?rest_route=\/wp\/v2\/pages\/630\/revisions"}],"predecessor-version":[{"id":16975,"href":"https:\/\/www.imf.asso.fr\/pages\/index.php?rest_route=\/wp\/v2\/pages\/630\/revisions\/16975"}],"up":[{"embeddable":true,"href":"https:\/\/www.imf.asso.fr\/pages\/index.php?rest_route=\/wp\/v2\/pages\/109"}],"wp:featuredmedia":[{"embeddable":true,"href":"https:\/\/www.imf.asso.fr\/pages\/index.php?rest_route=\/wp\/v2\/media\/10771"}],"wp:attachment":[{"href":"https:\/\/www.imf.asso.fr\/pages\/index.php?rest_route=%2Fwp%2Fv2%2Fmedia&parent=630"}],"curies":[{"name":"wp","href":"https:\/\/api.w.org\/{rel}","templated":true}]}}