{"id":624,"date":"2018-02-13T12:05:18","date_gmt":"2018-02-13T11:05:18","guid":{"rendered":"http:\/\/www.imf.asso.fr\/pages\/?page_id=624"},"modified":"2026-01-13T12:33:53","modified_gmt":"2026-01-13T11:33:53","slug":"deaes","status":"publish","type":"page","link":"https:\/\/www.imf.asso.fr\/pages\/?page_id=624","title":{"rendered":"AES"},"content":{"rendered":"<div class=\"post_sous-title\"><a title=\"Permalien vers AES\" href=\"\/pages\/?page_id=624\" rel=\"bookmark\"><span style=\"font-size: 8pt;\"><span style=\"font-size: 10pt;\"><span style=\"font-size: 12pt;\">Accompagnant Educatif et Social<\/span><\/span><\/span><\/a><\/div>\n<p><!--more--><\/p>\n<table class=\"cell_align_content\">\n<tbody>\n<tr>\n<td>\n<p><a href=\"\/pages\/?page_id=99\">Voir la page d\u00e9di\u00e9e \u00e0 la formation<\/a>.<\/p>\n<p><a href=\"https:\/\/www.imf.asso.fr\/pages\/?page_id=117\">Se pr\u00e9parer aux \u00e9preuves de s\u00e9lection<\/a><\/p>\n<\/td>\n<\/tr>\n<\/tbody>\n<\/table>\n<table style=\"width: 100%; height: 367px;\">\n<tbody>\n<tr class=\"cell_background_title\" style=\"height: 39px;\">\n<td style=\"height: 39px;\"><span style=\"font-size: 18pt; color: #1d60ab;\"><strong>LES S\u00c9LECTIONS<\/strong><\/span><\/td>\n<\/tr>\n<tr style=\"height: 120px;\">\n<td style=\"height: 120px;\"><\/p>\n<p><span style=\"color: #1d60ab;\"><strong>EN SAVOIR PLUS SUR LES \u00c9PREUVES DE S\u00c9LECTIONS :<\/strong><\/span><\/p>\n<ul>\n<li>Les s\u00e9lections se d\u00e9roulent en deux \u00e9tapes :\n<ul>\n<li><a href=\"https:\/\/www.imf.asso.fr\/pages\/wp-content\/uploads\/dossier_ecrit_AES-2.pdf\"><strong>\u00c9preuve du dossier de candidature<\/strong><\/a><\/li>\n<li><strong>\u00c9preuve orale<\/strong> <br \/>\nCet entretien\u00a0 individuel, d&rsquo;une dur\u00e9e de 30 minutes en pr\u00e9sentiel, est centr\u00e9 sur le parcours du candidat et son int\u00e9r\u00eat pour la formation et le m\u00e9tier.<\/li>\n<\/ul>\n<\/li>\n<\/ul>\n<p><span style=\"color: #1d60ab;\"><strong>\u2192<\/strong><\/span> <em>Un candidat titulaire de certains dipl\u00f4mes peut \u00eatre <span style=\"color: #1d60ab;\"><strong>dispens\u00e9 des \u00e9preuves de s\u00e9lection<\/strong><\/span>. Consulter la <\/em><a href=\"https:\/\/www.imf.asso.fr\/pages\/?page_id=874\"><strong><em>Liste des dipl\u00f4mes concern\u00e9s.<\/em><\/strong><\/a><\/p>\n<ul>\n<li><a href=\"https:\/\/www.imf.asso.fr\/pages\/wp-content\/uploads\/protocole_selection_aes_oct2023.pdf\" target=\"_blank\" rel=\"noopener\">Consulter le <strong>Protocole de s\u00e9lection <\/strong><\/a>pour mieux comprendre le d\u00e9roul\u00e9 des s\u00e9lections et le <strong><a href=\"https:\/\/www.imf.asso.fr\/pages\/wp-content\/uploads\/calendrier-AES-2025-2026-1.pdf\">Calendrier des s\u00e9lections<\/a>.<\/strong><\/li>\n<li>Pour toute information compl\u00e9mentaire, contactez notre <strong><a href=\"https:\/\/www.imf.asso.fr\/pages\/?page_id=16\">service Informations et Conseils<\/a><\/strong> ou participez \u00e0 l&rsquo;une de <strong><a href=\"https:\/\/www.imf.asso.fr\/pages\/?page_id=2994\">nos r\u00e9unions d&rsquo;information<\/a><\/strong> en pr\u00e9sentiel ou en visio-conf\u00e9rence.<\/li>\n<li>Le dossier d&rsquo;inscription sera trait\u00e9 par nos services uniquement apr\u00e8s r\u00e9ception de <span style=\"color: #1d60ab;\"><strong>la totalit\u00e9 des pi\u00e8ces demand\u00e9es<\/strong><\/span>.<\/li>\n<\/ul>\n<\/td>\n<\/tr>\n<\/tbody>\n<\/table>\n<table>\n<tbody>\n<tr>\n<td>\n<p><img decoding=\"async\" loading=\"lazy\" class=\"alignnone wp-image-12551 size-full\" src=\"https:\/\/www.imf.asso.fr\/pages\/wp-content\/uploads\/Bannieres-AES.gif\" alt=\"\" width=\"800\" height=\"100\" \/><\/p>\n<p>&nbsp;<\/p>\n<p><strong><span style=\"color: #ffffff; background: linear-gradient(90deg, rgba(45,182,219,1) 0%, rgba(29,96,171,1) 100%); padding: 13px 13px 11px 13px; border-radius: 13px;\"><span style=\"font-size: 18pt;\">Formation initiale\u00a0<\/span><\/span><\/strong><\/p>\n<p>(<em>Formation financ\u00e9e par le Conseil R\u00e9gional R\u00e9gion Sud PACA<\/em>)<\/p>\n<p>Pour les \u00e9tudiants en continuit\u00e9 de parcours scolaire ou demandeurs d&#8217;emploi. Vous devrez passer des \u00e9preuves de s\u00e9lection sauf si vous poss\u00e9dez un statut qui vous permettent d&rsquo;en \u00eatre dispens\u00e9.e (<a href=\"https:\/\/www.imf.asso.fr\/pages\/?page_id=874\">voir conditions<\/a>).\u00a0<\/p>\n<p><span style=\"color: #ffffff; background: linear-gradient(90deg, rgba(45,182,219,1) 0%, rgba(29,96,171,1) 100%); padding: 13px 13px 11px 13px; border-radius: 13px;\"><strong><span style=\"font-size: 18pt;\">Formation en cours d&#8217;emploi\u00a0<\/span><\/strong><\/span><\/p>\n<p>Formation ouverte aux personnes salari\u00e9es dont l\u2019employeur ou un organisme paritaire (OPCO, Transition Pro\u2026.) finance l\u2019int\u00e9gralit\u00e9 du co\u00fbt de la formation.<\/p>\n<p>Les personnes en contrat Pro ou en Pro A n&rsquo;auront pas d&rsquo;\u00e9preuve \u00e0 passer.<\/p>\n<p><span style=\"font-size: 12pt; color: #ff6600; font-family: Lato;\"><span style=\"font-size: 14pt; color: #f6a140;\"><strong>DANS CES 2 CAS DE FIGURES, VOUS DEVEZ :<\/strong><\/span><\/span><\/p>\n<p><span style=\"color: #ffffff; background: linear-gradient(90deg, rgba(45,182,219,1) 0%, rgba(29,96,171,1) 100%); padding: 8px 13px 8px 13px; border-radius: 20px;\"><span style=\"font-size: 18pt;\">\u00a0 <span style=\"font-size: 12pt;\">\u279c\u00a0<strong> D\u00e9poser votre candidature<\/strong><\/span><\/span><\/span><\/p>\n<ol>\n<li style=\"list-style-type: none;\">\n<ol>\n<li>Pr\u00e9parez <span style=\"color: #1d60ab;\"><strong>votre CV<\/strong><\/span><\/li>\n<li>R\u00e9unissez \u00a0vos <span style=\"color: #1d60ab;\"><strong>dipl\u00f4mes<\/strong><\/span> (si vous \u00eates dispens\u00e9.e des \u00e9preuves de s\u00e9lection : <a href=\"https:\/\/www.imf.asso.fr\/pages\/?page_id=874\">liste des dipl\u00f4mes<\/a> concern\u00e9s) et <span style=\"color: #1d60ab;\"><strong>carte d\u2019identit\u00e9<\/strong><\/span> recto\/verso (ou <strong>passeport ou titre de s\u00e9jour)<\/strong><\/li>\n<li>R\u00e9digez un \u00e9crit de <span style=\"color: #1d60ab;\"><strong>2 pages<\/strong><\/span> <span style=\"color: #1d60ab;\"><strong>maximum <\/strong><\/span>sur votre parcours et votre projet professionnel et de formation (sauf pour les apprentis)<\/li>\n<li>D\u00e9posez votre candidature en <a href=\"https:\/\/imf.ymag.cloud\/index.php\/preinscription\/\">cliquant ici<\/a><br \/>\n<em>Pour rappel, vous pourrez retourner \u00e0 tout moment dans votre dossier en ligne.<\/em><\/li>\n<\/ol>\n<\/li>\n<\/ol>\n<table style=\"width: 100%; border-collapse: collapse; border-style: hidden; height: 115px;\">\n<tbody>\n<tr style=\"height: 179px;\">\n<td style=\"width: 732.188px; height: 115px;\">\n<p><span style=\"color: #ffffff; background: linear-gradient(90deg, #2db6db 0%, #1d60ab 100%); padding: 8px 13px 8px; border-radius: 20px; font-size: 12pt;\"><strong>\u279c\u00a0 Si vous avez un employeur \u00a0 <\/strong><\/span><\/p>\n<p>Vous devrez \u00e9galement faire compl\u00e9ter <strong><span style=\"color: #1d60ab;\">l&rsquo;attestation de prise en charge employeur<\/span><\/strong>\u00a0et demander <strong><span style=\"color: #1d60ab;\">un devis de formation<\/span><\/strong> aupr\u00e8s du service ICO (imfinfos@imf.asso.fr). Vous devrez ensuite d\u00e9poser ces \u00e9l\u00e9ments compl\u00e9t\u00e9s dans votre dossier en ligne.\u00a0<\/p>\n<p><span style=\"color: #1d60ab;\"><strong>\u279c<\/strong><\/span>T\u00e9l\u00e9charger l&rsquo;<strong><a href=\"https:\/\/www.imf.asso.fr\/pages\/wp-content\/uploads\/Attestation-prise-en-charge-employeur-maj-2024.pdf\">attestation de prise en charge employeur<\/a><\/strong><\/p>\n<p>&nbsp;<\/p>\n<p><span style=\"color: #ffffff; background: linear-gradient(90deg, rgba(45,182,219,1) 0%, rgba(29,96,171,1) 100%); padding: 13px 13px 11px 13px; border-radius: 13px;\"><strong><span style=\"font-size: 18pt;\">Formation en apprentissage\u00a0<\/span><\/strong><\/span><\/p>\n<p><a href=\"https:\/\/www.imf.asso.fr\/pages\/?page_id=10619\">Cliquer ici<\/a><\/p>\n<\/td>\n<\/tr>\n<tr>\n<td style=\"width: 732.188px;\">\u00a0<\/td>\n<\/tr>\n<\/tbody>\n<\/table>\n<p><!---\n\n\n\n\n\n\n\n\n\n\n\n\n\n\n\n\n\n\n\n\n\n\n\n\n\n\n\n\n\n\n\n\n\n\n\n\n\n\n\n\n\n\n\n\n\n\n\n\n\n\n\n\n\n\n\n\n\n\n\n\n\n\n\n\n\n\n\n\n\n\n\n\n\n\n\n\n\n\n\n\n\n\n\n\n\n\n\n\n\n\n\n\n\n\n\n\n\n\n\n<table class=\"cell_align_content\">\n\n\n<tbody>\n\n\n<tr class=\"cell_background_title\">\n\n\n<td style=\"width: 748.75px;\">Epreuves de s\u00e9lection d\u2019entr\u00e9e en formation d\u2019Etat d\u2019Accompagnant Educatif et Social<\/td>\n\n\n<\/tr>\n\n\n\n\n<tr>\n\n\n<td style=\"width: 748.75px;\">\n\n\n<ul>\n\t\n\n<li>Un dossier de candidature compos\u00e9\n<span style=\"display: inline-block; width: 0px; overflow: hidden; line-height: 0;\" data-mce-type=\"bookmark\" class=\"mce_SELRES_start\"><\/span>\n\n\n<ul>\n\t\n\n<li>D\u2019un curriculum vitae<\/li>\n\n\n\t\n\n<li>D\u2019un \u00e9crit pr\u00e9sentant le parcours et projet professionnel du candidat (2 pages)<\/li>\n\n\n<\/ul>\n\n\n<\/li>\n\n\n\t\n\n<li>Une \u00e9preuve orale d\u2019admission (30 minutes)\n\n\n\n\n\n\n\n\n\n\n\n\n\n\n\n\n\n\n\n\n\n\n\n\n\n\n\n\n\n\n\n\n\n\n\n\n\n\n\n\n\n\n\n\n\n\n\n\n\n\n\n\n\n\n\n\n\n\n\n\n\n\n\n\n\n\n\n\n\n\n\n\n\n\n\n\n\n\n\n\n\n\n\n\n\n\n\n\n\n\n\n\n\n\n\n\n\n\n\n\n<ul>\n\t\n\n<li>Entretien sur la base d\u2019un questionnaire ouvert, bas\u00e9 sur le projet de formation du candidat<\/li>\n\n\n<\/ul>\n\n\n<\/li>\n\n\n<\/ul>\n\n\n<\/td>\n\n\n<\/tr>\n\n\n<\/tbody>\n\n\n<\/table>\n\n\n<\/td>\n\n\n<\/tr>\n\n\n<\/tbody>\n\n\n<\/table>\n\n\n<span style=\"display: inline-block; width: 0px; overflow: hidden; line-height: 0;\" data-mce-type=\"bookmark\" class=\"mce_SELRES_start\"><\/span>\n\n\n\n\n\n\n\n\n\n\n\n\n---><\/td>\n<\/tr>\n<\/tbody>\n<\/table>\n","protected":false},"excerpt":{"rendered":"<div class=\"post_sous-title\"><a title=\"Permalien vers AES\" href=\"\/pages\/?page_id=624\" rel=\"bookmark\"><span style=\"font-size: 8pt;\"><span style=\"font-size: 10pt;\"><span style=\"font-size: 12pt;\">Accompagnant Educatif et Social<\/span><\/span><\/span><\/a><\/div>\n","protected":false},"author":1,"featured_media":10476,"parent":109,"menu_order":1,"comment_status":"closed","ping_status":"closed","template":"template-twocolumnsleft.php","meta":{"footnotes":""},"_links":{"self":[{"href":"https:\/\/www.imf.asso.fr\/pages\/index.php?rest_route=\/wp\/v2\/pages\/624"}],"collection":[{"href":"https:\/\/www.imf.asso.fr\/pages\/index.php?rest_route=\/wp\/v2\/pages"}],"about":[{"href":"https:\/\/www.imf.asso.fr\/pages\/index.php?rest_route=\/wp\/v2\/types\/page"}],"author":[{"embeddable":true,"href":"https:\/\/www.imf.asso.fr\/pages\/index.php?rest_route=\/wp\/v2\/users\/1"}],"replies":[{"embeddable":true,"href":"https:\/\/www.imf.asso.fr\/pages\/index.php?rest_route=%2Fwp%2Fv2%2Fcomments&post=624"}],"version-history":[{"count":6,"href":"https:\/\/www.imf.asso.fr\/pages\/index.php?rest_route=\/wp\/v2\/pages\/624\/revisions"}],"predecessor-version":[{"id":15901,"href":"https:\/\/www.imf.asso.fr\/pages\/index.php?rest_route=\/wp\/v2\/pages\/624\/revisions\/15901"}],"up":[{"embeddable":true,"href":"https:\/\/www.imf.asso.fr\/pages\/index.php?rest_route=\/wp\/v2\/pages\/109"}],"wp:featuredmedia":[{"embeddable":true,"href":"https:\/\/www.imf.asso.fr\/pages\/index.php?rest_route=\/wp\/v2\/media\/10476"}],"wp:attachment":[{"href":"https:\/\/www.imf.asso.fr\/pages\/index.php?rest_route=%2Fwp%2Fv2%2Fmedia&parent=624"}],"curies":[{"name":"wp","href":"https:\/\/api.w.org\/{rel}","templated":true}]}}