{"id":622,"date":"2018-02-13T12:03:38","date_gmt":"2018-02-13T11:03:38","guid":{"rendered":"http:\/\/www.imf.asso.fr\/pages\/?page_id=622"},"modified":"2025-12-01T09:50:25","modified_gmt":"2025-12-01T08:50:25","slug":"me","status":"publish","type":"page","link":"https:\/\/www.imf.asso.fr\/pages\/?page_id=622","title":{"rendered":"ME"},"content":{"rendered":"<div class=\"post_sous-title\"><a title=\"Permalien vers ME\" href=\"\/pages\/?page_id=622\" rel=\"bookmark\">Moniteur \u00c9ducateur<\/a><\/div>\n<p><!--more--><\/p>\n<table class=\"cell_align_content\">\n<tbody>\n<tr>\n<td>\n<p><a href=\"\/pages\/?page_id=97\">Voir la page d\u00e9di\u00e9e \u00e0 la formation<\/a>.<\/p>\n<p><a href=\"https:\/\/www.imf.asso.fr\/pages\/?page_id=117\">Se pr\u00e9parer aux \u00e9preuves de s\u00e9lection<\/a>.<\/p>\n<\/td>\n<\/tr>\n<\/tbody>\n<\/table>\n<table style=\"width: 100%; height: 657px;\">\n<tbody>\n<tr class=\"cell_background_title\" style=\"height: 39px;\">\n<td style=\"height: 39px; width: 99.8667%;\">\u00a0<span style=\"color: #1d60ab; font-size: 18pt;\">LES S\u00c9LECTIONS<\/span><\/td>\n<\/tr>\n<tr style=\"height: 95px;\">\n<td style=\"height: 95px; width: 99.8667%;\"><\/p>\n<p><span style=\"color: #1d60ab;\">EN SAVOIR PLUS SUR LES \u00c9PREUVES DE S\u00c9LECTION :<\/span><\/p>\n<p>Votre admission sera d\u00e9termin\u00e9e \u00e0 partir d\u2019une \u00e9preuve de s\u00e9lection compos\u00e9e :<\/p>\n<ul>\n<li style=\"list-style-type: none;\">\n<ul>\n<li>D\u2019un \u00e9crit qui pr\u00e9sente votre aptitude et votre motivation \u00e0 rentrer en formation (maxi 2 pages) qui servira de support \u00e0 l\u2019entretien.<\/li>\n<li>D\u2019un entretien de 30 minutes\n<\/li>\n<\/ul>\n<\/li>\n<\/ul>\n<p>Si vous \u00eates dans l\u2019une des situations suivantes, vous \u00eates admissible de droit, et vous \u00eates dispens\u00e9.e des \u00e9preuves de s\u00e9lection :<br \/>\n&#8211; Je suis Laur\u00e9at.e de l\u2019Institut de l\u2019engagement,<br \/>\n&#8211; J\u2019ai sign\u00e9 un contrat d\u2019apprentissage ou de professionnalisation au sein d\u2019un \u00e9tablissement<br \/>\net service social ou m\u00e9dico-social,<br \/>\n&#8211; J\u2019ai d\u00e9j\u00e0 acquis plusieurs domaines \/ blocs de comp\u00e9tences du dipl\u00f4me de ME.<\/p>\n<ul>\n<li><span style=\"color: #4a474b;\"><a href=\"https:\/\/www.imf.asso.fr\/pages\/wp-content\/uploads\/protocole_selection_me_aout2024-1.pdf\" target=\"_blank\" rel=\"noopener\">Consulter le <\/a><a href=\"https:\/\/www.imf.asso.fr\/pages\/wp-content\/uploads\/protocole_selection_me_aout2024.pdf\">Protocole de s\u00e9lection<\/a><a href=\"https:\/\/www.imf.asso.fr\/pages\/wp-content\/uploads\/protocole_selection_me_oct2023-vdef.pdf\" target=\"_blank\" rel=\"noopener\">\u00a0<\/a>et le<a href=\"https:\/\/www.imf.asso.fr\/pages\/wp-content\/uploads\/calendrier-ME-2025-2026.pdf\"> calendrier des s\u00e9lections<\/a>\u00a0pour mieux comprendre le d\u00e9roul\u00e9 des s\u00e9lections.<\/span><\/li>\n<li>Pour toute information compl\u00e9mentaire, contactez notre <a href=\"https:\/\/www.imf.asso.fr\/pages\/?page_id=16\">service Informations et Conseils<\/a> ou participez \u00e0 l&rsquo;une de <a href=\"https:\/\/www.imf.asso.fr\/pages\/?page_id=2994\">nos r\u00e9unions d&rsquo;information<\/a> en pr\u00e9sentiel ou en visio-conf\u00e9rence.<\/li>\n<li>Le dossier d&rsquo;inscription sera trait\u00e9 par nos services uniquement apr\u00e8s r\u00e9ception de <span style=\"color: #1d60ab;\">la totalit\u00e9 des pi\u00e8ces demand\u00e9es<\/span>.\n<\/li>\n<\/ul>\n<\/td>\n<\/tr>\n<tr>\n<td style=\"width: 99.8667%;\">\n<p><img decoding=\"async\" loading=\"lazy\" class=\"alignnone wp-image-12494 size-full\" src=\"https:\/\/www.imf.asso.fr\/pages\/wp-content\/uploads\/Bannieres-ME.gif\" alt=\"\" width=\"800\" height=\"100\" \/><\/p>\n<p><span style=\"font-size: 14pt; color: #f6a140;\"><strong>S\u2019INSCRIRE POUR UNE ENTR\u00c9E EN FORMATION EN SEPTEMBRE 2025<\/strong><\/span><\/p>\n<p><span style=\"color: #ffffff; background: linear-gradient(90deg, rgba(45,182,219,1) 0%, rgba(29,96,171,1) 100%); padding: 13px 13px 11px 13px; border-radius: 13px;\"><span style=\"font-size: 18pt;\">Formation initiale\u00a0<\/span><\/span><\/p>\n<p>(Formation financ\u00e9e par le Conseil R\u00e9gional R\u00e9gion Sud PACA)<\/p>\n<p>Pour les \u00e9tudiants en continuit\u00e9 de parcours scolaire ou demandeurs d&#8217;emploi. Vous devrez passer des \u00e9preuves de s\u00e9lection sauf si vous en \u00eates dispens\u00e9.e.\u00a0<\/p>\n<p><span style=\"color: #ffffff; background: linear-gradient(90deg, rgba(45,182,219,1) 0%, rgba(29,96,171,1) 100%); padding: 13px 13px 11px 13px; border-radius: 13px;\"><span style=\"font-size: 18pt;\">Formation en cours d&#8217;emploi\u00a0<\/span><\/span><\/p>\n<p>Formation ouverte aux personnes salari\u00e9es dont l\u2019employeur ou un organisme paritaire (OPCO, Transition Pro\u2026.) finance l\u2019int\u00e9gralit\u00e9 du co\u00fbt de la formation.<\/p>\n<p>Les personnes en contrat Pro ou en Pro A n&rsquo;auront pas d&rsquo;\u00e9preuve \u00e0 passer.<\/p>\n<p><span style=\"font-size: 12pt; color: #ff6600; font-family: Lato;\"><span style=\"font-size: 14pt; color: #f6a140;\"><strong>DANS CES 2 CAS DE FIGURES, VOUS DEVEZ :<\/strong><\/span><\/span><\/p>\n<p><span style=\"color: #ffffff; background: linear-gradient(90deg, rgba(45,182,219,1) 0%, rgba(29,96,171,1) 100%); padding: 8px 13px 8px 13px; border-radius: 20px;\"><span style=\"font-size: 18pt;\">\u00a0 <span style=\"font-size: 12pt;\">\u279c\u00a0<strong> D\u00e9poser votre candidature<\/strong><\/span><\/span><\/span><\/p>\n<ol>\n<li style=\"list-style-type: none;\">\n<ol>\n<li>Pr\u00e9parez <span style=\"color: #1d60ab;\">votre CV<\/span>\u00a0et <span style=\"color: #1d60ab;\">carte d\u2019identit\u00e9<\/span> recto\/verso (ou passeport ou titre de s\u00e9jour)<\/li>\n<li>R\u00e9digez un \u00e9crit de 2 pages maximum sur votre parcours et votre projet professionnel et de formation (sauf pour les apprentis)<\/li>\n<li>D\u00e9posez votre candidature en <a href=\"https:\/\/imf.ymag.cloud\/index.php\/preinscription\/\">cliquant ici<\/a><br \/>\nPour rappel, vous pourrez retourner \u00e0 tout moment dans votre dossier en ligne.<\/li>\n<\/ol>\n<\/li>\n<\/ol>\n<p>A l&rsquo;issue de votre inscription sur le portail, vous recevrez un mail qui vous donnera le lien vous permettant d&rsquo;effectuer le r\u00e8glement des frais de s\u00e9lection de 30\u20ac.<\/p>\n<table style=\"width: 100%; border-collapse: collapse; border-style: hidden; height: 115px;\">\n<tbody>\n<tr style=\"height: 179px;\">\n<td style=\"width: 732.188px; height: 115px;\">\n<p><span style=\"color: #ffffff; background: linear-gradient(90deg, #2db6db 0%, #1d60ab 100%); padding: 8px 13px 8px; border-radius: 20px; font-size: 12pt;\"><strong>\u279c\u00a0 Si vous avez un employeur \u00a0 \u00a0\u00a0<\/strong><\/span><\/p>\n<p>Vous devrez \u00e9galement faire compl\u00e9ter <span style=\"color: #1d60ab;\">l&rsquo;attestation de prise en charge employeur<\/span>\u00a0et demander <span style=\"color: #1d60ab;\">un devis de formation<\/span> aupr\u00e8s du service ICO (imfinfos@imf.asso.fr). Ces documents seront \u00e0 d\u00e9poser ult\u00e9rieurement dans votre espace apr\u00e8s r\u00e9ception d&rsquo;un mail vous invitant \u00e0 le faire.<\/p>\n<p><span style=\"color: #1d60ab;\">\u279c<\/span>T\u00e9l\u00e9charger l&rsquo;<a href=\"https:\/\/www.imf.asso.fr\/pages\/wp-content\/uploads\/Attestation-prise-en-charge-employeur-maj-2024.pdf\">attestation de prise en charge employeur<\/a><\/p>\n<p>&nbsp;<\/p>\n<p><span style=\"color: #ffffff; background: linear-gradient(90deg, rgba(45,182,219,1) 0%, rgba(29,96,171,1) 100%); padding: 13px 13px 11px 13px; border-radius: 13px;\"><span style=\"font-size: 18pt;\">Formation en apprentissage\u00a0<\/span><\/span><\/p>\n<p><a href=\"https:\/\/www.imf.asso.fr\/pages\/?page_id=10619\"><span style=\"color: #4a474b;\">Cliquer ici<\/span><\/a><\/p>\n<\/td>\n<\/tr>\n<\/tbody>\n<\/table>\n<p><!---\n\n\n\n\n\n\n\n\n\n\n\n\n\n\n\n\n\n\n\n\n\n\n\n\n\n\n\n\n\n\n\n\n\n\n\n\n\n\n\n\n\n\n\n\n\n\n\n\n\n\n\n\n\n\n\n\n\n\n\n\n\n\n\n\n\n\n\n\n\n\n\n\n\n\n\n\n\n\n\n\n\n\n\n\n\n\n\n\n\n\n\n\n\n\n\n\n\n\n\n\n\n\n\n\n\n\n<table class=\"cell_align_content\">\n\n\n<tbody>\n\n\n<tr class=\"cell_background_title\">\n\n\n<td style=\"width: 748.75px;\">Epreuves de s\u00e9lection d\u2019entr\u00e9e en formation d\u2019Etat d\u2019Accompagnant Educatif et Social<\/td>\n\n\n<\/tr>\n\n\n\n\n<tr>\n\n\n<td style=\"width: 748.75px;\">\n\n\n<ul>\n\t\n\n<li>Un dossier de candidature compos\u00e9\n<span style=\"display: inline-block; width: 0px; overflow: hidden; line-height: 0;\" data-mce-type=\"bookmark\" class=\"mce_SELRES_start\"><\/span>\n\n\n<ul>\n\t\n\n<li>D\u2019un curriculum vitae<\/li>\n\n\n\t\n\n<li>D\u2019un \u00e9crit pr\u00e9sentant le parcours et projet professionnel du candidat (2 pages)<\/li>\n\n\n<\/ul>\n\n\n<\/li>\n\n\n\t\n\n<li>Une \u00e9preuve orale d\u2019admission (30 minutes)\n\n\n\n\n\n\n\n\n\n\n\n\n\n\n\n\n\n\n\n\n\n\n\n\n\n\n\n\n\n\n\n\n\n\n\n\n\n\n\n\n\n\n\n\n\n\n\n\n\n\n\n\n\n\n\n\n\n\n\n\n\n\n\n\n\n\n\n\n\n\n\n\n\n\n\n\n\n\n\n\n\n\n\n\n\n\n\n\n\n\n\n\n\n\n\n\n\n\n\n\n\n\n\n\n\n\n\n<ul>\n\t\n\n<li>Entretien sur la base d\u2019un questionnaire ouvert, bas\u00e9 sur le projet de formation du candidat<\/li>\n\n\n<\/ul>\n\n\n<\/li>\n\n\n<\/ul>\n\n\n<\/td>\n\n\n<\/tr>\n\n\n<\/tbody>\n\n\n<\/table>\n\n\n<\/td>\n\n\n<\/tr>\n\n\n<\/tbody>\n\n\n<\/table>\n\n\n<span style=\"display: inline-block; width: 0px; overflow: hidden; line-height: 0;\" data-mce-type=\"bookmark\" class=\"mce_SELRES_start\"><\/span>\n\n\n\n\n\n\n\n\n\n\n\n\n---><\/td>\n<\/tr>\n<\/tbody>\n<\/table>\n<p><!---\n\n\n\n\n\n\n\n\n\n\n\n\n\n\n\n\n\n\n\n\n\n\n\n\n\n\n\n\n\n\n\n\n\n\n\n\n\n\n\n\n\n\n\n\n\n\n\n\n\n\n\n\n\n\n\n\n\n\n\n\n\n\n\n\n\n\n\n\n\n\n\n\n\n\n\n\n\n\n\n\n\n\n\n\n\n\n\n\n\n<table class=\"cell_align_content\">\n\n\n<tbody>\n\n\n<tr class=\"cell_background_title\">\n\n\n<td style=\"width: 748.75px;\">Epreuves de s\u00e9lection d\u2019entr\u00e9e en formation de Moniteur Educateur<\/td>\n\n\n<\/tr>\n\n\n\n\n<tr>\n\n\n<td style=\"width: 748.75px;\">\n\n\n<ul>\n\t\n\n<li>une \u00e9preuve dossier de candidature qui comprend :\u00a0\n\n\n\n\n\n\n\n\n\n\n\n\n\n\n\n\n\n\n\n\n\n\n\n\n\n\n\n\n\n\n\n\n\n\n\n\n\n\n\n\n\n\n\n\n\n\n\n\n\n\n\n\n\n\n\n\n\n\n\n\n\n\n\n\n\n\n\n\n\n\n\n\n\n\n\n\n\n\n\n\n\n\n\n\n\n\n\n\n\n\n\n<ul>\n\t\n\n<li>un curriculum vitae<\/li>\n\n\n\t\n\n<li>un \u00e9crit pr\u00e9sentant le projet professionnel du candidat<\/li>\n\n\n\t\n\n<li>un \u00e9crit pr\u00e9sentant une synth\u00e8se\u00a0 et une analyse de deux sujets d\u2019actualit\u00e9 de l\u2019ann\u00e9e en cours en lien avec les centres d\u2019int\u00e9r\u00eats, exp\u00e9riences professionnelles, associatives\u2026 du candidat (10 lignes par th\u00e8me).\n\n\nLes candidats ayant obtenu une note sup\u00e9rieure ou \u00e9gale \u00e0 10 \u00e0 l'\u00e9valuation du dossier de candidature seront convoqu\u00e9s \u00e0 l'\u00e9preuve orale.\n\n\n<\/li>\n\n\n<\/ul>\n\n\n<\/li>\n\n\n<\/ul>\n\n\n\n\n<ul>\n\t\n\n<li>une \u00e9preuve orale\u00a0<br \/>\nCet entretien\u00a0 individuel est centr\u00e9 sur le parcours du candidat et son int\u00e9r\u00eat pour la formation et le m\u00e9tier. Dur\u00e9e : 15 minutes.<\/li>\n\n\n<\/ul>\n\n\n\n\n<ul>\n\t\n\n<li style=\"list-style-type: none;\">\u00a0<\/li>\n\n\n<\/ul>\n\n\n<\/td>\n\n\n<\/tr>\n\n\n\n\n<tr>\n\n\n<td style=\"width: 748.75px;\">\u00a0<\/td>\n\n\n<\/tr>\n\n\n<\/tbody>\n\n\n<\/table>\n\n\n\n\n<table class=\"cell_align_content\">\n\n\n<tbody>\n\n\n<tr class=\"cell_background_title\">\n\n\n<td style=\"width: 748.75px;\">Comment conna\u00eetre mes r\u00e9sultats ?<\/td>\n\n\n<\/tr>\n\n\n\n\n<tr>\n\n\n<td style=\"width: 748.75px;\">Le candidat recevra un mail l'informant de ses r\u00e9sultats.<\/td>\n\n\n<\/tr>\n\n\n\n\n<tr>\n\n\n<td style=\"width: 748.75px;\">\u00a0<\/td>\n\n\n<\/tr>\n\n\n<\/tbody>\n\n\n<\/table>\n\n\n\n\n\n\n\n\n\n\n\n\n\n\n\n\n\n\n\n\n\n\n\n\n\n\n\n\n\n\n\n\n\n\n\n\n\n\n\n\n\n\n\n\n\n\n\n\n\n\n\n\n\n\n\n\n\n\n\n\n\n\n\n\n\n\n\n\n\n\n\n\n\n\n\n\n\n\n\n\n\n\n\n\n\n\n\n\n\n---><\/p>\n","protected":false},"excerpt":{"rendered":"<div class=\"post_sous-title\"><a title=\"Permalien vers ME\" href=\"\/pages\/?page_id=622\" rel=\"bookmark\">Moniteur \u00c9ducateur<\/a><\/div>\n","protected":false},"author":1,"featured_media":10476,"parent":109,"menu_order":2,"comment_status":"closed","ping_status":"closed","template":"template-twocolumnsleft.php","meta":{"footnotes":""},"_links":{"self":[{"href":"https:\/\/www.imf.asso.fr\/pages\/index.php?rest_route=\/wp\/v2\/pages\/622"}],"collection":[{"href":"https:\/\/www.imf.asso.fr\/pages\/index.php?rest_route=\/wp\/v2\/pages"}],"about":[{"href":"https:\/\/www.imf.asso.fr\/pages\/index.php?rest_route=\/wp\/v2\/types\/page"}],"author":[{"embeddable":true,"href":"https:\/\/www.imf.asso.fr\/pages\/index.php?rest_route=\/wp\/v2\/users\/1"}],"replies":[{"embeddable":true,"href":"https:\/\/www.imf.asso.fr\/pages\/index.php?rest_route=%2Fwp%2Fv2%2Fcomments&post=622"}],"version-history":[{"count":6,"href":"https:\/\/www.imf.asso.fr\/pages\/index.php?rest_route=\/wp\/v2\/pages\/622\/revisions"}],"predecessor-version":[{"id":15349,"href":"https:\/\/www.imf.asso.fr\/pages\/index.php?rest_route=\/wp\/v2\/pages\/622\/revisions\/15349"}],"up":[{"embeddable":true,"href":"https:\/\/www.imf.asso.fr\/pages\/index.php?rest_route=\/wp\/v2\/pages\/109"}],"wp:featuredmedia":[{"embeddable":true,"href":"https:\/\/www.imf.asso.fr\/pages\/index.php?rest_route=\/wp\/v2\/media\/10476"}],"wp:attachment":[{"href":"https:\/\/www.imf.asso.fr\/pages\/index.php?rest_route=%2Fwp%2Fv2%2Fmedia&parent=622"}],"curies":[{"name":"wp","href":"https:\/\/api.w.org\/{rel}","templated":true}]}}