{"id":614,"date":"2018-02-13T11:57:38","date_gmt":"2018-02-13T10:57:38","guid":{"rendered":"http:\/\/www.imf.asso.fr\/pages\/?page_id=614"},"modified":"2026-04-02T16:03:36","modified_gmt":"2026-04-02T14:03:36","slug":"ass","status":"publish","type":"page","link":"https:\/\/www.imf.asso.fr\/pages\/?page_id=614","title":{"rendered":"ASS &#8211; EJE &#8211; ES"},"content":{"rendered":"<div class=\"post_sous-title\"><a title=\"Permalien vers ASS\" href=\"\/pages\/?page_id=614\" rel=\"bookmark\">Assistant de Service Social \/ Educateur de Jeunes Enfants \/ Educateur Sp\u00e9cialis\u00e9<\/a><\/div>\n<p><!--more--><\/p>\n<table class=\"cell_align_content\">\n<tbody>\n<tr>\n<td style=\"padding: 20px 0 0 0;\">\n<ul>\n<li><a href=\"\/pages\/?page_id=85\">Voir la page d\u00e9di\u00e9e \u00e0 la formation<\/a><\/li>\n<\/ul>\n<\/td>\n<\/tr>\n<\/tbody>\n<\/table>\n<table style=\"border-collapse: collapse; width: 100%;\">\n<tbody>\n<tr>\n<td style=\"width: 100%;\">\n<p>Vous souhaitez vous pr\u00e9senter aux s\u00e9lections pour l\u2019entr\u00e9e en formation ASS, EJE, ES (dipl\u00f4mes de niveau 6 grad\u00e9s Licence), vous devez \u00eatre titulaire ou \u00eatre en cours d&rsquo;obtention d&rsquo;un Bac ou dipl\u00f4me \u00e9quivalent de niveau 4.<\/p>\n<p>Vous n\u2019avez pas les dipl\u00f4mes requis (dipl\u00f4me de niveau 4\u00a0 : baccalaur\u00e9at ou \u00e9quivalent), <strong><a href=\"https:\/\/www.imf.asso.fr\/pages\/wp-content\/uploads\/Dossier-VAP-imf-2.pdf\">demandez une dispense de titre ou dipl\u00f4me<\/a> par le biais de la VAP, Validation des Acquis Professionnels \/ Personnels\u00a0<\/strong>(<em>d\u00e9cret n\u00b0 85-906 du 23 ao\u00fbt 1985<\/em>).<\/p>\n<\/td>\n<\/tr>\n<\/tbody>\n<\/table>\n<table style=\"border-collapse: collapse; width: 100%;\">\n<tbody>\n<tr class=\"cell_background_title\" style=\"height: 39px;\">\n<td style=\"height: 39px; width: 99.8667%;\">\u00a0<span style=\"color: #1d60ab; font-size: 18pt;\">LES S\u00c9LECTIONS<\/span><\/td>\n<\/tr>\n<tr style=\"height: 95px;\">\n<td style=\"height: 95px; width: 99.8667%;\"><\/p>\n<p><span style=\"color: #1d60ab;\">EN SAVOIR PLUS SUR LES \u00c9PREUVES DE S\u00c9LECTION :<\/span><\/p>\n<p>Votre admission sera d\u00e9termin\u00e9e \u00e0 partir d\u2019une \u00e9preuve de s\u00e9lection compos\u00e9e :<\/p>\n<ul>\n<li style=\"list-style-type: none;\">\n<ul>\n<li>D\u2019un \u00e9crit qui pr\u00e9sente votre aptitude et votre motivation \u00e0 rentrer en formation (maxi 2 pages) qui servira de support \u00e0 l\u2019entretien pour les candidats qui ont quitt\u00e9 le syst\u00e8me scolaire depuis plus de 3 ans et d&rsquo;un dossier sur parcoursup pour ceux qui sont en continuit\u00e9 de parcours scolaire.<\/li>\n<li>D\u2019un entretien de 20 minutes\n<\/li>\n<\/ul>\n<\/li>\n<\/ul>\n<ul>\n<li><span style=\"color: #4a474b;\"><a href=\"https:\/\/www.imf.asso.fr\/pages\/wp-content\/uploads\/protocole_selection_niveau6_dec2025.pdf\">Consulter le Protocole de s\u00e9lection<\/a> et le <a href=\"https:\/\/www.imf.asso.fr\/pages\/wp-content\/uploads\/calendrier-NIV-6-2025-2026-2-1.pdf\">calendrier des s\u00e9lections<\/a>\u00a0 pour mieux comprendre le d\u00e9roul\u00e9 des s\u00e9lections.<\/span><\/li>\n<li>Pour toute information compl\u00e9mentaire, contactez notre <a href=\"https:\/\/www.imf.asso.fr\/pages\/?page_id=16\">service Informations et Conseils<\/a> ou participez \u00e0 l&rsquo;une de <a href=\"https:\/\/www.imf.asso.fr\/pages\/?page_id=2994\">nos r\u00e9unions d&rsquo;information<\/a> en pr\u00e9sentiel ou en visio-conf\u00e9rence.<\/li>\n<li>Le dossier d&rsquo;inscription sera trait\u00e9 par nos services uniquement apr\u00e8s r\u00e9ception de <span style=\"color: #1d60ab;\">la totalit\u00e9 des pi\u00e8ces demand\u00e9es<\/span>.\u00a0\n<\/li>\n<\/ul>\n<\/td>\n<\/tr>\n<tr>\n<td style=\"width: 99.8667%;\">\u00a0<\/td>\n<\/tr>\n<tr>\n<td style=\"width: 99.8667%;\">\n<p><span style=\"color: #ff6600; font-size: 14pt;\"><img decoding=\"async\" loading=\"lazy\" class=\"alignnone wp-image-12501 size-full\" src=\"https:\/\/www.imf.asso.fr\/pages\/wp-content\/uploads\/Bannieres-Niv6.gif\" alt=\"\" width=\"800\" height=\"100\" \/><br \/>\n<\/span><\/p>\n<p><span style=\"color: #ff6600; font-size: 14pt;\"><span style=\"font-size: 14pt; color: #f6a140;\"><strong>S\u2019INSCRIRE POUR UNE ENTR\u00c9E EN FORMATION EN SEPTEMBRE 2025<\/strong><\/span><br \/>\n<\/span><\/p>\n<p><span style=\"color: #ffffff; background: linear-gradient(90deg, rgba(45,182,219,1) 0%, rgba(29,96,171,1) 100%); padding: 13px 13px 11px 13px; border-radius: 13px;\"><span style=\"font-size: 18pt;\">Formation initiale\u00a0<\/span><\/span><\/p>\n<p>(Formation financ\u00e9e par le Conseil R\u00e9gional R\u00e9gion Sud PACA)<\/p>\n<p>Pour les \u00e9tudiants en continuit\u00e9 de parcours scolaire ou demandeurs d&#8217;emploi. Vous devrez passer des \u00e9preuves de s\u00e9lection.<\/p>\n<p><span style=\"color: #f6a140;\">Si vous \u00eates en continuit\u00e9 de parcours scolaire ou que vous avez quitt\u00e9 le syst\u00e8me scolaire depuis moins de 3 ans<\/span>\u00a0 <span style=\"color: #1d60ab;\">\u279c<\/span> <span style=\"color: #1d60ab;\">inscription sur PARCOURSUP<\/span><\/p>\n<p><span style=\"color: #ffffff; background: linear-gradient(90deg, rgba(45,182,219,1) 0%, rgba(29,96,171,1) 100%); padding: 13px 13px 11px 13px; border-radius: 13px;\"><span style=\"font-size: 18pt;\">Formation en cours d&#8217;emploi\u00a0<\/span><\/span><\/p>\n<p>Formation ouverte aux personnes salari\u00e9es dont l\u2019employeur ou un organisme paritaire (OPCO, Transition Pro\u2026.) finance l\u2019int\u00e9gralit\u00e9 du co\u00fbt de la formation.<\/p>\n<p><span style=\"font-size: 12pt; color: #ff6600; font-family: Lato;\"><span style=\"font-size: 14pt; color: #f6a140;\"><strong>DA<span style=\"color: #f6a140;\">NS CES 2<\/span> CAS DE FIGURES, <span style=\"color: #f6a140;\">VOUS DE<\/span>VEZ :<\/strong><\/span><\/span><\/p>\n<p><span style=\"color: #ffffff; background: linear-gradient(90deg, rgba(45,182,219,1) 0%, rgba(29,96,171,1) 100%); padding: 8px 13px 8px 13px; border-radius: 20px;\"><span style=\"font-size: 18pt;\">\u00a0 <span style=\"font-size: 12pt;\">\u279c\u00a0<strong> D\u00e9poser votre candidature<\/strong><\/span><\/span><\/span><\/p>\n<p><span style=\"color: #f6a140;\">Si vous avez quitt\u00e9 le syst\u00e8me scolaire depuis plus de 3 ans :<\/span><\/p>\n<ol>\n<li style=\"list-style-type: none;\">1. Pr\u00e9parez <strong><span style=\"color: #1d60ab;\">votre CV<\/span><span style=\"color: #1d60ab;\">, vos dipl\u00f4mes et votre <\/span><span style=\"color: #1d60ab;\">carte d\u2019identit\u00e9<\/span><\/strong>\u00a0recto\/verso (ou passeport ou titre de s\u00e9jour)<\/li>\n<li style=\"list-style-type: none;\">2. R\u00e9digez <span style=\"color: #1d60ab;\"><strong>un \u00e9crit de<span style=\"color: #1d60ab;\"> 2<\/span> pages<\/strong><\/span> maximum sur votre parcours et votre projet professionnel et de formation (sauf pour les apprentis)<\/li>\n<li style=\"list-style-type: none;\">3. D\u00e9posez votre candidature <span style=\"color: #1d60ab;\"><a style=\"color: #1d60ab;\" href=\"https:\/\/imf.ymag.cloud\/index.php\/preinscription\/\">en <strong>cliquant ici<\/strong><\/a>\u00a0<\/span><br \/>\nPour rappel, vous pourrez retourner \u00e0 tout moment dans votre dossier en ligne.<\/p>\n<p>A l&rsquo;issue de votre inscription sur le portail, vous recevrez un mail qui vous donnera le lien vous permettant d&rsquo;effectuer le r\u00e8glement des frais de s\u00e9lection de 80\u20ac.<\/li>\n<\/ol>\n<p><span style=\"color: #f6a140;\">Si vous \u00eates en continuit\u00e9 de parcours scolaire ou que vous avez quitt\u00e9 le syst\u00e8me scolaire depuis moins de 3 ans<\/span>\u00a0 <span style=\"color: #1d60ab;\">\u279c<\/span> <span style=\"color: #1d60ab;\">inscription sur PARCOURSUP<\/span><\/p>\n<table style=\"width: 100%; border-collapse: collapse; border-style: hidden; height: 115px;\">\n<tbody>\n<tr style=\"height: 179px;\">\n<td style=\"width: 732.188px; height: 115px;\">\n<p><span style=\"color: #ffffff; background: linear-gradient(90deg, #2db6db 0%, #1d60ab 100%); padding: 8px 13px 8px; border-radius: 20px; font-size: 12pt;\"><strong>\u279c\u00a0 Si vous avez un employeur \u00a0<\/strong><\/span><\/p>\n<p>Vous devrez \u00e9galement faire compl\u00e9ter <span style=\"color: #1d60ab;\">l&rsquo;attestation de prise en charge employeur<\/span>\u00a0et demander <span style=\"color: #1d60ab;\">un devis de formation<\/span> aupr\u00e8s du service ICO (imfinfos@imf.asso.fr). Ces documents seront \u00e0 d\u00e9poser ult\u00e9rieurement dans votre espace apr\u00e8s r\u00e9ception d&rsquo;un mail vous invitant \u00e0 le faire.<\/p>\n<p><span style=\"color: #1d60ab;\">\u279c<\/span>T\u00e9l\u00e9charger l&rsquo;<a href=\"https:\/\/www.imf.asso.fr\/pages\/wp-content\/uploads\/Attestation-prise-en-charge-employeur-maj-2024.pdf\">attestation de prise en charge employeur<\/a><\/p>\n<p>&nbsp;<\/p>\n<p><span style=\"color: #ffffff; background: linear-gradient(90deg, rgba(45,182,219,1) 0%, rgba(29,96,171,1) 100%); padding: 13px 13px 11px 13px; border-radius: 13px;\"><span style=\"font-size: 18pt;\">Formation en apprentissage\u00a0<\/span><\/span><\/p>\n<p><a href=\"https:\/\/www.imf.asso.fr\/pages\/?page_id=10619\">Cliquer ici<\/a><\/p>\n<\/td>\n<\/tr>\n<tr>\n<td style=\"width: 732.188px;\">\u00a0<\/td>\n<\/tr>\n<\/tbody>\n<\/table>\n<p><!---\n\n\n\n\n\n\n\n\n\n\n\n\n\n\n\n\n\n\n\n\n\n\n\n\n\n\n\n\n\n\n\n\n\n\n\n\n\n\n\n\n\n\n\n\n\n\n\n\n\n\n\n\n\n\n\n\n\n\n\n\n\n\n\n\n\n\n\n\n\n\n\n\n\n\n\n\n\n\n\n\n\n\n\n\n\n\n\n\n\n\n\n\n\n\n\n\n\n\n\n\n\n\n\n\n\n\n\n\n\n\n\n\n\n\n\n\n\n<table class=\"cell_align_content\">\n\n\n<tbody>\n\n\n<tr class=\"cell_background_title\">\n\n\n<td style=\"width: 748.75px;\">Epreuves de s\u00e9lection d\u2019entr\u00e9e en formation d\u2019Etat d\u2019Accompagnant Educatif et Social<\/td>\n\n\n<\/tr>\n\n\n\n\n<tr>\n\n\n<td style=\"width: 748.75px;\">\n\n\n<ul>\n\t\n\n<li>Un dossier de candidature compos\u00e9\n<span style=\"display: inline-block; width: 0px; overflow: hidden; line-height: 0;\" data-mce-type=\"bookmark\" class=\"mce_SELRES_start\"><\/span>\n\n\n<ul>\n\t\n\n<li>D\u2019un curriculum vitae<\/li>\n\n\n\t\n\n<li>D\u2019un \u00e9crit pr\u00e9sentant le parcours et projet professionnel du candidat (2 pages)<\/li>\n\n\n<\/ul>\n\n\n<\/li>\n\n\n\t\n\n<li>Une \u00e9preuve orale d\u2019admission (30 minutes)\n\n\n\n\n\n\n\n\n\n\n\n\n\n\n\n\n\n\n\n\n\n\n\n\n\n\n\n\n\n\n\n\n\n\n\n\n\n\n\n\n\n\n\n\n\n\n\n\n\n\n\n\n\n\n\n\n\n\n\n\n\n\n\n\n\n\n\n\n\n\n\n\n\n\n\n\n\n\n\n\n\n\n\n\n\n\n\n\n\n\n\n\n\n\n\n\n\n\n\n\n\n\n\n\n\n\n\n\n\n\n\n\n\n\n\n\n\n\n<ul>\n\t\n\n<li>Entretien sur la base d\u2019un questionnaire ouvert, bas\u00e9 sur le projet de formation du candidat<\/li>\n\n\n<\/ul>\n\n\n<\/li>\n\n\n<\/ul>\n\n\n<\/td>\n\n\n<\/tr>\n\n\n<\/tbody>\n\n\n<\/table>\n\n\n<\/td>\n\n\n<\/tr>\n\n\n<\/tbody>\n\n\n<\/table>\n\n\n<span style=\"display: inline-block; width: 0px; overflow: hidden; line-height: 0;\" data-mce-type=\"bookmark\" class=\"mce_SELRES_start\"><\/span>\n\n\n\n\n\n\n\n\n\n\n\n\n---><\/td>\n<\/tr>\n<\/tbody>\n<\/table>\n","protected":false},"excerpt":{"rendered":"<div class=\"post_sous-title\"><a title=\"Permalien vers ASS\" href=\"\/pages\/?page_id=614\" rel=\"bookmark\">Assistant de Service Social \/ Educateur de Jeunes Enfants \/ Educateur Sp\u00e9cialis\u00e9<\/a><\/div>\n","protected":false},"author":1,"featured_media":10476,"parent":109,"menu_order":3,"comment_status":"closed","ping_status":"closed","template":"template-twocolumnsleft.php","meta":{"footnotes":""},"_links":{"self":[{"href":"https:\/\/www.imf.asso.fr\/pages\/index.php?rest_route=\/wp\/v2\/pages\/614"}],"collection":[{"href":"https:\/\/www.imf.asso.fr\/pages\/index.php?rest_route=\/wp\/v2\/pages"}],"about":[{"href":"https:\/\/www.imf.asso.fr\/pages\/index.php?rest_route=\/wp\/v2\/types\/page"}],"author":[{"embeddable":true,"href":"https:\/\/www.imf.asso.fr\/pages\/index.php?rest_route=\/wp\/v2\/users\/1"}],"replies":[{"embeddable":true,"href":"https:\/\/www.imf.asso.fr\/pages\/index.php?rest_route=%2Fwp%2Fv2%2Fcomments&post=614"}],"version-history":[{"count":6,"href":"https:\/\/www.imf.asso.fr\/pages\/index.php?rest_route=\/wp\/v2\/pages\/614\/revisions"}],"predecessor-version":[{"id":17047,"href":"https:\/\/www.imf.asso.fr\/pages\/index.php?rest_route=\/wp\/v2\/pages\/614\/revisions\/17047"}],"up":[{"embeddable":true,"href":"https:\/\/www.imf.asso.fr\/pages\/index.php?rest_route=\/wp\/v2\/pages\/109"}],"wp:featuredmedia":[{"embeddable":true,"href":"https:\/\/www.imf.asso.fr\/pages\/index.php?rest_route=\/wp\/v2\/media\/10476"}],"wp:attachment":[{"href":"https:\/\/www.imf.asso.fr\/pages\/index.php?rest_route=%2Fwp%2Fv2%2Fmedia&parent=614"}],"curies":[{"name":"wp","href":"https:\/\/api.w.org\/{rel}","templated":true}]}}