{"id":5823,"date":"2020-11-13T11:26:20","date_gmt":"2020-11-13T10:26:20","guid":{"rendered":"https:\/\/www.imf.asso.fr\/pages\/?page_id=5823"},"modified":"2025-09-04T16:48:18","modified_gmt":"2025-09-04T14:48:18","slug":"formation-preparatoire-oasis-2","status":"publish","type":"page","link":"https:\/\/www.imf.asso.fr\/pages\/?page_id=5823","title":{"rendered":"OASISS Handicap"},"content":{"rendered":"<p><span style=\"font-size: 10pt;\">A destination des personnes disposant (ou en cours d&rsquo;acquisition) d&rsquo;une <a href=\"https:\/\/www.monparcourshandicap.gouv.fr\/aides\/la-maison-departementale-des-personnes-handicapees-mdph-missions-et-fonctionnement\">RQTH<\/a> (Reconnaissance de la Qualit\u00e9 de Travailleur Handicap\u00e9)<\/span><\/p>\n<p><!--more--><\/p>\n<p><img decoding=\"async\" loading=\"lazy\" class=\"aligncenter wp-image-11259 \" src=\"https:\/\/www.imf.asso.fr\/pages\/wp-content\/uploads\/oasiss-1024x904.png\" alt=\"\" width=\"667\" height=\"589\" srcset=\"https:\/\/www.imf.asso.fr\/pages\/wp-content\/uploads\/oasiss-1024x904.png 1024w, https:\/\/www.imf.asso.fr\/pages\/wp-content\/uploads\/oasiss-300x265.png 300w, https:\/\/www.imf.asso.fr\/pages\/wp-content\/uploads\/oasiss-768x678.png 768w, https:\/\/www.imf.asso.fr\/pages\/wp-content\/uploads\/oasiss-945x835.png 945w, https:\/\/www.imf.asso.fr\/pages\/wp-content\/uploads\/oasiss.png 1045w\" sizes=\"(max-width: 667px) 100vw, 667px\" \/><\/p>\n<h2 style=\"text-align: center;\"><span style=\"color: #ef7d05;\"><strong>BIENVENUE DANS LE PARCOURS OASISS<\/strong><\/span><\/h2>\n<p style=\"text-align: center;\"><span style=\"font-size: 13pt;\"><strong>O<\/strong><strong>rientation<\/strong> \u2013 <strong>A<\/strong><strong>ccompagnement<\/strong>\u2013 <strong>S<\/strong><strong>ecteur<\/strong> <strong>I<\/strong><strong>ntervention<\/strong> <strong>S<\/strong><strong>ociale et Soin<\/strong><\/span><\/p>\n<p style=\"text-align: center;\"><a style=\"padding: 10px; border-radius: 20px; background-color: #5ec5e8; color: #fff;\" href=\"https:\/\/www.imf.asso.fr\/pages\/wp-content\/uploads\/Plaquette-OASISS-Employeurs-IMFRIS-AVIGNON.pdf\"><strong>\u00a0Plaquette de pr\u00e9sentation Employeurs\u00a0<\/strong><\/a> \u00a0 <a style=\"padding: 10px; border-radius: 20px; background-color: #5ec5e8; color: #fff;\" href=\"https:\/\/www.imf.asso.fr\/pages\/wp-content\/uploads\/Plaquette-OASISS-Candidats-IMFRIS-AVIGNON.pdf\"><strong>\u00a0Plaquette de pr\u00e9sentation Candidats\u00a0<\/strong><\/a><\/p>\n<p style=\"margin: 0 20px 10px;\">Vous souhaitez vous former \u00e0 un m\u00e9tier de l&rsquo;intervention sociale ou du soin ?<\/p>\n<p style=\"margin: 0 20px 10px;\">OASISS vous propose un accompagnement personnalis\u00e9 pour vous permettre de vous former et d&rsquo;acc\u00e9der \u00e0 une formation qualifiante.<\/p>\n<p style=\"margin: 0 20px 10px;\">S&rsquo;adressant \u00e9galement aux \u00e9tablissements en recherche de personnel qualifi\u00e9, OASISS accompagne les structures et favorise les recrutements sereins.<\/p>\n<p>\n<\/p>\n<p><iframe loading=\"lazy\" style=\"display: block; margin: 0 auto; text-align: center;\" title=\"YouTube video player\" src=\"https:\/\/www.youtube.com\/embed\/LGBHQsn_3BE?si=RTvdIUgi3wyzt0Fx\" width=\"560\" height=\"315\" frameborder=\"0\" allowfullscreen=\"allowfullscreen\"><span style=\"display: inline-block; width: 0px; overflow: hidden; line-height: 0;\" data-mce-type=\"bookmark\" class=\"mce_SELRES_start\">\ufeff<\/span><span style=\"display: inline-block; width: 0px; overflow: hidden; line-height: 0;\" data-mce-type=\"bookmark\" class=\"mce_SELRES_start\">\ufeff<\/span><\/iframe><\/p>\n<p>&nbsp;<\/p>\n<table style=\"height: 375px; width: 100%; border-collapse: collapse; border-style: hidden;\">\n<tbody>\n<tr style=\"height: 375px;\">\n<td style=\"width: 50%; height: 375px;\">\n<p style=\"color: #ef7d05; font-size: 18pt; margin: 0;\"><strong>S&rsquo;INSCRIRE :<\/strong><\/p>\n<ul>\n<li style=\"list-style-type: none;\">\n<ol>\n<li><strong>Compl\u00e9ter la <\/strong><a href=\"https:\/\/www.imf.asso.fr\/pages\/wp-content\/uploads\/OASISS-Fiche-inscription-2025-2026-3.pdf\"><strong>fiche d&rsquo;inscription<\/strong><\/a><\/li>\n<li><strong>Nous la renvoyer<\/strong>, accompagn\u00e9e des pi\u00e8ces demand\u00e9es, \u00e0 l&rsquo;adresse suivante : <span style=\"color: #ef7d05;\"><strong>oasiss.avignon@imf.asso.fr<\/strong><\/span><\/li>\n<li><span data-olk-copy-source=\"MessageBody\">. A la r\u00e9ception de votre dossier, <\/span>vous serez convi\u00e9 \u00e0 un entretien individuel avec la r\u00e9f\u00e9rente Handicap\/Oasiss, Mme Anne COLOMBO, pour \u00e9tudier la faisabilit\u00e9 de votre projet.<\/li>\n<li>Si votre candidature est retenue, vous serez convoqu\u00e9 pour <strong>un entretien de positionnement<\/strong> (entretien oral + test informatique et de fran\u00e7ais) \u00e0 l&rsquo;une des dates suivantes :\n<ul>\n<li>9 septembre matin<\/li>\n<li>23 septembre matin<\/li>\n<li>7 octobre apr\u00e8s-midi<\/li>\n<li>5 novembre matin<\/li>\n<li>18 novembre matin<\/li>\n<li>2 d\u00e9cembre matin<\/li>\n<\/ul>\n<\/li>\n<\/ol>\n<\/li>\n<\/ul>\n<\/td>\n<td style=\"width: 50%; height: 375px;\">\n<p style=\"margin: 0; color: #ef7d05; font-size: 18pt;\"><strong>S&rsquo;IN<span style=\"color: #ef7d05;\">FOR<\/span>MER\u00a0:<\/strong><\/p>\n<ul style=\"margin: 0;\">\n<li>Ouverture de la prochaine session : <br \/>\nen <strong>d\u00e9cembre 2025<\/strong> sur l&rsquo;<strong>IMF RIS Avignon<\/strong>.<br \/>\n<em><span style=\"color: #ef7d05;\">\u279c<\/span> Consulter le <a href=\"https:\/\/www.imf.asso.fr\/pages\/wp-content\/uploads\/V2-PrepaOASISS_2526.pdf\"><strong>calendrier de la session 2025-2026<\/strong><\/a><\/em><\/li>\n<li><strong><a href=\"https:\/\/www.imf.asso.fr\/pages\/wp-content\/uploads\/IMF-RIS-OASISS-Affiche-format-A3-2024.pdf\">L&rsquo;affiche <\/a><\/strong>du parcours OASISS Handicap<\/li>\n<li>Participer \u00e0 une <a href=\"https:\/\/www.imf.asso.fr\/pages\/?page_id=11272\"><strong>r\u00e9union d&rsquo;information collective<\/strong><\/a><\/li>\n<li>D\u00e9couvrir <a href=\"https:\/\/www.imf.asso.fr\/pages\/?p=13358\">les t\u00e9moignages de nos \u00e9tudiants<\/a><\/li>\n<\/ul>\n<\/td>\n<\/tr>\n<\/tbody>\n<\/table>\n<p style=\"text-align: center; ; padding: 0; margin: 0;\"><span style=\"font-size: 14pt;\"><span style=\"font-size: 12pt;\">Pour tout compl\u00e9ment d&rsquo;information :<br \/>\n<\/span> <\/span><\/p>\n<p style=\"background-color: #5ec5e8; color: #fff; margin: 0 auto 10px auto; padding: 10px; width: 400px; text-align: center; border-radius: 20px;\"><span style=\"font-size: 14pt;\"><strong>oasiss.avignon@imf.asso.fr<\/strong> | <strong>04 13 35 46 86<\/strong><\/span><\/p>\n<p>&nbsp;<\/p>\n<p><img decoding=\"async\" loading=\"lazy\" class=\"alignnone wp-image-11297 size-large\" src=\"https:\/\/www.imf.asso.fr\/pages\/wp-content\/uploads\/bandeau-logos-1024x119.png\" alt=\"\" width=\"945\" height=\"110\" srcset=\"https:\/\/www.imf.asso.fr\/pages\/wp-content\/uploads\/bandeau-logos-1024x119.png 1024w, https:\/\/www.imf.asso.fr\/pages\/wp-content\/uploads\/bandeau-logos-300x35.png 300w, https:\/\/www.imf.asso.fr\/pages\/wp-content\/uploads\/bandeau-logos-768x89.png 768w, https:\/\/www.imf.asso.fr\/pages\/wp-content\/uploads\/bandeau-logos-1536x179.png 1536w, https:\/\/www.imf.asso.fr\/pages\/wp-content\/uploads\/bandeau-logos-2048x239.png 2048w, https:\/\/www.imf.asso.fr\/pages\/wp-content\/uploads\/bandeau-logos-945x110.png 945w\" sizes=\"(max-width: 945px) 100vw, 945px\" \/><\/p>\n","protected":false},"excerpt":{"rendered":"<p><span style=\"font-size: 10pt;\">A destination des personnes disposant (ou en cours d&rsquo;acquisition) d&rsquo;une <a href=\"https:\/\/www.monparcourshandicap.gouv.fr\/aides\/la-maison-departementale-des-personnes-handicapees-mdph-missions-et-fonctionnement\">RQTH<\/a> (Reconnaissance de la Qualit\u00e9 de Travailleur Handicap\u00e9)<\/span><\/p><p><a class=\"more-link btn\" href=\"https:\/\/www.imf.asso.fr\/pages\/?page_id=5823\">Lire la suite<\/a><\/p>\n","protected":false},"author":1,"featured_media":0,"parent":42,"menu_order":4,"comment_status":"closed","ping_status":"closed","template":"template-twocolumnsleft.php","meta":{"footnotes":""},"_links":{"self":[{"href":"https:\/\/www.imf.asso.fr\/pages\/index.php?rest_route=\/wp\/v2\/pages\/5823"}],"collection":[{"href":"https:\/\/www.imf.asso.fr\/pages\/index.php?rest_route=\/wp\/v2\/pages"}],"about":[{"href":"https:\/\/www.imf.asso.fr\/pages\/index.php?rest_route=\/wp\/v2\/types\/page"}],"author":[{"embeddable":true,"href":"https:\/\/www.imf.asso.fr\/pages\/index.php?rest_route=\/wp\/v2\/users\/1"}],"replies":[{"embeddable":true,"href":"https:\/\/www.imf.asso.fr\/pages\/index.php?rest_route=%2Fwp%2Fv2%2Fcomments&post=5823"}],"version-history":[{"count":4,"href":"https:\/\/www.imf.asso.fr\/pages\/index.php?rest_route=\/wp\/v2\/pages\/5823\/revisions"}],"predecessor-version":[{"id":14296,"href":"https:\/\/www.imf.asso.fr\/pages\/index.php?rest_route=\/wp\/v2\/pages\/5823\/revisions\/14296"}],"up":[{"embeddable":true,"href":"https:\/\/www.imf.asso.fr\/pages\/index.php?rest_route=\/wp\/v2\/pages\/42"}],"wp:attachment":[{"href":"https:\/\/www.imf.asso.fr\/pages\/index.php?rest_route=%2Fwp%2Fv2%2Fmedia&parent=5823"}],"curies":[{"name":"wp","href":"https:\/\/api.w.org\/{rel}","templated":true}]}}