{"id":5784,"date":"2020-11-09T19:20:21","date_gmt":"2020-11-09T18:20:21","guid":{"rendered":"https:\/\/www.imf.asso.fr\/pages\/?page_id=5784"},"modified":"2026-03-26T10:26:15","modified_gmt":"2026-03-26T09:26:15","slug":"vous-etes-en-situation-de-handicap","status":"publish","type":"page","link":"https:\/\/www.imf.asso.fr\/pages\/?page_id=5784","title":{"rendered":"Vous \u00eates en situation de handicap"},"content":{"rendered":"<p>&nbsp;<\/p>\n<p><span style=\"font-size: 18pt;\"><span style=\"color: #1b60ab;\"><strong>Vous \u00eates en situation de handicap et souhaitez \u00eatre accompagn\u00e9 <br \/>\nau sein de nos \u00e9tablissements de formation ? <\/strong><\/span><\/span><\/p>\n<p><span style=\"font-size: 18pt;\"><span style=\"font-size: 12pt;\">L&rsquo;IMF RIS vous soutient pendant vos \u00e9tudes :\u00a0 accompagnement renforc\u00e9, am\u00e9nagement du poste, am\u00e9nagement des \u00e9preuves de fin de formation ou des \u00e9preuves de s\u00e9lection, int\u00e9gration du parcours <a href=\"https:\/\/www.imf.asso.fr\/pages\/?page_id=5823\">OASISS Handicap<\/a>&#8230; <\/span><\/span><\/p>\n<table class=\" alignright\" style=\"height: 335px; width: 52.6665%; border-collapse: collapse; margin: 0px 10px 45px 40px;\" cellpadding=\"10\">\n<tbody>\n<tr style=\"background-color: #1b60ab;\">\n<td style=\"width: 10.4606%; height: 54px; vertical-align: middle;\"><span style=\"color: #ffffff;\"><strong id=\"yui_3_18_1_1_1695803908481_9652\">SITE<\/strong><\/span><\/td>\n<td style=\"width: 8.01259%; height: 54px; vertical-align: middle;\"><span style=\"color: #ffffff;\"><strong>R\u00c9F\u00c9RENT HANDICAP<\/strong><\/span><\/td>\n<\/tr>\n<tr style=\"height: 62px;\">\n<td style=\"width: 10.4606%; height: 33px; vertical-align: middle;\"><span style=\"color: #1b60ab;\"><strong id=\"yui_3_18_1_1_1695803908481_9652\">AVIGNON\u00a0<br \/>\n<\/strong><\/span><span style=\"font-size: 10pt;\">Uniquement niveaux 3 et 4<\/span><\/td>\n<td style=\"width: 8.01259%; height: 33px; vertical-align: middle;\"><!--\n\n\n\n\n\n\n\n\n\n\n<p><strong>Anne COLOMBO<\/strong><br \/>\n<a href=\"mailto:f.jordan@imf.asso.fr\">a.colombo@imf.asso.fr<\/a><\/p>\n\n\n\n\n\n\n\n\n\n\n--><\/p>\n<div class=\"x_elementToProof\" role=\"presentation\"><strong>J\u00e9r\u00f4me BONICI<br \/>\n<\/strong><a href=\"mailto:j.bonici@imf.asso.fr\">j.bonici@imf.asso.fr<\/a><\/div>\n<\/td>\n<\/tr>\n<tr style=\"height: 62px;\">\n<td style=\"width: 10.4606%; height: 33px; vertical-align: middle;\"><span style=\"color: #1b60ab;\"><strong id=\"yui_3_18_1_1_1695803908481_9652\">AVIGNON\u00a0<br \/>\n<\/strong><\/span><span style=\"font-size: 10pt;\">Uniquement niveau 7<\/span><\/td>\n<td style=\"width: 8.01259%; height: 33px; vertical-align: middle;\"><!--\n\n\n\n\n\n\n\n\n\n\n<p><strong>Anne COLOMBO<\/strong><br \/>\n<a href=\"mailto:f.jordan@imf.asso.fr\">a.colombo@imf.asso.fr<\/a><\/p>\n\n\n\n\n\n\n\n\n\n\n--><\/p>\n<div class=\"x_elementToProof\" role=\"presentation\"><strong>Simon PITAUD<br \/>\n<\/strong><a href=\"mailto:s.pitaud@imf.asso.fr\">s.pitaud@imf.asso.fr<\/a><\/div>\n<\/td>\n<\/tr>\n<tr style=\"height: 62px;\">\n<td style=\"width: 10.4606%; height: 62px; vertical-align: middle;\"><span style=\"color: #1b60ab;\"><strong id=\"yui_3_18_1_1_1695803908481_1758\">MARSEILLE\u00a0<br \/>\n<\/strong><\/span><span style=\"font-size: 10pt;\">Uniquement niveaux 3 et 4<\/span><\/td>\n<td style=\"width: 8.01259%; height: 62px; vertical-align: middle;\"><strong>St\u00e9phanie VERON GODELU<br \/>\n<\/strong><a href=\"mailto:s.veron-godelu@imf.asso.fr\">s.veron-godelu@imf.asso.fr<\/a><\/td>\n<\/tr>\n<tr style=\"height: 62px;\">\n<td style=\"width: 10.4606%; height: 62px; vertical-align: middle;\"><span style=\"color: #1d60ab;\"><strong id=\"yui_3_18_1_1_1695803908481_1758\">MARSEILLE et AVIGNON\u00a0<br \/>\n<\/strong><\/span><span style=\"font-size: 10pt;\">Uniquement niveau 6<\/span><\/td>\n<td style=\"width: 8.01259%; height: 62px; vertical-align: middle;\"><strong>Jacqueline GREBERT<\/strong><br \/>\n<a href=\"mailto:j.grebert@imf.asso.fr\">j.grebert@imf.asso.fr<\/a><\/td>\n<\/tr>\n<tr style=\"height: 62px;\">\n<td style=\"width: 10.4606%; height: 62px; vertical-align: middle;\"><span style=\"color: #1d60ab;\"><strong id=\"yui_3_18_1_1_1695803908481_1758\">MARSEILLE\u00a0<br \/>\n<\/strong><\/span><span style=\"font-size: 10pt;\">Uniquement ES FI<\/span><\/td>\n<td style=\"width: 8.01259%; height: 62px; vertical-align: middle;\"><strong>Marion ROSSET<\/strong><br \/>\n<a href=\"mailto:m.rosset@imf.asso.fr\">m.rosset@imf.asso.fr<\/a><\/td>\n<\/tr>\n<tr style=\"height: 62px;\">\n<td style=\"width: 10.4606%; height: 62px; vertical-align: middle;\"><strong id=\"yui_3_18_1_1_1695803908481_1758\"><span style=\"color: #1b60ab;\">ARLES\u00a0<br \/>\n<\/span><\/strong><span style=\"font-size: 10pt;\">Toutes formations<\/span><\/td>\n<td style=\"width: 8.01259%; height: 62px; vertical-align: middle;\"><strong>Christine MOULERY<br \/>\n<\/strong><a href=\"mailto:c.moulery@imf.asso.fr\">c.moulery@imf.asso.fr<\/a><\/td>\n<\/tr>\n<tr style=\"height: 62px;\">\n<td style=\"width: 10.4606%; height: 62px; vertical-align: middle;\"><strong id=\"yui_3_18_1_1_1695803908481_1758\"><span style=\"color: #1b60ab;\">MARSEILLE, AVIGNON ET ARLES\u00a0<br \/>\n<\/span><\/strong><span style=\"font-size: 10pt;\">Uniquement apprentis (tous niveaux)<\/span><\/td>\n<td style=\"width: 8.01259%; height: 62px; vertical-align: middle;\"><strong>Marie LIEVAUX<br \/>\n<\/strong><a href=\"mailto:c.moulery@imf.asso.fr\">imf.cfa@imf.asso.fr<\/a><\/td>\n<\/tr>\n<\/tbody>\n<\/table>\n<p><strong><span style=\"color: #1b60ab; font-size: 14pt;\">\u00c9tape 1 : Contact du r\u00e9f\u00e9rent handicap<\/span><br \/>\n<\/strong><span style=\"font-size: 12pt;\">En amont de votre rentr\u00e9e \u00e0 l&rsquo;IMF RIS, prenez contact avec le r\u00e9f\u00e9rent handicap correspondant \u00e0 votre formation (cf. tableau).<\/span><\/p>\n<p><strong><span style=\"color: #1b60ab; font-size: 14pt;\">\u00c9tape 2 : Avis du m\u00e9decin d\u00e9sign\u00e9 par la CDAPH<\/span><br \/>\n<\/strong><span style=\"font-size: 12pt;\">Le m\u00e9decin rend un avis proposant des am\u00e9nagements. Cet avis est alors \u00e9tudi\u00e9 par une \u00e9quipe pluri-disciplinaire pour accompagner au mieux vos besoins.\u00a0\u00a0<\/span><\/p>\n<p><strong><span style=\"color: #1b60ab; font-size: 14pt;\">\u00c9tape 3 : Mise en place du PAEH<\/span><br \/>\n<\/strong><span style=\"font-size: 12pt;\">Les am\u00e9nagements sont formalis\u00e9s, dans le cadre d\u2019un Plan d\u2019Accompagnement de l\u2019\u00c9tudiant en situation de Handicap (PAEH), au d\u00e9but du premier semestre de l\u2019ann\u00e9e de formation.<\/span><\/p>\n<p>&nbsp;<\/p>\n<hr \/>\n<p><span style=\"font-size: 14pt; color: #1b60ab;\"><strong><br \/>\nLES MISSIONS DU R\u00c9F\u00c9RENT HANDICAP<\/strong><\/span><\/p>\n<p><span style=\"font-size: 12pt; color: #333333;\">Le r\u00e9f\u00e9rent Handicap est g\u00e9n\u00e9ralement le garant de la r\u00e9ussite du parcours professionnel de la personne en situation de handicap dans le cadre du droit commun, en agissant sur les freins, \u00e0 l\u2019entr\u00e9e en formation, durant le parcours et \u00e0 l\u2019issue de la formation dans une vis\u00e9e d\u2019insertion professionnelle.<\/span><\/p>\n<p style=\"font-size: 10pt; color: #333333;\"><span style=\"font-size: 12pt;\">Dans les instituts de formation, le\u00a0<strong>r\u00e9f\u00e9rent handicap\u00a0<\/strong>a pour mission de mettre en \u0153uvre et de coordonner l\u2019accueil, l&rsquo;information et l\u2019accompagnement des \u00e9tudiants en situation de handicap. En coop\u00e9ration avec l\u2019\u00e9quipe p\u00e9dagogique, il a aussi pour mission d&rsquo;\u00e9valuer vos besoins d\u2019adaptation, d\u2019organiser et mettre en \u0153uvre vos parcours de formation..<\/span><\/p>\n<p><span style=\"font-size: 12pt;\">Un r\u00e9f\u00e9rent handicap est nomm\u00e9 sur chaque unit\u00e9 de formation, pour chaque cursus que nous proposons.<\/span><\/p>\n<p>&nbsp;<\/p>\n<hr \/>\n<p><span style=\"color: #1b60ab; font-size: 14pt;\"><strong><br \/>\nQU\u2019EST-CE QU\u2019UNE SITUATION DE HANDICAP\u00a0?\u00a0<\/strong><\/span><\/p>\n<p><span style=\"font-size: 12pt;\">Selon la\u00a0<a href=\"https:\/\/handicap.gouv.fr\/la-loi-du-11-fevrier-2005-pour-legalite-des-droits-et-des-chances#:~:text=Accessibilit%C3%A9%20Aides%20financi%C3%A8res-,La%20loi%20du%2011%20f%C3%A9vrier%202005%20pour%20l'%C3%A9galit%C3%A9%20des,la%20classification%20internationale%20du%20handicap.\" target=\"_blank\" rel=\"noopener\">loi n\u00b02005-102 du 11 f\u00e9vrier 2005<\/a> : \u00ab\u00a0<em>Constitue un handicap, toute limitation d\u2019activit\u00e9 ou restriction de participation \u00e0 la vie en soci\u00e9t\u00e9 subie dans son environnement par une personne en raison d\u2019une alt\u00e9ration substantielle, durable ou d\u00e9finitive d\u2019une ou plusieurs fonctions physiques, sensorielles, mentales, cognitives ou psychiques, d\u2019un polyhandicap ou d\u2019un trouble de sant\u00e9 invalidant.<\/em>\u00ab\u00a0<\/span><\/p>\n<p style=\"margin: 0;\"><span style=\"font-size: 12pt;\">Les situations de handicap sont pris en compte sous la nomenclature administrative suivante :<\/span><\/p>\n<ul style=\"margin-top: 0; padding-top: 0;\">\n<li><span style=\"font-size: 12pt;\">Troubles moteurs (PMR, fractures)<\/span><\/li>\n<li><span style=\"font-size: 12pt;\">Troubles intellectuels et cognitifs (dyslexie s\u00e9v\u00e8re, etc.)<\/span><\/li>\n<li><span style=\"font-size: 12pt;\">C\u00e9cit\u00e9 et autres troubles des fonctions visuelles<\/span><\/li>\n<li><span style=\"font-size: 12pt;\">Surdit\u00e9 s\u00e9v\u00e8re et profonde et autres troubles des fonctions auditives<\/span><\/li>\n<li><span style=\"font-size: 12pt;\">Troubles psychiques<\/span><\/li>\n<li><span style=\"font-size: 12pt;\">Troubles du langage et de la parole<\/span><\/li>\n<li><span style=\"font-size: 12pt;\">Troubles visc\u00e9raux<\/span><\/li>\n<li><span style=\"font-size: 12pt;\">Plusieurs troubles associ\u00e9s<\/span><\/li>\n<li><span style=\"font-size: 12pt;\">Autres troubles, maladie chronique invalidante (diab\u00e8te, maladie de Crohn, cancer, \u2026)<\/span><\/li>\n<\/ul>\n<p>&nbsp;<\/p>\n<hr \/>\n<p><span style=\"color: #1b60ab; font-size: 14pt;\"><strong><br \/>\nRESSOURCES :<\/strong><\/span><\/p>\n<ul>\n<li><strong>Bulletin officiel n\u00b0 10 du 9 mars 2023 : <\/strong>Adaptations et am\u00e9nagements des \u00e9preuves d&rsquo;examen et de concours pour les candidats en situation de handicap ou avec un trouble de sant\u00e9 invalidant.<br \/>\n\u279c\u00a0 <a href=\"https:\/\/www.enseignementsup-recherche.gouv.fr\/fr\/bo\/23\/Hebdo10\/ESRS2234137C.htm\" target=\"_blank\" rel=\"noopener\">enseignementsup-recherche.gouv.fr<\/a><\/li>\n<li><strong>Possibilit\u00e9 d&rsquo;am\u00e9nagement des \u00e9preuves de s\u00e9lection (<\/strong>se r\u00e9f\u00e9rer aux protocoles de s\u00e9lection sp\u00e9cifiques \u00e0 chaque formation ou contacter le r\u00e9f\u00e9rent Handicap)<\/li>\n<li><a href=\"https:\/\/www.imf.asso.fr\/pages\/?page_id=5823\"><strong>Parcours de formation OASISS Handicap<\/strong><\/a><\/li>\n<li><a href=\"https:\/\/www.etudiant.gouv.fr\/fr\/carte-etablissements\" target=\"_blank\" rel=\"noopener\"><strong>Liste des r\u00e9f\u00e9rents handicap r\u00e9f\u00e9renc\u00e9s\u00a0<\/strong><\/a><\/li>\n<li>Consulter \u00e9galement notre page sur <a href=\"https:\/\/www.imf.asso.fr\/pages\/?page_id=34\">les aides financi\u00e8res mobilisables<\/a><\/li>\n<\/ul>\n","protected":false},"excerpt":{"rendered":"<p>&nbsp;<\/p>\n<p><span style=\"font-size: 18pt;\"><span style=\"color: #1b60ab;\"><strong>Vous \u00eates en situation de handicap et souhaitez \u00eatre accompagn\u00e9 <br \/> au sein de nos \u00e9tablissements de formation ? <\/strong><\/span><\/span><\/p>\n<p><span style=\"font-size: 18pt;\"><span style=\"font-size: 12pt;\">L&rsquo;IMF RIS vous soutient pendant vos \u00e9tudes :\u00a0 accompagnement renforc\u00e9, am\u00e9nagement du poste, am\u00e9nagement des \u00e9preuves de fin de formation ou des \u00e9preuves de s\u00e9lection, &hellip; <\/span><\/span><\/p>\n<p><a class=\"more-link btn\" href=\"https:\/\/www.imf.asso.fr\/pages\/?page_id=5784\">Lire la suite<\/a><\/p>\n","protected":false},"author":1,"featured_media":0,"parent":0,"menu_order":0,"comment_status":"closed","ping_status":"closed","template":"","meta":{"footnotes":""},"_links":{"self":[{"href":"https:\/\/www.imf.asso.fr\/pages\/index.php?rest_route=\/wp\/v2\/pages\/5784"}],"collection":[{"href":"https:\/\/www.imf.asso.fr\/pages\/index.php?rest_route=\/wp\/v2\/pages"}],"about":[{"href":"https:\/\/www.imf.asso.fr\/pages\/index.php?rest_route=\/wp\/v2\/types\/page"}],"author":[{"embeddable":true,"href":"https:\/\/www.imf.asso.fr\/pages\/index.php?rest_route=\/wp\/v2\/users\/1"}],"replies":[{"embeddable":true,"href":"https:\/\/www.imf.asso.fr\/pages\/index.php?rest_route=%2Fwp%2Fv2%2Fcomments&post=5784"}],"version-history":[{"count":4,"href":"https:\/\/www.imf.asso.fr\/pages\/index.php?rest_route=\/wp\/v2\/pages\/5784\/revisions"}],"predecessor-version":[{"id":16847,"href":"https:\/\/www.imf.asso.fr\/pages\/index.php?rest_route=\/wp\/v2\/pages\/5784\/revisions\/16847"}],"wp:attachment":[{"href":"https:\/\/www.imf.asso.fr\/pages\/index.php?rest_route=%2Fwp%2Fv2%2Fmedia&parent=5784"}],"curies":[{"name":"wp","href":"https:\/\/api.w.org\/{rel}","templated":true}]}}