{"id":5684,"date":"2020-11-04T09:34:36","date_gmt":"2020-11-04T08:34:36","guid":{"rendered":"https:\/\/www.imf.asso.fr\/pages\/?page_id=5684"},"modified":"2020-11-09T17:58:24","modified_gmt":"2020-11-09T16:58:24","slug":"bienvenue-a-limf-davignon","status":"publish","type":"page","link":"https:\/\/www.imf.asso.fr\/pages\/?page_id=5684","title":{"rendered":"Bienvenue \u00e0 l&rsquo;IMF d&rsquo;Avignon"},"content":{"rendered":"<p><!--more--><\/p>\n<p><a class=\"parent-return-link\" href=\"\/pages\/?page_id=5387\">Revenir \u00e0 la page pr\u00e9c\u00e9dente <\/a><\/p>\n<table width=\"100%\">\n<tbody>\n<tr>\n<td align=\"center\"><video src=\"\/images\/videos\/tour_imf84.ogv\" controls=\"controls\" width=\"800\" height=\"400\" loop=\"1\"><span style=\"display: inline-block; width: 0px; overflow: hidden; line-height: 0;\" data-mce-type=\"bookmark\" class=\"mce_SELRES_start\">\ufeff<\/span>Votre navigateur n&rsquo;est pas compatible avec le HTML 5, <span style=\"display: inline-block; width: 0px; overflow: hidden; line-height: 0;\" data-mce-type=\"bookmark\" class=\"mce_SELRES_start\">\ufeff<\/span>d\u00e9sol\u00e9.&nbsp;<\/p>\n<p>&nbsp;<\/p>\n<p><\/video><\/td>\n<\/tr>\n<\/tbody>\n<\/table>\n<p>&nbsp;<\/p>\n","protected":false},"excerpt":{"rendered":"","protected":false},"author":1,"featured_media":0,"parent":0,"menu_order":0,"comment_status":"closed","ping_status":"closed","template":"","meta":{"footnotes":""},"_links":{"self":[{"href":"https:\/\/www.imf.asso.fr\/pages\/index.php?rest_route=\/wp\/v2\/pages\/5684"}],"collection":[{"href":"https:\/\/www.imf.asso.fr\/pages\/index.php?rest_route=\/wp\/v2\/pages"}],"about":[{"href":"https:\/\/www.imf.asso.fr\/pages\/index.php?rest_route=\/wp\/v2\/types\/page"}],"author":[{"embeddable":true,"href":"https:\/\/www.imf.asso.fr\/pages\/index.php?rest_route=\/wp\/v2\/users\/1"}],"replies":[{"embeddable":true,"href":"https:\/\/www.imf.asso.fr\/pages\/index.php?rest_route=%2Fwp%2Fv2%2Fcomments&post=5684"}],"version-history":[{"count":0,"href":"https:\/\/www.imf.asso.fr\/pages\/index.php?rest_route=\/wp\/v2\/pages\/5684\/revisions"}],"wp:attachment":[{"href":"https:\/\/www.imf.asso.fr\/pages\/index.php?rest_route=%2Fwp%2Fv2%2Fmedia&parent=5684"}],"curies":[{"name":"wp","href":"https:\/\/api.w.org\/{rel}","templated":true}]}}