{"id":5631,"date":"2020-11-04T12:00:20","date_gmt":"2020-11-04T11:00:20","guid":{"rendered":"https:\/\/www.imf.asso.fr\/pages\/?page_id=5631"},"modified":"2023-03-03T10:34:44","modified_gmt":"2023-03-03T09:34:44","slug":"medias-2","status":"publish","type":"page","link":"https:\/\/www.imf.asso.fr\/pages\/?page_id=5631","title":{"rendered":"M\u00e9dias"},"content":{"rendered":"<p><!--more--><\/p>\n<div class=\"post-nav-top parent-return parent-10 clearfix\"><i class=\"fa fa-arrow-circle-up\"><\/i> <a class=\"parent-return-link\" href=\"\/pages\/?page_id=583\">Revenir \u00e0 la page pr\u00e9c\u00e9dente <\/a><\/div>\n<table width=\"100%\">\n<tbody>\n<tr>\n<td>\n<h4>FLASH MOB IMF<\/h4>\n<p><em>(chor\u00e9graphie cr\u00e9\u00e9e par 2 \u00e9tudiantes) <\/em><\/p>\n<\/td>\n<\/tr>\n<tr>\n<td align=\"center\">\n<p><video src=\"\/images\/videos\/flashmob_imf-2018.mp4\" controls=\"controls\" width=\"300\" height=\"600\">Votre navigateur n&rsquo;est pas compatible avec le HTML 5, d\u00e9sol\u00e9.\u00a0 <\/p>\n<p>&nbsp;<\/p>\n<p>&nbsp;<\/p>\n<p><\/video><\/p>\n<\/td>\n<\/tr>\n<tr>\n<td>\n<p>Mis en place par les \u00e9tudiants de l&rsquo;IMF, il aura pour objectif de mobiliser et rassembler les \u00e9tudiants de l\u2019IMF, les \u00e9quipes p\u00e9dagogiques et administratives, les sites qualifiants et les employeurs d\u2019apprentis.<\/p>\n<p><em>Le lieu et la date seront fix\u00e9s d\u00e9but juin 2018<\/em><\/p>\n<\/td>\n<\/tr>\n<\/tbody>\n<\/table>\n<p>&nbsp;<\/p>\n<p>&nbsp;<\/p>\n<table width=\"100%\">\n<tbody>\n<tr>\n<td>\n<h4>Conf\u00e9rence europ\u00e9enne EASSW &#8211; UNAFORIS 2017<\/h4>\n<\/td>\n<\/tr>\n<tr class=\"non-visible\">\n<td align=\"center\">\n<!--[if lt IE 9]><script>document.createElement('audio');<\/script><![endif]-->\n<audio class=\"wp-audio-shortcode\" id=\"audio-5631-1\" preload=\"none\" style=\"width: 100%;\" controls=\"controls\"><source type=\"audio\/mpeg\" src=\"\/images\/videos\/eassw_unaforis_2017.mp3?_=1\" \/><a href=\"\/images\/videos\/eassw_unaforis_2017.mp3\">\/images\/videos\/eassw_unaforis_2017.mp3<\/a><\/audio>\n<\/td>\n<\/tr>\n<tr>\n<td align=\"center\">\n<p><video src=\"\/images\/videos\/eassw_unaforis_2017.mp4\" controls=\"controls\" width=\"300\" height=\"150\"><span style=\"display: inline-block; width: 0px; overflow: hidden; line-height: 0;\" data-mce-type=\"bookmark\" class=\"mce_SELRES_start\">\ufeff<\/span>Votre navigateur n&rsquo;est pas compatible avec le HTML 5, d\u00e9sol\u00e9. <\/p>\n<p>&nbsp;<\/p>\n<p><\/video><\/p>\n<\/td>\n<\/tr>\n<tr>\n<td><em>Nathalie JAMI, Jacqueline GREBERT, Guy CHAUVIN<\/em><\/td>\n<\/tr>\n<\/tbody>\n<\/table>\n<p>&nbsp;<\/p>\n<table width=\"100%\">\n<tbody>\n<tr>\n<td>\n<h4>IMF &#8211; Journ\u00e9e culturelle sur le th\u00e8me de la \u00ab\u00a0participation\u00a0\u00bb organis\u00e9e le 8 mars 2016<\/h4>\n<\/td>\n<\/tr>\n<tr>\n<td align=\"center\"><video src=\"\/images\/videos\/imfjc80316.ogv\" controls=\"controls\" width=\"600\" height=\"300\">Votre navigateur n&rsquo;est pas compatible avec le HTML 5, d\u00e9sol\u00e9.<br \/>\n \u00a0 <\/p>\n<p>&nbsp;<\/p>\n<p>&nbsp;<\/p>\n<p><\/video><\/td>\n<\/tr>\n<tr>\n<td>&nbsp;<\/td>\n<\/tr>\n<\/tbody>\n<\/table>\n<p>&nbsp;<\/p>\n","protected":false},"excerpt":{"rendered":"","protected":false},"author":1,"featured_media":0,"parent":0,"menu_order":0,"comment_status":"closed","ping_status":"closed","template":"","meta":{"footnotes":""},"_links":{"self":[{"href":"https:\/\/www.imf.asso.fr\/pages\/index.php?rest_route=\/wp\/v2\/pages\/5631"}],"collection":[{"href":"https:\/\/www.imf.asso.fr\/pages\/index.php?rest_route=\/wp\/v2\/pages"}],"about":[{"href":"https:\/\/www.imf.asso.fr\/pages\/index.php?rest_route=\/wp\/v2\/types\/page"}],"author":[{"embeddable":true,"href":"https:\/\/www.imf.asso.fr\/pages\/index.php?rest_route=\/wp\/v2\/users\/1"}],"replies":[{"embeddable":true,"href":"https:\/\/www.imf.asso.fr\/pages\/index.php?rest_route=%2Fwp%2Fv2%2Fcomments&post=5631"}],"version-history":[{"count":3,"href":"https:\/\/www.imf.asso.fr\/pages\/index.php?rest_route=\/wp\/v2\/pages\/5631\/revisions"}],"predecessor-version":[{"id":7330,"href":"https:\/\/www.imf.asso.fr\/pages\/index.php?rest_route=\/wp\/v2\/pages\/5631\/revisions\/7330"}],"wp:attachment":[{"href":"https:\/\/www.imf.asso.fr\/pages\/index.php?rest_route=%2Fwp%2Fv2%2Fmedia&parent=5631"}],"curies":[{"name":"wp","href":"https:\/\/api.w.org\/{rel}","templated":true}]}}