{"id":542,"date":"2018-02-08T11:07:27","date_gmt":"2018-02-08T10:07:27","guid":{"rendered":"http:\/\/www.imf.asso.fr\/pages\/?page_id=542"},"modified":"2019-10-22T12:08:55","modified_gmt":"2019-10-22T10:08:55","slug":"transports","status":"publish","type":"page","link":"https:\/\/www.imf.asso.fr\/pages\/?page_id=542","title":{"rendered":"Transports"},"content":{"rendered":"<p><!--more--><\/p>\n<table style=\"width: 100%;\" align=\"center\">\n<tbody>\n<tr>\n<td style=\"width: 50%;\" valign=\"bottom\"><a href=\"http:\/\/www.regionpaca.fr\/se-deplacer\/gamme-tarifaire-zou\/obtenir-la-carte-zou.html\" target=\"_blank\" rel=\"noopener noreferrer\">Carte ZOU<\/a><br \/>\nLa carte de transport ZOU !Etudes\u00a0: 15\u20ac\/an pour la gratuit\u00e9 des trajets domicile-\u00e9tudes sur les trains et autocars express r\u00e9gionaux (TER et LER) et sur les Chemins de fer de Provence.<\/td>\n<td style=\"width: 50%;\" align=\"right\"><img decoding=\"async\" loading=\"lazy\" src=\"\/images\/logos\/zou.jpg\" width=\"167\" height=\"111\" \/><\/td>\n<\/tr>\n<tr>\n<td style=\"width: 50%;\" valign=\"bottom\"><a href=\"http:\/\/paca.tsi.cityway.fr\/index.asp\" target=\"_blank\" rel=\"noopener noreferrer\">Paca mobilit\u00e9<\/a><br \/>\nCalculez vos trajets via les transports r\u00e9gionaux<\/td>\n<td style=\"width: 50%;\" align=\"right\"><img decoding=\"async\" loading=\"lazy\" src=\"\/pages\/liensutiles\/vp\/paca_mobilite.png\" width=\"166\" height=\"78\" \/><\/td>\n<\/tr>\n<\/tbody>\n<\/table>\n<p>&nbsp;<\/p>\n","protected":false},"excerpt":{"rendered":"","protected":false},"author":1,"featured_media":0,"parent":38,"menu_order":3,"comment_status":"closed","ping_status":"closed","template":"template-twocolumnsleft.php","meta":{"footnotes":""},"_links":{"self":[{"href":"https:\/\/www.imf.asso.fr\/pages\/index.php?rest_route=\/wp\/v2\/pages\/542"}],"collection":[{"href":"https:\/\/www.imf.asso.fr\/pages\/index.php?rest_route=\/wp\/v2\/pages"}],"about":[{"href":"https:\/\/www.imf.asso.fr\/pages\/index.php?rest_route=\/wp\/v2\/types\/page"}],"author":[{"embeddable":true,"href":"https:\/\/www.imf.asso.fr\/pages\/index.php?rest_route=\/wp\/v2\/users\/1"}],"replies":[{"embeddable":true,"href":"https:\/\/www.imf.asso.fr\/pages\/index.php?rest_route=%2Fwp%2Fv2%2Fcomments&post=542"}],"version-history":[{"count":0,"href":"https:\/\/www.imf.asso.fr\/pages\/index.php?rest_route=\/wp\/v2\/pages\/542\/revisions"}],"up":[{"embeddable":true,"href":"https:\/\/www.imf.asso.fr\/pages\/index.php?rest_route=\/wp\/v2\/pages\/38"}],"wp:attachment":[{"href":"https:\/\/www.imf.asso.fr\/pages\/index.php?rest_route=%2Fwp%2Fv2%2Fmedia&parent=542"}],"curies":[{"name":"wp","href":"https:\/\/api.w.org\/{rel}","templated":true}]}}