{"id":539,"date":"2018-02-08T11:05:48","date_gmt":"2018-02-08T10:05:48","guid":{"rendered":"http:\/\/www.imf.asso.fr\/pages\/?page_id=539"},"modified":"2019-10-23T10:02:12","modified_gmt":"2019-10-23T08:02:12","slug":"logement","status":"publish","type":"page","link":"https:\/\/www.imf.asso.fr\/pages\/?page_id=539","title":{"rendered":"Logement"},"content":{"rendered":"<p><!--more--><\/p>\n<table style=\"height: 943px;\" width=\"100%\">\n<tbody>\n<tr>\n<td style=\"width: 50%;\"><a href=\"http:\/\/alternant.actionlogement.fr\/\" target=\"_blank\" rel=\"noopener noreferrer\">Action Logement<\/a> a cr\u00e9\u00e9 une plateforme web \u00e0 destination des jeunes en alternance, r\u00e9unissant l\u2019ensemble des aides et services d\u2019Action Logement<\/td>\n<td style=\"width: 50%;\" align=\"right\"><img decoding=\"async\" src=\"\/images\/logos\/action_logement.png\" \/><\/td>\n<\/tr>\n<tr style=\"height: 120px;\">\n<td style=\"width: 50%; height: 120px;\" valign=\"bottom\"><a href=\"http:\/\/www.adele.org\/\" target=\"_blank\" rel=\"noopener noreferrer\">Adele<\/a><\/td>\n<td style=\"width: 50%; height: 120px;\" align=\"right\"><img decoding=\"async\" loading=\"lazy\" src=\"\/images\/logos\/adele.gif\" width=\"140\" height=\"103\" border=\"0\" \/><\/td>\n<\/tr>\n<tr style=\"height: 68px;\">\n<td style=\"width: 50%; height: 68px;\" valign=\"bottom\"><a href=\"https:\/\/www.service-public.fr\/particuliers\/vosdroits\/F33173\" target=\"_blank\" rel=\"noopener noreferrer\">Aide mobili-jeune<\/a>&#8230;<\/td>\n<td style=\"width: 50%; height: 68px;\" align=\"right\"><img decoding=\"async\" loading=\"lazy\" src=\"\/images\/logos\/service_pub.jpg\" alt=\"\" width=\"228\" height=\"51\" border=\"0\" \/><\/td>\n<\/tr>\n<tr style=\"height: 181px;\">\n<td style=\"height: 181px; width: 50%;\" valign=\"bottom\" width=\"50%\"><a href=\"http:\/\/www.crous-aix-marseille.fr\/\" target=\"_blank\" rel=\"noopener noreferrer\">CROUS<\/a> d&rsquo;Aix-Marseille<br \/>\nLes services de la vie \u00e9tudiante : logement, dossier social, jobs&#8230;<\/td>\n<td style=\"height: 181px; width: 50%;\" align=\"right\" width=\"50%\"><img decoding=\"async\" loading=\"lazy\" src=\"\/images\/logos\/crous.jpg\" width=\"164\" height=\"164\" \/><\/td>\n<\/tr>\n<tr>\n<td style=\"width: 50%;\"><a href=\"http:\/\/afev.org\/\" target=\"_blank\" rel=\"noopener noreferrer\"><strong><b>AFEV<\/b><\/strong><\/a><\/p>\n<p>Les <a href=\"http:\/\/afev.org\/nos-actions\/koloc-a-projets-solidaires\/presentation-generale\/\" target=\"_blank\" rel=\"noopener noreferrer\">Kolocations \u00e0 Projets Solidaires<\/a><\/p>\n<p>Logements \u00e0 loyer mod\u00e9r\u00e9, \u00e0 destination de jeunes de moins de 30 ans (\u00e9tudiants, volontaires en service civique) en contrepartie d&rsquo;un engagement aupr\u00e8s des habitants du quartier.<\/td>\n<td style=\"width: 50%; height: 120px;\" align=\"right\"><img decoding=\"async\" src=\"\/images\/logos\/afev.jpg\" width=\"228\" border=\"0\" \/><\/td>\n<\/tr>\n<tr style=\"height: 124px;\">\n<td style=\"height: 124px; width: 50%;\" valign=\"bottom\"><a href=\"https:\/\/www.lalogitude.org\/\" target=\"_blank\" rel=\"noopener noreferrer\">La logitude<\/a><\/td>\n<td style=\"height: 124px; width: 50%;\" align=\"right\"><img decoding=\"async\" loading=\"lazy\" src=\"\/images\/logos\/lalogitude.jpg\" width=\"156\" height=\"107\" \/><\/td>\n<\/tr>\n<tr style=\"height: 134px;\">\n<td style=\"height: 134px; width: 50%;\" valign=\"bottom\"><a href=\"http:\/\/www.le-sle.com\/\" target=\"_blank\" rel=\"noopener noreferrer\">Le service logement \u00e9tudiant <\/a><\/td>\n<td style=\"height: 134px; width: 50%;\" align=\"right\"><img decoding=\"async\" loading=\"lazy\" src=\"\/images\/logos\/lesle.jpg\" width=\"140\" height=\"117\" border=\"0\" \/><\/td>\n<\/tr>\n<tr style=\"height: 86px;\">\n<td style=\"width: 50%; height: 86px;\" valign=\"bottom\">Les \u00ab\u00a0<a href=\"http:\/\/marseille.lindic.fr\/\" target=\"_blank\" rel=\"noopener noreferrer\">bons plans de la ville de Marseille<\/a>\u00a0\u00bb pour les \u00e9tudiants : logement, stages&#8230;<\/td>\n<td style=\"width: 50%; height: 86px;\" align=\"right\"><img decoding=\"async\" loading=\"lazy\" src=\"\/images\/logos\/indic.gif\" width=\"167\" height=\"69\" border=\"0\" \/><\/td>\n<\/tr>\n<tr>\n<td style=\"width: 50%;\">\n<p class=\"xxmsonormal\"><a href=\"http:\/\/www.studylease.com\" target=\"_blank\" rel=\"noopener noreferrer\">Studylease<\/a> pr\u00e9sente une vaste liste de r\u00e9sidences \u00e9tudiantes priv\u00e9es en France et offre la possibilit\u00e9 de r\u00e9server votre logement gratuitement, sans engagement et en plusieurs langues.<\/p>\n<\/td>\n<td style=\"width: 50%;\"><img decoding=\"async\" loading=\"lazy\" class=\"alignright\" src=\"\/images\/logos\/studylease.png\" width=\"252\" height=\"56\" border=\"0\" \/><\/td>\n<\/tr>\n<tr style=\"height: 230px;\">\n<td style=\"height: 230px; width: 100%;\" colspan=\"2\" valign=\"bottom\">et aussi :<\/p>\n<ul>\n<li><em><a href=\"http:\/\/www.lokaviz.fr\/\" target=\"_blank\" rel=\"noopener noreferrer\">http:\/\/www.lokaviz.fr\/<\/a><\/em><\/li>\n<li><em> <a href=\"http:\/\/www.cap-etudes.com\/nos-residences\/marseille\/134183-5480,marseille.html\" target=\"_blank\" rel=\"noopener noreferrer\">http:\/\/www.cap-etudes.com\/nos-residences\/marseille\/134183-5480,marseille.html<\/a><\/em><\/li>\n<li><em> <a href=\"http:\/\/www.crijpa.fr\/wp-content\/uploads\/2016\/06\/G_LOG_PACA_2016_Web.pdf\" target=\"_blank\" rel=\"noopener noreferrer\">http:\/\/www.crijpa.fr\/wp-content\/uploads\/2016\/06\/G_LOG_PACA_2016_Web.pdf<\/a><\/em><\/li>\n<li><em> <a href=\"http:\/\/www.fondation-abbe-pierre.fr\/sites\/default\/files\/content-files\/files\/abbe_road_-_guide_du_logement_des_jeunes.pdf\" target=\"_blank\" rel=\"noopener noreferrer\">http:\/\/www.fondation-abbe-pierre.fr\/sites\/default\/files\/content-files\/files\/abbe_road_-_guide_du_logement_des_jeunes.pdf<\/a><\/em><\/li>\n<li><em> <a href=\"https:\/\/www.service-public.fr\/particuliers\/vosdroits\/F33173\" target=\"_blank\" rel=\"noopener noreferrer\">https:\/\/www.service-public.fr\/particuliers\/vosdroits\/F33173<\/a><\/em><\/li>\n<li><em> <a href=\"http:\/\/www.suitetudes.com\/residences-logement-etudiant\" target=\"_blank\" rel=\"noopener noreferrer\">http:\/\/www.suitetudes.com\/residences-logement-etudiant<\/a><\/em><\/li>\n<\/ul>\n<\/td>\n<\/tr>\n<\/tbody>\n<\/table>\n<p>&nbsp;<\/p>\n","protected":false},"excerpt":{"rendered":"","protected":false},"author":1,"featured_media":0,"parent":38,"menu_order":2,"comment_status":"closed","ping_status":"closed","template":"template-twocolumnsleft.php","meta":{"footnotes":""},"_links":{"self":[{"href":"https:\/\/www.imf.asso.fr\/pages\/index.php?rest_route=\/wp\/v2\/pages\/539"}],"collection":[{"href":"https:\/\/www.imf.asso.fr\/pages\/index.php?rest_route=\/wp\/v2\/pages"}],"about":[{"href":"https:\/\/www.imf.asso.fr\/pages\/index.php?rest_route=\/wp\/v2\/types\/page"}],"author":[{"embeddable":true,"href":"https:\/\/www.imf.asso.fr\/pages\/index.php?rest_route=\/wp\/v2\/users\/1"}],"replies":[{"embeddable":true,"href":"https:\/\/www.imf.asso.fr\/pages\/index.php?rest_route=%2Fwp%2Fv2%2Fcomments&post=539"}],"version-history":[{"count":0,"href":"https:\/\/www.imf.asso.fr\/pages\/index.php?rest_route=\/wp\/v2\/pages\/539\/revisions"}],"up":[{"embeddable":true,"href":"https:\/\/www.imf.asso.fr\/pages\/index.php?rest_route=\/wp\/v2\/pages\/38"}],"wp:attachment":[{"href":"https:\/\/www.imf.asso.fr\/pages\/index.php?rest_route=%2Fwp%2Fv2%2Fmedia&parent=539"}],"curies":[{"name":"wp","href":"https:\/\/api.w.org\/{rel}","templated":true}]}}