{"id":5379,"date":"2020-10-13T10:42:55","date_gmt":"2020-10-13T08:42:55","guid":{"rendered":"https:\/\/www.imf.asso.fr\/pages\/?page_id=5379"},"modified":"2024-12-13T10:56:13","modified_gmt":"2024-12-13T09:56:13","slug":"preparation-a-la-selection-cafdes-deis","status":"publish","type":"page","link":"https:\/\/www.imf.asso.fr\/pages\/?page_id=5379","title":{"rendered":"Pr\u00e9paration aux s\u00e9lections CAFDES"},"content":{"rendered":"<p>\n<!--more--><\/p>\n<table style=\"width: 100%;\" border=\"0\" cellspacing=\"0\" cellpadding=\"0\" align=\"center\">\n<tbody>\n<tr class=\"cell_background_section\">\n<td style=\"width: 100%;\" colspan=\"2\"><strong>Pr\u00e9paration \u00e0 la s\u00e9lection\u00a0 CAFDES\u00a0 <\/strong><\/td>\n<\/tr>\n<tr>\n<td style=\"width: 26.6667%;\">Calendriers<\/td>\n<td style=\"width: 73.3333%;\">\u00a0<\/td>\n<\/tr>\n<tr>\n<td style=\"width: 100%;\" colspan=\"2\">\n<ul>\n<li>Pr\u00e9paration \u00e0 l&rsquo;\u00e9preuve \u00e9crite (Commentaire de texte)<\/li>\n<li>Pr\u00e9paration \u00e0 l&rsquo;\u00e9preuve orale (entretien de s\u00e9lection)<\/li>\n<li>Accompagnement individualis\u00e9 sur l&rsquo;\u00e9laboration de la note de parcours<\/li>\n<\/ul>\n<p>&nbsp;<\/p>\n<p><strong>Dur\u00e9e :<\/strong> 5h d&rsquo;accompagnement individualis\u00e9<\/p>\n<p><strong>Co\u00fbt : 300\u20ac<\/strong><\/p>\n<p><a href=\"https:\/\/www.imf.asso.fr\/pages\/wp-content\/uploads\/Dossier-dinscription-Prepa-CAFDES-.pdf\">Consulter le dossier d&rsquo;inscription<\/a><\/p>\n<p><strong>Contact : <a href=\"mailto:e.ageneau@imf.asso.fr\">e.ageneau@imf.asso.fr<\/a><\/strong><\/p>\n<\/td>\n<\/tr>\n<\/tbody>\n<\/table>\n","protected":false},"excerpt":{"rendered":"<\/p><p><a class=\"more-link btn\" href=\"https:\/\/www.imf.asso.fr\/pages\/?page_id=5379\">Lire la suite<\/a><\/p>\n","protected":false},"author":1,"featured_media":0,"parent":42,"menu_order":3,"comment_status":"closed","ping_status":"closed","template":"template-twocolumnsleft.php","meta":{"footnotes":""},"_links":{"self":[{"href":"https:\/\/www.imf.asso.fr\/pages\/index.php?rest_route=\/wp\/v2\/pages\/5379"}],"collection":[{"href":"https:\/\/www.imf.asso.fr\/pages\/index.php?rest_route=\/wp\/v2\/pages"}],"about":[{"href":"https:\/\/www.imf.asso.fr\/pages\/index.php?rest_route=\/wp\/v2\/types\/page"}],"author":[{"embeddable":true,"href":"https:\/\/www.imf.asso.fr\/pages\/index.php?rest_route=\/wp\/v2\/users\/1"}],"replies":[{"embeddable":true,"href":"https:\/\/www.imf.asso.fr\/pages\/index.php?rest_route=%2Fwp%2Fv2%2Fcomments&post=5379"}],"version-history":[{"count":3,"href":"https:\/\/www.imf.asso.fr\/pages\/index.php?rest_route=\/wp\/v2\/pages\/5379\/revisions"}],"predecessor-version":[{"id":12234,"href":"https:\/\/www.imf.asso.fr\/pages\/index.php?rest_route=\/wp\/v2\/pages\/5379\/revisions\/12234"}],"up":[{"embeddable":true,"href":"https:\/\/www.imf.asso.fr\/pages\/index.php?rest_route=\/wp\/v2\/pages\/42"}],"wp:attachment":[{"href":"https:\/\/www.imf.asso.fr\/pages\/index.php?rest_route=%2Fwp%2Fv2%2Fmedia&parent=5379"}],"curies":[{"name":"wp","href":"https:\/\/api.w.org\/{rel}","templated":true}]}}