{"id":537,"date":"2018-02-08T11:04:38","date_gmt":"2018-02-08T10:04:38","guid":{"rendered":"http:\/\/www.imf.asso.fr\/pages\/?page_id=537"},"modified":"2021-06-09T12:42:20","modified_gmt":"2021-06-09T10:42:20","slug":"sante","status":"publish","type":"page","link":"https:\/\/www.imf.asso.fr\/pages\/?page_id=537","title":{"rendered":"Sant\u00e9"},"content":{"rendered":"<p><!--more--><\/p>\n<table style=\"width: 100%; height: 1471px;\" width=\"100%\">\n<tbody>\n<tr style=\"height: 260px;\">\n<td style=\"height: 260px;\" valign=\"bottom\" width=\"50%\"><a href=\"\/pages\/actualites\/docs\/guide_urgence_sociale.pdf\" target=\"_blank\" rel=\"noopener noreferrer\">Guide de l\u2019urgence sociale<\/a><br \/>\n\u00e9dit\u00e9 par la ville de Marseille<\/td>\n<td style=\"height: 260px;\" align=\"right\" width=\"50%\"><img decoding=\"async\" loading=\"lazy\" src=\"\/pages\/liensutiles\/vp\/urgence_sociale.jpg\" width=\"167\" height=\"243\" \/><\/td>\n<\/tr>\n<tr style=\"height: 176px;\">\n<td style=\"height: 176px;\" valign=\"bottom\"><a href=\"http:\/\/www.regionpaca.fr\/se-former\/vie-lyceenne-et-apprentie\/prevention-des-jeunes\/pass-sante.html\" target=\"_blank\" rel=\"noopener noreferrer\">Pass Sant\u00e9<\/a><br \/>\nLe Pass Sant\u00e9 + Pr\u00e9vention-Contraception (pour les \u00e9tudiants boursiers)\u00a0: un ch\u00e9quier de 9 coupons pour des consultations m\u00e9dicales, la prescription d&rsquo;une contraception adapt\u00e9e&#8230; Acc\u00e8s gratuit, confidentiel et sans carte vitale, avec un accompagnement de professionnels de sant\u00e9.<\/td>\n<td style=\"height: 176px;\" align=\"right\"><img decoding=\"async\" loading=\"lazy\" src=\"\/pages\/liensutiles\/vp\/pass_sante-12.jpg\" width=\"167\" height=\"119\" \/>l<\/td>\n<\/tr>\n<tr style=\"height: 131px;\">\n<td style=\"height: 131px;\" valign=\"bottom\"><a href=\"http:\/\/www.filsantejeunes.com\" target=\"_blank\" rel=\"noopener noreferrer\">Fil Sant\u00e9 Jeunes<\/a><br \/>\nUne \u00e9quipe compos\u00e9e de professionnels de sant\u00e9 (m\u00e9decins et psychologues), habitu\u00e9s \u00e0 r\u00e9pondre aux\u00a0<strong>questions sant\u00e9 des jeunes<\/strong>.<br \/>\nNum\u00e9ro vert Fil Sant\u00e9 Jeunes (0 800 235 236)<\/td>\n<td style=\"height: 131px;\" align=\"right\"><img decoding=\"async\" loading=\"lazy\" src=\"\/images\/logos\/fil_sante_jeunes.png\" width=\"167\" height=\"80\" \/><\/td>\n<\/tr>\n<tr style=\"height: 154px;\">\n<td style=\"height: 154px;\" valign=\"bottom\"><strong>M\u00e9decine pr\u00e9ventive universitaire<\/strong><br \/>\nMarseille\u00a0:<br \/>\n10 place de la Joliette &#8211; 13002 Marseille &#8211; 04.91.24.34.00Avignon\u00a0:<br \/>\n74 rue Louis Pasteur &#8211; 84000 Avignon &#8211; 04.90.16.25.72<\/td>\n<td style=\"height: 154px;\" align=\"right\"><\/td>\n<\/tr>\n<tr style=\"height: 131px;\">\n<td style=\"height: 131px;\" valign=\"bottom\"><strong>Bureau d\u2019aide psychologique universitaire<\/strong><br \/>\nMarseille<br \/>\n93 bd Camille Flammarion &#8211; 13004 Marseille &#8211; 04.91.62.97.37Avignon\u00a0:<br \/>\n74 rue Louis Pasteur &#8211; 84000 Avignon<\/td>\n<td style=\"height: 131px;\" align=\"right\"><\/td>\n<\/tr>\n<tr style=\"height: 61px;\">\n<td style=\"height: 61px;\">La <strong><a href=\"https:\/\/www.heyme.care\/fr\" target=\"_blank\" rel=\"noopener noreferrer\">HEYME<\/a><\/strong><\/p>\n<p><a href=\"\/ressources\/cms\/protection_sociale.pdf\" target=\"_blank\" rel=\"noopener\"><em>Fiche p\u00e9dagogie d\u00e9taillant le syst\u00e8me<\/em><br \/>\n<em>de protection sociale \u00e9tudiante<\/em><\/a><\/td>\n<td style=\"height: 61px;\"><img decoding=\"async\" loading=\"lazy\" class=\"alignright\" src=\"\/images\/logos\/heyme.jpg\" width=\"159\" height=\"91\" border=\"0\" \/><\/td>\n<\/tr>\n<tr style=\"height: 173px;\">\n<td style=\"height: 173px;\" valign=\"bottom\"><strong><a href=\"http:\/\/www.imajesante.fr\/\" target=\"_blank\" rel=\"noopener noreferrer\">IMAJES<\/a> <\/strong><em>(Information Marseille Accueil Jeunes Ecoute Sant\u00e9)<\/em><\/p>\n<p><a href=\"http:\/\/www.imajesante.fr\/relations-partenariales.php\" target=\"_blank\" rel=\"noopener noreferrer\">page liens utiles<\/a>&#8230;<\/p>\n<p><strong>L&rsquo;Espace Sant\u00e9 Jeunes de Marseille.<\/strong><\/td>\n<td style=\"height: 173px;\" align=\"right\"><\/td>\n<\/tr>\n<tr style=\"height: 96px;\">\n<td style=\"height: 96px;\" valign=\"bottom\">La <strong><a href=\"http:\/\/www.lmde.com\/\" target=\"_blank\" rel=\"noopener noreferrer\">LMDE<\/a><\/strong><\/td>\n<td style=\"height: 96px;\" align=\"right\"><img decoding=\"async\" loading=\"lazy\" src=\"\/images\/logos\/lmde.gif\" width=\"162\" height=\"79\" border=\"0\" \/><\/td>\n<\/tr>\n<tr style=\"height: 160px;\">\n<td style=\"height: 160px;\" valign=\"bottom\">La <strong><a href=\"http:\/\/www.maif.fr\/accueil.html\" target=\"_blank\" rel=\"noopener noreferrer\">MAIF<\/a><\/strong><br \/>\n(<em>Mutuelle d\u2019assurance des instituteurs de France<\/em>).<\/td>\n<td style=\"height: 160px;\" align=\"right\"><a href=\"http:\/\/www.maif.fr\/accueil.html\" target=\"_blank\" rel=\"noopener noreferrer\"><img decoding=\"async\" loading=\"lazy\" src=\"\/images\/logos\/maif.png\" width=\"153\" height=\"142\" border=\"0\" \/><\/a><\/td>\n<\/tr>\n<\/tbody>\n<\/table>\n","protected":false},"excerpt":{"rendered":"","protected":false},"author":1,"featured_media":0,"parent":38,"menu_order":1,"comment_status":"closed","ping_status":"closed","template":"template-twocolumnsleft.php","meta":{"footnotes":""},"_links":{"self":[{"href":"https:\/\/www.imf.asso.fr\/pages\/index.php?rest_route=\/wp\/v2\/pages\/537"}],"collection":[{"href":"https:\/\/www.imf.asso.fr\/pages\/index.php?rest_route=\/wp\/v2\/pages"}],"about":[{"href":"https:\/\/www.imf.asso.fr\/pages\/index.php?rest_route=\/wp\/v2\/types\/page"}],"author":[{"embeddable":true,"href":"https:\/\/www.imf.asso.fr\/pages\/index.php?rest_route=\/wp\/v2\/users\/1"}],"replies":[{"embeddable":true,"href":"https:\/\/www.imf.asso.fr\/pages\/index.php?rest_route=%2Fwp%2Fv2%2Fcomments&post=537"}],"version-history":[{"count":3,"href":"https:\/\/www.imf.asso.fr\/pages\/index.php?rest_route=\/wp\/v2\/pages\/537\/revisions"}],"predecessor-version":[{"id":7361,"href":"https:\/\/www.imf.asso.fr\/pages\/index.php?rest_route=\/wp\/v2\/pages\/537\/revisions\/7361"}],"up":[{"embeddable":true,"href":"https:\/\/www.imf.asso.fr\/pages\/index.php?rest_route=\/wp\/v2\/pages\/38"}],"wp:attachment":[{"href":"https:\/\/www.imf.asso.fr\/pages\/index.php?rest_route=%2Fwp%2Fv2%2Fmedia&parent=537"}],"curies":[{"name":"wp","href":"https:\/\/api.w.org\/{rel}","templated":true}]}}