{"id":4826,"date":"2020-03-23T09:46:33","date_gmt":"2020-03-23T08:46:33","guid":{"rendered":"https:\/\/www.imf.asso.fr\/pages\/?page_id=4826"},"modified":"2026-01-13T11:02:55","modified_gmt":"2026-01-13T10:02:55","slug":"reforme-des-diplomes-ass-es-eje","status":"publish","type":"page","link":"https:\/\/www.imf.asso.fr\/pages\/?page_id=4826","title":{"rendered":"R\u00e9forme de 2018 des dipl\u00f4mes ASS-ES-EJE"},"content":{"rendered":"<table>\n<tbody>\n<tr>\n<td style=\"text-align: justify;\">Les dipl\u00f4mes de niveau 5 (anciennement III) deviennent des dipl\u00f4mes de niveau 6 (anciennement II) grad\u00e9s Licence.<br \/>\nLes textes d&rsquo;application doivent sortir courant juillet et ao\u00fbt et pr\u00e9ciseront les nouvelles modalit\u00e9s de formation, de s\u00e9lection&#8230; Avec la mise en place de la r\u00e9forme des dipl\u00f4mes niveau III, les dispenses qui permettent aux dipl\u00f4m\u00e9s ME de rentrer directement en 2\u00e8me ann\u00e9e ES apr\u00e8s la r\u00e9ussite aux \u00e9preuves de s\u00e9lection seront applicables pour les rentr\u00e9es 2017 et 2018.\u00a0<\/td>\n<\/tr>\n<tr>\n<td style=\"text-align: justify;\"><em><a href=\"http:\/\/www.unaforis.eu\/article\/reingenierie-des-5-diplomes-niveau-ii-grades-licence-nouveaux-referentiels\" target=\"_blank\" rel=\"noopener noreferrer\">en savoir plus<\/a>&#8230;<\/em><\/td>\n<\/tr>\n<tr>\n<td style=\"text-align: justify;\">\n<p><strong>Textes officiels<\/strong><\/p>\n<ul>\n<li><a href=\"https:\/\/www.legifrance.gouv.fr\/affichTexte.do;jsessionid=7F9D7DFD7558211C22BA9BB55A68D321.tplgfr43s_1?cidTexte=JORFTEXT000037324425&amp;dateTexte=&amp;oldAction=rechJO&amp;categorieLien=id&amp;idJO=JORFCONT000037324130\" target=\"_blank\" rel=\"noopener noreferrer\">D\u00e9cret n\u00b0 2018-733 du 22 ao\u00fbt 2018 relatif aux formations et dipl\u00f4mes du travail social<\/a><br \/>\n<em>(JO n\u00b00193 du 23 ao\u00fbt 2018)<\/em><\/li>\n<li><a href=\"https:\/\/www.legifrance.gouv.fr\/affichTexte.do;jsessionid=7F9D7DFD7558211C22BA9BB55A68D321.tplgfr43s_1?cidTexte=JORFTEXT000037324454&amp;dateTexte=&amp;oldAction=rechJO&amp;categorieLien=id&amp;idJO=JORFCONT000037324130\" target=\"_blank\" rel=\"noopener noreferrer\">D\u00e9cret n\u00b0 2018-734 du 22 ao\u00fbt 2018 relatif aux formations et dipl\u00f4mes du travail social<\/a><br \/>\n<em>(JO n\u00b00193 du 23 ao\u00fbt 2018)<\/em><\/li>\n<li><a href=\"https:\/\/www.legifrance.gouv.fr\/affichTexte.do;jsessionid=7F9D7DFD7558211C22BA9BB55A68D321.tplgfr43s_1?cidTexte=JORFTEXT000037324563&amp;dateTexte=&amp;oldAction=rechJO&amp;categorieLien=id&amp;idJO=JORFCONT000037324130\" target=\"_blank\" rel=\"noopener noreferrer\">Arr\u00eat\u00e9 du 22 ao\u00fbt 2018 relatif au dipl\u00f4me d&rsquo;Etat d&rsquo;\u00e9ducateur sp\u00e9cialis\u00e9<\/a><br \/>\n<em>(JO n\u00b00193 du 23 ao\u00fbt 2018)<\/em><\/li>\n<li><a href=\"https:\/\/www.legifrance.gouv.fr\/affichTexte.do;jsessionid=7F9D7DFD7558211C22BA9BB55A68D321.tplgfr43s_1?cidTexte=JORFTEXT000037324590&amp;dateTexte=&amp;oldAction=rechJO&amp;categorieLien=id&amp;idJO=JORFCONT000037324130\" target=\"_blank\" rel=\"noopener noreferrer\">Arr\u00eat\u00e9 du 22 ao\u00fbt 2018 relatif au dipl\u00f4me d&rsquo;Etat d&rsquo;\u00e9ducateur de jeunes enfants<\/a><br \/>\n<em>(JO n\u00b00193 du 23 ao\u00fbt 2018)<\/em><\/li>\n<li><a href=\"https:\/\/www.legifrance.gouv.fr\/affichTexte.do;jsessionid=7F9D7DFD7558211C22BA9BB55A68D321.tplgfr43s_1?cidTexte=JORFTEXT000037324644&amp;dateTexte=&amp;oldAction=rechJO&amp;categorieLien=id&amp;idJO=JORFCONT000037324130\" target=\"_blank\" rel=\"noopener noreferrer\">Arr\u00eat\u00e9 du 22 ao\u00fbt 2018 relatif au dipl\u00f4me d&rsquo;Etat d&rsquo;assistant de service social<\/a><br \/>\n<em>(JO n\u00b00193 du 23 ao\u00fbt 2018)<\/em><\/li>\n<li><a href=\"https:\/\/www.legifrance.gouv.fr\/affichTexte.do;jsessionid=7F9D7DFD7558211C22BA9BB55A68D321.tplgfr43s_1?cidTexte=JORFTEXT000037324672&amp;dateTexte=&amp;oldAction=rechJO&amp;categorieLien=id&amp;idJO=JORFCONT000037324130\" target=\"_blank\" rel=\"noopener noreferrer\">Arr\u00eat\u00e9 du 22 ao\u00fbt 2018 relatif au socle commun de comp\u00e9tences et de connaissances des formations du travail social de niveau II<\/a><br \/>\n<em>(JO n\u00b00193 du 23 ao\u00fbt 2018)<\/em><\/li>\n<li><a href=\"https:\/\/www.legifrance.gouv.fr\/affichTexte.do?cidTexte=JORFTEXT000037324425&amp;dateTexte=&amp;categorieLien=id\" target=\"_blank\" rel=\"noopener noreferrer\">D\u00e9cret n\u00b0 2018-733 du 22 ao\u00fbt 2018 relatif aux formations et dipl\u00f4mes du travail social<\/a><br \/>\n<em>JO n\u00b00192 du 22 ao\u00fbt 2018)<\/em><\/li>\n<li><a href=\"https:\/\/www.legifrance.gouv.fr\/affichTexte.do?cidTexte=JORFTEXT000037324454&amp;dateTexte=&amp;categorieLien=id\" target=\"_blank\" rel=\"noopener noreferrer\">D\u00e9cret n\u00b0 2018-734 du 22 ao\u00fbt 2018 relatif aux formations et dipl\u00f4mes du travail social<\/a><br \/>\n<em>JO n\u00b00192 du 22 ao\u00fbt 2018)<\/em><\/li>\n<\/ul>\n<p>&nbsp;<\/p>\n<\/td>\n<\/tr>\n<\/tbody>\n<\/table>\n","protected":false},"excerpt":{"rendered":"<table>\n<tr>\n<td style=\"text-align: justify;\">Les dipl\u00f4mes de niveau 5 (anciennement III) deviennent des dipl\u00f4mes de niveau 6 (anciennement II) grad\u00e9s Licence.<br \/> Les textes d&rsquo;application doivent sortir courant juillet et ao\u00fbt et pr\u00e9ciseront les nouvelles modalit\u00e9s de formation, de s\u00e9lection&#8230; Avec la mise en place de la r\u00e9forme des dipl\u00f4mes niveau III, les dispenses qui &hellip; <\/p>\n<p><a class=\"more-link btn\" href=\"https:\/\/www.imf.asso.fr\/pages\/?page_id=4826\">Lire la suite<\/a><\/p>\n<\/td>\n<\/tr>\n<\/table>\n","protected":false},"author":1,"featured_media":0,"parent":0,"menu_order":0,"comment_status":"closed","ping_status":"closed","template":"template-twocolumnsleft.php","meta":{"footnotes":""},"_links":{"self":[{"href":"https:\/\/www.imf.asso.fr\/pages\/index.php?rest_route=\/wp\/v2\/pages\/4826"}],"collection":[{"href":"https:\/\/www.imf.asso.fr\/pages\/index.php?rest_route=\/wp\/v2\/pages"}],"about":[{"href":"https:\/\/www.imf.asso.fr\/pages\/index.php?rest_route=\/wp\/v2\/types\/page"}],"author":[{"embeddable":true,"href":"https:\/\/www.imf.asso.fr\/pages\/index.php?rest_route=\/wp\/v2\/users\/1"}],"replies":[{"embeddable":true,"href":"https:\/\/www.imf.asso.fr\/pages\/index.php?rest_route=%2Fwp%2Fv2%2Fcomments&post=4826"}],"version-history":[{"count":2,"href":"https:\/\/www.imf.asso.fr\/pages\/index.php?rest_route=\/wp\/v2\/pages\/4826\/revisions"}],"predecessor-version":[{"id":15897,"href":"https:\/\/www.imf.asso.fr\/pages\/index.php?rest_route=\/wp\/v2\/pages\/4826\/revisions\/15897"}],"wp:attachment":[{"href":"https:\/\/www.imf.asso.fr\/pages\/index.php?rest_route=%2Fwp%2Fv2%2Fmedia&parent=4826"}],"curies":[{"name":"wp","href":"https:\/\/api.w.org\/{rel}","templated":true}]}}