{"id":4398,"date":"2020-01-21T11:23:30","date_gmt":"2020-01-21T10:23:30","guid":{"rendered":"http:\/\/www.imf.asso.fr\/pages\/?page_id=4398"},"modified":"2025-06-12T14:40:12","modified_gmt":"2025-06-12T12:40:12","slug":"historique","status":"publish","type":"page","link":"https:\/\/www.imf.asso.fr\/pages\/?page_id=4398","title":{"rendered":"Historique"},"content":{"rendered":"<p><!--more--><\/p>\n<table class=\"cell_align_content\">\n<tbody>\n<tr class=\"cell_background_title\">\n<td>Historique de la mission de coop\u00e9ration internationale de l\u2019<strong>IMF RIS<\/strong><\/td>\n<\/tr>\n<tr>\n<td>\n<p>L\u2019<strong>IMF RIS<\/strong>, acteur atypique de la coop\u00e9ration internationale, d\u00e9veloppe depuis 30 ans, un r\u00e9seau partenarial pluri acteurs dans le bassin m\u00e9diterran\u00e9en et partage une m\u00e9thode de travail bas\u00e9e sur l\u2019approche par la pratique, la participation de tous \u00e0 toutes les \u00e9tapes d\u2019un projet et l\u2019appui aux initiatives locales.<\/p>\n<p>Dans cette ouverture, les fondateurs de l\u2019institut &#8211; et en particulier <strong>Fran\u00e7ois Lapena<\/strong>, premier directeur g\u00e9n\u00e9ral de l\u2019<strong>IMF RIS<\/strong> &#8211; ont \u00e9t\u00e9 accompagn\u00e9s par <strong>Claude Lasnel<\/strong>, ancien directeur du <strong>GIP MDEM<\/strong> (Mission pour le D\u00e9veloppement des \u00e9changes m\u00e9diterran\u00e9ens). <strong>Claude Lasnel<\/strong> a anim\u00e9 durant plusieurs ann\u00e9es \u00e0 l\u2019<strong>IMF<\/strong>, les \u00e9changes interculturels propos\u00e9s aux \u00e9tudiants, professionnels de l\u2019action sociale et de la culture des pays du pourtour m\u00e9diterran\u00e9en. M\u00e9diateur infatigable, il portait un projet \u00e9ducatif ambitieux fond\u00e9 sur la connaissance r\u00e9ciproque et la mise en valeur des \u00e9l\u00e9ments de la culture populaire dans leurs relations compliqu\u00e9es mais forc\u00e9es avec la culture norm\u00e9e ou encore celle de la r\u00e9ussite sociale et scolaire \u00e0 partir d\u2019une exp\u00e9rimentation r\u00e9alis\u00e9e dans les quartiers populaires de Marseille.<\/p>\n<p>D\u00e8s 2004, l\u2019<strong>IMF RIS<\/strong>, \u00e0 la recherche d\u2019un cadre de coop\u00e9ration lui permettant de d\u00e9velopper ces \u00e9changes, a particip\u00e9 aux programmes concert\u00e9s pluri acteurs (PCPA) et aux dynamiques qui en sont issues au Maroc, en Alg\u00e9rie, en Tunisie et en Europe orientale. Ce type de programme a \u00e9t\u00e9 mis en place \u00e0 partir de 2002 entre le minist\u00e8re fran\u00e7ais des affaires \u00e9trang\u00e8res et les acteurs non-gouvernementaux de la solidarit\u00e9 internationale. Les PCPA visent notamment \u00e0 favoriser les compl\u00e9mentarit\u00e9s entre l\u2019action publique et les initiatives de la soci\u00e9t\u00e9 civile en mati\u00e8re de coop\u00e9ration en encourageant les synergies et la mise en coh\u00e9rence des projets.<\/p>\n<p>En dix ans, les activit\u00e9s internationales de l\u2019<strong>IMF<\/strong> se sont d\u00e9velopp\u00e9es et se sont structur\u00e9es en une mission \u00e0 part enti\u00e8re, transversale aux actions de formation et de recherche en travail social, concernant l\u2019ensemble du personnel de l\u2019Institut et int\u00e9gr\u00e9e dans le projet associatif. De nombreuses exp\u00e9riences nous ont fait grandir\u00a0: en Alg\u00e9rie, le projet FAR sur Annaba ou le projet Nahda 13 \u00e0 Tlemcen\u00a0; la coop\u00e9ration avec l\u2019Entraide nationale marocaine\u00a0; les micro-projets en Tunisie, \u00e0 Ras Jebel ou \u00e0 Sidi Bouzid\u00a0; les coop\u00e9rations inter associatives et m\u00e9diterran\u00e9ennes dans le cadre de la formation des ing\u00e9nieurs sociaux ou de celles des \u00e9ducateurs, moniteurs-\u00e9ducateurs ou assistants de service social\u00a0; ou encore les actions d\u2019accompagnement de processus de capitalisation ou de production collective de connaissances dans les PCPA marocain ou tunisien.<\/p>\n<p>Ce parcours nous a permis notamment de co-construire un projet de terrain multipays sur trois ans (2019-2021) sur l\u2019entrepreneuriat collectif en M\u00e9diterran\u00e9e, le projet AlterMed co-port\u00e9 avec l\u2019<strong>ICOSI<\/strong>, une ONG sp\u00e9cialis\u00e9e dans la promotion de l\u2019Economie Sociale et Solidaire et de ses organisations en partenariat avec la Manufacture Coop\u00e9rative, dont l\u2019expertise est centr\u00e9e sur le co-accompagnement \u00e0 la coop\u00e9ration et la diffusion de la culture coop\u00e9rative.<\/p>\n<\/td>\n<\/tr>\n<\/tbody>\n<\/table>\n","protected":false},"excerpt":{"rendered":"","protected":false},"author":1,"featured_media":0,"parent":2069,"menu_order":1,"comment_status":"closed","ping_status":"closed","template":"template-twocolumnsleft.php","meta":{"footnotes":""},"_links":{"self":[{"href":"https:\/\/www.imf.asso.fr\/pages\/index.php?rest_route=\/wp\/v2\/pages\/4398"}],"collection":[{"href":"https:\/\/www.imf.asso.fr\/pages\/index.php?rest_route=\/wp\/v2\/pages"}],"about":[{"href":"https:\/\/www.imf.asso.fr\/pages\/index.php?rest_route=\/wp\/v2\/types\/page"}],"author":[{"embeddable":true,"href":"https:\/\/www.imf.asso.fr\/pages\/index.php?rest_route=\/wp\/v2\/users\/1"}],"replies":[{"embeddable":true,"href":"https:\/\/www.imf.asso.fr\/pages\/index.php?rest_route=%2Fwp%2Fv2%2Fcomments&post=4398"}],"version-history":[{"count":1,"href":"https:\/\/www.imf.asso.fr\/pages\/index.php?rest_route=\/wp\/v2\/pages\/4398\/revisions"}],"predecessor-version":[{"id":13576,"href":"https:\/\/www.imf.asso.fr\/pages\/index.php?rest_route=\/wp\/v2\/pages\/4398\/revisions\/13576"}],"up":[{"embeddable":true,"href":"https:\/\/www.imf.asso.fr\/pages\/index.php?rest_route=\/wp\/v2\/pages\/2069"}],"wp:attachment":[{"href":"https:\/\/www.imf.asso.fr\/pages\/index.php?rest_route=%2Fwp%2Fv2%2Fmedia&parent=4398"}],"curies":[{"name":"wp","href":"https:\/\/api.w.org\/{rel}","templated":true}]}}