{"id":42,"date":"2017-07-05T10:55:21","date_gmt":"2017-07-05T08:55:21","guid":{"rendered":"http:\/\/www.imf.asso.fr\/pages\/?page_id=42"},"modified":"2025-09-03T09:07:04","modified_gmt":"2025-09-03T07:07:04","slug":"preparations-aux-selections","status":"publish","type":"page","link":"https:\/\/www.imf.asso.fr\/pages\/?page_id=42","title":{"rendered":"Formations pr\u00e9paratoires"},"content":{"rendered":"<p><!--more--><\/p>\n<table class=\"cell_align_content\">\n<tbody>\n<tr>\n<td>\n<p align=\"justify\">L&rsquo;IMF RIS propose plusieurs modules pr\u00e9paratoires pour d\u00e9couvrir les m\u00e9tiers de l&rsquo;intervention sociale,\u00a0 du m\u00e9dico-social et pr\u00e9parer les \u00e9preuves de s\u00e9lections pour l&rsquo;entr\u00e9e en formation.<\/p>\n<\/td>\n<\/tr>\n<\/tbody>\n<\/table>\n<table style=\"width: 100%; height: 102px;\">\n<tbody>\n<tr style=\"height: 62px;\">\n<td style=\"height: 62px;\"><strong>Si vous souhaitez des renseignements compl\u00e9mentaires, contactez notre service <a href=\"https:\/\/www.imf.asso.fr\/pages\/?page_id=16\">Informations et Conseils<\/a> ou participez \u00e0 une <a href=\"https:\/\/www.imf.asso.fr\/pages\/?page_id=2994\">information collective<\/a>.<\/strong><\/td>\n<\/tr>\n<\/tbody>\n<\/table>\n<p><!--\n\n\n\n\n\n\n\n\n\n\n\n<div class=\"post-nav-top parent-return parent-88 clearfix\">\n\n\n<p class=\"col-md-12\"><i class=\"fa fa-arrow-circle-up\"><\/i> Revenir \u00e0 <a class=\"parent-return-link\" href=\"\/pages\/\">Accueil<\/a><\/p>\n\n\n<\/div>\n\n\n\n\n\n\n\n\n\n\n\n--><\/p>\n","protected":false},"excerpt":{"rendered":"","protected":false},"author":1,"featured_media":0,"parent":264,"menu_order":4,"comment_status":"closed","ping_status":"closed","template":"template-twocolumnsleft.php","meta":{"footnotes":""},"_links":{"self":[{"href":"https:\/\/www.imf.asso.fr\/pages\/index.php?rest_route=\/wp\/v2\/pages\/42"}],"collection":[{"href":"https:\/\/www.imf.asso.fr\/pages\/index.php?rest_route=\/wp\/v2\/pages"}],"about":[{"href":"https:\/\/www.imf.asso.fr\/pages\/index.php?rest_route=\/wp\/v2\/types\/page"}],"author":[{"embeddable":true,"href":"https:\/\/www.imf.asso.fr\/pages\/index.php?rest_route=\/wp\/v2\/users\/1"}],"replies":[{"embeddable":true,"href":"https:\/\/www.imf.asso.fr\/pages\/index.php?rest_route=%2Fwp%2Fv2%2Fcomments&post=42"}],"version-history":[{"count":3,"href":"https:\/\/www.imf.asso.fr\/pages\/index.php?rest_route=\/wp\/v2\/pages\/42\/revisions"}],"predecessor-version":[{"id":14245,"href":"https:\/\/www.imf.asso.fr\/pages\/index.php?rest_route=\/wp\/v2\/pages\/42\/revisions\/14245"}],"up":[{"embeddable":true,"href":"https:\/\/www.imf.asso.fr\/pages\/index.php?rest_route=\/wp\/v2\/pages\/264"}],"wp:attachment":[{"href":"https:\/\/www.imf.asso.fr\/pages\/index.php?rest_route=%2Fwp%2Fv2%2Fmedia&parent=42"}],"curies":[{"name":"wp","href":"https:\/\/api.w.org\/{rel}","templated":true}]}}