{"id":4019,"date":"2019-10-08T09:50:25","date_gmt":"2019-10-08T07:50:25","guid":{"rendered":"http:\/\/www.imf.asso.fr\/pages\/?page_id=4019"},"modified":"2026-04-01T11:32:32","modified_gmt":"2026-04-01T09:32:32","slug":"vap","status":"publish","type":"page","link":"https:\/\/www.imf.asso.fr\/pages\/?page_id=4019","title":{"rendered":"VAP"},"content":{"rendered":"<div class=\"post_sous-title\"><a title=\"Permalien vers VAP\" href=\"\/pages\/?page_id=4019\" rel=\"bookmark\">Validation des Acquis Professionnels \/ Personnels <\/a><\/div>\n<p><!--more--><\/p>\n<table class=\"cell_align_content\" style=\"width: 100%; height: 133px;\">\n<tbody>\n<tr style=\"height: 133px;\">\n<td style=\"height: 133px;\">\n<p>Vous souhaitez vous pr\u00e9senter aux s\u00e9lections pour l&rsquo;entr\u00e9e en formation ASS, EJE, ES (dipl\u00f4mes de niveau 6 &#8211; anciennement II grad\u00e9s Licence) mais vous n&rsquo;avez pas les dipl\u00f4mes requis (dipl\u00f4me de niveau 4 &#8211; anciennement IV : baccalaur\u00e9at ou \u00e9quivalent), <strong>demandez une dispense de titre ou dipl\u00f4me par le biais de la VAP, Validation des Acquis Professionnels \/ Personnels <\/strong>(<em>d\u00e9cret n\u00b0 85-906 du 23 ao\u00fbt 1985<\/em>).<\/p>\n<p><a href=\"https:\/\/www.imf.asso.fr\/pages\/wp-content\/uploads\/Dossier-VAP-imf-2.pdf\">T\u00e9l\u00e9charger le dossier<\/a><\/p>\n<\/td>\n<\/tr>\n<\/tbody>\n<\/table>\n","protected":false},"excerpt":{"rendered":"<div class=\"post_sous-title\"><a title=\"Permalien vers VAP\" href=\"\/pages\/?page_id=4019\" rel=\"bookmark\">Validation des Acquis Professionnels \/ Personnels <\/a><\/div>\n","protected":false},"author":1,"featured_media":0,"parent":4021,"menu_order":2,"comment_status":"closed","ping_status":"closed","template":"template-twocolumnsleft.php","meta":{"footnotes":""},"_links":{"self":[{"href":"https:\/\/www.imf.asso.fr\/pages\/index.php?rest_route=\/wp\/v2\/pages\/4019"}],"collection":[{"href":"https:\/\/www.imf.asso.fr\/pages\/index.php?rest_route=\/wp\/v2\/pages"}],"about":[{"href":"https:\/\/www.imf.asso.fr\/pages\/index.php?rest_route=\/wp\/v2\/types\/page"}],"author":[{"embeddable":true,"href":"https:\/\/www.imf.asso.fr\/pages\/index.php?rest_route=\/wp\/v2\/users\/1"}],"replies":[{"embeddable":true,"href":"https:\/\/www.imf.asso.fr\/pages\/index.php?rest_route=%2Fwp%2Fv2%2Fcomments&post=4019"}],"version-history":[{"count":3,"href":"https:\/\/www.imf.asso.fr\/pages\/index.php?rest_route=\/wp\/v2\/pages\/4019\/revisions"}],"predecessor-version":[{"id":16971,"href":"https:\/\/www.imf.asso.fr\/pages\/index.php?rest_route=\/wp\/v2\/pages\/4019\/revisions\/16971"}],"up":[{"embeddable":true,"href":"https:\/\/www.imf.asso.fr\/pages\/index.php?rest_route=\/wp\/v2\/pages\/4021"}],"wp:attachment":[{"href":"https:\/\/www.imf.asso.fr\/pages\/index.php?rest_route=%2Fwp%2Fv2%2Fmedia&parent=4019"}],"curies":[{"name":"wp","href":"https:\/\/api.w.org\/{rel}","templated":true}]}}