{"id":3896,"date":"2019-09-13T09:57:16","date_gmt":"2019-09-13T07:57:16","guid":{"rendered":"http:\/\/www.imf.asso.fr\/pages\/?page_id=3896"},"modified":"2020-01-27T10:29:34","modified_gmt":"2020-01-27T09:29:34","slug":"liriss-congres-colloques-et-conferences-page-detail-2","status":"publish","type":"page","link":"https:\/\/www.imf.asso.fr\/pages\/?page_id=3896","title":{"rendered":"LIRISS &#8211; Congr\u00e8s, colloques et conf\u00e9rences (INTERGIS 02\/03-19)"},"content":{"rendered":"<p><!--more--><\/p>\n<div class=\"post-nav-top parent-return parent-88 clearfix\">\n<p class=\"col-md-12\"><i class=\"fa fa-arrow-circle-up\"><\/i> Revenir \u00e0 D\u00e9veloppement et Recherche &gt;\u00a0<a class=\"parent-return-link\" href=\"\/pages\/?page_id=3314\">Congr\u00e8s, colloques et conf\u00e9rences<\/a><\/p>\n<\/div>\n<table style=\"width: 100%;\">\n<tbody>\n<tr>\n<td style=\"width: 18.9333%;\"><img decoding=\"async\" loading=\"lazy\" class=\"\" src=\"\/pages\/liriss\/images\/manifestations\/image107.png\" width=\"120\" height=\"82\" \/><\/td>\n<td style=\"width: 80.9333%;\"><b>\u202a<\/b><b>\u202a<\/b><b>\u00a0\u00bb Colloque INTERGIS \u00a0\u00bb <\/b><b>Fronti\u00e8res et franchissements <\/b><\/p>\n<p>La fronti\u00e8re immat\u00e9rielle : A Perpignan, le 07 f\u00e9vrier 2019<\/p>\n<p>La fronti\u00e8re mat\u00e9rielle : A Strasbourg, le 21 mars 2019<\/p>\n<p><u><em><img decoding=\"async\" loading=\"lazy\" class=\"\" src=\"\/pages\/liriss\/images\/download.png\" width=\"15\" height=\"15\" \/><\/em><a href=\"\/pages\/liriss\/docs\/intergis_02_03-2019.pdf\" target=\"_blank\" rel=\"noopener noreferrer\"><em>T\u00e9l\u00e9charger le programme<\/em><\/a><\/u><\/td>\n<\/tr>\n<tr>\n<td style=\"width: 99.8666%;\" colspan=\"2\">Participation \u00e0 l\u2019organisation d\u2019un colloque Inter-Gis sur la th\u00e9matique des \u00ab\u00a0FRONTIERES\u00a0\u00bb, se donnant pour objectif de r\u00e9pondre aux pr\u00e9occupations communes des chercheurs en sciences sociales, membres des groupements d\u2019int\u00e9r\u00eat scientifique <strong>CRITIS<\/strong> et <strong>REACTIFS<\/strong>, ayant le souci de se donner les moyens de s\u2019affranchir des fronti\u00e8res entre recherche et action dans les champs des sciences sociales et de l\u2019intervention sociale.<\/td>\n<\/tr>\n<tr>\n<td style=\"width: 99.8666%;\" colspan=\"2\"><b>Ce colloque s\u2019est d\u00e9roul\u00e9 en deux temps :<\/b><\/p>\n<p>&nbsp;<\/p>\n<p><b>\u00ab\u00a0LA FRONTIERE IMMATERIELLE\u00a0\u00bb : <\/b><\/p>\n<p>A Perpignan (<strong>UPVD<\/strong>), le 07 f\u00e9vrier 2019<\/p>\n<p><u><b>2 contributions<\/b><\/u> :<\/p>\n<ul>\n<li><b>Basma Boubakri <\/b>(\u00e9tudiante DEIS) sur \u00ab\u00a0Passer d&rsquo;une posture (exclusivement) militante \u00e0 une posture d&rsquo;activiste\u00a0\u00bb : il s&rsquo;agissait de montrer comment l&rsquo;\u00e9laboration du m\u00e9moire de recherche DEIS a permis de repenser la question de l&rsquo;engagement contre les violences obst\u00e9tricales et gyn\u00e9cologiques, ainsi que celle de l&rsquo;utilit\u00e9 sociale de cet engagement.<\/li>\n<\/ul>\n<p>&nbsp;<\/p>\n<p><u><em><img decoding=\"async\" loading=\"lazy\" class=\"\" src=\"\/pages\/liriss\/images\/download.png\" width=\"15\" height=\"15\" \/>T\u00e9l\u00e9charger<\/em><\/u><em><u> la contribution<\/u> \u00e0\u00a0 venir&#8230;<\/em><\/p>\n<p>&nbsp;<\/p>\n<ul>\n<li><b>Yves Lacascade <\/b>sur \u00ab\u00a0Enqu\u00eater au coll\u00e8ge\u00a0\u00bb\u00a0: il s\u2019agissait de montrer comment une enqu\u00eate participative conduite depuis plusieurs mois au sein d&rsquo;un coll\u00e8ge de centre-ville \u00e0 Marseille permettait de repenser la question de \u00ab\u00a0l&rsquo;intervention sociale\u00a0\u00bb au sens large et ouvrait la voie \u00e0 des pratiques de recherche appliqu\u00e9e et d&rsquo;intervention au sein des institutions scolaires classiques et non plus exclusivement de celles relevant du secteur de l&rsquo;\u00e9ducation sp\u00e9cialis\u00e9e.<\/li>\n<\/ul>\n<p>&nbsp;<\/p>\n<p><u><em><img decoding=\"async\" loading=\"lazy\" class=\"\" src=\"\/pages\/liriss\/images\/download.png\" width=\"15\" height=\"15\" \/>T\u00e9l\u00e9charger<\/em><\/u><em><u> la contribution<\/u> \u00e0\u00a0 venir&#8230;<\/em><\/td>\n<\/tr>\n<tr>\n<td style=\"width: 99.8666%;\" colspan=\"2\"><b>\u00ab\u00a0LA FRONTIERE MATERIELLE\u00a0\u00bb\u00a0: <\/b><\/p>\n<p>A Strasbourg (<strong>ESEIS<\/strong>), le 21 mars 2019<\/p>\n<p><u><b>1 contribution<\/b><\/u> :<\/p>\n<ul>\n<li><b>Antoine Passavant<\/b> sur Les Programmes concert\u00e9s pluri-acteurs (<strong>PCPA<\/strong>) en M\u00e9diterran\u00e9e : passerelles entre les acteurs des deux rives.Les Programmes concert\u00e9s pluri-acteurs (<strong>PCPA<\/strong>) sont des espaces-fronti\u00e8res dans lesquels les acteurs de la coop\u00e9ration internationale sont dans une recherche commune de synergies afin de cr\u00e9er des projets de terrain dans une approche qui mobilise r\u00e9ciprocit\u00e9 et co-construction. Que peut-on observer dans ces espaces fronti\u00e8res en termes de renversement de perspective et de d\u00e9placement chez les acteurs favorisant la dissolution des fronti\u00e8res et la mise en commun des questions sociales ?<\/li>\n<\/ul>\n<p>&nbsp;<\/p>\n<p><u><em><img decoding=\"async\" loading=\"lazy\" class=\"\" src=\"\/pages\/liriss\/images\/download.png\" width=\"15\" height=\"15\" \/>T\u00e9l\u00e9charger<\/em><\/u><em><u> la contribution<\/u> \u00e0\u00a0 venir&#8230;<\/em><\/td>\n<\/tr>\n<\/tbody>\n<\/table>\n","protected":false},"excerpt":{"rendered":"","protected":false},"author":1,"featured_media":0,"parent":0,"menu_order":2,"comment_status":"closed","ping_status":"closed","template":"template-twocolumnsleft.php","meta":{"footnotes":""},"_links":{"self":[{"href":"https:\/\/www.imf.asso.fr\/pages\/index.php?rest_route=\/wp\/v2\/pages\/3896"}],"collection":[{"href":"https:\/\/www.imf.asso.fr\/pages\/index.php?rest_route=\/wp\/v2\/pages"}],"about":[{"href":"https:\/\/www.imf.asso.fr\/pages\/index.php?rest_route=\/wp\/v2\/types\/page"}],"author":[{"embeddable":true,"href":"https:\/\/www.imf.asso.fr\/pages\/index.php?rest_route=\/wp\/v2\/users\/1"}],"replies":[{"embeddable":true,"href":"https:\/\/www.imf.asso.fr\/pages\/index.php?rest_route=%2Fwp%2Fv2%2Fcomments&post=3896"}],"version-history":[{"count":0,"href":"https:\/\/www.imf.asso.fr\/pages\/index.php?rest_route=\/wp\/v2\/pages\/3896\/revisions"}],"wp:attachment":[{"href":"https:\/\/www.imf.asso.fr\/pages\/index.php?rest_route=%2Fwp%2Fv2%2Fmedia&parent=3896"}],"curies":[{"name":"wp","href":"https:\/\/api.w.org\/{rel}","templated":true}]}}