{"id":3894,"date":"2019-09-13T09:56:04","date_gmt":"2019-09-13T07:56:04","guid":{"rendered":"http:\/\/www.imf.asso.fr\/pages\/?page_id=3894"},"modified":"2020-01-27T10:28:13","modified_gmt":"2020-01-27T09:28:13","slug":"liriss-congres-colloques-et-conferences-1","status":"publish","type":"page","link":"https:\/\/www.imf.asso.fr\/pages\/?page_id=3894","title":{"rendered":"LIRISS &#8211; Congr\u00e8s, colloques et conf\u00e9rences (AIFRIS LIBAN 07-19)"},"content":{"rendered":"<p><!--more--><\/p>\n<div class=\"post-nav-top parent-return parent-88 clearfix\">\n<p class=\"col-md-12\"><i class=\"fa fa-arrow-circle-up\"><\/i> Revenir \u00e0 D\u00e9veloppement et Recherche &gt; <a class=\"parent-return-link\" href=\"\/pages\/?page_id=3314\">Congr\u00e8s, colloques et conf\u00e9rences<\/a><\/p>\n<\/div>\n<table style=\"width: 100%;\">\n<tbody>\n<tr>\n<td style=\"width: 18.2667%;\"><img decoding=\"async\" loading=\"lazy\" class=\"\" src=\"\/pages\/liriss\/images\/manifestations\/image102.png\" width=\"120\" height=\"170\" \/><\/td>\n<td style=\"width: 81.6%;\"><b>\u202a<\/b><\/p>\n<p><b>\u202a<\/b><b>8\u00e8me congr\u00e8s AIFRIS \u2013 LIBAN\u00a0<\/b><\/p>\n<p>sur\u00a0 le th\u00e8me \u00ab\u00a0Soci\u00e9t\u00e9s plurielles, Travail social et Vivre-ensemble\u00a0\u00bb<\/p>\n<p>A Beyrouth, du 2 au 5 juillet 2019<\/p>\n<p>Organisateurs : <strong>AIFRIS<\/strong><\/p>\n<p>Intervenant(s) de l&rsquo;<strong>IMF<\/strong> : <b>Jacqueline Grebert, <\/b><b>Yves Lacascade,<\/b><b>\u00a0\u00a0 <\/b><b>Antoine Passavant, <\/b><b>Nathalie Segura,<\/b>\u00a0 <b>Fran\u00e7ois<\/b> <b>Teissier, <\/b><b>St\u00e9phane Volle<\/b><\/p>\n<p><em><a href=\"https:\/\/aifris.eu\/06manifestations\/2019_beyrouth\/index.php\" target=\"_blank\" rel=\"noopener noreferrer\">En savoir plus<\/a>&#8230;<\/em><\/td>\n<\/tr>\n<tr>\n<td style=\"width: 99.8667%;\" colspan=\"2\">L\u2019<strong>IMF<\/strong> a pr\u00e9sent\u00e9 plusieurs contributions lors de ce congr\u00e8s mettant l\u2019accent sur la contribution du travail social dans la constitution et la dynamisation du \u00ab\u00a0vivre-ensemble\u00a0\u00bb.<\/td>\n<\/tr>\n<tr>\n<td style=\"width: 99.8667%;\" colspan=\"2\"><b>\u00a0<\/b><u><b>Contributions<\/b><\/u> :<\/p>\n<ul>\n<li><b>Monsieur Fran\u00e7ois<\/b> <b>Teissier<\/b><\/li>\n<\/ul>\n<p>R\u00e9sum\u00e9<\/p>\n<p><em> \u00ab\u00a0Coh\u00e9sion sociale et investissement social\u00a0\u00bb<\/em><\/p>\n<p><em><u><img decoding=\"async\" loading=\"lazy\" class=\"\" src=\"\/pages\/liriss\/images\/download.png\" width=\"15\" height=\"15\" \/><a href=\"\/pages\/liriss\/docs\/aifris_contribution_teissier_0719.pdf\" target=\"_blank\" rel=\"noopener noreferrer\">T\u00e9l\u00e9charger la contribution<\/a><\/u><\/em><\/p>\n<ul>\n<li><b>Monsieur Yves<\/b><b> Lacascade <\/b><\/li>\n<\/ul>\n<p>R\u00e9sum\u00e9<\/p>\n<p><em>\u00ab\u00a0Faire tenir ensemble\u00a0\u00bb<\/em><\/p>\n<p><u><em><img decoding=\"async\" loading=\"lazy\" class=\"\" src=\"\/pages\/liriss\/images\/download.png\" width=\"15\" height=\"15\" \/><a href=\"\/pages\/liriss\/docs\/aifris_contribution_lacacade_0719.pdf\" target=\"_blank\" rel=\"noopener noreferrer\">T\u00e9l\u00e9charger la contribution<\/a><\/em><\/u><\/p>\n<ul>\n<li><b>Madame<\/b><b> Nathalie Segura<\/b><\/li>\n<\/ul>\n<p>R\u00e9sum\u00e9 <em>\u00e0\u00a0 venir&#8230;<\/em><\/p>\n<p><u><em><img decoding=\"async\" loading=\"lazy\" class=\"\" src=\"\/pages\/liriss\/images\/download.png\" width=\"15\" height=\"15\" \/>T\u00e9l\u00e9charger<\/em><\/u><em><u> la contribution<\/u> \u00e0\u00a0 venir&#8230;<\/em><\/p>\n<ul>\n<li><b>Madame<\/b><b> Jacqueline Grebert et Monsieur St\u00e9phane Volle<\/b><\/li>\n<\/ul>\n<p>R\u00e9sum\u00e9<\/p>\n<p><em>\u00ab\u00a0Vers une p\u00e9dagogie du travail social pour une citoyennet\u00e9 post-moderne\u00a0\u00bb<\/em><\/p>\n<p><u><em><img decoding=\"async\" loading=\"lazy\" class=\"\" src=\"\/pages\/liriss\/images\/download.png\" width=\"15\" height=\"15\" \/>T\u00e9l\u00e9charger la contribution<\/em><\/u> \u00e0 venir&#8230;<!--<a href=\"\/pages\/liriss\/docs\/aifris_contribution_grebert_volle_0719.pdf\" target=\"_blank\" rel=\"noopener noreferrer\">...<\/a>--><\/td>\n<\/tr>\n<\/tbody>\n<\/table>\n","protected":false},"excerpt":{"rendered":"","protected":false},"author":1,"featured_media":0,"parent":0,"menu_order":1,"comment_status":"closed","ping_status":"closed","template":"template-twocolumnsleft.php","meta":{"footnotes":""},"_links":{"self":[{"href":"https:\/\/www.imf.asso.fr\/pages\/index.php?rest_route=\/wp\/v2\/pages\/3894"}],"collection":[{"href":"https:\/\/www.imf.asso.fr\/pages\/index.php?rest_route=\/wp\/v2\/pages"}],"about":[{"href":"https:\/\/www.imf.asso.fr\/pages\/index.php?rest_route=\/wp\/v2\/types\/page"}],"author":[{"embeddable":true,"href":"https:\/\/www.imf.asso.fr\/pages\/index.php?rest_route=\/wp\/v2\/users\/1"}],"replies":[{"embeddable":true,"href":"https:\/\/www.imf.asso.fr\/pages\/index.php?rest_route=%2Fwp%2Fv2%2Fcomments&post=3894"}],"version-history":[{"count":0,"href":"https:\/\/www.imf.asso.fr\/pages\/index.php?rest_route=\/wp\/v2\/pages\/3894\/revisions"}],"wp:attachment":[{"href":"https:\/\/www.imf.asso.fr\/pages\/index.php?rest_route=%2Fwp%2Fv2%2Fmedia&parent=3894"}],"curies":[{"name":"wp","href":"https:\/\/api.w.org\/{rel}","templated":true}]}}