{"id":3884,"date":"2019-09-13T09:34:17","date_gmt":"2019-09-13T07:34:17","guid":{"rendered":"http:\/\/www.imf.asso.fr\/pages\/?page_id=3884"},"modified":"2020-01-27T10:26:42","modified_gmt":"2020-01-27T09:26:42","slug":"liriss-congres-colloques-et-conferences-page-detail-3","status":"publish","type":"page","link":"https:\/\/www.imf.asso.fr\/pages\/?page_id=3884","title":{"rendered":"LIRISS &#8211; Congr\u00e8s, colloques et conf\u00e9rences (Journ\u00e9e Culturelle 16-02-18)"},"content":{"rendered":"<p><!--more--><\/p>\n<div class=\"post-nav-top parent-return parent-88 clearfix\">\n<p class=\"col-md-12\"><i class=\"fa fa-arrow-circle-up\"><\/i> Revenir \u00e0 D\u00e9veloppement et Recherche &gt; <a class=\"parent-return-link\" href=\"\/pages\/?page_id=3314\">Congr\u00e8s, colloques et conf\u00e9rences<\/a><\/p>\n<\/div>\n<table style=\"width: 100%;\">\n<tbody>\n<tr>\n<td style=\"width: 18.5334%;\"><img decoding=\"async\" loading=\"lazy\" class=\"\" src=\"\/pages\/liriss\/images\/photos\/image111.png\" width=\"118\" height=\"74\" \/><\/td>\n<td style=\"width: 81.3333%;\"><b>\u202a<\/b><b>La coordination au coeur des probl\u00e9matiques de changement : consid\u00e9rations, enjeux et avenir(s)<\/b><\/p>\n<p>Journ\u00e9e d\u2019\u00e9changes et de d\u00e9bats pour les \u00e9tudiants, professionnels et d\u00e9cideurs du champ de l\u2019Action Sociale et M\u00e9dico-Sociale<\/p>\n<p>le 16 f\u00e9vrier 2018<\/p>\n<p>\u00e0 l&rsquo;IMF Marseille<\/p>\n<p>Organisateur : <strong>IMF<\/strong><\/p>\n<p>Participant(s) : \u00a0<b>Jean-Ren\u00e9 Loubat<\/b>, Psychosociologue, Docteur en Sciences Humaines, Consultant et Formateur aupr\u00e8s des instituions sanitaires sociales et m\u00e9dico-Sociales<\/td>\n<\/tr>\n<tr>\n<td style=\"width: 99.8667%;\" colspan=\"2\">Actes r\u00e9alis\u00e9s par <b>la PROMOTION COORDINATEUR 2017\/2018 :<\/b><\/p>\n<p><b>Lamia Boussadia<\/b>, Coordinatrice au sein d\u2019une association de quartier<\/p>\n<p><b>Magali Breton<\/b>, Coordinatrice au sein d\u2019un EHPAD<\/p>\n<p><b>Fanny Chaulet<\/b>, \u00c9ducatrice sp\u00e9cialis\u00e9e en foyer de l\u2019enfance<\/p>\n<p><b>Ang\u00e9lique Chazot<\/b> Chef de service \u00e9ducatif en MECS<\/p>\n<p><b>C\u00e9line Henriot<\/b>, \u00c9ducatrice-coordinatrice au sein d\u2019un IME<\/p>\n<p><b>Laura Mari<\/b>, \u00c9ducatrice sp\u00e9cialis\u00e9e au sein d\u2019une MECS<\/p>\n<p><b>Val\u00e9rie Poullard<\/b>, Coordinatrice d\u2019unit\u00e9 en foyer de vie<\/p>\n<p>&nbsp;<\/p>\n<p>Intervenants de l&rsquo;<strong>IMF<\/strong> :<\/p>\n<p><b>Christine Lorenzi-Coll, Michel Guglielmi <\/b>(Responsables de Centre d\u2019Activit\u00e9s \u00e0 l\u2019IMF)<\/p>\n<p><b>Erica Estevan <\/b>&#8211; formatrice consultante<\/td>\n<\/tr>\n<tr>\n<td style=\"width: 99.8667%;\" colspan=\"2\">En pr\u00e9sence de multiples professionnels, \u00e9tudiants, formateurs, consultants, chercheurs, repr\u00e9sentants d\u2019employeurs du secteur, la troisi\u00e8me promotion <strong>IMF<\/strong> de Coordinateurs en \u00e9tablissements sociaux et m\u00e9dico-sociaux (2017\/2018) a pu d\u00e9battre autour de cette th\u00e9matique. La coordination, non centrale dans les poliques publiques actuelles, prend diff\u00e9rentes formes : coordination de parcours et coordination d\u2019\u00e9quipe. Elle vient s\u2019inscrire dans un contexte de mutation organisationnelle et am\u00e8ne \u00e0 la prise en compte d\u2019une logique de parcours de vie, d\u00e9finit par la <strong>CNSA<\/strong> comme :<\/p>\n<p><b>\u00ab\u00a0<\/b><b><i>l\u2019ensemble des \u00e9v\u00e9nements intervenant dans la vie d\u2019une personne et les diff\u00e9rentes p\u00e9riodes et transitions qu\u2019elle conna\u00eet [\u2026]. Dans ce nouveau mode d\u2019accompagnement,\u00a0 la notion de parcours est autant \u00e0 analyser au sein de la structure qui accompagne la personne qu\u2019en dehors de ce#e structure\u00a0\u00bb<\/i><\/b><b>. <\/b><\/p>\n<p>De ce fait, la coordination repr\u00e9sente une v\u00e9ritable plus-value pour les organisations du secteur et ce, dans l\u2019int\u00e9r\u00eat des b\u00e9n\u00e9ficiaires : mise en oeuvre des projets personnalis\u00e9s, partage et circularisation des informations, coop\u00e9ration pluri-professionnelle \u2026 Durant cette journ\u00e9e, diff\u00e9rents t\u00e9moignages et \u00e9changes se sont succ\u00e9d\u00e9s, notamment sous forme de tables rondes.<\/p>\n<p>La promotion de coordination 2017\/2018 a le plaisir de vous proposer cette r\u00e9flexion collective.<\/p>\n<p><u><img decoding=\"async\" loading=\"lazy\" class=\"\" src=\"\/pages\/liriss\/images\/download.png\" width=\"15\" height=\"15\" \/><\/u> <a href=\"\/pages\/liriss\/docs\/jc_16-02-18.pdf\" target=\"_blank\" rel=\"noopener noreferrer\"><u>T\u00e9l\u00e9charger<\/u><u> les actes du colloques<\/u><\/a><\/td>\n<\/tr>\n<\/tbody>\n<\/table>\n<p>&nbsp;<\/p>\n","protected":false},"excerpt":{"rendered":"","protected":false},"author":1,"featured_media":0,"parent":0,"menu_order":3,"comment_status":"closed","ping_status":"closed","template":"template-twocolumnsleft.php","meta":{"footnotes":""},"_links":{"self":[{"href":"https:\/\/www.imf.asso.fr\/pages\/index.php?rest_route=\/wp\/v2\/pages\/3884"}],"collection":[{"href":"https:\/\/www.imf.asso.fr\/pages\/index.php?rest_route=\/wp\/v2\/pages"}],"about":[{"href":"https:\/\/www.imf.asso.fr\/pages\/index.php?rest_route=\/wp\/v2\/types\/page"}],"author":[{"embeddable":true,"href":"https:\/\/www.imf.asso.fr\/pages\/index.php?rest_route=\/wp\/v2\/users\/1"}],"replies":[{"embeddable":true,"href":"https:\/\/www.imf.asso.fr\/pages\/index.php?rest_route=%2Fwp%2Fv2%2Fcomments&post=3884"}],"version-history":[{"count":0,"href":"https:\/\/www.imf.asso.fr\/pages\/index.php?rest_route=\/wp\/v2\/pages\/3884\/revisions"}],"wp:attachment":[{"href":"https:\/\/www.imf.asso.fr\/pages\/index.php?rest_route=%2Fwp%2Fv2%2Fmedia&parent=3884"}],"curies":[{"name":"wp","href":"https:\/\/api.w.org\/{rel}","templated":true}]}}