{"id":3864,"date":"2019-09-11T10:45:57","date_gmt":"2019-09-11T08:45:57","guid":{"rendered":"http:\/\/www.imf.asso.fr\/pages\/?page_id=3864"},"modified":"2022-12-02T10:31:02","modified_gmt":"2022-12-02T09:31:02","slug":"les-soirees-du-liriss","status":"publish","type":"page","link":"https:\/\/www.imf.asso.fr\/pages\/?page_id=3864","title":{"rendered":"Les soir\u00e9es du LIRISS"},"content":{"rendered":"<p><!--more--><\/p>\n<table class=\"cell_align_content\" style=\"width: 100%; height: 39px;\">\n<tbody>\n<tr>\n<td>\n<h3>Soir\u00e9es du LIRISS<\/h3>\n<p>Trois fois dans l&rsquo;ann\u00e9e sont organis\u00e9es respectivement sur les sites de Marseille et de Montfavet des soir\u00e9es d\u00e9bats r\u00e9unissant des universitaires, des formateurs, des \u00e9tudiants et des professionnels autour de th\u00e9matiques en lien avec l&rsquo;actualit\u00e9 de l&rsquo;intervention sociale.<\/p>\n<\/td>\n<\/tr>\n<\/tbody>\n<\/table>\n<table class=\"cell_align_content\" style=\"width: 100%; height: 39px;\">\n<tbody>\n<tr class=\"cell_background_title\" style=\"height: 39px;\">\n<td style=\"height: 39px;\">A venir&#8230;<\/td>\n<\/tr>\n<\/tbody>\n<\/table>\n<table style=\"width: 100%;\">\n<tbody>\n<tr>\n<td style=\"width: 23.8513%;\"><img decoding=\"async\" loading=\"lazy\" class=\"alignnone\" src=\"\/pages\/manifestations\/soiree_LIRISS-7a.jpg\" alt=\"\" width=\"164\" height=\"247\" \/><\/td>\n<td style=\"width: 76.0377%;\">\n<p><b>\u202a<\/b><\/p>\n<p>Soir\u00e9e du <strong>LIRISS\u00a0<\/strong> N\u00b0 : 07<\/p>\n<p><strong>Jeudi 24 novembre 2022<\/strong> de 17h30 \u00e0 19h30<\/p>\n<p>Th\u00e8me :\u00a0 Le D\u00e9veloppement du Pouvoir d\u2019Agir des Personnes et des Collectifs (DPA-PC)<br \/>\n<em>En quoi l\u2019approche du DPA-PC de Yann Le Boss\u00e9, vient-elle r\u00e9interroger la pratique professionnelle des travailleurs sociaux ?<\/em><\/p>\n<p>\u00e0 l&rsquo;<strong>IMFRIS Montfavet<\/strong> , Hamadryade Bat B, 55 all\u00e9e Camille Claudel, 84140 Avignon<\/p>\n<p>Soir\u00e9e film\u00e9e et gratuite apr\u00e8s r\u00e9servation sur le lien ci-apr\u00e8s :<br \/>\n<a href=\"https:\/\/forms.office.com\/Pages\/ResponsePage.aspx?id=8t8My6u1x0Gyi9OndG5U_Ky0ZkOEfHVGntlpNy5K9llUQ1Y5WUZHQjZRUEEzNUlNRDlJSFE4VDlBMy4u\" target=\"_blank\" rel=\"noopener\"><em>cliquer ici pour r\u00e9server<\/em><\/a><\/p>\n<p>ou en visio via <strong>ZOOM<\/strong> : <br \/>\n<a href=\"https:\/\/zoom.us\/j\/97268898754?pwd=bWhSL0ZKbWE4OFFsOVB1S204cm1hdz09\" target=\"_blank\" rel=\"noopener\"><em>https:\/\/zoom.us\/j\/97268898754?pwd=bWhSL0ZKbWE4OFFsOVB1S204cm1hdz09<\/em><\/a><\/p>\n<p><strong>\u00a0<\/strong><img decoding=\"async\" loading=\"lazy\" class=\"\" src=\"\/pages\/liriss\/images\/download.png\" width=\"25\" height=\"18\" \/>\u00a0<a href=\"\/pages\/manifestations\/soiree_LIRISS-7.jpg\" target=\"_blank\" rel=\"noopener\">T\u00e9l\u00e9charger l&rsquo;affiche<\/a><\/p>\n<p><img decoding=\"async\" loading=\"lazy\" class=\"\" src=\"\/pages\/liriss\/images\/download.png\" width=\"25\" height=\"18\" \/>\u00a0<a href=\"\/pages\/manifestations\/soiree_p_LIRISS-7.pdf\" target=\"_blank\" rel=\"noopener\">T\u00e9l\u00e9charger le programme<\/a><\/p>\n<p><img decoding=\"async\" loading=\"lazy\" class=\"\" src=\"\/pages\/liriss\/images\/download.png\" width=\"25\" height=\"18\" \/>\u00a0<a href=\"\/pages\/manifestations\/soiree_pre_LIRISS-7.pdf\" target=\"_blank\" rel=\"noopener\">T\u00e9l\u00e9charger la pr\u00e9sentation de Mme PORTAL<\/a><\/p>\n<p><img decoding=\"async\" loading=\"lazy\" class=\"\" src=\"\/pages\/liriss\/images\/video.jpg\" width=\"29\" height=\"18\" \/><a href=\"https:\/\/www.youtube.com\/watch?v=t1_VTZCtZkM&amp;t=2s\" target=\"_blank\" rel=\"noopener noreferrer\">Voir la vid\u00e9o<\/a><\/p>\n<\/td>\n<\/tr>\n<\/tbody>\n<\/table>\n<table class=\"cell_align_content\">\n<tbody>\n<tr class=\"cell_background_title\">\n<td>Pass\u00e9&#8230;<\/td>\n<\/tr>\n<\/tbody>\n<\/table>\n<table style=\"width: 100%;\">\n<tbody>\n<tr>\n<td style=\"width: 23.7333%;\"><img decoding=\"async\" loading=\"lazy\" class=\"alignnone\" src=\"\/pages\/manifestations\/soiree_LIRISS-6a.jpg\" alt=\"\" width=\"164\" height=\"247\" \/><\/td>\n<td style=\"width: 76.1333%;\">\n<p><b>\u202a<\/b><\/p>\n<p>Soir\u00e9e du <strong>LIRISS\u00a0<\/strong> N\u00b0 : 06<\/p>\n<p><strong>Mardi 9 novembre 2021<\/strong> de 17h00 \u00e0 19h00<\/p>\n<p>Th\u00e8me :\u00a0 Travail social, travail culturel, travail artistique : un accord est-il possible ?<\/p>\n<p>Ouvert \u00e0 un public restreint et r\u00e9serv\u00e9 \u00e0 la communaut\u00e9 \u00e9largie des formateurs, chercheurs et apprenants de l&rsquo;<strong>IMFRTS<\/strong> :\u00a013 rue Chape, 13004 Marseille\u00a0\u00a0\u00a0<\/p>\n<p>Ouvert au public <strong>via Facebook live\u00a0<\/strong> :\u00a0<em><a href=\"https:\/\/fb.me\/e\/1dTcPE6C3\" target=\"_blank\" rel=\"noopener\" data-auth=\"NotApplicable\" data-linkindex=\"1\">https:\/\/fb.me\/e\/1dTcPE6C3<\/a><\/em><strong>\u00a0<\/strong><\/p>\n<p><img decoding=\"async\" loading=\"lazy\" class=\"\" src=\"\/pages\/liriss\/images\/download.png\" width=\"25\" height=\"18\" \/>\u00a0<a href=\"\/pages\/manifestations\/soiree_LIRISS-6.jpg\" target=\"_blank\" rel=\"noopener\">T\u00e9l\u00e9charger l&rsquo;affiche<\/a><\/p>\n<p><img decoding=\"async\" loading=\"lazy\" class=\"\" src=\"\/pages\/liriss\/images\/download.png\" width=\"25\" height=\"18\" \/>\u00a0<a href=\"\/pages\/manifestations\/soiree_p_LIRISS-6.pdf\" target=\"_blank\" rel=\"noopener\">T\u00e9l\u00e9charger le programme<\/a><\/p>\n<p><img decoding=\"async\" loading=\"lazy\" class=\"\" src=\"\/pages\/liriss\/images\/video.jpg\" width=\"29\" height=\"18\" \/><a href=\"https:\/\/www.youtube.com\/watch?v=K8DplxgP-3c&amp;t=9s&amp;fbclid=IwAR2eFpP32WN-Nq_BbcuKE5Ze1rqHK2Y74CnbMhsdJ5pVkx0O6S0byXbO2CI\" target=\"_blank\" rel=\"noopener noreferrer\">Voir la vid\u00e9o<\/a><\/p>\n<\/td>\n<\/tr>\n<\/tbody>\n<\/table>\n<table style=\"width: 100%;\">\n<tbody>\n<tr>\n<td style=\"width: 23.6%;\"><img decoding=\"async\" loading=\"lazy\" class=\"alignnone\" src=\"\/pages\/manifestations\/soiree_LIRISS-5a.jpg\" alt=\"\" width=\"164\" height=\"247\" \/><\/td>\n<td style=\"width: 76.2667%;\">\n<p><b>\u202a<\/b><\/p>\n<p>Soir\u00e9e du <strong>LIRISS\u00a0<\/strong> N\u00b0 : 05<\/p>\n<p>Th\u00e8me :\u00a0rencontre avec <strong>Jean-Louis LAVILLE<\/strong>, professeur titulaire de la chaire \u00ab\u00a0Economie solidaire\u00a0\u00bb du Conservatoire national des arts et m\u00e9tiers, sur la question de L&rsquo;association comme rempart au social business ou comment repolitiser l&rsquo;intervention sociale ?<\/p>\n<p>Via <strong>ZOOM<\/strong> :<br \/>\n<em><a href=\"https:\/\/zoom.us\/j\/97263836788?pwd=Y2RJV05XWUtDbnF5TEoxRVczQVZtQT09\" target=\"_blank\" rel=\"noopener\">https:\/\/zoom.us\/j\/97263836788?pwd=Y2RJV05XWUtDbnF5TEoxRVczQVZtQT09<\/a>\u00a0<\/em><\/p>\n<p>&nbsp;<\/p>\n<p><strong>Lundi 19 avril 2021<\/strong>\u00a0de 17h00 \u00e0 19h00<\/p>\n<p><img decoding=\"async\" loading=\"lazy\" class=\"\" src=\"\/pages\/liriss\/images\/download.png\" width=\"25\" height=\"18\" \/>\u00a0<a href=\"\/pages\/manifestations\/soiree_LIRISS-5.pdf\" target=\"_blank\" rel=\"noopener noreferrer\">T\u00e9l\u00e9charger l&rsquo;affiche<\/a><\/p>\n<\/td>\n<\/tr>\n<\/tbody>\n<\/table>\n<table>\n<tbody>\n<tr>\n<td><img decoding=\"async\" loading=\"lazy\" class=\"alignnone\" src=\"\/pages\/manifestations\/soiree_LIRISS-4a.jpg\" alt=\"\" width=\"164\" height=\"247\" \/><\/td>\n<td>\n<p><b>\u202a<\/b><\/p>\n<p>Soir\u00e9e du <strong>LIRISS\u00a0<\/strong> N\u00b0 : 04<\/p>\n<p>Th\u00e8me :\u00a0<strong>TUNISIE 2021 :<\/strong><br \/>\nO\u00f9 en est une R\u00e9volution qui avait jusqu\u2019alors<br \/>\n\u00ab\u00a0contenu sa violence et son ardeur\u00a0\u00bb (Sophie Wahnich) ?<\/p>\n<p>Via <strong>ZOOM<\/strong> :<br \/>\n<em><a href=\"https:\/\/zoom.us\/j\/95095264263?pwd=YThITWZpcTg4ODhoLzZMVXVHT2hjQT09\" target=\"_blank\" rel=\"noopener\">https:\/\/zoom.us\/j\/95095264263?pwd=YThITWZpcTg4ODhoLzZMVXVHT2hjQT09<\/a>\u00a0<\/em><\/p>\n<p>&nbsp;<\/p>\n<p><strong>Jeudi 01 avril 2021<\/strong>\u00a0de 17h00 \u00e0 19h00<\/p>\n<p><img decoding=\"async\" loading=\"lazy\" class=\"\" src=\"\/pages\/liriss\/images\/download.png\" width=\"25\" height=\"18\" \/>\u00a0<a href=\"\/pages\/manifestations\/soiree_LIRISS-4.pdf\" target=\"_blank\" rel=\"noopener noreferrer\">T\u00e9l\u00e9charger l&rsquo;affiche<\/a><\/p>\n<p><img decoding=\"async\" loading=\"lazy\" class=\"\" src=\"\/pages\/liriss\/images\/download.png\" width=\"25\" height=\"18\" \/>\u00a0<a href=\"\/pages\/manifestations\/soiree_p_LIRISS-4.pdf\" target=\"_blank\" rel=\"noopener noreferrer\">T\u00e9l\u00e9charger le programme<\/a><\/p>\n<p><img decoding=\"async\" loading=\"lazy\" class=\"\" src=\"\/pages\/liriss\/images\/video.jpg\" width=\"29\" height=\"18\" \/><a href=\"https:\/\/www.youtube.com\/watch?v=-MjDaX7QrYM&amp;t=536s\" target=\"_blank\" rel=\"noopener noreferrer\">Voir la vid\u00e9o<\/a><\/p>\n<\/td>\n<\/tr>\n<\/tbody>\n<\/table>\n<table>\n<tbody>\n<tr>\n<td><img decoding=\"async\" loading=\"lazy\" src=\"\/pages\/manifestations\/soiree_LIRISS-3a.jpg\" alt=\"\" width=\"164\" height=\"247\" \/><\/td>\n<td>\n<p><b>\u202a<\/b><\/p>\n<p>Soir\u00e9e du <strong>LIRISS\u00a0<\/strong> N\u00b0 : 03<\/p>\n<p>Th\u00e8me : <strong>Habitants, travailleurs sociaux, chercheurs : <\/strong><br \/>\nQuelles alliances pour un renouveau de l&rsquo;intervention sociale dans les \u00ab\u00a0quartiers\u00a0\u00bb ?<\/p>\n<p>13 rue Chape, 13004 Marseille<\/p>\n<p><strong>Jeudi 12 mars 2020<\/strong> de 17h30 \u00e0 20h00<\/p>\n<p><img decoding=\"async\" loading=\"lazy\" class=\"\" src=\"\/pages\/liriss\/images\/download.png\" width=\"25\" height=\"18\" \/>\u00a0<a href=\"\/pages\/manifestations\/soiree_p_LIRISS-3.pdf\" target=\"_blank\" rel=\"noopener noreferrer\">T\u00e9l\u00e9charger le programme<\/a><\/p>\n<p><img decoding=\"async\" loading=\"lazy\" class=\"\" src=\"\/pages\/liriss\/images\/video.jpg\" width=\"29\" height=\"18\" \/><a href=\"https:\/\/youtu.be\/IIeX_jGndOI\" target=\"_blank\" rel=\"noopener noreferrer\">Voir la vid\u00e9o<\/a><\/p>\n<\/td>\n<\/tr>\n<\/tbody>\n<\/table>\n<table>\n<tbody>\n<tr>\n<td><img decoding=\"async\" loading=\"lazy\" src=\"\/pages\/manifestations\/soiree_LIRISS-2a.jpg\" alt=\"\" width=\"164\" height=\"247\" \/><\/td>\n<td>\n<p><b>\u202a<\/b><\/p>\n<p>Soir\u00e9e du <strong>LIRISS\u00a0<\/strong> N\u00b0 : 02<\/p>\n<p>Th\u00e8me : \u00ab\u00a0<strong>Volem faire quelque chose al Pa\u00efs \u200b!<\/strong>\u00ab\u00a0<br \/>\n<!--Volem faire quelque chose el Pa\u00efs ! -->Travail, entrepreneuriat collectif et intervention sociale en France et \u00e0 l&rsquo;\u00e9tranger.<\/p>\n<p>13 rue Chape, 13004 Marseille<\/p>\n<p><strong>Mardi 21 janvier 2020<\/strong> de 17h30 \u00e0 20h00<\/p>\n<p><img decoding=\"async\" loading=\"lazy\" class=\"\" src=\"\/pages\/liriss\/images\/download.png\" width=\"25\" height=\"18\" \/>\u00a0<a href=\"\/pages\/manifestations\/soiree_LIRISS-2.jpg\" target=\"_blank\" rel=\"noopener noreferrer\">T\u00e9l\u00e9charger le programme<\/a><\/p>\n<p><img decoding=\"async\" loading=\"lazy\" class=\"\" src=\"\/pages\/liriss\/images\/video.jpg\" width=\"29\" height=\"18\" \/><a href=\"https:\/\/youtu.be\/YT6Hg2SWFgA\" target=\"_blank\" rel=\"noopener noreferrer\">Voir la vid\u00e9o<\/a><\/p>\n<\/td>\n<\/tr>\n<\/tbody>\n<\/table>\n<table style=\"width: 100%;\">\n<tbody>\n<tr>\n<td style=\"width: 24.6667%;\"><img decoding=\"async\" loading=\"lazy\" src=\"\/pages\/manifestations\/soiree_LIRISS-1a.jpg\" width=\"167\" height=\"236\" \/><\/td>\n<td style=\"width: 75.2%;\">\n<p><b>\u202a<\/b> Soir\u00e9e du <strong>LIRISS\u00a0<\/strong> N\u00b0 : 01<\/p>\n<p>Th\u00e8me : \u00ab\u00a0<strong>Genre et violences de genre<\/strong>\u00ab\u00a0<\/p>\n<p>13 rue Chape, 13004 Marseille<\/p>\n<p>Jeudi 26 septembre 2019<\/p>\n<p>Personnes de l&rsquo;<strong>IMF<\/strong> engag\u00e9es :<br \/>\n<strong>Yves Lacascade<\/strong>, <strong>Dominique Martini<\/strong><\/p>\n<p><img decoding=\"async\" loading=\"lazy\" class=\"\" src=\"\/pages\/liriss\/images\/download.png\" width=\"25\" height=\"18\" \/> <a href=\"\/pages\/manifestations\/soiree_LIRISS-1.jpg\" target=\"_blank\" rel=\"noopener noreferrer\">T\u00e9l\u00e9charger le programme<\/a><\/p>\n<p><img decoding=\"async\" loading=\"lazy\" class=\"\" src=\"\/pages\/liriss\/images\/video.jpg\" width=\"29\" height=\"18\" \/>\u00a0<a href=\"https:\/\/youtu.be\/CibwlKApyQE\" target=\"_blank\" rel=\"noopener noreferrer\">Voir la vid\u00e9o<\/a><\/p>\n<\/td>\n<\/tr>\n<\/tbody>\n<\/table>\n<p><!--<\/p>\n\n\n\n\n<table>\n\n\n<tbody>\n\n\n<tr>\n\n\n<td><img decoding=\"async\" loading=\"lazy\" src=\"\/pages\/liriss\/images\/photo.png\" width=\"186\" height=\"278\" \/><\/td>\n\n\n\n\n<td>\n\n\n<p><b>\u202a<\/b><\/p>\n\n\n\n\n<p><b>\u202a<\/b>... ... ...<\/p>\n\n\n\n\n<p><span style=\"display: inline-block; width: 0px; overflow: hidden; line-height: 0;\" data-mce-type=\"bookmark\" class=\"mce_SELRES_start\"><\/span><img decoding=\"async\" loading=\"lazy\" class=\"\" src=\"\/pages\/liriss\/images\/download.png\" width=\"28\" height=\"28\" \/><span style=\"display: inline-block; width: 0px; overflow: hidden; line-height: 0;\" data-mce-type=\"bookmark\" class=\"mce_SELRES_end\"><\/span> T\u00e9l\u00e9charger le programme<\/td>\n\n\n<\/tr>\n\n\n<\/tbody>\n\n\n<\/table>\n\n\n\n\n<p>--><\/p>\n","protected":false},"excerpt":{"rendered":"","protected":false},"author":1,"featured_media":0,"parent":3304,"menu_order":1,"comment_status":"closed","ping_status":"closed","template":"template-twocolumnsleft.php","meta":{"footnotes":""},"_links":{"self":[{"href":"https:\/\/www.imf.asso.fr\/pages\/index.php?rest_route=\/wp\/v2\/pages\/3864"}],"collection":[{"href":"https:\/\/www.imf.asso.fr\/pages\/index.php?rest_route=\/wp\/v2\/pages"}],"about":[{"href":"https:\/\/www.imf.asso.fr\/pages\/index.php?rest_route=\/wp\/v2\/types\/page"}],"author":[{"embeddable":true,"href":"https:\/\/www.imf.asso.fr\/pages\/index.php?rest_route=\/wp\/v2\/users\/1"}],"replies":[{"embeddable":true,"href":"https:\/\/www.imf.asso.fr\/pages\/index.php?rest_route=%2Fwp%2Fv2%2Fcomments&post=3864"}],"version-history":[{"count":3,"href":"https:\/\/www.imf.asso.fr\/pages\/index.php?rest_route=\/wp\/v2\/pages\/3864\/revisions"}],"predecessor-version":[{"id":8859,"href":"https:\/\/www.imf.asso.fr\/pages\/index.php?rest_route=\/wp\/v2\/pages\/3864\/revisions\/8859"}],"up":[{"embeddable":true,"href":"https:\/\/www.imf.asso.fr\/pages\/index.php?rest_route=\/wp\/v2\/pages\/3304"}],"wp:attachment":[{"href":"https:\/\/www.imf.asso.fr\/pages\/index.php?rest_route=%2Fwp%2Fv2%2Fmedia&parent=3864"}],"curies":[{"name":"wp","href":"https:\/\/api.w.org\/{rel}","templated":true}]}}