{"id":3862,"date":"2019-09-11T10:44:26","date_gmt":"2019-09-11T08:44:26","guid":{"rendered":"http:\/\/www.imf.asso.fr\/pages\/?page_id=3862"},"modified":"2022-03-16T12:05:43","modified_gmt":"2022-03-16T11:05:43","slug":"les-cahiers-du-liriss","status":"publish","type":"page","link":"https:\/\/www.imf.asso.fr\/pages\/?page_id=3862","title":{"rendered":"Les carnets m\u00e9diterran\u00e9ens du LIRISS"},"content":{"rendered":"<p><!--more--><\/p>\n<table class=\"cell_align_content\">\n<tbody>\n<tr>\n<td>\n<p>Les <strong><i>carnets m\u00e9diterran\u00e9ens du LIRISS <\/i><\/strong>est une collection d\u2019ouvrages, en acc\u00e8s gratuit, publi\u00e9e par le <strong>LIRISS<\/strong>.<\/p>\n<p>Ces ouvrages accueillent des textes des chercheurs, des formateurs, des professionnnels, des administrateurs, des \u00e9tudiants, des personnes acccompagn\u00e9es ou de leurs associations ayant r\u00e9alis\u00e9 des contributions tout au long de l&rsquo;ann\u00e9e. Les textes, de un ou plusieurs auteurs, de formats variables, sont soumis \u00e0 l\u2019acception du comit\u00e9 de lecture du <strong>LIRISS<\/strong> .<\/p>\n<\/td>\n<\/tr>\n<\/tbody>\n<\/table>\n<table class=\"cell_align_content\">\n<tbody>\n<tr class=\"cell_background_title\">\n<td>2022<\/td>\n<\/tr>\n<\/tbody>\n<\/table>\n<table style=\"width: 100%;\">\n<tbody>\n<tr>\n<td style=\"width: 25.2%;\"><a href=\"\/pages\/liriss\/images\/ouvrages\/carnets_mediterraneens_02.jpg\" target=\"_blank\" rel=\"noopener noreferrer\"><img decoding=\"async\" loading=\"lazy\" class=\"\" src=\"\/pages\/liriss\/images\/ouvrages\/carnets_mediterraneens_02a.jpg\" width=\"120\" height=\"155\" \/><\/a><\/td>\n<td style=\"width: 74.6667%;\"><strong>N\u00b02<\/strong> &#8211; Les carnets m\u00e9diterran\u00e9ens du LIRISS<br \/>\n<strong>Entre promesses tenues et \u00e0 tenir, comment poursuivre l&rsquo;aventure des CAE ?<\/strong><\/p>\n<p><strong>Auteurs<\/strong> : Marie-Pierre SARAT, Yves LACASCADE, Antoine PASSAVANT, Sabine MORATA, Blaise GAZEAU, Hamadi JELJELI, Elisabeth BOST, Justine BALLON, Flora BAJARD, Maya LECLERCQ, Houda LAROUSSI, Yves PILLANT, Dounia RABHI, Abdelhakim QACHAR, Elodie ROS, Mathilde BEAUPERIN et Yves LACASCADE, Nicolas PLANCHON, Vanessa DELOS, Ana\u00cfs GOVIN, Val\u00e9rie BOSSUET, C\u00e9line ROYER, Arouna DUMONT, Marine MARION<\/p>\n<p>Date : <strong>Mars 2022<\/strong><\/p>\n<p><em><img decoding=\"async\" loading=\"lazy\" class=\"\" src=\"\/pages\/liriss\/images\/download.png\" width=\"15\" height=\"15\" \/> <a href=\"\/pages\/liriss\/docs\/carnets_mediterraneens_02.pdf\" target=\"_blank\" rel=\"noopener\">T\u00e9l\u00e9charger<\/a><\/em><\/p>\n<\/td>\n<\/tr>\n<\/tbody>\n<\/table>\n<table class=\"cell_align_content\">\n<tbody>\n<tr class=\"cell_background_title\">\n<td>2021<\/td>\n<\/tr>\n<\/tbody>\n<\/table>\n<table style=\"width: 100%;\">\n<tbody>\n<tr>\n<td style=\"width: 25.2%;\"><a href=\"\/pages\/liriss\/images\/ouvrages\/carnets_mediterraneens_01.png\" target=\"_blank\" rel=\"noopener noreferrer\"><img decoding=\"async\" loading=\"lazy\" class=\"\" src=\"\/pages\/liriss\/images\/ouvrages\/carnets_mediterraneens_01a.png\" width=\"120\" height=\"155\" \/><\/a><\/td>\n<td style=\"width: 74.6667%;\"><strong>N\u00b01<\/strong> &#8211; Les carnets m\u00e9diterran\u00e9ens du LIRISS<br \/>\n<strong>PANGLOSSIE<\/strong><br \/>\n<strong>Vivre, travailler, penser de nouveau,&#8230;<\/strong><br \/>\n<strong>ENSEMBLE !<\/strong><\/p>\n<p><strong>Auteurs<\/strong> : Marie-Pierre SARAT, Yves LACASCADE, Fran\u00e7ois TEISSIER, Nathalie SEGURA, Muriel LION, Antoine PASSAVANT, Annie CHATENAY, Herv\u00e9 FAYOLLE, Christine LORENZI-COLL, Isabelle FAURE-BOUILLON, Estelle MARTINEZ, Dominique ZAVAGLI, Sabine MORATA, Clo\u00e9 GUERIN, Gr\u00e9gory HUEMER, Manon LEJEUNE<\/p>\n<p>Date : <strong>Avril 2021<\/strong><\/p>\n<p><em><img decoding=\"async\" loading=\"lazy\" class=\"\" src=\"\/pages\/liriss\/images\/download.png\" width=\"15\" height=\"15\" \/> <a href=\"\/pages\/liriss\/docs\/carnets_mediterraneens_01.pdf\" target=\"_blank\" rel=\"noopener\">T\u00e9l\u00e9charger<\/a><\/em><\/p>\n<\/td>\n<\/tr>\n<\/tbody>\n<\/table>\n<table style=\"width: 100%;\">\n<tbody>\n<tr>\n<td style=\"width: 25.0667%;\">\u00a0<\/td>\n<td style=\"width: 74.8%;\">\u00a0<\/td>\n<\/tr>\n<\/tbody>\n<\/table>\n","protected":false},"excerpt":{"rendered":"","protected":false},"author":1,"featured_media":0,"parent":3302,"menu_order":1,"comment_status":"closed","ping_status":"closed","template":"template-twocolumnsleft.php","meta":{"footnotes":""},"_links":{"self":[{"href":"https:\/\/www.imf.asso.fr\/pages\/index.php?rest_route=\/wp\/v2\/pages\/3862"}],"collection":[{"href":"https:\/\/www.imf.asso.fr\/pages\/index.php?rest_route=\/wp\/v2\/pages"}],"about":[{"href":"https:\/\/www.imf.asso.fr\/pages\/index.php?rest_route=\/wp\/v2\/types\/page"}],"author":[{"embeddable":true,"href":"https:\/\/www.imf.asso.fr\/pages\/index.php?rest_route=\/wp\/v2\/users\/1"}],"replies":[{"embeddable":true,"href":"https:\/\/www.imf.asso.fr\/pages\/index.php?rest_route=%2Fwp%2Fv2%2Fcomments&post=3862"}],"version-history":[{"count":3,"href":"https:\/\/www.imf.asso.fr\/pages\/index.php?rest_route=\/wp\/v2\/pages\/3862\/revisions"}],"predecessor-version":[{"id":8213,"href":"https:\/\/www.imf.asso.fr\/pages\/index.php?rest_route=\/wp\/v2\/pages\/3862\/revisions\/8213"}],"up":[{"embeddable":true,"href":"https:\/\/www.imf.asso.fr\/pages\/index.php?rest_route=\/wp\/v2\/pages\/3302"}],"wp:attachment":[{"href":"https:\/\/www.imf.asso.fr\/pages\/index.php?rest_route=%2Fwp%2Fv2%2Fmedia&parent=3862"}],"curies":[{"name":"wp","href":"https:\/\/api.w.org\/{rel}","templated":true}]}}