{"id":3705,"date":"2019-06-05T11:57:25","date_gmt":"2019-06-05T09:57:25","guid":{"rendered":"http:\/\/www.imf.asso.fr\/pages\/?page_id=3705"},"modified":"2019-10-23T10:37:59","modified_gmt":"2019-10-23T08:37:59","slug":"emploi-formation","status":"publish","type":"page","link":"https:\/\/www.imf.asso.fr\/pages\/?page_id=3705","title":{"rendered":"Emploi &#8211; Formation"},"content":{"rendered":"<p><!--more--><\/p>\n<table>\n<tbody>\n<tr>\n<td style=\"height: 39px; width: 50%;\">La R\u00e9gion met \u00e0 disposition des jeunes et des entreprises la plate-forme de la <a href=\"http:\/\/brea.regionpaca.fr\/\" target=\"_blank\" rel=\"noopener noreferrer\"><strong>BREA<\/strong><\/a>(<em>Banque r\u00e9gionale de l\u2019emploi et de l\u2019apprentissage)<\/em><\/td>\n<td style=\"width: 50%;\" align=\"right\"><img decoding=\"async\" loading=\"lazy\" src=\"\/pages\/wp-content\/uploads\/LOGO-2-QUADRI-300x161.jpg\" alt=\"\" width=\"154\" height=\"82\" \/><\/td>\n<\/tr>\n<tr>\n<td style=\"width: 50%;\" valign=\"bottom\"><a href=\"http:\/\/www.regionpaca.fr\/se-former\/vie-lyceenne-et-apprentie\/engagement-citoyen-des-jeunes\/chantiers-jeunes-benevoles.html\" target=\"_blank\" rel=\"noopener noreferrer\">Chantier Jeunes b\u00e9n\u00e9voles<\/a><br \/>\nVous ne savez pas quoi faire durant vos vacances d\u2019\u00e9t\u00e9 ? Et si vous deveniez b\u00e9n\u00e9vole ? Rejoignez d\u2019autres jeunes de toutes les nationalit\u00e9s sur des chantiers d\u2019utilit\u00e9 publique en Provence-Alpes-C\u00f4te d\u2019Azur.<\/td>\n<td style=\"width: 50%;\" align=\"right\"><img decoding=\"async\" loading=\"lazy\" src=\"\/pages\/wp-content\/uploads\/LOGO-2-QUADRI-300x161.jpg\" alt=\"\" width=\"154\" height=\"82\" \/><\/td>\n<\/tr>\n<tr>\n<td style=\"width: 50%;\" valign=\"bottom\"><a href=\"http:\/\/www.crijpa.com\/\" target=\"_blank\" rel=\"noopener noreferrer\">CRIJ Paca<\/a><br \/>\nDes informations sur les m\u00e9tiers, les formations, l\u2019emploi, le logement, la sant\u00e9, la mobilit\u00e9 internationale, les aides aux projets, les loisirs et l\u2019actualit\u00e9 culturelle.<\/td>\n<td style=\"width: 50%;\" align=\"right\"><img decoding=\"async\" loading=\"lazy\" src=\"\/images\/logos\/crij.png\" width=\"167\" height=\"52\" \/><\/td>\n<\/tr>\n<tr>\n<td style=\"width: 50%;\" valign=\"bottom\"><a href=\"http:\/\/www.orientationpaca.fr\/\" target=\"_blank\" rel=\"noopener noreferrer\">Orientation Formation M\u00e9tier <\/a><a href=\"http:\/\/www.orientationpaca.fr\/\">en Provence-Alpes-C\u00f4te d&rsquo;Azur<\/a><br \/>\nVotre Service Public R\u00e9gional d&rsquo;Orientation<\/td>\n<td style=\"width: 50%;\" align=\"right\"><img decoding=\"async\" loading=\"lazy\" src=\"\/pages\/wp-content\/uploads\/LOGO-2-QUADRI-300x161.jpg\" alt=\"\" width=\"154\" height=\"82\" \/><\/td>\n<\/tr>\n<tr>\n<td style=\"width: 50%;\" valign=\"bottom\" width=\"50%\"><a href=\"http:\/\/social-sante.gouv.fr\/metiers-et-concours\/\" target=\"_blank\" rel=\"noopener noreferrer\">Portail des m\u00e9tiers et concours du Minist\u00e8re des Affaires sociales et de la Sant\u00e9<\/a><\/td>\n<td style=\"width: 50%;\" align=\"right\" valign=\"top\" width=\"50%\"><img decoding=\"async\" loading=\"lazy\" class=\"\" src=\"\/images\/logos\/rf.gif\" width=\"156\" height=\"94\" \/><\/td>\n<\/tr>\n<tr>\n<td style=\"width: 50%;\" valign=\"bottom\">Le <a href=\"http:\/\/www.intercariforef.org\/\" target=\"_blank\" rel=\"noopener noreferrer\">portail interr\u00e9gional<\/a> qui permet de conna\u00eetre l\u2019offre de formation de chaque r\u00e9gion, d\u00e9velopp\u00e9 par le r\u00e9seau des <strong>CARIF- OREF<\/strong><\/td>\n<td style=\"width: 50%;\" align=\"right\"><\/td>\n<\/tr>\n<tr>\n<td style=\"width: 50%;\" valign=\"bottom\">Le <a href=\"http:\/\/www.orientationpourtous.fr\/\" target=\"_blank\" rel=\"noopener noreferrer\">portail national de l\u2019orientation<\/a>, mis en \u0153uvre dans le cadre du Service Public d\u2019Orientation.<\/td>\n<td style=\"width: 50%;\" align=\"right\"><\/td>\n<\/tr>\n<tr>\n<td style=\"width: 50%;\">Le <a href=\"http:\/\/www.emploiformationpaca.org\/\" target=\"_blank\" rel=\"noopener noreferrer\">portail r\u00e9gional de l\u2019emploi et de la formation<\/a>, port\u00e9 par le <strong>CARIF<\/strong> Espace Comp\u00e9tences,<\/td>\n<td style=\"width: 50%;\"><\/td>\n<\/tr>\n<tr>\n<td style=\"width: 50%;\" valign=\"bottom\"><a href=\"http:\/\/www.citedesmetiers.fr\/\" target=\"_blank\" rel=\"noopener noreferrer\">Cit\u00e9 des m\u00e9tiers de Marseille et PACA<\/a><\/td>\n<td style=\"width: 50%;\" align=\"right\"><img decoding=\"async\" loading=\"lazy\" src=\"\/images\/logos\/cite_metiers.jpg\" width=\"153\" height=\"299\" \/><\/td>\n<\/tr>\n<\/tbody>\n<\/table>\n","protected":false},"excerpt":{"rendered":"","protected":false},"author":1,"featured_media":0,"parent":38,"menu_order":4,"comment_status":"closed","ping_status":"closed","template":"template-twocolumnsleft.php","meta":{"footnotes":""},"_links":{"self":[{"href":"https:\/\/www.imf.asso.fr\/pages\/index.php?rest_route=\/wp\/v2\/pages\/3705"}],"collection":[{"href":"https:\/\/www.imf.asso.fr\/pages\/index.php?rest_route=\/wp\/v2\/pages"}],"about":[{"href":"https:\/\/www.imf.asso.fr\/pages\/index.php?rest_route=\/wp\/v2\/types\/page"}],"author":[{"embeddable":true,"href":"https:\/\/www.imf.asso.fr\/pages\/index.php?rest_route=\/wp\/v2\/users\/1"}],"replies":[{"embeddable":true,"href":"https:\/\/www.imf.asso.fr\/pages\/index.php?rest_route=%2Fwp%2Fv2%2Fcomments&post=3705"}],"version-history":[{"count":0,"href":"https:\/\/www.imf.asso.fr\/pages\/index.php?rest_route=\/wp\/v2\/pages\/3705\/revisions"}],"up":[{"embeddable":true,"href":"https:\/\/www.imf.asso.fr\/pages\/index.php?rest_route=\/wp\/v2\/pages\/38"}],"wp:attachment":[{"href":"https:\/\/www.imf.asso.fr\/pages\/index.php?rest_route=%2Fwp%2Fv2%2Fmedia&parent=3705"}],"curies":[{"name":"wp","href":"https:\/\/api.w.org\/{rel}","templated":true}]}}