{"id":34,"date":"2017-07-05T10:54:24","date_gmt":"2017-07-05T08:54:24","guid":{"rendered":"http:\/\/www.imf.asso.fr\/pages\/?page_id=34"},"modified":"2026-04-27T10:45:12","modified_gmt":"2026-04-27T08:45:12","slug":"aides-et-financements","status":"publish","type":"page","link":"https:\/\/www.imf.asso.fr\/pages\/?page_id=34","title":{"rendered":"Aides et financements"},"content":{"rendered":"<p><!--more--><\/p>\n<div class=\"post-nav-top parent-return parent-10 clearfix\"><i class=\"fa fa-arrow-circle-up\"><\/i> <a class=\"parent-return-link\" href=\"\/pages\/\">Revenir \u00e0 <strong>Accueil<\/strong><\/a><\/div>\n<table class=\"cell_align_content\">\n<tbody>\n<tr class=\"cell_background_title\">\n<td><span style=\"color: #1d60ab;\"><strong>BOURSES &#8211; AIDES FINANCI\u00c8RES &#8211; AIDES AU LOGEMENT<\/strong><\/span><\/td>\n<\/tr>\n<tr>\n<td>Diff\u00e9rentes aides sont mobilisables durant votre formation :<\/td>\n<\/tr>\n<tr>\n<td>\n<ul>\n<li><a href=\"https:\/\/www.1jeune1solution.gouv.fr\/mes-aides\">1 Jeune 1 Solution : faire une simulation pour d\u00e9couvrir les aides auxquelles vous avez droit<\/a><\/li>\n<li><a href=\"https:\/\/www.caf.fr\/allocataires\/actualites\/actualites-nationales\/le-guide-des-prestations-2026-est-en-ligne\">Le guide des aides financi\u00e8res CAF<\/a><\/li>\n<li><a href=\"https:\/\/www.calameo.com\/read\/007557337e37372ee9de4\">Le guide des aides et dispositifs CAF pour les jeunes<\/a><\/li>\n<li><a href=\"https:\/\/www.topformation.fr\/file\/1359\/download\">\u00ab\u00a0Tous les dispositifs existants\u00a0\u00bb &#8211; <em>Topformation<\/em>\u00a0<\/a><\/li>\n<li><a href=\"https:\/\/www.imf.asso.fr\/pages\/wp-content\/uploads\/IMF-RIS-Financer-sa-formation.pdf\" target=\"_blank\" rel=\"noopener noreferrer\">\u00ab\u00a0Comment financer sa formation\u00a0\u00bb<\/a> (Tableau de synth\u00e8se IMF RIS)<\/li>\n<li><a href=\"https:\/\/www.maregionsud.fr\/vos-aides\/detail\/major-de-promotion-dans-les-filieres-du-sanitaire-et-du-travail-social\">L&rsquo;Aide de 400 euros aux Majors de promotion dans les fili\u00e8res du sanitaire et du travail social<\/a><\/li>\n<li><a href=\"https:\/\/www.maregionsud.fr\/vos-aides\/detail\/bourse-regionale-detudes-dans-les-filieres-du-sanitaire-et-du-travail-social\" target=\"_blank\" rel=\"noopener noreferrer\">La bourse r\u00e9gionale d\u2019\u00e9tudes dans les fili\u00e8res sanitaires et du travail social<\/a><\/li>\n<li>Les Aides \u00e0 la mobilit\u00e9 internationale\u00a0 pour suivre sa formation \u00e0 l&rsquo;\u00e9tranger: <br \/>\n<a href=\"https:\/\/www.maregionsud.fr\/vos-aides\/detail\/aide-a-la-mobilite-etudiante-prame-volet-sanitaire-et-social\">PRAME<\/a> et <a href=\"https:\/\/www.maregionsud.fr\/vos-aides\/detail\/erasmus-sanitaire-et-social\">ERASMUS Sanitaire et Social<\/a><\/li>\n<li><a href=\"https:\/\/www.maregionsud.fr\/vos-aides\/detail\/bourse-regionale-au-merite\">Bourse R\u00e9gionale au M\u00e9rite<\/a><\/li>\n<li><a href=\"https:\/\/www.maregionsud.fr\/vos-aides\/detail\/remuneration-des-stagiaires-de-la-formation-professionnelle\">La r\u00e9mun\u00e9ration des stagiaires de la formation professionnelle (R\u00e9gion Sud)<\/a><\/li>\n<li><a href=\"https:\/\/www.imf.asso.fr\/pages\/?page_id=571\">La r\u00e9mun\u00e9ration des stagiaires<\/a> (IMF RIS)<\/li>\n<li><a href=\"https:\/\/www.1jeune1solution.gouv.fr\/logements\/aides-logement\">Les aides au logement 1 Jeune 1 Solution<\/a><\/li>\n<li><a href=\"https:\/\/www.lescrous.fr\/dse\/\">Bourse et aide au logement du CROUS<\/a><\/li>\n<li><a href=\"https:\/\/www.maregionsud.fr\/vos-aides\/detail\/aide-a-lhebergement-pour-les-eleves-etudiants-et-demandeurs-demploi-dans-les-filieres-du-sanitaire-et-du-travail-social\">L&rsquo;Aide \u00e0 l&rsquo;h\u00e9bergement de la R\u00e9gion Sud<\/a><\/li>\n<li><a href=\"https:\/\/www.service-public.fr\/particuliers\/vosdroits\/F33173\">L&rsquo;aide Mobili-Jeune<\/a><\/li>\n<li><a href=\"https:\/\/www.service-public.gouv.fr\/particuliers\/vosdroits\/F1024\">Allocation sp\u00e9cifique annuelle pour \u00e9tudiant en difficult\u00e9<\/a><\/li>\n<\/ul>\n<p><\/p>\n<p><div class=\"embed-container\"><iframe loading=\"lazy\" title=\"AIDES ETUDIANTES 2026\" width=\"945\" height=\"532\" src=\"https:\/\/www.youtube.com\/embed\/-PJxeTFYNuQ?feature=oembed\" frameborder=\"0\" allow=\"accelerometer; autoplay; clipboard-write; encrypted-media; gyroscope; picture-in-picture; web-share\" referrerpolicy=\"strict-origin-when-cross-origin\" allowfullscreen><\/iframe><\/div>\n<\/p>\n<p><img decoding=\"async\" loading=\"lazy\" class=\"alignnone size-full wp-image-17098\" src=\"https:\/\/www.imf.asso.fr\/pages\/wp-content\/uploads\/1776075109807.jpg\" alt=\"\" width=\"800\" height=\"800\" srcset=\"https:\/\/www.imf.asso.fr\/pages\/wp-content\/uploads\/1776075109807.jpg 800w, https:\/\/www.imf.asso.fr\/pages\/wp-content\/uploads\/1776075109807-300x300.jpg 300w, https:\/\/www.imf.asso.fr\/pages\/wp-content\/uploads\/1776075109807-150x150.jpg 150w, https:\/\/www.imf.asso.fr\/pages\/wp-content\/uploads\/1776075109807-768x768.jpg 768w\" sizes=\"(max-width: 800px) 100vw, 800px\" \/><\/td>\n<\/tr>\n<\/tbody>\n<\/table>\n<table class=\"cell_align_content\">\n<tbody>\n<tr class=\"cell_background_title\">\n<td id=\"apprentissage\"><span style=\"color: #1d60ab;\"><strong>FOCUS APPRENTISSAGE<\/strong><\/span><\/td>\n<\/tr>\n<tr>\n<td>\n<ul>\n<li style=\"list-style-type: none;\">\n<ul>\n<li><a href=\"https:\/\/www.actionlogement.fr\/salarie\/alternant\">Les Aides au logement des alternants<\/a> d&rsquo;Action Logement<\/li>\n<li><a href=\"https:\/\/labonnealternance.apprentissage.beta.gouv.fr\/\">Trouver un employeur avec la Bonne Alternance<\/a><\/li>\n<li><a href=\"https:\/\/alternance.emploi.gouv.fr\/recherches-offres-formations\">Trouver un employeur avec le Portail de l&rsquo;Alternance<\/a><\/li>\n<li><a href=\"https:\/\/alternance.emploi.gouv.fr\/simulateur-alternant\/etape-1\">Simulateur des r\u00e9mun\u00e9rations<\/a><\/li>\n<li><a href=\"https:\/\/www.imf.asso.fr\/pages\/wp-content\/uploads\/23-11-06-Aide-aux-apprentis.pdf\">Tableau r\u00e9capitulatif des aides<\/a><\/li>\n<\/ul>\n<\/li>\n<\/ul>\n<\/td>\n<\/tr>\n<\/tbody>\n<\/table>\n<table class=\"cell_align_content\">\n<tbody>\n<tr class=\"cell_background_title\">\n<td id=\"apprentissage\"><span style=\"color: #1d60ab;\"><strong>TROUVER UN EMPLOYEUR \/ UN STAGE \/ UNE OFFRE D&rsquo;EMPLOI<\/strong><\/span><\/td>\n<\/tr>\n<tr>\n<td>\n<ul>\n<li><a href=\"https:\/\/immersion-facile.beta.gouv.fr\/\">Trouver un stage avec Immersion Facilit\u00e9e<\/a><\/li>\n<li><a href=\"https:\/\/stages.maregionsud.fr\/\">Trouver un stage avec MaRegionSud<\/a><\/li>\n<li><a href=\"https:\/\/www.action-sociale.org\">Trouver un employeur avec la base de donn\u00e9es d&rsquo;Action Sociale<\/a><\/li>\n<li><a href=\"https:\/\/labonneboite.francetravail.fr\/\">Trouver un employeur avec la Bonne Bo\u00eete<\/a><\/li>\n<\/ul>\n<\/td>\n<\/tr>\n<\/tbody>\n<\/table>\n<table class=\"cell_align_content\">\n<tbody>\n<tr class=\"cell_background_title\">\n<td><span style=\"color: #1d60ab;\"><strong>TROUVER UN LOGEMENT<\/strong><\/span><\/td>\n<\/tr>\n<tr>\n<td>\n<ul>\n<li style=\"list-style-type: none;\">\n<ul>\n<li><a href=\"https:\/\/www.adele.org\/\">Adele<\/a><\/li>\n<li><a href=\"https:\/\/www.studylease.com\/\">StudyLease<\/a><\/li>\n<li><a href=\"https:\/\/www.cap-etudes.com\/\">Cap Etudes<\/a><\/li>\n<li><a href=\"https:\/\/www.lokaviz.fr\/\">La Location \u00e9tudiante chez un particulier de Lokavis<\/a><\/li>\n<li><a href=\"https:\/\/afev.org\/actions\/colocation-solidaire\">Les colocs solidaires de l&rsquo;AFEV<\/a><\/li>\n<li><a href=\"https:\/\/www.lalogitude.org\/\">La cohabitation interg\u00e9n\u00e9rationnelle de La Logitude<\/a><\/li>\n<\/ul>\n<\/li>\n<\/ul>\n<\/td>\n<\/tr>\n<\/tbody>\n<\/table>\n<table class=\"cell_align_content\">\n<tbody>\n<tr class=\"cell_background_title\">\n<td><span style=\"color: #1d60ab;\"><strong>HANDICAP<\/strong><\/span><\/td>\n<\/tr>\n<tr>\n<td>\n<ul>\n<li style=\"list-style-type: none;\">\n<ul>\n<li><a href=\"https:\/\/www.imf.asso.fr\/pages\/wp-content\/uploads\/aides-guide-janvier-2025-OK-1.pdf\">Le guide des aides financi\u00e8res OETH<\/a><\/li>\n<li><a href=\"https:\/\/travail-emploi.gouv.fr\/apprentissage-et-handicap-un-guide-pour-les-employeurs-et-les-apprentis\">Le guide apprentissage et handicap<\/a><\/li>\n<li><a href=\"http:\/\/www.droitausavoir.asso.fr\/index.php\" target=\"_blank\" rel=\"noopener noreferrer\">L\u2019Association nationale pour le droit au savoir et \u00e0 l\u2019insertion professionnelle des jeunes personnes en situation de handicap<\/a><\/li>\n<li><a href=\"https:\/\/www.imf.asso.fr\/pages\/?page_id=5784\">Contactez l&rsquo;un des r\u00e9f\u00e9rents handicap de l&rsquo;IMF RIS<\/a><\/li>\n<li><a href=\"https:\/\/www.agefiph.fr\/aides-financieres\">Les aides financi\u00e8res de l&rsquo;Agefiph<\/a><\/li>\n<li><a href=\"https:\/\/www.agefiph.fr\/sites\/default\/files\/medias\/fichiers\/2025-02\/Metodia_Janvier_2025.pdf\">L&rsquo;offre de services et d&rsquo;aides financi\u00e8res de l&rsquo;Agefiph<\/a><\/li>\n<\/ul>\n<\/li>\n<\/ul>\n<\/td>\n<\/tr>\n<\/tbody>\n<\/table>\n<table class=\"cell_align_content\">\n<tbody>\n<tr class=\"cell_background_title\">\n<td><span style=\"color: #1d60ab;\"><strong>SANT\u00c9<\/strong><\/span><\/td>\n<\/tr>\n<tr>\n<td>\n<ul>\n<li style=\"list-style-type: none;\">\n<ul>\n<li><a href=\"https:\/\/www.maregionsud.fr\/vos-aides\/detail\/pass-sante-jeunes\">Pass Sant\u00e9 Jeune<\/a><br \/>\n<span style=\"font-size: 10pt;\">Le Pass Sant\u00e9 Jeunes vous permet d\u2019acc\u00e9der gratuitement \u00e0 un ensemble de prestations chez les professionnels de sant\u00e9 et les psychologues lib\u00e9raux.<\/span><\/li>\n<li><a href=\"https:\/\/www.leplanning13.org\/\">Planning Familial 13<\/a><\/li>\n<li><a href=\"https:\/\/www.planning84.fr\/\">Planning Familial 84<\/a><\/li>\n<li><a href=\"https:\/\/www.imf.asso.fr\/ressources\/cms\/protection_sociale.pdf\">Le Syst\u00e8me de sant\u00e9 en France<\/a><\/li>\n<li><a href=\"https:\/\/www.filsantejeunes.com\/\">Fil Sant\u00e9 Jeunes<\/a><\/li>\n<li><a href=\"https:\/\/www.bapumarseille.fr\/\">Bureau d&rsquo;Aide Psychologique Universitaire<\/a><\/li>\n<li><a href=\"https:\/\/www.imf.asso.fr\/pages\/actualites\/docs\/guide_urgence_sociale.pdf\">Le Guide de l&rsquo;Urgence Sociale<\/a><\/li>\n<li><a href=\"https:\/\/www.info.gouv.fr\/actualite\/mon-soutien-psy-12-seances-remboursees-par-an\">Mon Soutien Psy<\/a><\/li>\n<li><a href=\"https:\/\/santepsy.etudiant.gouv.fr\/\">Sant\u00e9 Psy \u00c9tudiant<\/a><\/li>\n<li><a href=\"https:\/\/www.droitderegard.com\/fr_FR\/\">Droit de Regard<\/a><br \/>\n<span style=\"font-size: 10pt;\"><em>Des lunettes 100% rembours\u00e9es<\/em><\/span><\/li>\n<li><a href=\"https:\/\/sante.gouv.fr\/actualites-presse\/actualites-du-ministere\/article\/la-depression-en-6-questions-reponses\">La d\u00e9pression en 6 questions\/r\u00e9ponses<\/a><\/li>\n<\/ul>\n<\/li>\n<\/ul>\n<\/td>\n<\/tr>\n<\/tbody>\n<\/table>\n<table class=\"cell_align_content\">\n<tbody>\n<tr class=\"cell_background_title\">\n<td><span style=\"color: #1d60ab;\"><strong>EMPLOI<\/strong><\/span><\/td>\n<\/tr>\n<tr>\n<td>\n<ul>\n<li style=\"list-style-type: none;\">\n<ul>\n<li><a href=\"https:\/\/www.lemediasocial-emploi.fr\/recherche?keyword=&amp;lieu=&amp;lat=&amp;dist=&amp;lng=&amp;metier=&amp;aLaUne=&amp;recruteur=&amp;page=1\"><span style=\"font-size: 12pt;\">Le Media Social<\/span><\/a><br \/>\n<em><span class=\"\n                  text-303030 mb-3 flex\n                \" style=\"font-size: 10pt;\">Trouvez votre futur emploi parmi les centaines d&rsquo;offres du secteur social et m\u00e9dico-social.<\/span><\/em><\/li>\n<li><a href=\"https:\/\/usagers.vaucluse.fr\/mon-espace-candidat\/\"><span style=\"font-size: 12pt;\">D\u00e9partement du Vaucluse <\/span><\/a><br \/>\n<em><span style=\"font-size: 10pt;\">Les offres d&#8217;emploi du D\u00e9partement du Vaucluse.<\/span><\/em><\/li>\n<li><a href=\"https:\/\/recrutement.departement13.fr\/front-jobs.html?direct\">D\u00e9partement des Bouches-du-Rh\u00f4nes<\/a><br \/>\n<em><span style=\"font-size: 10pt;\">Les offres d&#8217;emploi du D\u00e9partement des Bouches-du-Rh\u00f4nes.<\/span><\/em><\/li>\n<\/ul>\n<\/li>\n<\/ul>\n<\/td>\n<\/tr>\n<\/tbody>\n<\/table>\n<table class=\"cell_align_content\">\n<tbody>\n<tr class=\"cell_background_title\">\n<td><span style=\"color: #1d60ab;\"><strong>TRANSPORT \/ MOBILIT\u00c9<\/strong><\/span><\/td>\n<\/tr>\n<tr>\n<td>\n<ul>\n<li style=\"list-style-type: none;\">\n<ul>\n<li><span style=\"font-size: 12pt;\"><a href=\"https:\/\/www.orizo.fr\/titre-et-tarifs\/titres-de-transport\/mon-titre-de-transport\">Pass Jeune\u00a0ORIZO<\/a><strong> (Avignon)<\/strong><\/span><br \/>\n<em><span style=\"font-size: 10pt;\">Le Pass annuel Jeune est \u00e0 100 euros pour les moins de 25 ans.<\/span><\/em><\/li>\n<li><span style=\"font-size: 12pt;\"><a href=\"https:\/\/www.rtm.fr\/tarifs\/pass-permanent-etudiant\">Pass \u00c9tudiant de la RTM<\/a><strong> (Marseille)<\/strong><\/span><br \/>\n<em><span style=\"font-size: 10pt;\">Ce Pass Permanent vous permet de voyager en illimit\u00e9 et \u00e0 tarif r\u00e9duit sur la zone BLEUE : r\u00e9seau RTM (Bus, M\u00e9tro, Tramway, Ferry Boat, lanavette), TER intra-muros ainsi que sur d&rsquo;autres r\u00e9seaux urbains.<\/span><\/em><\/li>\n<li><a href=\"https:\/\/zou.maregionsud.fr\/acheter-un-pass-zou-etudes-2025-2026\/\" target=\"_blank\" rel=\"noopener noreferrer\">Le pass ZOU \u00c9tudes<\/a><br \/>\n<em><span style=\"font-size: 10pt;\">Vous avez moins de 25 ans ? A partir de 7,50\u20ac\/mois, vous pouvez profiter d\u2019un acc\u00e8s illimit\u00e9 et circuler \u00e0 volont\u00e9 sur les bus et trains du r\u00e9seau r\u00e9gional ZOU !<\/span><\/em><\/li>\n<li>Aides au permis de conduire : <a href=\"https:\/\/www.1jeune1solution.gouv.fr\/1jeune1permis\"><strong>1 Jeune 1 Permis<\/strong><\/a>, <a href=\"https:\/\/mes-aides.francetravail.fr\/mobilite\/financer-vos-permis\/provence-alpes-cote-d-azur\"><strong>Aides R\u00e9gion Paca<\/strong><\/a> et <a href=\"https:\/\/www.marseille.fr\/mairie\/actualites\/code-de-la-route-offert-aux-jeunes\"><strong>La ville de Marseille offre le code de la route aux jeunes<\/strong><\/a><\/li>\n<\/ul>\n<\/li>\n<\/ul>\n<\/td>\n<\/tr>\n<\/tbody>\n<\/table>\n<table class=\"cell_align_content\">\n<tbody>\n<tr class=\"cell_background_title\">\n<td><span style=\"color: #1d60ab;\"><strong>ALIMENTATION<\/strong><\/span><\/td>\n<\/tr>\n<tr>\n<td>\n<ul>\n<li><strong>Les Restos du Coeur<\/strong> : <a href=\"https:\/\/ad13.restosducoeur.org\/\">Bouches du Rh\u00f4nes<\/a> et <a href=\"https:\/\/www.restosducoeur.org\/associations-departementales\/les-restos-du-coeur-du-vaucluse\/\">Vaucluse<\/a><\/li>\n<li><strong>Secours Catholique<\/strong> : <a href=\"https:\/\/bdr-marseille.secours-catholique.org\/\">Bouches du Rh\u00f4nes<\/a> et <a href=\"https:\/\/vaucluse.secours-catholique.org\/\">Vaucluse<\/a><\/li>\n<li><a href=\"https:\/\/www.lescrous.fr\/2025\/09\/comment-beneficier-du-repas-crous-a-1e\/\">Les Repas \u00e0 1\u20ac du CROUS<\/a><\/li>\n<li><a href=\"https:\/\/paca.dreets.gouv.fr\/Precarite-alimentaire-en-Provence-Alpes-Cote-d-Azur-listes-des-associations\">Liste des associations<\/a> charg\u00e9e de la lutte contre la pr\u00e9carit\u00e9 alimentaire\u00a0<\/li>\n<li><a href=\"https:\/\/semaillesavignon.fr\/\"><strong>Association Semailles <\/strong><\/a>(Avignon)<\/li>\n<li><a href=\"https:\/\/www.lebouillondenoailles.fr\/page\/1703722-la-cuisine-du-101\">La Cuisine du 101<\/a><br \/>\n<span style=\"font-size: 10pt;\"><em>La Cuisine du 101 permet aux personnes n\u2019ayant pas acc\u00e8s \u00e0 une cuisine de<\/em><\/span><br \/>\n<span style=\"font-size: 10pt;\"><em>pr\u00e9parer gratuitement leur repas avec leurs propres ingr\u00e9dients, de l\u2019emporter ou<\/em><\/span><br \/>\n<span style=\"font-size: 10pt;\"><em>se restaurer sur place, dans un cadre convivial.<\/em><\/span><\/li>\n<li><a href=\"https:\/\/www.lebouillondenoailles.fr\">Le Petit Bouillon<\/a><br \/>\n<span style=\"font-size: 10pt;\"><em>Un petit d\u00e9jeuner offert tous les vendredi \u00e0 partir de 8h \u00e0 Noailles (Marseille).<\/em><\/span><\/li>\n<li>L&rsquo;IMF RIS organise r\u00e9guli\u00e8rement au sein de ses \u00e9tablissements <strong>des collectes alimentaires<\/strong> pour lutter contre la pr\u00e9carit\u00e9 alimentaire des \u00e9tudiants.<\/li>\n<\/ul>\n<\/td>\n<\/tr>\n<\/tbody>\n<\/table>\n<table class=\"cell_align_content\">\n<tbody>\n<tr class=\"cell_background_title\">\n<td><span style=\"color: #1d60ab;\"><strong>ORIENTATION\u00a0<\/strong><\/span><\/td>\n<\/tr>\n<tr>\n<td>\n<ul>\n<li><a href=\"https:\/\/infojeunesfrance.org\/\">InfoJeunes<\/a><\/li>\n<li>Le Conseil en \u00c9volution Professionnelle (CEP) : <a href=\"https:\/\/pacacorse.avenir-actifs.org\/\">Lien vers le site<\/a> &#8211; <a href=\"https:\/\/www.imf.asso.fr\/pages\/wp-content\/uploads\/COM-Flyer-CEP-Grand-public-PACAC-Utilisation-web.pdf\">Flyer<\/a><\/li>\n<li><a href=\"https:\/\/citedesmetiers.fr\/\">La Cit\u00e9 des M\u00e9tiers<\/a><\/li>\n<li><a href=\"https:\/\/www.orientation-regionsud.fr\/\">Orientation Region Sud<\/a><\/li>\n<li><a href=\"https:\/\/travail-emploi.gouv.fr\/formation-professionnelle\/droit-a-la-formation-et-orientation-professionnelle\/\">Droit \u00e0 la formation et orientation professionnelle des personnes salari\u00e9es<\/a>.<\/li>\n<li><a href=\"http:\/\/travail-emploi.gouv.fr\/formation-professionnelle\/formation-en-alternance\/article\/le-contrat-de-professionnalisation\" target=\"_blank\" rel=\"noopener noreferrer\">Le contrat de professionnalisation<\/a><\/li>\n<li><a href=\"http:\/\/travail-emploi.gouv.fr\/formation-professionnelle\/formation-en-alternance\/article\/le-contrat-d-apprentissage\" target=\"_blank\" rel=\"noopener noreferrer\">Le contrat d\u2019apprentissage<\/a><\/li>\n<li><a href=\"https:\/\/www.service-public.fr\/particuliers\/vosdroits\/F10705\" target=\"_blank\" rel=\"noopener noreferrer\">Compte Personnel de Formation (CPF)<\/a><\/li>\n<li><a href=\"https:\/\/travail-emploi.gouv.fr\/formation-professionnelle\/formation-des-salaries\/article\/projet-de-transition-professionnelle\" target=\"_blank\" rel=\"noopener noreferrer\">Projet de Transition Professionnelle<\/a><\/li>\n<li><a href=\"https:\/\/www.mon-cep.org\/\" target=\"_blank\" rel=\"noopener noreferrer\">Pour toute question, vous pouvez contacter un Conseiller en \u00c9volution Professionnelle<\/a><\/li>\n<li>Le <a href=\"https:\/\/www.imf.asso.fr\/pages\/?page_id=16\">Service ICO<\/a> de l&rsquo;IMF RIS reste \u00e9galement \u00e0 votre disposition pour tout compl\u00e9ment d&rsquo;information sur les m\u00e9tiers du social.<\/li>\n<\/ul>\n<\/td>\n<\/tr>\n<\/tbody>\n<\/table>\n<p>&nbsp;<\/p>\n","protected":false},"excerpt":{"rendered":"","protected":false},"author":1,"featured_media":0,"parent":0,"menu_order":0,"comment_status":"closed","ping_status":"closed","template":"template-twocolumnsright.php","meta":{"footnotes":""},"_links":{"self":[{"href":"https:\/\/www.imf.asso.fr\/pages\/index.php?rest_route=\/wp\/v2\/pages\/34"}],"collection":[{"href":"https:\/\/www.imf.asso.fr\/pages\/index.php?rest_route=\/wp\/v2\/pages"}],"about":[{"href":"https:\/\/www.imf.asso.fr\/pages\/index.php?rest_route=\/wp\/v2\/types\/page"}],"author":[{"embeddable":true,"href":"https:\/\/www.imf.asso.fr\/pages\/index.php?rest_route=\/wp\/v2\/users\/1"}],"replies":[{"embeddable":true,"href":"https:\/\/www.imf.asso.fr\/pages\/index.php?rest_route=%2Fwp%2Fv2%2Fcomments&post=34"}],"version-history":[{"count":5,"href":"https:\/\/www.imf.asso.fr\/pages\/index.php?rest_route=\/wp\/v2\/pages\/34\/revisions"}],"predecessor-version":[{"id":17351,"href":"https:\/\/www.imf.asso.fr\/pages\/index.php?rest_route=\/wp\/v2\/pages\/34\/revisions\/17351"}],"wp:attachment":[{"href":"https:\/\/www.imf.asso.fr\/pages\/index.php?rest_route=%2Fwp%2Fv2%2Fmedia&parent=34"}],"curies":[{"name":"wp","href":"https:\/\/api.w.org\/{rel}","templated":true}]}}