{"id":3314,"date":"2019-03-08T10:14:47","date_gmt":"2019-03-08T09:14:47","guid":{"rendered":"http:\/\/www.imf.asso.fr\/pages\/?page_id=3314"},"modified":"2022-12-06T11:21:21","modified_gmt":"2022-12-06T10:21:21","slug":"congres-colloques-et-conferences","status":"publish","type":"page","link":"https:\/\/www.imf.asso.fr\/pages\/?page_id=3314","title":{"rendered":"Congr\u00e8s, colloques et conf\u00e9rences"},"content":{"rendered":"<p><!--more--><\/p>\n<table class=\"cell_align_content\" style=\"width: 100%;\">\n<tbody>\n<tr class=\"cell_background_title\">\n<td style=\"width: 100%;\">Congr\u00e8s<\/td>\n<\/tr>\n<\/tbody>\n<\/table>\n<table class=\"cell_align_content\">\n<tbody>\n<tr class=\"cell_background_title_inverse\">\n<td>2023<\/td>\n<\/tr>\n<\/tbody>\n<\/table>\n<table style=\"width: 100%; height: 371px;\">\n<tbody>\n<tr style=\"height: 371px;\">\n<td style=\"width: 17.7333%; height: 371px;\"><a href=\"\/pages\/liriss\/images\/manifestations\/image120.jpg\" target=\"_blank\" rel=\"noopener noreferrer\"><img decoding=\"async\" loading=\"lazy\" class=\"\" src=\"\/pages\/liriss\/images\/manifestations\/image120a.jpg\" width=\"120\" height=\"155\" \/><\/a><\/td>\n<td style=\"width: 82.1333%; height: 371px;\"><b>10\u00e8me Congr\u00e8s de l&rsquo;AIFRIS sur le th\u00e8me <br \/>\n\u00ab\u00a0Soci\u00e9t\u00e9s en crise et travail social : Explorer les dynamiques politiques, de formations, de recherches, d\u2019intervention et d\u2019exp\u00e9riences\u00a0\u00bb<br \/>\n<\/b>du 03 au 07 juillet 2023 \u00e0 Paris<\/p>\n<p>&nbsp;<\/p>\n<p>Organisateurs :\u00a0<strong>AIFRIS<br \/>\n<\/strong><\/p>\n<p>&nbsp;<\/p>\n<p><strong>\u00a0<\/strong><\/p>\n<p><img decoding=\"async\" loading=\"lazy\" class=\"\" src=\"\/pages\/liriss\/images\/download.png\" width=\"15\" height=\"15\" \/> <em><a href=\"\/pages\/liriss\/images\/manifestations\/ac_AIFRIS_03-07-23.pdf\" target=\"_blank\" rel=\"noopener noreferrer\">Appel \u00e0 communication<\/a><\/em><\/p>\n<p><em><a href=\"https:\/\/aifris.eu\/index.php\" target=\"_blank\" rel=\"noopener noreferrer\">En savoir plus<\/a>&#8230;<\/em><\/p>\n<\/td>\n<\/tr>\n<\/tbody>\n<\/table>\n<table class=\"cell_align_content\">\n<tbody>\n<tr class=\"cell_background_title_inverse\">\n<td>2022<\/td>\n<\/tr>\n<\/tbody>\n<\/table>\n<table style=\"width: 100%;\">\n<tbody>\n<tr>\n<td style=\"width: 18.5333%;\"><a href=\"\/pages\/liriss\/images\/manifestations\/image119.jpg\" target=\"_blank\" rel=\"noopener noreferrer\"><img decoding=\"async\" loading=\"lazy\" class=\"alignnone\" src=\"\/pages\/liriss\/images\/manifestations\/image119a.jpg\" alt=\"\" width=\"120\" height=\"155\" \/><\/a><\/td>\n<td style=\"width: 81.3334%;\">\n<p><b>Colloque ANR : Pand\u00e9mie Covid-19 : impacts sur les personnes \u00e2g\u00e9es immigr\u00e9es<\/b><\/p>\n<p>09 et 10 novembre 2022 \u00e0 Metz<\/p>\n<p>Organisateurs :\u00a0<b>GIS-REACTIFS <\/b><\/p>\n<p>Intervenants <strong>LIRISS<\/strong> :\u00a0<i> <strong>Yves <\/strong><b>Lacascade<\/b>, charg\u00e9 de recherche, formateur et animateur du <strong>LIRISS<\/strong><\/i><\/p>\n<p><em><img decoding=\"async\" loading=\"lazy\" class=\"\" src=\"\/pages\/liriss\/images\/download.png\" width=\"15\" height=\"15\" \/><a href=\"\/pages\/liriss\/images\/manifestations\/p_colloque_Metz_9-101122.pdf\" target=\"_blank\" rel=\"noopener noreferrer\"> programme<\/a><\/em><\/p>\n<\/td>\n<\/tr>\n<tr>\n<td style=\"width: 18.5333%;\"><a href=\"\/pages\/liriss\/images\/manifestations\/image116.jpg\" target=\"_blank\" rel=\"noopener noreferrer\"><img decoding=\"async\" loading=\"lazy\" class=\"\" src=\"\/pages\/liriss\/images\/manifestations\/image116a.jpg\" width=\"120\" height=\"155\" \/><\/a><\/td>\n<td style=\"width: 81.3334%;\"><b>9\u00e8me Congr\u00e8s de l&rsquo;AIFRIS sur le th\u00e8me <br \/>\n\u00ab\u00a0Paroles, exp\u00e9riences et actions des usag\u00e8res et usagers dans l\u2019intervention sociale : rendre visible l\u2019invisible.\u00a0\u00bb<br \/>\n<\/b>du 04 au 08 juillet 2022 \u00e0 Bruxelles<\/p>\n<p>&nbsp;<\/p>\n<p>Organisateurs :\u00a0<strong>AIFRIS<br \/>\n<\/strong><\/p>\n<p>Intervenants <strong>LIRISS<\/strong> :<br \/>\n* <strong>Renaud Cornand<\/strong>, <strong>Hajer Betta\u00efeb<\/strong>, <strong>Odile Thuillier<\/strong>.<br \/>\n<i>Comment entendre les usagers ? <br \/>\n<\/i>*<strong> Nathalie Jami<\/strong>.<i><br \/>\n<\/i><em>Le Conseil R\u00e9gional des Personnes Accompagn\u00e9es en r\u00e9gion PACA : L\u2019exp\u00e9rience engag\u00e9e d\u2019un collectif pluri acteurs.<\/em><br \/>\n* <strong>C\u00e9line Adloff<\/strong>, <strong>Michel <\/strong><strong>Guglielmi<\/strong>, <strong>Yves <\/strong><b>Lacascade<\/b>.<i><br \/>\n<\/i><em> Promouvoir, d\u00e8s la formation, une \u00ab\u00a0culture de la participation\u00a0\u00bb La participation des usagers de la formation au service de celle des usagers de l\u2019intervention sociale.<\/em><\/p>\n<p><strong>\u00a0<\/strong><\/p>\n<p><em><a href=\"\/pages\/liriss\/images\/manifestations\/ac_AIFRIS_04-07-22.pdf\" target=\"_blank\" rel=\"noopener noreferrer\"><img decoding=\"async\" loading=\"lazy\" class=\"\" src=\"\/pages\/liriss\/images\/download.png\" width=\"15\" height=\"15\" \/> Appel \u00e0 communication<\/a><\/em><\/p>\n<p><em><a href=\"https:\/\/aifris.eu\/06manifestations\/2022_Bruxelles\/index.php\" target=\"_blank\" rel=\"noopener noreferrer\">En savoir plus<\/a>&#8230;<\/em><\/p>\n<\/td>\n<\/tr>\n<\/tbody>\n<\/table>\n<table style=\"width: 100%;\">\n<tbody>\n<tr>\n<td style=\"width: 18.4%;\"><a href=\"\/pages\/liriss\/images\/manifestations\/image117.jpg\" target=\"_blank\" rel=\"noopener noreferrer\"><img decoding=\"async\" loading=\"lazy\" class=\"\" src=\"\/pages\/liriss\/images\/manifestations\/image117a.jpg\" width=\"120\" height=\"155\" \/><\/a><\/td>\n<td style=\"width: 81.4667%;\">\n<p><strong>Les Journ\u00e9es Scientifiques <\/strong>sur la th\u00e9matique :<br \/>\n\u201c<strong>Le bien-\u00eatre des enfants en contexte de pand\u00e9mie<\/strong>\u201d<br \/>\ndu 02 au 03 juin 2022 \u00e0 Nantes<\/p>\n<p><em><a href=\"https:\/\/bepandemie.sciencesconf.org\/resource\/page\/id\/3\" target=\"_blank\" rel=\"noopener noreferrer\">En savoir plus<\/a>&#8230;<\/em><\/p>\n<\/td>\n<\/tr>\n<\/tbody>\n<\/table>\n<table style=\"width: 100%;\">\n<tbody>\n<tr>\n<td style=\"width: 18.4%;\"><a href=\"\/pages\/liriss\/images\/manifestations\/image118.jpg\" target=\"_blank\" rel=\"noopener noreferrer\"><img decoding=\"async\" loading=\"lazy\" class=\"\" src=\"\/pages\/liriss\/images\/manifestations\/image118a.jpg\" width=\"120\" height=\"155\" \/><\/a><\/td>\n<td style=\"width: 81.4667%;\">\n<p><strong>Colloque international GIS Hybrida IS<\/strong> sur la th\u00e9matique : <br \/>\n\u00ab\u00a0<strong>Transformations des activit\u00e9s et des m\u00e9tiers du secteur social.<br \/>\nTravail des fronti\u00e8res dans l&rsquo;intervention sociale et la recherche<\/strong>\u00ab\u00a0<br \/>\nles 18,19 et 20 mai 2022 \u00e0 Rennes<\/p>\n<p>Intervenants <strong>LIRISS <\/strong>: <strong>Renaud <\/strong><strong>Cornand<\/strong>, <strong>Hajer <\/strong><strong>Betta\u00efeb<\/strong>, <strong>Yves <\/strong><b>Lacascade<\/b>.<br \/>\n<i>Vers la construction d\u2019un observatoire local de la formation en travail social\u00a0: premiers r\u00e9sultats d\u2019une enqu\u00eate et perspectives p\u00e9dagogiques. <\/i><\/p>\n<p><em><a href=\"https:\/\/hybrida-2022.sciencesconf.org\/\" target=\"_blank\" rel=\"noopener noreferrer\">En savoir plus<\/a>&#8230;<\/em><\/p>\n<p><em><img decoding=\"async\" loading=\"lazy\" class=\"\" src=\"\/pages\/liriss\/images\/download.png\" width=\"15\" height=\"15\" \/><a href=\"\/pages\/liriss\/images\/manifestations\/p_Hybrida-GIS_05-22.pdf\" target=\"_blank\" rel=\"noopener noreferrer\"> programme<\/a><\/em><\/p>\n<\/td>\n<\/tr>\n<\/tbody>\n<\/table>\n<table class=\"cell_align_content\">\n<tbody>\n<tr class=\"cell_background_title_inverse\">\n<td>2021<\/td>\n<\/tr>\n<\/tbody>\n<\/table>\n<table style=\"width: 100%; height: 274px;\">\n<tbody>\n<tr style=\"height: 274px;\">\n<td style=\"width: 18.5333%; height: 274px;\"><a href=\"\/pages\/liriss\/images\/manifestations\/image113.jpg\" target=\"_blank\" rel=\"noopener noreferrer\"><img decoding=\"async\" loading=\"lazy\" class=\"\" src=\"\/pages\/liriss\/images\/manifestations\/image113a.jpg\" width=\"120\" height=\"155\" \/><\/a><\/td>\n<td style=\"width: 81.3334%; height: 274px;\"><b>Webinaire sur le th\u00e8me<br \/>\n\u00ab\u00a0Ressorts de l&rsquo;exp\u00e9rience et interventions sociales en temps de crise\u00a0\u00bb<br \/>\n<\/b>Le Mercredi 7 juillet 2021<\/p>\n<ul>\n<li>Session 1 : 15h &#8211; 16h30<\/li>\n<li>Session 2 : 17h &#8211; 18h30<\/li>\n<\/ul>\n<p>Organisateurs :\u00a0<strong>AIFRIS<\/strong><\/p>\n<p><em><img decoding=\"async\" loading=\"lazy\" class=\"\" src=\"\/pages\/liriss\/images\/download.png\" width=\"15\" height=\"15\" \/> <a href=\"\/pages\/liriss\/images\/manifestations\/p_AIFRIS_07-07-21.pdf\" target=\"_blank\" rel=\"noopener noreferrer\">programme<\/a><\/em><\/p>\n<p><img decoding=\"async\" loading=\"lazy\" class=\"\" src=\"\/pages\/liriss\/images\/video.jpg\" width=\"14\" height=\"10\" \/> <a href=\"https:\/\/aifris.eu\/06manifestations\/2021_Webinaire\/WEBINAIRE_2021.mp4\" target=\"_blank\" rel=\"noopener noreferrer\"><em>retrouver la totalit\u00e9 du WEBINAIRE en vid\u00e9o<\/em> <\/a><\/p>\n<\/td>\n<\/tr>\n<\/tbody>\n<\/table>\n<table style=\"width: 100%;\">\n<tbody>\n<tr>\n<td style=\"width: 18.1333%;\"><img decoding=\"async\" loading=\"lazy\" class=\"\" src=\"\/pages\/liriss\/images\/manifestations\/image112.jpg\" width=\"119\" height=\"87\" \/><\/td>\n<td style=\"width: 81.7333%;\">\n<p><b>\u202a<\/b><b>\u202a<\/b><\/p>\n<p><b>Webinaire d\u2019\u00e9change de pratiques<br \/>\n<\/b>sur le th\u00e8me<br \/>\n\u00ab\u00a0Regards-crois\u00e9s sur les renouvellements des pratiques des solidarit\u00e9s sous covid 19\u00a0\u00bb<\/p>\n<p><strong>Lundi 8 f\u00e9vrier 2021,<\/strong>\u00a0 <strong>17h00<\/strong> &#8211; <strong>19h00<\/strong><\/p>\n<p>Organisateurs :\u00a0<strong>Alter\u2019Solidaire<\/strong><\/p>\n<p>Intervenant(s) <strong>IMF<\/strong> :\u00a0<b>Yves Lacascade<\/b><\/p>\n<p><em><a href=\"https:\/\/fb.me\/e\/1VTWmVY1x\" target=\"_blank\" rel=\"noopener noreferrer\">En savoir plus<\/a>&#8230;<\/em><\/p>\n<p><em><img decoding=\"async\" loading=\"lazy\" class=\"\" src=\"\/pages\/liriss\/images\/download.png\" width=\"15\" height=\"15\" \/>\u00a0<a href=\"\/pages\/liriss\/images\/manifestations\/congres_altersolidaire.pdf\" target=\"_blank\" rel=\"noopener\">programme<\/a><\/em><\/p>\n<\/td>\n<\/tr>\n<\/tbody>\n<\/table>\n<table style=\"width: 100%;\">\n<tbody>\n<tr>\n<td style=\"width: 18.1333%;\"><img decoding=\"async\" loading=\"lazy\" class=\"\" src=\"\/pages\/liriss\/images\/manifestations\/image114.jpg\" width=\"119\" height=\"87\" \/><\/td>\n<td style=\"width: 81.7333%;\">\n<p><b>\u202a<\/b><b>\u202a9\u00e8me congr\u00e8s de l&rsquo;ASF<br \/>\n<\/b>\u00ab\u00a0Changer ?\u00a0\u00bb<b><br \/>\n<\/b><\/p>\n<p>\u00e0 Lille du <strong>mardi 6 juillet<\/strong> au <strong>vendredi 9 juillet 2021<\/strong><\/p>\n<p>Intervenants <strong>LIRISS<\/strong> :\u00a0 <strong>Renaud <\/strong><strong>Cornand<\/strong>, <strong>Hajer <\/strong><strong>Betta\u00efeb<\/strong>, <strong>Yves <\/strong><b>Lacascade<\/b>.<br \/>\n<i>Les \u00e9tudiants en travail social face aux sciences sociales. Quelles appropriations pour quels changements dans les pratiques\u00a0? <\/i><\/p>\n<p><em><a href=\"https:\/\/afs-socio.fr\/congres\/lille-2021\/\" target=\"_blank\" rel=\"noopener noreferrer\">En savoir plus<\/a>&#8230;<\/em><\/p>\n<\/td>\n<\/tr>\n<\/tbody>\n<\/table>\n<table class=\"cell_align_content\">\n<tbody>\n<tr class=\"cell_background_title_inverse\">\n<td>2019<\/td>\n<\/tr>\n<\/tbody>\n<\/table>\n<table style=\"width: 100%;\">\n<tbody>\n<tr>\n<td style=\"width: 18.2666%;\"><img decoding=\"async\" loading=\"lazy\" class=\"\" src=\"\/pages\/liriss\/images\/manifestations\/image085.png\" width=\"120\" height=\"108\" \/><\/td>\n<td style=\"width: 81.6001%;\">\n<p><b>\u202a<\/b><b>\u202a<\/b><\/p>\n<p><b>Congr\u00e8s AFS &#8211; Classer, reclasser, d\u00e9classer<\/b><b> &#8211; RT49 Histoire de la sociologie <\/b><\/p>\n<p>sur le th\u00e8me<br \/>\n<b>\u00ab\u00a0<\/b>PROMOTING HUMAN RELATIONSHIPS: BRIDGING THE FUTURE!\u00a0\u00bb<\/p>\n<p>A Aix-en-Provence du 27 au 30 ao\u00fbt 2019<\/p>\n<p>Organisateur : <strong>AFS<\/strong><\/p>\n<p>Intervenant(s) de l&rsquo;<strong>IMF<\/strong> : <strong>Annie Chatenay<\/strong><\/p>\n<p><em><a href=\"https:\/\/afs-socio.fr\/aix-en-provence-2019-les-premieres-informations\/\" target=\"_blank\" rel=\"noopener noreferrer\">En savoir plus&#8230;<\/a><\/em><\/p>\n<\/td>\n<\/tr>\n<\/tbody>\n<\/table>\n<table style=\"width: 100%;\">\n<tbody>\n<tr>\n<td style=\"width: 18.2666%;\"><img decoding=\"async\" loading=\"lazy\" class=\"\" src=\"\/pages\/liriss\/images\/manifestations\/image102.png\" width=\"120\" height=\"170\" \/><\/td>\n<td style=\"width: 81.6%;\">\n<p><b>\u202a<\/b><b>\u202a<\/b><b>8\u00e8me congr\u00e8s AIFRIS \u2013 LIBAN\u00a0<\/b><\/p>\n<p>sur\u00a0 le th\u00e8me \u00ab\u00a0Soci\u00e9t\u00e9s plurielles, Travail social et Vivre-ensemble\u00a0\u00bb<\/p>\n<p>A Beyrouth, du 2 au 5 juillet 2019<\/p>\n<p>Organisateurs : <strong>AIFRIS<\/strong><\/p>\n<p>Intervenant(s) de l&rsquo;<strong>IMF<\/strong> : <b>Jacqueline Grebert, <\/b><b>Yves Lacascade,<\/b><b>\u00a0\u00a0 <\/b><b>Antoine Passavant, <\/b><b>Nathalie Segura,<\/b>\u00a0 <b>Fran\u00e7ois<\/b> <b>Teissier, <\/b><b>St\u00e9phane Volle<\/b><\/p>\n<p><em><a href=\"\/pages\/?page_id=3894\">En savoir plus<\/a>&#8230;<\/em><\/p>\n<\/td>\n<\/tr>\n<\/tbody>\n<\/table>\n<table style=\"width: 100%;\">\n<tbody>\n<tr>\n<td style=\"width: 18.4%;\"><img decoding=\"async\" loading=\"lazy\" class=\"\" src=\"\/pages\/liriss\/images\/manifestations\/image097.png\" width=\"120\" height=\"124\" \/><\/td>\n<td style=\"width: 81.4667%;\">\n<p><b>\u202a<\/b><b>\u202a<\/b><b>Conf\u00e9rence europ\u00e9enne EASSW &#8211; UNAFORIS 2019 <\/b><\/p>\n<p>sur le th\u00e8me<br \/>\n\u00ab\u00a0MEANINGS OF QUALITY OF SOCIAL WORK EDUCATION\u00a0\u00bb<\/p>\n<p>A Madrid, du 4 au 7 juin 2019<\/p>\n<p>Organisateur : <strong>EASSWW<\/strong><\/p>\n<p>Intervenant(s) de l&rsquo;<strong>IMF<\/strong> :<br \/>\n<b>Herv\u00e9 Fayolle, <\/b>formateur de l&rsquo;IMF<\/p>\n<p><em><a href=\"http:\/\/eventos.ucm.es\/21952\/detail\" target=\"_blank\" rel=\"noopener noreferrer\">En savoir plus&#8230;<\/a><\/em><\/p>\n<\/td>\n<\/tr>\n<\/tbody>\n<\/table>\n<table class=\"cell_align_content\">\n<tbody>\n<tr class=\"cell_background_title\">\n<td>Colloques<\/td>\n<\/tr>\n<\/tbody>\n<\/table>\n<table class=\"cell_align_content\">\n<tbody>\n<tr class=\"cell_background_title_inverse\">\n<td>2020<\/td>\n<\/tr>\n<\/tbody>\n<\/table>\n<table style=\"width: 100%;\">\n<tbody>\n<tr>\n<td style=\"width: 18.4%;\"><img decoding=\"async\" loading=\"lazy\" class=\"\" src=\"\/pages\/liriss\/images\/manifestations\/image110.png\" width=\"119\" height=\"87\" \/><\/td>\n<td style=\"width: 81.4667%;\">\n<p><b>\u202a<\/b><b>\u202a<\/b><b>Colloque international 2020 ERIS &#8211; EURODIR &#8211; REACTIFS<br \/>\n<\/b>\u00e0 Strasbourg du mardi 29 septembre au jeudi 1er octobre 2020<br \/>\nsur le th\u00e8me \u00ab\u00a0La participation : une voie vers l\u2019inclusion ?<\/p>\n<p>\u00ab\u00a0Organisateur :\u00a0 ERIS &#8211; EURODIR &#8211; REACTIFS<\/p>\n<p><em><img decoding=\"async\" loading=\"lazy\" class=\"\" src=\"\/pages\/liriss\/images\/download.png\" width=\"15\" height=\"15\" \/>\u00a0<a href=\"\/pages\/liriss\/images\/manifestations\/p_ERIS-EURODIR-GIS.pdf\" target=\"_blank\" rel=\"noopener noreferrer\">programme<\/a><\/em><\/p>\n<\/td>\n<\/tr>\n<\/tbody>\n<\/table>\n<table style=\"width: 100%;\">\n<tbody>\n<tr>\n<td style=\"width: 18.5333%;\">\n<p><img decoding=\"async\" loading=\"lazy\" class=\"\" src=\"\/pages\/liriss\/images\/manifestations\/image111.jpg\" width=\"119\" height=\"87\" \/><\/p>\n<p>&nbsp;<\/p>\n<p>&nbsp;<\/p>\n<p style=\"text-align: center;\"><span style=\"color: #ff0000;\"><strong>Report\u00e9<\/strong><\/span><\/p>\n<\/td>\n<td style=\"width: 81.3333%;\">\n<p><b>\u202a<\/b><b>\u202a<\/b><b>Colloque international \u00a0de<\/b><b> l&rsquo;INAS<\/b><\/p>\n<p>\u00e0 Bruxelles &#8211; Belgique du mardi 6 juillet au vendredi 9 juillet 2020<\/p>\n<p>sur le th\u00e8me de\u00a0 la \u00ab\u00a0<strong>Digitalisation et Action Sociale<\/strong>\u00ab\u00a0<b>\u00a0<\/b><\/p>\n<p>Organisateur : <strong>INAS<\/strong><\/p>\n<p>Intervenant <strong>IMF<\/strong> : <strong>Annie Chatenay<\/strong><\/p>\n<p><em><a href=\"https:\/\/colloqueinas.com\/\" target=\"_blank\" rel=\"noopener noreferrer\">En savoir plus<\/a>&#8230;<\/em><\/p>\n<\/td>\n<\/tr>\n<\/tbody>\n<\/table>\n<table style=\"width: 100%;\">\n<tbody>\n<tr>\n<td style=\"width: 18.4%;\">\n<p><img decoding=\"async\" loading=\"lazy\" class=\"\" src=\"\/pages\/liriss\/images\/manifestations\/image108.jpg\" width=\"119\" height=\"87\" \/><\/p>\n<p>&nbsp;<\/p>\n<p style=\"text-align: center;\"><span style=\"color: #ff0000;\"><strong>Annul\u00e9<\/strong><\/span><\/p>\n<\/td>\n<td style=\"width: 81.4667%;\">\n<p><b>\u202a<\/b><b>\u202a<\/b><b>Colloque FAMI \u00ab\u00a0<\/b><b>Accompagnement des \u00e9trangers primo-arrivants\u00a0\u00bb<\/b><\/p>\n<p>\u00e0 Lyon, du 28 juin au 01 juillet 2020<\/p>\n<p>sur le th\u00e8me \u00ab\u00a0<b>Accueillir les publics \u00e9trangers primo-arrivants : Comment accompagner le parcours d\u2019int\u00e9gration ?<\/b>\u00ab\u00a0<\/p>\n<p>Organisateurs : <b>GIS-REACTIFS<\/b><\/p>\n<p>Intervenant(s) <strong>IMF<\/strong> :\u00a0<b>Yves Lacascade<\/b> et <b>Bertrand Pirons<\/b><\/p>\n<p><em><a href=\"\/pages\/liriss\/images\/manifestations\/colloque_fami.pdf\" target=\"_blank\" rel=\"noopener noreferrer\">En savoir plus<\/a>&#8230;<br \/>\n<a href=\"https:\/\/www.gis-reactifs.fr\/colloque02-04-2020\/\" target=\"_blank\" rel=\"noopener noreferrer\">Site GIS REACTIFS<\/a>&#8230;<\/em><\/p>\n<\/td>\n<\/tr>\n<\/tbody>\n<\/table>\n<table style=\"width: 100%;\">\n<tbody>\n<tr>\n<td style=\"width: 18.6667%;\"><img decoding=\"async\" loading=\"lazy\" class=\"\" src=\"\/pages\/liriss\/images\/vide.png\" width=\"119\" height=\"87\" \/><\/td>\n<td style=\"width: 81.2%;\">\n<p><b>\u202a<\/b><b>\u202a<\/b><b>Journ\u00e9e d&rsquo;\u00e9tude au LAMES<\/b><\/p>\n<p>Le 4 f\u00e9vrier 2020 \u00e0 partir de 9h \u00e0 l&rsquo;Insp\u00e9 2 Avenue Jules Isaac, 13100 Aix-en-Provence<\/p>\n<p>sur le th\u00e8me du \u00ab\u00a0D\u00c9CROCHAGE SCOLAIRE POUR UNE APPROCHE \u00c9DUCATIVE GLOBALE\u00a0\u00bb<\/p>\n<p>Organisateurs : L\u2019Insp\u00e9, les laboratoires du LAMES (UMR 7305), d\u2019ADEF (EA 4671), et du LEST (UMR 7317), le groupe ADDAP 13 et le CESSA<\/p>\n<p>Intervenant(s) <strong>IMF<\/strong> : <b>Yves Lacascade<\/b><\/p>\n<p><em><a href=\"https:\/\/decroaix4fev.sciencesconf.org\/\" target=\"_blank\" rel=\"noopener noreferrer\">En savoir plus<\/a>&#8230; <\/em><\/p>\n<p><em><img decoding=\"async\" loading=\"lazy\" class=\"\" src=\"\/pages\/liriss\/images\/download.png\" width=\"15\" height=\"15\" \/> <\/em><em><a href=\"\/pages\/liriss\/images\/manifestations\/p_LAMES.pdf\" target=\"_blank\" rel=\"noopener noreferrer\">programme<\/a>&#8230;<br \/>\n<\/em><\/p>\n<\/td>\n<\/tr>\n<\/tbody>\n<\/table>\n<table class=\"cell_align_content\">\n<tbody>\n<tr class=\"cell_background_title_inverse\">\n<td>2019<\/td>\n<\/tr>\n<\/tbody>\n<\/table>\n<table style=\"width: 100%;\">\n<tbody>\n<tr>\n<td style=\"width: 18.1333%;\"><img decoding=\"async\" loading=\"lazy\" class=\"\" src=\"\/pages\/liriss\/images\/photos\/image105.png\" width=\"119\" height=\"87\" \/><\/td>\n<td style=\"width: 81.7333%;\">\n<p><b>\u202a<\/b><b>\u202a<\/b><b>\u00ab\u00a0<\/b><b> L<\/b><b>\u2019attractivit\u00e9 des m\u00e9tiers de l\u2019intervention \u00e0 domicile : un enjeu de soci\u00e9t\u00e9\u00a0\u00bb<\/b><\/p>\n<p>Une journ\u00e9e d\u2019\u00e9changes et de d\u00e9bats pour les \u00e9tudiants, formateurs et professionnels<\/p>\n<p>CENTRE HOSPITALIER DE MONTFAVET &#8211; Salle des spectacles<\/p>\n<p>Le 24 avril 2019<\/p>\n<p>Organisateurs : <strong>IMF<\/strong><\/p>\n<p>Participants : <strong>Elian Djaoui<\/strong>, psychosociologue, consultant dans le secteur social et m\u00e9dico-social, membre du Centre International de recherche, de formation et d\u2019intervention en psychosociologie (<strong>CIRFIP<\/strong>) et auteur de l\u2019ouvrage \u00ab Intervenir au Domicile \u00bb<\/p>\n<p>Intervenant(s) <strong>IMF<\/strong> : <strong>Michel Perrier<\/strong><\/p>\n<p><em><a href=\"\/pages\/liriss\/docs\/attractivite_metiers_domicile.pdf\" target=\"_blank\" rel=\"noopener noreferrer\">En savoir plus<\/a>&#8230;<\/em><\/p>\n<\/td>\n<\/tr>\n<\/tbody>\n<\/table>\n<table style=\"width: 100%;\">\n<tbody>\n<tr>\n<td style=\"width: 18.2666%;\"><img decoding=\"async\" loading=\"lazy\" class=\"\" src=\"\/pages\/liriss\/images\/manifestations\/image107.png\" width=\"120\" height=\"82\" \/><\/td>\n<td style=\"width: 81.6%;\">\n<p><b>\u202a<\/b><b>\u202a<\/b><b>\u00a0\u00bb Colloque INTERGIS \u00a0\u00bb <\/b><b>Fronti\u00e8res et franchissements <\/b><\/p>\n<p>La fronti\u00e8re immat\u00e9rielle : A Perpignan, le 07 f\u00e9vrier 2019<\/p>\n<p>La fronti\u00e8re mat\u00e9rielle : A Strasbourg, le 21 mars 2019<\/p>\n<p>Organisateur : <b>INTERGIS<\/b><\/p>\n<p>Intervenant(s) <strong>IMF<\/strong> : <b>Yves Lacascade,<\/b><b>\u00a0\u00a0 <\/b><b>Antoine Passavant<br \/>\n<\/b><\/p>\n<p><em><a href=\"\/pages\/?page_id=3896\">En savoir plus<\/a>&#8230;<\/em><\/p>\n<\/td>\n<\/tr>\n<\/tbody>\n<\/table>\n<table style=\"width: 100%;\">\n<tbody>\n<tr>\n<td style=\"width: 18.4%;\"><img decoding=\"async\" loading=\"lazy\" class=\"\" src=\"\/pages\/liriss\/images\/photos\/image111.png\" width=\"119\" height=\"75\" \/><\/td>\n<td style=\"width: 81.4667%;\">\n<p><b>\u202a<\/b><b>\u202a<\/b><b>La coordination au coeur des probl\u00e9matiques de changement : consid\u00e9rations, enjeux et avenir(s)<\/b><\/p>\n<p>Journ\u00e9e d\u2019\u00e9changes et de d\u00e9bats pour les \u00e9tudiants, professionnels et d\u00e9cideurs du champ de l\u2019Action Sociale et M\u00e9dico-Sociale<\/p>\n<p>le 16 f\u00e9vrier 2018 \u00e0 l&rsquo;<strong>IMF<\/strong> Marseille<\/p>\n<p>Organisateur : <strong>IMF<\/strong><\/p>\n<p>Participant(s) : \u00a0<b>Jean-Ren\u00e9 Loubat<\/b>, Psychosociologue, Docteur en Sciences Humaines, Consultant et Formateur aupr\u00e8s des instituions sanitaires sociales et m\u00e9dico-sociales<\/p>\n<p><em><a href=\"\/pages\/?page_id=3884\">En savoir plus<\/a>&#8230;<\/em><\/p>\n<\/td>\n<\/tr>\n<\/tbody>\n<\/table>\n<table class=\"cell_align_content\">\n<tbody>\n<tr class=\"cell_background_title\">\n<td>Conf\u00e9rences<\/td>\n<\/tr>\n<\/tbody>\n<\/table>\n<table class=\"cell_align_content\">\n<tbody>\n<tr class=\"cell_background_title_inverse\">\n<td>2020<\/td>\n<\/tr>\n<\/tbody>\n<\/table>\n<table style=\"width: 100%;\">\n<tbody>\n<tr>\n<td style=\"width: 18.4%;\">\n<p><img decoding=\"async\" loading=\"lazy\" class=\"\" src=\"\/pages\/liriss\/images\/manifestations\/image093.png\" width=\"120\" height=\"51\" \/><img decoding=\"async\" loading=\"lazy\" class=\"\" src=\"\/pages\/liriss\/images\/manifestations\/image094.png\" width=\"120\" height=\"86\" \/><\/p>\n<p>&nbsp;<\/p>\n<p style=\"text-align: center;\"><span style=\"color: #ff0000;\"><strong>Report\u00e9<\/strong><\/span><\/p>\n<\/td>\n<td style=\"width: 81.4667%;\">\n<p><b>\u202a<\/b><b>\u202a<\/b><b>Conf\u00e9rence europ\u00e9enne EASSW &#8211; UNAFORIS 2020 <\/b><\/p>\n<p>sur le th\u00e8me<br \/>\n\u00ab\u00a0PROMOTING HUMAN RELATIONSHIPS : BRIDGING THE FUTURE !\u00a0\u00bb<\/p>\n<p>A Rimini, du 28 juin au 1 juillet 2020<\/p>\n<p>Organisateur : <strong>EASSW<\/strong><\/p>\n<p>Intervenant <strong>IMF<\/strong> : <strong>Michel Guglielmi<\/strong><\/p>\n<p><em><a href=\"http:\/\/www.swesd2020.org\/#\" target=\"_blank\" rel=\"noopener noreferrer\">En savoir plus&#8230;<\/a><\/em><\/p>\n<\/td>\n<\/tr>\n<\/tbody>\n<\/table>\n","protected":false},"excerpt":{"rendered":"","protected":false},"author":1,"featured_media":0,"parent":3304,"menu_order":2,"comment_status":"closed","ping_status":"closed","template":"template-twocolumnsleft.php","meta":{"footnotes":""},"_links":{"self":[{"href":"https:\/\/www.imf.asso.fr\/pages\/index.php?rest_route=\/wp\/v2\/pages\/3314"}],"collection":[{"href":"https:\/\/www.imf.asso.fr\/pages\/index.php?rest_route=\/wp\/v2\/pages"}],"about":[{"href":"https:\/\/www.imf.asso.fr\/pages\/index.php?rest_route=\/wp\/v2\/types\/page"}],"author":[{"embeddable":true,"href":"https:\/\/www.imf.asso.fr\/pages\/index.php?rest_route=\/wp\/v2\/users\/1"}],"replies":[{"embeddable":true,"href":"https:\/\/www.imf.asso.fr\/pages\/index.php?rest_route=%2Fwp%2Fv2%2Fcomments&post=3314"}],"version-history":[{"count":2,"href":"https:\/\/www.imf.asso.fr\/pages\/index.php?rest_route=\/wp\/v2\/pages\/3314\/revisions"}],"predecessor-version":[{"id":8865,"href":"https:\/\/www.imf.asso.fr\/pages\/index.php?rest_route=\/wp\/v2\/pages\/3314\/revisions\/8865"}],"up":[{"embeddable":true,"href":"https:\/\/www.imf.asso.fr\/pages\/index.php?rest_route=\/wp\/v2\/pages\/3304"}],"wp:attachment":[{"href":"https:\/\/www.imf.asso.fr\/pages\/index.php?rest_route=%2Fwp%2Fv2%2Fmedia&parent=3314"}],"curies":[{"name":"wp","href":"https:\/\/api.w.org\/{rel}","templated":true}]}}