{"id":3310,"date":"2019-03-08T10:13:40","date_gmt":"2019-03-08T09:13:40","guid":{"rendered":"http:\/\/www.imf.asso.fr\/pages\/?page_id=3310"},"modified":"2025-08-25T12:37:36","modified_gmt":"2025-08-25T10:37:36","slug":"rapports-detude-de-recherche-et-memoires","status":"publish","type":"page","link":"https:\/\/www.imf.asso.fr\/pages\/?page_id=3310","title":{"rendered":"Rapports d&rsquo;\u00e9tude, de recherche et M\u00e9moires"},"content":{"rendered":"<p><!--more--><\/p>\n<p><a style=\"width: 650px; font-size: 10pt; color: #333333; border: 1px solid #fff; font-family: lato, sans-serif; border-radius: 25px; box-shadow: 5px 5px 20px #aaa; line-height: 16px; background: no-repeat url('https:\/\/www.imf.asso.fr\/pages\/wp-content\/uploads\/click-here.png') 10px 50%; #eee; height: auto; display: block; margin: 0 20px 40px 0; background-size: 100px 100px; padding: 20px 20px 20px 130px;\" href=\"https:\/\/www.imf.asso.fr\/pages\/wp-content\/uploads\/Rapport_final.pdf\"><span style=\"font-size: 14pt; color: #1d60ab;\"><strong><span class=\"OYPEnA text-decoration-none text-strikethrough-none\">Les difficult\u00e9s rencontr\u00e9es par les publics fragiles pour entrer \/ se maintenir en formation et sur les terrains professionnels<\/span><\/strong> <\/span><br \/>\nRapport \u00e9crit en 2025 dans le cadre du projet <em>Trace ton Avenir<\/em>, co-financ\u00e9 par<br \/>\nle Fonds social europ\u00e9en (FSE+)<\/a><\/p>\n<p><a style=\"width: 650px; font-size: 10pt; color: #333333; border: 1px solid #fff; font-family: lato, sans-serif; border-radius: 25px; box-shadow: 5px 5px 20px #aaa; line-height: 16px; background: no-repeat url('https:\/\/www.imf.asso.fr\/pages\/wp-content\/uploads\/click-here.png') 10px 50%; #eee; height: auto; display: block; margin: 0 20px 40px 0; background-size: 100px 100px; padding: 40px 20px 40px 130px;\" href=\"https:\/\/www.imf.asso.fr\/pages\/wp-content\/uploads\/Deprises-Conseils-derives-sectaires.pdf\"><span style=\"font-size: 14pt; color: #1d60ab;\"><strong>DEPRISES : <span class=\"OYPEnA text-decoration-none text-strikethrough-none\">Guide de bonnes pratiques et de sensibilisation <\/span><span class=\"OYPEnA text-decoration-none text-strikethrough-none\">des travailleurs sociaux aux risques li\u00e9s aux d\u00e9rives sectaires<\/span><\/strong> <\/span><br \/>\n2023<\/a><a style=\"width: 650px; font-size: 10pt; color: #333333; border: 1px solid #fff; font-family: lato, sans-serif; border-radius: 25px; box-shadow: 5px 5px 20px #aaa; line-height: 16px; background: no-repeat url('https:\/\/www.imf.asso.fr\/pages\/wp-content\/uploads\/click-here.png') 10px 50%; #eee; height: auto; display: block; margin: 0 20px 40px 0; background-size: 100px 100px; padding: 40px 20px 40px 130px;\" href=\"\/pages\/liriss\/docs\/rapport_final_pad.pdf\"><span style=\"font-size: 14pt; color: #1d60ab;\"><strong><span class=\"OYPEnA text-decoration-none text-strikethrough-none\">La capitalisation des pratiques professionnelles exp\u00e9riment\u00e9es dans le cadre du placement \u00e0 domicile<\/span><\/strong>\u00a0<\/span><br \/>\nPromotion coordinateur 2017\/2018 &#8211; juin 2017 \/ novembre 2018<\/a><\/p>\n<p><a style=\"width: 650px; font-size: 10pt; color: #333333; border: 1px solid #fff; font-family: lato, sans-serif; border-radius: 25px; box-shadow: 5px 5px 20px #aaa; line-height: 16px; background: no-repeat url('https:\/\/www.imf.asso.fr\/pages\/wp-content\/uploads\/click-here.png') 10px 50%; #eee; height: auto; display: block; margin: 0 20px 40px 0; background-size: 100px 100px; padding: 40px 20px 40px 130px;\" href=\"\/pages\/liriss\/docs\/cahier_ISIC_06-14.pdf\"><span style=\"font-size: 14pt; color: #1d60ab;\"><strong><span class=\"OYPEnA text-decoration-none text-strikethrough-none\">Cahier de l\u2019observatoire de l\u2019Intervention Sociale d\u2019Int\u00e9r\u00eat Collectif<\/span><\/strong>\u00a0<\/span><br \/>\nJuin 2014<\/a><\/p>\n<p>&nbsp;<\/p>\n<p>&nbsp;<\/p>\n","protected":false},"excerpt":{"rendered":"","protected":false},"author":1,"featured_media":0,"parent":3302,"menu_order":3,"comment_status":"closed","ping_status":"closed","template":"template-twocolumnsleft.php","meta":{"footnotes":""},"_links":{"self":[{"href":"https:\/\/www.imf.asso.fr\/pages\/index.php?rest_route=\/wp\/v2\/pages\/3310"}],"collection":[{"href":"https:\/\/www.imf.asso.fr\/pages\/index.php?rest_route=\/wp\/v2\/pages"}],"about":[{"href":"https:\/\/www.imf.asso.fr\/pages\/index.php?rest_route=\/wp\/v2\/types\/page"}],"author":[{"embeddable":true,"href":"https:\/\/www.imf.asso.fr\/pages\/index.php?rest_route=\/wp\/v2\/users\/1"}],"replies":[{"embeddable":true,"href":"https:\/\/www.imf.asso.fr\/pages\/index.php?rest_route=%2Fwp%2Fv2%2Fcomments&post=3310"}],"version-history":[{"count":3,"href":"https:\/\/www.imf.asso.fr\/pages\/index.php?rest_route=\/wp\/v2\/pages\/3310\/revisions"}],"predecessor-version":[{"id":14141,"href":"https:\/\/www.imf.asso.fr\/pages\/index.php?rest_route=\/wp\/v2\/pages\/3310\/revisions\/14141"}],"up":[{"embeddable":true,"href":"https:\/\/www.imf.asso.fr\/pages\/index.php?rest_route=\/wp\/v2\/pages\/3302"}],"wp:attachment":[{"href":"https:\/\/www.imf.asso.fr\/pages\/index.php?rest_route=%2Fwp%2Fv2%2Fmedia&parent=3310"}],"curies":[{"name":"wp","href":"https:\/\/api.w.org\/{rel}","templated":true}]}}