{"id":3290,"date":"2019-03-08T09:50:12","date_gmt":"2019-03-08T08:50:12","guid":{"rendered":"http:\/\/www.imf.asso.fr\/pages\/?page_id=3290"},"modified":"2025-07-25T10:49:35","modified_gmt":"2025-07-25T08:49:35","slug":"presentation-de-liriss","status":"publish","type":"page","link":"https:\/\/www.imf.asso.fr\/pages\/?page_id=3290","title":{"rendered":"Pr\u00e9sentation du LIRISS"},"content":{"rendered":"<p><!--more--><\/p>\n<table class=\"cell_align_content\">\n<tbody>\n<tr class=\"cell_background_title\">\n<td>Qu\u2019est-ce que le <strong>LIRISS<\/strong> ?<\/td>\n<\/tr>\n<tr>\n<td>Le Laboratoire Interdisciplinaire de Recherche en Interventions Sociales et Soci\u00e9t\u00e9 (<strong>LIRISS<\/strong>) a \u00e9t\u00e9 cr\u00e9\u00e9 en 2016 pour assurer les liens entre formation pratique et recherche en France et en M\u00e9diterran\u00e9e.<\/td>\n<\/tr>\n<\/tbody>\n<\/table>\n<table class=\"cell_align_content\">\n<tbody>\n<tr class=\"cell_background_title\">\n<td>Ses objectifs<\/td>\n<\/tr>\n<tr>\n<td><img decoding=\"async\" loading=\"lazy\" src=\"\/pages\/liriss\/images\/objectifs.png\" width=\"1212\" height=\"560\" border=\"0\" \/><\/td>\n<\/tr>\n<\/tbody>\n<\/table>\n<table class=\"cell_align_content\">\n<tbody>\n<tr class=\"cell_background_title\">\n<td>Ses orientations<\/td>\n<\/tr>\n<tr>\n<td>\n<table>\n<tbody>\n<tr>\n<td><b>Orientation 1 : INCLUSION &amp; SOCIETES<\/b><\/td>\n<\/tr>\n<tr>\n<td>\n<p><u><b>3 axes<\/b><\/u><b> :<\/b><\/p>\n<ul>\n<li>Participation et travail social<\/li>\n<li>\u00c9ducation et inclusion <b><\/b><\/li>\n<li>Corps, genres et soci\u00e9t\u00e9s<\/li>\n<\/ul>\n<\/td>\n<\/tr>\n<\/tbody>\n<\/table>\n<table>\n<tbody>\n<tr>\n<td><b>Orientation 2 :\u00a0 EVOLUTION DES PRATIQUES<\/b><\/td>\n<\/tr>\n<tr>\n<td>\n<p><u><b>3 axes<\/b><\/u><b> :<\/b><\/p>\n<ul>\n<li>L\u2019\u00e9volution des pratiques professionnelles de l\u2019intervention sociale.<\/li>\n<li>L\u2019\u00e9volution des pratiques p\u00e9dagogiques de la formation \u00e0 l\u2019intervention sociale<\/li>\n<li>La coop\u00e9ration, la participation, l\u2019inclusion et l\u2019\u00e9mergence des soci\u00e9t\u00e9s civiles en M\u00e9diterran\u00e9e<\/li>\n<\/ul>\n<\/td>\n<\/tr>\n<\/tbody>\n<\/table>\n<\/td>\n<\/tr>\n<\/tbody>\n<\/table>\n<table class=\"cell_align_content\">\n<tbody>\n<tr class=\"cell_background_title\">\n<td>Qui peut participer au <strong>LIRISS<\/strong> ?<\/td>\n<\/tr>\n<tr>\n<td>\n<p>Les activit\u00e9s du <strong>LIRISS<\/strong> sont ouvertes \u00e0 :<\/p>\n<ul>\n<li>tous les \u00e9tudiants<\/li>\n<li>tout le personnel de l&rsquo;<strong>IMF RIS<\/strong><\/li>\n<li>tous les repr\u00e9sentants professionnels en lien avec l&rsquo;<strong>IMF RIS<\/strong><\/li>\n<\/ul>\n<\/td>\n<\/tr>\n<\/tbody>\n<\/table>\n<table class=\"cell_align_content\">\n<tbody>\n<tr class=\"cell_background_title\">\n<td>Son comit\u00e9 de pilotage<\/td>\n<\/tr>\n<tr>\n<td>\n<ul>\n<li>La Direction G\u00e9n\u00e9rale,<\/li>\n<li>Le CA,<\/li>\n<li>Les Responsables de centres d\u2019activit\u00e9s,<\/li>\n<li>L&rsquo;animateur,<\/li>\n<li>L&rsquo;assistant<\/li>\n<\/ul>\n<\/td>\n<\/tr>\n<\/tbody>\n<\/table>\n<table class=\"cell_align_content\">\n<tbody>\n<tr class=\"cell_background_title\">\n<td>Contacter le LIRISS<\/td>\n<\/tr>\n<tr>\n<td>\n<table class=\"cell_no_border\" style=\"width: 96.0387%; height: 62px;\">\n<tbody>\n<tr style=\"height: 62px;\">\n<td><img decoding=\"async\" loading=\"lazy\" class=\"\" src=\"\/pages\/liriss\/images\/contact.png\" width=\"58\" height=\"40\" \/><\/td>\n<td style=\"width: 88.9819%; height: 62px;\"><a href=\"mailto:liriss@imf.asso.fr\">liriss@imf.asso.fr<\/a><br \/>\n04.91.24.61.15<\/td>\n<\/tr>\n<\/tbody>\n<\/table>\n<\/td>\n<\/tr>\n<\/tbody>\n<\/table>\n","protected":false},"excerpt":{"rendered":"","protected":false},"author":1,"featured_media":0,"parent":293,"menu_order":1,"comment_status":"closed","ping_status":"closed","template":"template-twocolumnsleft.php","meta":{"footnotes":""},"_links":{"self":[{"href":"https:\/\/www.imf.asso.fr\/pages\/index.php?rest_route=\/wp\/v2\/pages\/3290"}],"collection":[{"href":"https:\/\/www.imf.asso.fr\/pages\/index.php?rest_route=\/wp\/v2\/pages"}],"about":[{"href":"https:\/\/www.imf.asso.fr\/pages\/index.php?rest_route=\/wp\/v2\/types\/page"}],"author":[{"embeddable":true,"href":"https:\/\/www.imf.asso.fr\/pages\/index.php?rest_route=\/wp\/v2\/users\/1"}],"replies":[{"embeddable":true,"href":"https:\/\/www.imf.asso.fr\/pages\/index.php?rest_route=%2Fwp%2Fv2%2Fcomments&post=3290"}],"version-history":[{"count":2,"href":"https:\/\/www.imf.asso.fr\/pages\/index.php?rest_route=\/wp\/v2\/pages\/3290\/revisions"}],"predecessor-version":[{"id":14120,"href":"https:\/\/www.imf.asso.fr\/pages\/index.php?rest_route=\/wp\/v2\/pages\/3290\/revisions\/14120"}],"up":[{"embeddable":true,"href":"https:\/\/www.imf.asso.fr\/pages\/index.php?rest_route=\/wp\/v2\/pages\/293"}],"wp:attachment":[{"href":"https:\/\/www.imf.asso.fr\/pages\/index.php?rest_route=%2Fwp%2Fv2%2Fmedia&parent=3290"}],"curies":[{"name":"wp","href":"https:\/\/api.w.org\/{rel}","templated":true}]}}