{"id":22,"date":"2017-07-05T10:40:20","date_gmt":"2017-07-05T08:40:20","guid":{"rendered":"http:\/\/www.imf.asso.fr\/pages\/?page_id=22"},"modified":"2025-07-24T11:25:56","modified_gmt":"2025-07-24T09:25:56","slug":"linstitut","status":"publish","type":"page","link":"https:\/\/www.imf.asso.fr\/pages\/?page_id=22","title":{"rendered":"L&rsquo;Institut"},"content":{"rendered":"<p><!--more--><\/p>\n<p><span style=\"color: #1d60ab; font-size: 14pt;\"><strong>Avec 35 ans d&rsquo;exp\u00e9rience dans le champ de l&rsquo;intervention sociale, l&rsquo;IMF RIS propose des formations pour tous les niveaux d&rsquo;\u00e9tudes et des services de conseil et d&rsquo;accompagnement, en <\/strong><\/span><span style=\"color: #1d60ab; font-size: 14pt;\"><strong>France ou \u00e0 l&rsquo;international.<\/strong><\/span><\/p>\n<p>Nos programmes sont \u00e9labor\u00e9s pour offrir un soutien personnalis\u00e9 et des ressources adapt\u00e9es aux besoins individuels. En partenariat avec des professionnels, acteurs du terrain, chercheurs et personnes concern\u00e9es, notre objectif est de cr\u00e9er un environnement d&rsquo;apprentissage enrichissant, innovant, collaboratif et inclusif.<\/p>\n<p><strong>Un capital de comp\u00e9tences :<br \/>\n<\/strong><\/p>\n<ul>\n<li><a href=\"https:\/\/www.imf.asso.fr\/pages\/?page_id=85\">Les dipl\u00f4mes d&rsquo;\u00c9tat<\/a> : agr\u00e9ment de 7 dipl\u00f4mes du niveau 7 (anciennement I) \u00e0 3 (anciennement V)<\/li>\n<li><a href=\"https:\/\/www.imf.asso.fr\/pages\/?page_id=10619\">L&rsquo;apprentissage<\/a><\/li>\n<li><a href=\"https:\/\/www.imf.asso.fr\/pages\/?page_id=50\">La formation continue<\/a> : des probl\u00e9matiques d&rsquo;actualit\u00e9<\/li>\n<li><a href=\"https:\/\/www.imf.asso.fr\/pages\/?page_id=42\">Les formations pr\u00e9paratoires<\/a> et<a href=\"https:\/\/www.imf.asso.fr\/pages\/?page_id=5823\"> la formation adapt\u00e9e<\/a><\/li>\n<li><a href=\"https:\/\/www.imf.asso.fr\/pages\/?page_id=79\">L&rsquo;accompagnement et le conseil<\/a><\/li>\n<li><a href=\"https:\/\/www.imf.asso.fr\/pages\/?page_id=4021\">La VAE\/VAP<\/a><\/li>\n<li>L&rsquo;innovation p\u00e9dagogique : <a href=\"https:\/\/www.imf.asso.fr\/pages\/?page_id=12017\">se former autrement avec la formation FAST<\/a><\/li>\n<\/ul>\n<p><!--\n\n\n\n\n\n\n\n<table class=\"cell_align_content\"><span style=\"display: inline-block; width: 0px; overflow: hidden; line-height: 0;\" data-mce-type=\"bookmark\" class=\"mce_SELRES_start\"><\/span>\n\n\n<tbody>\n\n\n<tr class=\"cell_background_title\">\n\n\n<td>Un capital de comp\u00e9tences<\/td>\n\n\n<\/tr>\n\n\n\n\n<tr>\n\n\n<td>\n\n\n<p>&nbsp;<\/p>\n\n\n\n\n<ul>\n\t\n\n<li>DEIS Dipl\u00f4me d\u2019Etat d\u2019Ing\u00e9nierie Sociale<\/li>\n\n\n\t\n\n<li>CAFDES Certificat d\u2019Aptitude aux Fonctions de Directeur d\u2019Etablissement ou de service d\u2019intervention Sociale<\/li>\n\n\n\t\n\n<li>CAFERUIS Certificat d\u2019Aptitude aux Fonctions de Responsable d\u2019Unit\u00e9 d\u2019Intervention Sociale<\/li>\n\n\n\t\n\n<li>Assistant de service social - Educateur sp\u00e9cialis\u00e9 \u2013 Educateur de Jeunes Enfants<\/li>\n\n\n\t\n\n<li>Moniteur Educateur<\/li>\n\n\n\t\n\n<li>Accompagnant Educatif et Social<\/li>\n\n\n<\/ul>\n\n\n<\/td>\n\n\n<\/tr>\n\n\n<\/tbody>\n\n\n<\/table>\n\n\n\n\n<table class=\"cell_align_content\">\n\n\n<tbody>\n\n\n<tr class=\"cell_background_title\">\n\n\n<td>Certifications ou qualifications<\/td>\n\n\n<\/tr>\n\n\n\n\n<tr>\n\n\n<td>\n\n\n<ul style=\"list-style-type: square;\">\n\t\n\n<li>Formations tut\u00e9laires (MJPM)<\/li>\n\n\n\t\n\n<li>Surveillant de nuit \u2013 Ma\u00eetre et Ma\u00eetresse de maison<\/li>\n\n\n\t\n\n<li>Assistant de soins en g\u00e9rontologie<\/li>\n\n\n\t\n\n<li>Ma\u00eetre d\u2019apprentissage \u2013 Tuteur r\u00e9f\u00e9rent<\/li>\n\n\n\t\n\n<li>Moniteur d\u2019atelier<\/li>\n\n\n<\/ul>\n\n\n<\/td>\n\n\n<\/tr>\n\n\n<\/tbody>\n\n\n<\/table>\n\n\n\n\n<table class=\"cell_align_content\">\n\n\n<tbody>\n\n\n<tr class=\"cell_background_title\">\n\n\n<td>Formations pr\u00e9paratoires \u00e0 l\u2019entr\u00e9e en formation<\/td>\n\n\n<\/tr>\n\n\n\n\n<tr>\n\n\n<td>&nbsp;<\/td>\n\n\n<\/tr>\n\n\n<\/tbody>\n\n\n<\/table>\n\n\n\n\n<table class=\"cell_align_content\">\n\n\n<tbody>\n\n\n<tr class=\"cell_background_title\">\n\n\n<td>Catalogue de formation continue : des probl\u00e9matiques d\u2019actualit\u00e9<\/td>\n\n\n<\/tr>\n\n\n\n\n<tr>\n\n\n<td>\n\n\n<ul>\n\t\n\n<li>Certifications<\/li>\n\n\n\t\n\n<li>Communication professionnelle<\/li>\n\n\n\t\n\n<li>Conseils aux \u00e9tablissements<\/li>\n\n\n\t\n\n<li>Ing\u00e9nierie Sociale<\/li>\n\n\n\t\n\n<li>Formations collectives sur site<\/li>\n\n\n\t\n\n<li>Management et Gestion<\/li>\n\n\n\t\n\n<li>M\u00e9tiers et Fonctions<\/li>\n\n\n\t\n\n<li>Perfectionnement<\/li>\n\n\n\n\n\n\n\n--><!--\n\n\n\n\n\n\n\n\n\n\n\n\n\n\n\n\n\n\n\n\n\n\n\n\n\n\n<ul style=\"list-style-type: square;\">\n\t\n\n<li>Perfectionnement des pratiques professionnelles et m\u00e9thodologie<\/li>\n\n\n\t\n\n<li>Communication professionnelle et travail d\u2019\u00e9quipe<\/li>\n\n\n\t\n\n<li>D\u00e9veloppement, ing\u00e9nierie sociale et nouvelles pratiques d\u2019intervention<\/li>\n\n\n\t\n\n<li>Les nouvelles figures professionnelles<\/li>\n\n\n\t\n\n<li>Gestion, management et ressources humaines<\/li>\n\n\n\t\n\n<li>Intervention : Offre de conseil et d\u2019accompagnement au changement<\/li>\n\n\n\t\n\n<li>La\u00efcit\u00e9 et faits religieux<\/li>\n\n\n\t\n\n<li>Accompagnement \u00e0 la VAE<\/li>\n\n\n<\/ul>\n\n\n<span style=\"display: inline-block; width: 0px; overflow: hidden; line-height: 0;\" data-mce-type=\"bookmark\" class=\"mce_SELRES_start\"><\/span>--><\/p>\n<table>\n<tbody>\n<tr class=\"cell_background_title\">\n<td><strong>A consulter :<\/strong><\/td>\n<\/tr>\n<tr>\n<td>\n<ul>\n<li style=\"list-style-type: none;\">\n<ul>\n<li><a href=\"https:\/\/www.imf.asso.fr\/pages\/wp-content\/uploads\/Plaquette_IMF_dec24.pdf\">La pr\u00e9sentation de l&rsquo;IMF RIS<\/a><\/li>\n<li><a href=\"https:\/\/www.imf.asso.fr\/pages\/?page_id=264\">L&rsquo;offre de formation<\/a><\/li>\n<li><a href=\"https:\/\/www.imf.asso.fr\/pages\/wp-content\/uploads\/UTF-8IMF_ENR_PRO_08_J-Certificat-Referentiel-National-RN-0386V2.pdf\">Notre certification Qualiopi<\/a><\/li>\n<li>Le <a href=\"https:\/\/www.imf.asso.fr\/pages\/wp-content\/uploads\/IMF-RIS-Rapport-dactivite-2024-VD.pdf\">rapport d&rsquo;activit\u00e9 2024 <\/a><\/li>\n<li><a href=\"https:\/\/www.imf.asso.fr\/pages\/?page_id=1641\">Nos taux de r\u00e9ussite<\/a><\/li>\n<li><a href=\"https:\/\/www.imf.asso.fr\/pages\/wp-content\/uploads\/synthese-du-RA-2024.pdf\">La synth\u00e8se du rapport d&rsquo;activit\u00e9 2024<\/a><\/li>\n<li>Nos<a href=\"https:\/\/www.imf.asso.fr\/pages\/?page_id=66\"> locaux<\/a><\/li>\n<\/ul>\n<\/li>\n<\/ul>\n<\/td>\n<\/tr>\n<\/tbody>\n<\/table>\n<p>&nbsp;<\/p>\n","protected":false},"excerpt":{"rendered":"","protected":false},"author":1,"featured_media":0,"parent":10,"menu_order":2,"comment_status":"closed","ping_status":"closed","template":"template-twocolumnsleft.php","meta":{"footnotes":""},"_links":{"self":[{"href":"https:\/\/www.imf.asso.fr\/pages\/index.php?rest_route=\/wp\/v2\/pages\/22"}],"collection":[{"href":"https:\/\/www.imf.asso.fr\/pages\/index.php?rest_route=\/wp\/v2\/pages"}],"about":[{"href":"https:\/\/www.imf.asso.fr\/pages\/index.php?rest_route=\/wp\/v2\/types\/page"}],"author":[{"embeddable":true,"href":"https:\/\/www.imf.asso.fr\/pages\/index.php?rest_route=\/wp\/v2\/users\/1"}],"replies":[{"embeddable":true,"href":"https:\/\/www.imf.asso.fr\/pages\/index.php?rest_route=%2Fwp%2Fv2%2Fcomments&post=22"}],"version-history":[{"count":3,"href":"https:\/\/www.imf.asso.fr\/pages\/index.php?rest_route=\/wp\/v2\/pages\/22\/revisions"}],"predecessor-version":[{"id":14053,"href":"https:\/\/www.imf.asso.fr\/pages\/index.php?rest_route=\/wp\/v2\/pages\/22\/revisions\/14053"}],"up":[{"embeddable":true,"href":"https:\/\/www.imf.asso.fr\/pages\/index.php?rest_route=\/wp\/v2\/pages\/10"}],"wp:attachment":[{"href":"https:\/\/www.imf.asso.fr\/pages\/index.php?rest_route=%2Fwp%2Fv2%2Fmedia&parent=22"}],"curies":[{"name":"wp","href":"https:\/\/api.w.org\/{rel}","templated":true}]}}