{"id":2080,"date":"2018-04-20T10:04:55","date_gmt":"2018-04-20T08:04:55","guid":{"rendered":"http:\/\/www.imf.asso.fr\/pages\/?page_id=2080"},"modified":"2025-07-23T15:38:19","modified_gmt":"2025-07-23T13:38:19","slug":"mobilite-sortante","status":"publish","type":"page","link":"https:\/\/www.imf.asso.fr\/pages\/?page_id=2080","title":{"rendered":"Mobilit\u00e9 sortante"},"content":{"rendered":"<p><!--more--><\/p>\n<table class=\"cell_align_content\" style=\"height: 361px; width: 749px; margin: 0 auto;\">\n<tbody>\n<tr style=\"height: 361px;\">\n<td style=\"height: 361px; width: 749px;\">\n<p><img decoding=\"async\" class=\"alignnone\" src=\"https:\/\/www.imf.asso.fr\/pages\/wp-content\/uploads\/Design-sans-titre.png\" alt=\"\" width=\"749\" \/><\/p>\n<p>Le projet associatif de l\u2019<strong>IMF RIS<\/strong> pr\u00e9sente les orientations strat\u00e9giques en int\u00e9grant la dimension internationale qui repose notamment sur le d\u00e9veloppement de la mobilit\u00e9 des \u00e9tudiants\/apprenants et du personnel de l&rsquo;<strong>IMF RIS<\/strong>.<\/p>\n<p>Pour les \u00e9tudiants\/apprenants, cette mobilit\u00e9 sortante se traduit par des p\u00e9riodes d\u2019\u00e9tudes et\/ou de stage en <strong>Europe<\/strong>, au <strong>Canada<\/strong>, en <strong>Suisse<\/strong> et au <strong>Maghreb<\/strong>.<\/p>\n<p>L\u2019objectif est d\u2019am\u00e9liorer leur employabilit\u00e9 sur le march\u00e9 du travail. En effet, les comp\u00e9tences professionnelles acquises au cours de la mobilit\u00e9 et le d\u00e9veloppement de l\u2019autonomie renforcent les capacit\u00e9s d\u2019insertion professionnelle de nos \u00e9tudiants\/apprenants.<\/p>\n<p>Vous trouverez ci-apr\u00e8s deux pr\u00e9sentations d\u00e9clinant les informations clefs relatives aux mobilit\u00e9s. Vous trouverez \u00e9galement les modalit\u00e9s de calcul des bourses du programme <strong>Erasmus+<\/strong> pour l\u2019Enseignement Sup\u00e9rieur et la Formation Professionnelle.<\/p>\n<p><a title=\"Contactez-nous pour plus d'information.\" href=\"mailto:c.gaymaze@imf.asso.fr\"><img decoding=\"async\" loading=\"lazy\" class=\"aligncenter\" style=\"border-radius: 20px; box-shadow: 3px 3px 15px #aaa; border: 1px solid #fff;\" src=\"https:\/\/www.imf.asso.fr\/pages\/wp-content\/uploads\/contact-mobilite.png\" width=\"295\" height=\"110\" \/><\/a><\/p>\n<p>&nbsp;<\/p>\n<\/td>\n<\/tr>\n<\/tbody>\n<\/table>\n<table class=\"cell_align_content\" style=\"height: 203px; width: 100%;\">\n<tbody>\n<tr class=\"cell_background_title\" style=\"height: 39px;\">\n<td style=\"height: 39px; width: 749px;\">Ressources<\/td>\n<\/tr>\n<tr style=\"height: 164px;\">\n<td style=\"height: 164px; width: 749px;\">\n<ul>\n<li style=\"list-style-type: none;\">\n<ul>\n<li><a href=\"https:\/\/www.imf.asso.fr\/pages\/wp-content\/uploads\/Diaporama_Mobilites_-VNov24.pdf\" target=\"_blank\" rel=\"noopener noreferrer\">Pr\u00e9sentation globale<\/a><\/li>\n<li><a href=\"https:\/\/www.imf.asso.fr\/pages\/wp-content\/uploads\/Cartographie-mobilites_VNov24.pdf\" target=\"_blank\" rel=\"noopener noreferrer\">Cartographie<\/a><\/li>\n<li><strong>Les t\u00e9moignages de nos apprenants :<\/strong>\n<ul>\n<li><a href=\"https:\/\/youtube.com\/shorts\/fwfSBFuvrO0?feature=share\">Mobilit\u00e9 Suisse avec Lucie<\/a><\/li>\n<li><a href=\"https:\/\/www.youtube.com\/watch?v=HXjnM_QdfGs\">Mobilit\u00e9 Belge avec Shobha<\/a><\/li>\n<li><a href=\"https:\/\/youtu.be\/pO1b8XJ8Sh4\">#ErasmusDays 2020<\/a><\/li>\n<\/ul>\n<\/li>\n<li><strong>Documents Erasmus+ 2024<\/strong>\n<ul>\n<li><a href=\"https:\/\/www.imf.asso.fr\/pages\/wp-content\/uploads\/Grille-bourses-Erasmus-mobilite-etudiante_Convention-2024.pdf\">Convention 2024<\/a><\/li>\n<li><a href=\"https:\/\/www.imf.asso.fr\/pages\/wp-content\/uploads\/Grille-bourses-Erasmus-EFP-2024.pdf\">Grille bourses 2024<\/a><\/li>\n<li><a href=\"https:\/\/www.imf.asso.fr\/pages\/wp-content\/uploads\/Annexe-financiere-convention-ES-2024.pdf\">Annexe financi\u00e8re 2024<\/a><\/li>\n<\/ul>\n<\/li>\n<p><!--\n\t\n\t\n\t\n\t\n\t\n\t\n\t\n\t\n\t\n\t\n\t\n\t\n\t\n\t\n\t\n\t\n\t\n\t\n\n<li><strong>Documents Erasmus+ 2023<\/strong>\n\n\n<ul>\n\t\n\n<li><a href=\"https:\/\/www.imf.asso.fr\/pages\/wp-content\/uploads\/Annexe-financiere-convention-ES-2023.pdf\">Convention 2023<\/a><\/li>\n\n\n\t\n\n<li><a href=\"https:\/\/www.imf.asso.fr\/pages\/wp-content\/uploads\/Grille-bourses-Erasmus-EFP-2023.pdf\">Grille bourses 2023<\/a><\/li>\n\n\n\t\n\n<li><a href=\"https:\/\/www.imf.asso.fr\/pages\/wp-content\/uploads\/Annexe-financiere-convention-ES-2023.pdf\">Annexe financi\u00e8re 2023<\/a><\/li>\n\n\n<\/ul>\n\n\n<\/li>\n\n\n\n\n\n\n\n\n\n\n\n\n\n\n\n\n\n\n\n--><\/ul>\n<\/li>\n<\/ul>\n<\/td>\n<\/tr>\n<\/tbody>\n<\/table>\n","protected":false},"excerpt":{"rendered":"","protected":false},"author":1,"featured_media":0,"parent":2107,"menu_order":1,"comment_status":"closed","ping_status":"closed","template":"template-twocolumnsleft.php","meta":{"footnotes":""},"_links":{"self":[{"href":"https:\/\/www.imf.asso.fr\/pages\/index.php?rest_route=\/wp\/v2\/pages\/2080"}],"collection":[{"href":"https:\/\/www.imf.asso.fr\/pages\/index.php?rest_route=\/wp\/v2\/pages"}],"about":[{"href":"https:\/\/www.imf.asso.fr\/pages\/index.php?rest_route=\/wp\/v2\/types\/page"}],"author":[{"embeddable":true,"href":"https:\/\/www.imf.asso.fr\/pages\/index.php?rest_route=\/wp\/v2\/users\/1"}],"replies":[{"embeddable":true,"href":"https:\/\/www.imf.asso.fr\/pages\/index.php?rest_route=%2Fwp%2Fv2%2Fcomments&post=2080"}],"version-history":[{"count":4,"href":"https:\/\/www.imf.asso.fr\/pages\/index.php?rest_route=\/wp\/v2\/pages\/2080\/revisions"}],"predecessor-version":[{"id":13999,"href":"https:\/\/www.imf.asso.fr\/pages\/index.php?rest_route=\/wp\/v2\/pages\/2080\/revisions\/13999"}],"up":[{"embeddable":true,"href":"https:\/\/www.imf.asso.fr\/pages\/index.php?rest_route=\/wp\/v2\/pages\/2107"}],"wp:attachment":[{"href":"https:\/\/www.imf.asso.fr\/pages\/index.php?rest_route=%2Fwp%2Fv2%2Fmedia&parent=2080"}],"curies":[{"name":"wp","href":"https:\/\/api.w.org\/{rel}","templated":true}]}}