{"id":187,"date":"2017-07-05T11:44:40","date_gmt":"2017-07-05T09:44:40","guid":{"rendered":"http:\/\/www.imf.asso.fr\/pages\/?page_id=187"},"modified":"2026-04-01T11:24:49","modified_gmt":"2026-04-01T09:24:49","slug":"la-formation","status":"publish","type":"page","link":"https:\/\/www.imf.asso.fr\/pages\/?page_id=187","title":{"rendered":"La formation"},"content":{"rendered":"<p><!--more--><\/p>\n<table class=\"cell_align_content\" style=\"width: 100%; height: 182px;\">\n<tbody>\n<tr class=\"cell_background_title\" style=\"height: 39px;\">\n<td style=\"height: 39px;\"><strong>Voies d\u2019acc\u00e8s au Dipl\u00f4me d\u2019Etat<br \/>\n<\/strong><\/td>\n<\/tr>\n<tr style=\"height: 143px;\">\n<td style=\"height: 143px;\">\n<ul>\n<li>Formation initiale<\/li>\n<li>Formation continue : financement employeur<\/li>\n<li><a href=\"https:\/\/www.imf.asso.fr\/pages\/?page_id=10619\">Apprentissage<\/a> : jeunes de moins de 30 ans et personnes ayant une reconnaissance en qualit\u00e9 de travailleur handicap\u00e9 (RQTH)<\/li>\n<li>VAE (Validation des Acquis de l\u2019Exp\u00e9rience)<\/li>\n<\/ul>\n<\/td>\n<\/tr>\n<\/tbody>\n<\/table>\n<table class=\"cell_align_content\">\n<tbody>\n<tr class=\"cell_background_title\">\n<td><strong>Conditions d&rsquo;acc\u00e8s \u00e0 la formation<\/strong><\/td>\n<\/tr>\n<tr>\n<td>\n<p>La formation pr\u00e9parant au Dipl\u00f4me d\u2019Etat Educateur de Jeunes Enfants est ouverte aux candidats remplissant l\u2019une des conditions suivantes :<\/p>\n<ul>\n<li>\u00catre titulaire du baccalaur\u00e9at<\/li>\n<li>\u00catre titulaire d&rsquo;un dipl\u00f4me, certificat ou titre homologu\u00e9 ou inscrit au r\u00e9pertoire national des certifications professionnelles au moins au niveau 4<\/li>\n<li>Remplir les conditions fix\u00e9es par l&rsquo;article <a href=\"https:\/\/www.legifrance.gouv.fr\/codes\/article_lc\/LEGIARTI000048721380\">D.613-40\u00a0du code de l&rsquo;\u00e9ducation<\/a>.<\/li>\n<\/ul>\n<\/td>\n<\/tr>\n<\/tbody>\n<\/table>\n<table class=\"cell_align_content\" style=\"width: 100%; height: 537px;\">\n<tbody>\n<tr class=\"cell_background_title\" style=\"height: 39px;\">\n<td style=\"height: 39px;\"><strong>Inscription aux s\u00e9lections<\/strong><\/td>\n<\/tr>\n<tr style=\"height: 498px;\">\n<td style=\"height: 498px;\">\n<ul>\n<li><strong>En formation initiale<\/strong><\/li>\n<\/ul>\n<p>Les candidats en continuit\u00e9 de parcours scolaire, apprentis, demandeurs d\u2019emploi depuis moins de 3 ans doivent s\u2019inscrire via la plateforme <a href=\"https:\/\/www.parcoursup.fr\">PARCOURSUP<\/a> (ouverture en janvier).<\/p>\n<p>Les demandeurs d\u2019emploi de plus de 3 ans de cotisations sociales peuvent pr\u00e9tendre \u00e0 la formation initiale mais doivent s\u2019inscrire sur le <a href=\"https:\/\/www.imf.asso.fr\/pages\/?page_id=614\">site internet de l\u2019IMF RIS<\/a>.<\/p>\n<ul>\n<li><strong>En apprentissage <\/strong><\/li>\n<\/ul>\n<p>Inscription aux s\u00e9lections via <a href=\"https:\/\/www.parcoursup.fr\">PARCOURSUP<\/a> (de janvier \u00e0 juin) ou retirer la fiche d\u2019inscription sur notre site Internet ou au point d\u2019accueil ICO pour les s\u00e9lections sp\u00e9cifique (s\u00e9lections juin, septembre, octobre, novembre, d\u00e9cembre). Pour les personnes ayant quitt\u00e9 le syst\u00e8me scolaire depuis plus de 3 ans t\u00e9l\u00e9charger et compl\u00e9ter le formulaire d&rsquo;inscription sur <a href=\"https:\/\/www.imf.asso.fr\/pages\/?page_id=10619\" target=\"_blank\" rel=\"noopener\">notre rubrique d\u00e9di\u00e9e \u00e0 l&rsquo;apprentissage.<\/a><\/p>\n<ul>\n<li><strong>En formation continue<\/strong><\/li>\n<\/ul>\n<p>La fiche d\u2019inscription est \u00e0 retirer sur notre site Internet ou au point d\u2019accueil ICO (s\u00e9lections juin, septembre, octobre, novembre, d\u00e9cembre).<\/p>\n<\/td>\n<\/tr>\n<\/tbody>\n<\/table>\n<table class=\"cell_align_content\" style=\"width: 100%;\">\n<tbody>\n<tr class=\"cell_background_title\">\n<td style=\"width: 100%;\"><strong>Epreuves de s\u00e9lection<\/strong><\/td>\n<\/tr>\n<tr>\n<td style=\"width: 100%;\">\n<p>Le candidat doit satisfaire aux \u00e9preuves d\u2019admission qui comprennent :<\/p>\n<ul>\n<li>un dossier comprenant diff\u00e9rentes pi\u00e8ces (CV, projet de formation\u2026)<\/li>\n<li>une \u00e9preuve orale d\u2019admission consistant en un entretien centr\u00e9 sur le parcours du candidat et son int\u00e9r\u00eat pour la formation et le m\u00e9tier. Dur\u00e9e : 20 minutes.<br \/>\nTarif de la s\u00e9lection : 80\u20ac<\/li>\n<\/ul>\n<\/td>\n<\/tr>\n<\/tbody>\n<\/table>\n<table class=\"cell_align_content\">\n<tbody>\n<tr class=\"cell_background_title\">\n<td style=\"width: 100%;\"><strong>All\u00e8gements \/ Dispenses<\/strong><\/td>\n<\/tr>\n<tr>\n<td style=\"width: 100%;\">\n<p><strong>Vous souhaitez reprendre une formation de niveau 6, vous \u00eates d\u00e9j\u00e0 en possession d\u2019un dipl\u00f4me de niveau 6 ou plus et vous souhaitez faire une demande d\u2019all\u00e8gements de formation.<\/strong><\/p>\n<p style=\"text-align: center;\">T\u00e9l\u00e9charger et renvoyer le <a href=\"https:\/\/www.imf.asso.fr\/pages\/wp-content\/uploads\/Dossier-dispense-allegement-niveau-6-imf-1.pdf\">dossier suivant<\/a>.<\/p>\n<p>Vous devez avoir r\u00e9ussi au pr\u00e9alable les \u00e9preuves de s\u00e9lection pour nous adresser votre dossier. Celui-ci\u00a0 sera \u00e9tudi\u00e9 en commission afin d\u2019\u00e9valuer les connaissances acquises lors de vos diff\u00e9rentes exp\u00e9riences et de ce fait v\u00e9rifier que vous poss\u00e9dez les pr\u00e9-requis pour suivre la formation souhait\u00e9e. Si la commission \u00e9met un avis favorable, le responsable de formation vous convoquera \u00e0 un entretien individuel pour \u00e9laborer avec vous votre parcours personnalis\u00e9.<\/p>\n<\/td>\n<\/tr>\n<\/tbody>\n<\/table>\n<table class=\"cell_align_content\">\n<tbody>\n<tr class=\"cell_background_title\">\n<td><strong>El\u00e9ments g\u00e9n\u00e9raux de la formation \/ Objectifs<br \/>\n<\/strong><\/td>\n<\/tr>\n<tr>\n<td>\n<p>La formation vise l\u2019obtention du dipl\u00f4me d\u2019\u00e9tat. Elle se d\u00e9roule de septembre \u00e0 juin.<\/p>\n<p>Dur\u00e9e de la formation :\u00a0<strong>3 442 heures sur 3 ans<br \/>\n<\/strong><br \/>\n<strong>&gt; 1 517 h de formation th\u00e9orique <\/strong> (dont 12h d&rsquo;accompagnement individualis\u00e9)<\/p>\n<p>Les contenus de la formation sont \u00e9tablis en blocs de comp\u00e9tences :<br \/>\nChaque bloc \u00e9nonce des aptitudes et comp\u00e9tences vis\u00e9es et \u00e9valuables, qui seront<br \/>\nacquises au cours de la formation.<\/p>\n<p>Bloc 1 \u2013 Concevoir et conduire un accompagnement socio-\u00e9ducatif dans l\u2019int\u00e9r\u00eat des jeunes enfants et de leur famille<br \/>\nBloc 2 \u2013 Favoriser et soutenir le d\u00e9veloppement harmonieux et l\u2019\u00e9panouissement du jeune enfant<br \/>\nBloc 3 \u2013 S\u2019inscrire dans une dynamique partenariale et territoriale en lien avec la mise en oeuvre des politiques de coh\u00e9sion sociale<br \/>\nBloc 4 \u2013 S\u2019inscrire dans un contexte professionnel du travail social<\/p>\n<p><strong>&gt; 1 925 h de formation pratique, soit 55 semaines r\u00e9parties sur les 3 ans<br \/>\n<\/strong>En deuxi\u00e8me ann\u00e9e, les \u00e9tudiants ont la possibilit\u00e9 :<\/p>\n<ul>\n<li>De r\u00e9aliser un stage de 18 semaines \u00e0 l&rsquo;\u00e9tranger\u00a0<\/li>\n<li>De r\u00e9aliser un semestre universitaire en Europe dans le cadre du programme ERASMUS<\/li>\n<\/ul>\n<\/td>\n<\/tr>\n<\/tbody>\n<\/table>\n<table class=\"cell_align_content\">\n<tbody>\n<tr class=\"cell_background_title\">\n<td><strong>Points forts de la formation<\/strong><\/td>\n<\/tr>\n<tr>\n<td>\n<ul>\n<li>Plateforme de formation \u00e0 distance E Campus<\/li>\n<li>Promotions \u00e0 taille humaine<\/li>\n<li>Centres Ressources Multim\u00e9dia sur chaque site<\/li>\n<li>Portail offres d\u2019emploi de nos partenaires<\/li>\n<li>ICO : service d\u2019aide au montage dossier de formation, plan de carri\u00e8re, \u00e9volution professionnelle<\/li>\n<li>La formation est caract\u00e9ris\u00e9e par la prise en compte des ant\u00e9c\u00e9dents professionnels et scolaires ouvrant droit \u00e0 des all\u00e8gements de formation.<\/li>\n<li>Les candidats ayant r\u00e9ussi les \u00e9preuves de s\u00e9lection pourront participer \u00e0 une r\u00e9union d\u2019information avant l\u2019entr\u00e9e en formation.<\/li>\n<\/ul>\n<\/td>\n<\/tr>\n<tr>\n<td>Elle est accessible aux personnes en cours d\u2019emploi ; si elles occupent un poste faisant fonction d\u2019EJE, un seul stage hors employeur sera exig\u00e9.<\/td>\n<\/tr>\n<\/tbody>\n<\/table>\n<table class=\"cell_align_content\">\n<tbody>\n<tr class=\"cell_background_title\">\n<td><strong>La mise en cr\u00e9dits europ\u00e9ens (ECTS) des formations en travail social<\/strong><\/td>\n<\/tr>\n<tr>\n<td>L\u2019arr\u00eat\u00e9 du 25 ao\u00fbt 2011 fixe le cadre de l\u2019attribution des ECTS (Syst\u00e8me europ\u00e9en de transfert et d\u2019accumulation de cr\u00e9dits) du Dipl\u00f4me d\u2019Etat d\u2019Assistant de Service Social sur le mod\u00e8le de l\u2019architecture Licence\/Master\/Doctorat de l\u2019enseignement sup\u00e9rieur. Ceci dans l\u2019optique d\u2019am\u00e9liorer la lisibilit\u00e9 des cursus, de faciliter la reconnaissance des \u00e9tudes en France et \u00e0 l\u2019\u00e9tranger et donc de favoriser la mobilit\u00e9 \u00e9tudiante. Les cr\u00e9dits sont capitalisables, compensables et transf\u00e9rables dans toute l\u2019Europe.\u00a0Tout cr\u00e9dit valid\u00e9 est acquis \u00e0 vie, soit <strong>180 ECTS pour l&rsquo;ensemble de la formation<\/strong>.<\/td>\n<\/tr>\n<\/tbody>\n<\/table>\n<table class=\"cell_align_content\" style=\"width: 100%; height: 192px;\">\n<tbody>\n<tr class=\"cell_background_title\" style=\"height: 39px;\">\n<td style=\"height: 39px;\"><strong>Aides financi\u00e8res accord\u00e9es aux \u00e9tudiants<\/strong><\/td>\n<\/tr>\n<tr style=\"height: 153px;\">\n<td style=\"height: 153px;\"><a href=\"https:\/\/aidesformation.maregionsud.fr\">Demande d&rsquo;Aides R\u00e9gionales d&rsquo;Etudes<\/a> (Bourse et Indemnit\u00e9) : elles peuvent \u00eatre attribu\u00e9es aux \u00e9tudiants, apr\u00e8s constitution d\u2019un dossier et en fonction des ressources de la famille. Ces bourses sont attribu\u00e9es par le Conseil R\u00e9gional. Les demandes sont \u00e0 d\u00e9poser apr\u00e8s admission en formation.<\/td>\n<\/tr>\n<\/tbody>\n<\/table>\n<table class=\"cell_align_content\">\n<tbody>\n<tr class=\"cell_background_title\">\n<td><strong>Modalit\u00e9s p\u00e9dagogiques adapt\u00e9es aux personnes en situation de handicap<\/strong><\/td>\n<\/tr>\n<tr>\n<td>Sur chaque site, un r\u00e9f\u00e9rent handicap se tient \u00e0 la disposition des \u00e9tudiants\/stagiaires pour les accompagner tout au long de leur formation.<\/td>\n<\/tr>\n<\/tbody>\n<\/table>\n<table class=\"cell_align_content\" style=\"width: 100%; height: 99px;\">\n<tbody>\n<tr class=\"cell_background_title\" style=\"height: 39px;\">\n<td style=\"height: 39px;\"><strong>Co\u00fbt de la formation<\/strong><\/td>\n<\/tr>\n<tr style=\"height: 60px;\">\n<td style=\"height: 60px;\">\n<p><strong>Formation initiale<\/strong> : prise en charge par le Conseil R\u00e9gional PACA pour :<\/p>\n<ul>\n<li>Les jeunes en poursuite d\u2019\u00e9tudes,<\/li>\n<li>Les demandeurs d\u2019emploi indemnis\u00e9s ou non dans le cadre d\u2019un partenariat avec France Travail<\/li>\n<li>Les b\u00e9n\u00e9ficiaires du RSA.<\/li>\n<\/ul>\n<p>Les conditions d\u2019\u00e9ligibilit\u00e9 doivent \u00eatre r\u00e9unies avant le d\u00e9marrage de la formation. Les personnes prises en charge n\u2019ont aucune d\u00e9marche personnelle \u00e0 effectuer.<br \/>\nA la charge de l\u2019\u00e9tudiant :<br \/>\n&#8211; Droits d\u2019inscription : pour chaque ann\u00e9e 160\u20ac<br \/>\n&#8211; <a href=\"http:\/\/cvec.etudiant.gouv.fr\">Contribution vie \u00e9tudiante et campus<\/a> (CVEC) : 105\u20ac<br \/>\nTous les \u00e9tudiants doivent s\u2019acquitter de ces frais. Les \u00e9tudiants b\u00e9n\u00e9ficiaires d\u2019une aide r\u00e9gionale d\u2019\u00e9tudes seront rembours\u00e9s apr\u00e8s notification de l\u2019attribution de l\u2019aide.<br \/>\n<strong>Formation continue<\/strong><br \/>\nLe co\u00fbt de la formation est pris en charge par l\u2019employeur ou l\u2019OPCO (Op\u00e9rateur de Comp\u00e9tences) aupr\u00e8s duquel il cotise (devis fourni sur demande).<\/p>\n<\/td>\n<\/tr>\n<\/tbody>\n<\/table>\n<table class=\"cell_align_content\" style=\"width: 100%; height: 227px;\">\n<tbody>\n<tr class=\"cell_background_title\" style=\"height: 39px;\">\n<td style=\"height: 39px;\"><strong>D\u00e9bouch\u00e9s et poursuite d\u2019\u00e9tudes<\/strong><\/td>\n<\/tr>\n<tr style=\"height: 39px;\">\n<td style=\"height: 39px;\">\n<ul>\n<li>Certificat d&rsquo;aptitude aux fonctions d&rsquo;encadrement et de responsable d&rsquo;unit\u00e9 d&rsquo;intervention sociale (CAFERUIS)<\/li>\n<li>Dipl\u00f4me d&rsquo;\u00c9tat d&rsquo;ing\u00e9nierie sociale (DEIS)<\/li>\n<li>Certificat d&rsquo;aptitude aux fonctions de directeur d&rsquo;\u00e9tablissement ou de service d&rsquo;intervention sociale (CAFDES)<\/li>\n<\/ul>\n<\/td>\n<\/tr>\n<tr style=\"height: 142px;\">\n<td style=\"height: 149px;\">\n<p>ou poursuivre vers un Master 1<\/p>\n<table style=\"border-collapse: collapse; width: 100%;\">\n<tbody>\n<tr>\n<td width=\"378\">\n<p><strong>Universit\u00e9 Aix-Marseille<\/strong><\/p>\n<p>Master 1 de Sociologie ou le Master 1 Sciences de l&rsquo;\u00e9ducation<\/p>\n<\/td>\n<td width=\"226\">\n<p><strong>Universit\u00e9 des Pays de Vaucluse<\/strong><\/p>\n<p>Master 1 Droit et Politiques Sociale<\/p>\n<\/td>\n<\/tr>\n<\/tbody>\n<\/table>\n<\/td>\n<\/tr>\n<\/tbody>\n<\/table>\n<table class=\"cell_align_content\">\n<tbody>\n<tr class=\"cell_background_title\">\n<td><strong>Renseignements pratiques<\/strong><\/td>\n<\/tr>\n<tr>\n<td>\n<table style=\"border-collapse: collapse; width: 100%;\">\n<tbody>\n<tr>\n<td style=\"width: 33.3333%;\"><strong>Lieux de formation<\/strong><\/td>\n<td style=\"width: 33.3333%;\"><strong>Contact<\/strong><\/td>\n<\/tr>\n<tr>\n<td style=\"width: 33.3333%;\">\n<p><strong>IMF RIS Avignon<br \/>\n<\/strong>55 All\u00e9e Camille Claudel<br \/>\nHamadryade B\u00e2timent B<br \/>\n84140 Montfavet<\/p>\n<p><strong>IMF RIS Arles<\/strong><br \/>\n12 Chemin du Temple<br \/>\n13200 Arles<\/p>\n<p><strong>IMF RIS Marseille<\/strong><br \/>\n59 av. Saint-Just<br \/>\nDomaine d&rsquo;Hippone<br \/>\n13013 Marseille (proche m\u00e9tro Saint-Just)<\/p>\n<\/td>\n<td style=\"width: 33.3333%;\">\n<p><strong>ICO Avignon\/Arles<br \/>\n<\/strong>04 13 35 46 86<br \/>\nimfinfos@imf.asso.fr<\/p>\n<p><strong>ICO Marseille<\/strong><br \/>\n04 91 24 61 12<br \/>\nimfinfos@imf.asso.fr<\/p>\n<p><strong>Du Lundi au Vendredi : <br \/>\n8h30 &#8211; 12h30 \/ 13h00-16h30<\/strong><\/p>\n<\/td>\n<\/tr>\n<\/tbody>\n<\/table>\n<\/td>\n<\/tr>\n<tr>\n<td>A proximit\u00e9 de nos locaux, possibilit\u00e9 d\u2019h\u00e9bergement, de restauration et de moyens de transports en commun.<\/td>\n<\/tr>\n<\/tbody>\n<\/table>\n<table class=\"cell_align_content\" style=\"width: 100%; height: 78px;\">\n<tbody>\n<tr class=\"cell_background_title\" style=\"height: 39px;\">\n<td style=\"height: 39px;\">Textes officiels<\/td>\n<\/tr>\n<tr style=\"height: 39px;\">\n<td style=\"height: 39px;\">\n<ul>\n<li><a href=\"https:\/\/www.imf.asso.fr\/pages\/?page_id=4826\">R\u00e9forme des dipl\u00f4mes ASS-ES-EJE<\/a>&#8230;<\/li>\n<li><a href=\"http:\/\/paca.drdjscs.gouv.fr\/sites\/paca.drdjscs.gouv.fr\/IMG\/pdf\/DEEJE_irculaire.pdf\" target=\"_blank\" rel=\"noopener\">Arr\u00eat\u00e9 du 16 novembre 2005 relatif au dipl\u00f4me d\u2019Etat d\u2019\u00e9ducateur de jeunes enfants <\/a><\/li>\n<\/ul>\n<\/td>\n<\/tr>\n<\/tbody>\n<\/table>\n","protected":false},"excerpt":{"rendered":"","protected":false},"author":1,"featured_media":0,"parent":93,"menu_order":2,"comment_status":"closed","ping_status":"closed","template":"template-twocolumnsleft.php","meta":{"footnotes":""},"_links":{"self":[{"href":"https:\/\/www.imf.asso.fr\/pages\/index.php?rest_route=\/wp\/v2\/pages\/187"}],"collection":[{"href":"https:\/\/www.imf.asso.fr\/pages\/index.php?rest_route=\/wp\/v2\/pages"}],"about":[{"href":"https:\/\/www.imf.asso.fr\/pages\/index.php?rest_route=\/wp\/v2\/types\/page"}],"author":[{"embeddable":true,"href":"https:\/\/www.imf.asso.fr\/pages\/index.php?rest_route=\/wp\/v2\/users\/1"}],"replies":[{"embeddable":true,"href":"https:\/\/www.imf.asso.fr\/pages\/index.php?rest_route=%2Fwp%2Fv2%2Fcomments&post=187"}],"version-history":[{"count":4,"href":"https:\/\/www.imf.asso.fr\/pages\/index.php?rest_route=\/wp\/v2\/pages\/187\/revisions"}],"predecessor-version":[{"id":16967,"href":"https:\/\/www.imf.asso.fr\/pages\/index.php?rest_route=\/wp\/v2\/pages\/187\/revisions\/16967"}],"up":[{"embeddable":true,"href":"https:\/\/www.imf.asso.fr\/pages\/index.php?rest_route=\/wp\/v2\/pages\/93"}],"wp:attachment":[{"href":"https:\/\/www.imf.asso.fr\/pages\/index.php?rest_route=%2Fwp%2Fv2%2Fmedia&parent=187"}],"curies":[{"name":"wp","href":"https:\/\/api.w.org\/{rel}","templated":true}]}}