{"id":183,"date":"2017-07-05T11:43:56","date_gmt":"2017-07-05T09:43:56","guid":{"rendered":"http:\/\/www.imf.asso.fr\/pages\/?page_id=183"},"modified":"2026-01-23T12:08:18","modified_gmt":"2026-01-23T11:08:18","slug":"la-formation","status":"publish","type":"page","link":"https:\/\/www.imf.asso.fr\/pages\/?page_id=183","title":{"rendered":"La formation"},"content":{"rendered":"<p><!--more--><\/p>\n<table class=\"cell_align_content\">\n<tbody>\n<tr class=\"cell_background_title\">\n<td><strong>Voies d\u2019acc\u00e8s au Dipl\u00f4me d\u2019Etat<br \/>\n<\/strong><\/td>\n<\/tr>\n<tr>\n<td>\n<ul>\n<li>Formation continue : salari\u00e9 (financement employeur ou OPCO)<\/li>\n<li>VAE (validation des acquis de l\u2019exp\u00e9rience)<\/li>\n<li>Apprentissage<\/li>\n<\/ul>\n<\/td>\n<\/tr>\n<\/tbody>\n<\/table>\n<table class=\"cell_align_content\">\n<tbody>\n<tr class=\"cell_background_title\">\n<td><strong>Conditions d&rsquo;acc\u00e8s \u00e0 la formation<\/strong><\/td>\n<\/tr>\n<tr>\n<td>\n<p>Peuvent \u00eatre admis en formation, les candidats justifiant d\u2019un dipl\u00f4me d\u00e9livr\u00e9 par l\u2019Etat et class\u00e9 au moins au niveau 5 du cadre national des certifications professionnelles ou d\u2019un dipl\u00f4me certificat ou titre inscrit au RNCP et class\u00e9 au niveau 6.<\/p>\n<p>D\u00e9tail Arr\u00eat\u00e9 du 31 ao\u00fbt 2022 relatif au CAFERUIS<\/p>\n<\/td>\n<\/tr>\n<\/tbody>\n<\/table>\n<table class=\"cell_align_content\">\n<tbody>\n<tr class=\"cell_background_title\">\n<td><strong>Inscription aux s\u00e9lections<\/strong><\/td>\n<\/tr>\n<tr>\n<td>\n<p>S\u00e9lection-Modalit\u00e9s et calendrier\u00a0:<\/p>\n<p>S\u00e9lection sur dossier et entretien de 30 minutes sur la base du projet \u00e9crit du candidat, la mani\u00e8re dont il envisage la fonction d\u2019encadrement, son aptitude et sa motivation \u00e0 l\u2019exercice de la profession<\/p>\n<p>Dossier d&rsquo;inscription \u00e0 la s\u00e9lection \u00e0 t\u00e9l\u00e9charger sur le site<\/p>\n<p>Tarif de la s\u00e9lection : 70\u20ac<\/p>\n<p>2 sessions de s\u00e9lection par an \/ calendrier consultable sur le site<\/p>\n<p>Pour en savoir plus\u00a0: r\u00e9unions d\u2019information collective<\/p>\n<\/td>\n<\/tr>\n<\/tbody>\n<\/table>\n<table class=\"cell_align_content\">\n<tbody>\n<tr class=\"cell_background_title\">\n<td><strong>Calendrier<\/strong><\/td>\n<\/tr>\n<tr>\n<td><a href=\"https:\/\/www.imf.asso.fr\/pages\/wp-content\/uploads\/CAFERUIS_2425_Avi-1.pdf\">Calendrier CAFERUIS<\/a><\/td>\n<\/tr>\n<\/tbody>\n<\/table>\n<table class=\"cell_align_content\">\n<tbody>\n<tr class=\"cell_background_title\">\n<td><strong>El\u00e9ments g\u00e9n\u00e9raux de la formation \/ Objectifs<\/strong><\/td>\n<\/tr>\n<tr>\n<td>La formation vise l\u2019obtention du dipl\u00f4me d\u2019\u00e9tat.<br \/>\nParcours de formation complet\u00a0: <strong>400 heures<\/strong> de formation th\u00e9orique en <strong>12 mois<\/strong> au rythme d\u2019un regroupement de <strong>35h<\/strong> par mois et <strong>420 heures<\/strong> de stage (Possibilit\u00e9 d\u2019all\u00e8gements).<\/p>\n<p>Parcours de formation par bloc de comp\u00e9tences + stage<\/p>\n<p>Chaque parcours est personnalisable<\/p>\n<p>Les contenus de la formation sont \u00e9tablis par blocs de comp\u00e9tences :<br \/>\nChaque domaine \u00e9nonce des aptitudes et comp\u00e9tences vis\u00e9es et \u00e9valuables, qui seront<br \/>\nacquises au cours de la formation (voir projet p\u00e9dagogique).<\/p>\n<ul>\n<li>Bloc 1 : Piloter l\u2019activit\u00e9 d\u2019une unit\u00e9 d\u2019intervention sociale (150 heures)<\/li>\n<li>Bloc 2 : Manager et g\u00e9rer les ressources humaines d\u2019une unit\u00e9 d\u2019intervention sociale (100 heures)<\/li>\n<li>Bloc 3 : G\u00e9rer les volets administratif, logistique et budg\u00e9taire d\u2019une unit\u00e9 d\u2019intervention sociale (60 heures)<\/li>\n<li>Bloc 4 : Contribuer au projet d\u2019\u00e9tablissement ou de service (90 heures)<\/li>\n<\/ul>\n<p>Possibilit\u00e9 d\u2019une mobilit\u00e9 individuelle ou collective \u00e0 l\u2019international\u00a0dans le cadre de nos r\u00e9seaux europ\u00e9ens et internationaux<\/p>\n<\/td>\n<\/tr>\n<\/tbody>\n<\/table>\n<table class=\"cell_align_content\">\n<tbody>\n<tr class=\"cell_background_title\">\n<td><strong>Points forts de la formation<\/strong><\/td>\n<\/tr>\n<tr>\n<td>\n<ul>\n<li>Plateforme de formation \u00e0 distance E Campus<\/li>\n<li>Promotions \u00e0 taille humaine<\/li>\n<li>Centres Ressources Multim\u00e9dia sur chaque site<\/li>\n<li>Portail offres d\u2019emploi de nos partenaires<\/li>\n<li>ICO : service d\u2019aide au montage dossier de formation, plan de carri\u00e8re, \u00e9volution professionnelle<\/li>\n<li>La formation est caract\u00e9ris\u00e9e par la prise en compte des ant\u00e9c\u00e9dents professionnels et scolaires ouvrant droit \u00e0 des all\u00e8gements de formation.<\/li>\n<li>Les candidats ayant r\u00e9ussi les \u00e9preuves de s\u00e9lection pourront participer \u00e0 une r\u00e9union d\u2019information avant l\u2019entr\u00e9e en formation.<\/li>\n<\/ul>\n<\/td>\n<\/tr>\n<\/tbody>\n<\/table>\n<table class=\"cell_align_content\">\n<tbody>\n<tr class=\"cell_background_title\">\n<td><strong>Modalit\u00e9s p\u00e9dagogiques adapt\u00e9es aux personnes en situation de handicap<\/strong><\/td>\n<\/tr>\n<tr>\n<td>Sur chaque site, un r\u00e9f\u00e9rent handicap se tient \u00e0 la disposition des \u00e9tudiants\/stagiaires pour les accompagner tout au long de leur formation.<\/td>\n<\/tr>\n<\/tbody>\n<\/table>\n<table class=\"cell_align_content\" style=\"width: 100%; height: 99px;\">\n<tbody>\n<tr class=\"cell_background_title\" style=\"height: 39px;\">\n<td style=\"height: 39px;\"><strong>Co\u00fbt de la formation<\/strong><\/td>\n<\/tr>\n<tr style=\"height: 60px;\">\n<td style=\"height: 60px;\">\n<p><strong>Prise en charge par l\u2019employeur ou l\u2019OPCO ou Dispositif Transition Pro : <\/strong>7 200 \u20ac<strong><br \/>\n<\/strong><\/p>\n<p><strong>Financement personnel <\/strong>: 4 900\u20ac (uniquement pour les salari\u00e9s)<\/p>\n<p>Possibilit\u00e9 de mobiliser CPF<\/p>\n<\/td>\n<\/tr>\n<\/tbody>\n<\/table>\n<table class=\"cell_align_content\" style=\"width: 100%; height: 120px;\">\n<tbody>\n<tr class=\"cell_background_title\" style=\"height: 39px;\">\n<td style=\"height: 39px;\"><strong>D\u00e9bouch\u00e9s et poursuite d\u2019\u00e9tudes<\/strong><\/td>\n<\/tr>\n<tr style=\"height: 81px;\">\n<td style=\"height: 81px;\">Les dipl\u00f4m\u00e9s sont employables d\u00e8s l\u2019obtention du titre, mais ils peuvent compl\u00e9ter leur cursus par diverses formations : dispenses pour CAFDES ou DEIS.<\/td>\n<\/tr>\n<\/tbody>\n<\/table>\n<table class=\"cell_align_content\">\n<tbody>\n<tr class=\"cell_background_title\">\n<td><strong>Renseignements pratiques<\/strong><\/td>\n<\/tr>\n<tr>\n<td>\n<table style=\"border-collapse: collapse; width: 100%;\">\n<tbody>\n<tr>\n<td style=\"width: 33.3333%;\"><strong>Lieux de formation<\/strong><\/td>\n<td style=\"width: 33.3333%;\"><strong>Contact<\/strong><\/td>\n<\/tr>\n<tr>\n<td style=\"width: 33.3333%;\">\n<p><strong>IMF RIS Avignon<\/strong><\/p>\n<p>55 All\u00e9e Camille Claudel<br \/>\nHamadryade B\u00e2timent B<br \/>\n84140 Montfavet<\/p>\n<p><strong>Responsable P\u00e9dagogique :<\/strong><br \/>\nSimon PITAUD<br \/>\ns.pitaud@imf.asso.fr<\/p>\n<p><strong>Assistante de formation :<\/strong> <br \/>\nEglantine AGENEAU<br \/>\n<a href=\"mailto:l.guyot@imf.asso.fr\">e.ageneau@imf.asso.fr<\/a><br \/>\n04 32 40 41 80<\/p>\n<\/td>\n<td style=\"width: 33.3333%;\">\n<p><a href=\"https:\/\/www.imf.asso.fr\/pages\/?page_id=16\"><strong>ICO<\/strong><\/a><\/p>\n<p>04 13 35 46 86 &#8211; imfinfos@imf.asso.fr<\/p>\n<\/td>\n<\/tr>\n<\/tbody>\n<\/table>\n<\/td>\n<\/tr>\n<tr>\n<td>A proximit\u00e9 de nos locaux, possibilit\u00e9 d\u2019h\u00e9bergement, de restauration et de moyens de transports en commun.<\/td>\n<\/tr>\n<\/tbody>\n<\/table>\n<table class=\"cell_align_content\">\n<tbody>\n<tr class=\"cell_background_title\">\n<td>Textes officiels<\/td>\n<\/tr>\n<tr>\n<td>\n<ul>\n<li><a href=\"http:\/\/www.sante.gouv.fr\/fichiers\/bo\/2004\/04-13\/a0131032.htm\" target=\"_blank\" rel=\"noopener noreferrer\">D\u00e9cret n\u00b02004-289<\/a> du 25 mars 2004 portant cr\u00e9ation du certificat d&rsquo;aptitude aux fonctions d&rsquo;encadrement et de responsable d&rsquo;unit\u00e9 d&rsquo;intervention sociale.<\/li>\n<li><a href=\"http:\/\/www.sante.gouv.fr\/fichiers\/bo\/2004\/04-27\/a0272029.htm\" target=\"_blank\" rel=\"noopener noreferrer\">Arr\u00eat\u00e9 du 8 Juin 2004<\/a> relatif au certificat d&rsquo;aptitude aux fonctions d&rsquo;encadrement et de responsable d&rsquo;unit\u00e9 d&rsquo;intervention sociale et ses <a href=\"\/pages\/formations\/form_diplo\/caferuis\/annexes.pdf\" target=\"_blank\" rel=\"noopener noreferrer\">annexes<\/a> contenant les r\u00e9f\u00e9rentiels de certification, de formation, et le r\u00e9f\u00e9rentiel professionnel (document pdf L\u00e9gifrance).<\/li>\n<li><a href=\"http:\/\/www.sante.gouv.fr\/fichiers\/bo\/2004\/04-40\/a0402688.htm\" target=\"_blank\" rel=\"noopener noreferrer\">Circulaire DGAS\/4 A n\u00b0 2004-412<\/a> du 2 septembre 2004 relative aux modalit\u00e9s de la formation pr\u00e9paratoire au certificat d&rsquo;aptitude aux fonctions d&rsquo;encadrement et de responsable d&rsquo;unit\u00e9 d&rsquo;intervention sociale et \u00e0 l&rsquo;organisation des \u00e9preuves de certification.<\/li>\n<li><a href=\"http:\/\/www.legifrance.gouv.fr\/jopdf\/common\/jo_pdf.jsp?numJO=0&amp;dateJO=20050318&amp;numTexte=11&amp;pageDebut=04589&amp;pageFin=04590\" target=\"_blank\" rel=\"noopener noreferrer\">Arr\u00eat\u00e9 du 28 f\u00e9vrier 2005<\/a> modifiant l&rsquo;arr\u00eat\u00e9 du 8 juin 2004 relatif au certificat d&rsquo;aptitude aux fonctions d&rsquo;encadrement et de responsable d&rsquo;unit\u00e9 d&rsquo;intervention sociale et ses annexes (document pdf L\u00e9gifrance).<\/li>\n<li><a href=\"http:\/\/www.legifrance.gouv.fr\/jopdf\/common\/jo_pdf.jsp?numJO=0&amp;dateJO=20050529&amp;numTexte=11&amp;pageDebut=09481&amp;pageFin=09481\">Arr\u00eat\u00e9 du 18 mai 2005<\/a> compl\u00e9tant l&rsquo;annexe IV de l&rsquo;arr\u00eat\u00e9 du 8 juin 2004 relatif au certificat d&rsquo;aptitude aux fonctions d&rsquo;encadrement et de responsable d&rsquo;unit\u00e9 d&rsquo;intervention sociale et ses annexes (document pdf L\u00e9gifrance).<\/li>\n<li><a href=\"https:\/\/www.legifrance.gouv.fr\/jorf\/id\/JORFTEXT000046242832\" target=\"_blank\" rel=\"noopener\">D\u00e9cret n\u00b0 2022-1208 du 31 ao\u00fbt 2022<\/a> relatif au certificat d&rsquo;aptitude aux fonctions d&rsquo;encadrement et de responsable d&rsquo;unit\u00e9 d&rsquo;intervention sociale<\/li>\n<li><a href=\"https:\/\/www.legifrance.gouv.fr\/jorf\/id\/JORFTEXT000046242851\" target=\"_blank\" rel=\"noopener\">Arr\u00eat\u00e9 du 31 ao\u00fbt 2022<\/a> relatif au certificat d&rsquo;aptitude aux fonctions d&rsquo;encadrement et de responsable d&rsquo;unit\u00e9 d&rsquo;intervention sociale<\/li>\n<li><a href=\"https:\/\/www.imf.asso.fr\/pages\/wp-content\/uploads\/CAFERUIS_2023.23.sante_-1.pdf\">Instruction N\u00b0 DGCS\/SD4A\/2023\/154 du 1er d\u00e9cembre 2023<\/a> relative \u00e0 la mise en \u0153uvre de la r\u00e9vision du certificat d&rsquo;aptitude aux fonctions d&rsquo;encadrement et de responsable d&rsquo;unit\u00e9 d&rsquo;intervention sociale<\/li>\n<\/ul>\n<\/td>\n<\/tr>\n<\/tbody>\n<\/table>\n","protected":false},"excerpt":{"rendered":"","protected":false},"author":1,"featured_media":0,"parent":89,"menu_order":2,"comment_status":"closed","ping_status":"closed","template":"template-twocolumnsleft.php","meta":{"footnotes":""},"_links":{"self":[{"href":"https:\/\/www.imf.asso.fr\/pages\/index.php?rest_route=\/wp\/v2\/pages\/183"}],"collection":[{"href":"https:\/\/www.imf.asso.fr\/pages\/index.php?rest_route=\/wp\/v2\/pages"}],"about":[{"href":"https:\/\/www.imf.asso.fr\/pages\/index.php?rest_route=\/wp\/v2\/types\/page"}],"author":[{"embeddable":true,"href":"https:\/\/www.imf.asso.fr\/pages\/index.php?rest_route=\/wp\/v2\/users\/1"}],"replies":[{"embeddable":true,"href":"https:\/\/www.imf.asso.fr\/pages\/index.php?rest_route=%2Fwp%2Fv2%2Fcomments&post=183"}],"version-history":[{"count":3,"href":"https:\/\/www.imf.asso.fr\/pages\/index.php?rest_route=\/wp\/v2\/pages\/183\/revisions"}],"predecessor-version":[{"id":15958,"href":"https:\/\/www.imf.asso.fr\/pages\/index.php?rest_route=\/wp\/v2\/pages\/183\/revisions\/15958"}],"up":[{"embeddable":true,"href":"https:\/\/www.imf.asso.fr\/pages\/index.php?rest_route=\/wp\/v2\/pages\/89"}],"wp:attachment":[{"href":"https:\/\/www.imf.asso.fr\/pages\/index.php?rest_route=%2Fwp%2Fv2%2Fmedia&parent=183"}],"curies":[{"name":"wp","href":"https:\/\/api.w.org\/{rel}","templated":true}]}}