{"id":17457,"date":"2026-05-11T15:41:04","date_gmt":"2026-05-11T13:41:04","guid":{"rendered":"https:\/\/www.imf.asso.fr\/pages\/?page_id=17457"},"modified":"2026-05-11T16:05:03","modified_gmt":"2026-05-11T14:05:03","slug":"world-cafe-avril-26","status":"publish","type":"page","link":"https:\/\/www.imf.asso.fr\/pages\/?page_id=17457","title":{"rendered":"World Caf\u00e9 | Avignon | Avril 26"},"content":{"rendered":"<p><!--more--><\/p>\n<p><img decoding=\"async\" src=\"https:\/\/www.imf.asso.fr\/pages\/wp-content\/uploads\/Ligne-Bleu-IMF-RIS-.png\" \/><\/p>\n<div class=\"FbeZjHWXsmIGMpxHIfwTgUjUuIXeTQtHvsw\" tabindex=\"-1\">\n<div class=\"feed-shared-inline-show-more-text feed-shared-update-v2__description feed-shared-inline-show-more-text--minimal-padding feed-shared-inline-show-more-text--3-lines feed-shared-inline-show-more-text--expanded \" tabindex=\"-1\" data-artdeco-is-focused=\"true\">\n<div class=\"update-components-text relative update-components-update-v2__commentary \" dir=\"ltr\">\n<p><span class=\"break-words tvm-parent-container\"><span dir=\"ltr\">En collaboration avec l&rsquo;<span style=\"color: #1b60ab;\"><strong>APF France handicap<\/strong><\/span> et <span style=\"color: #1b60ab;\"><strong>Association Dunes<\/strong><\/span>, l&rsquo;IMF RIS a organis\u00e9 un <span style=\"color: #1b60ab;\"><strong>World Caf\u00e9<\/strong><\/span> sur le <span style=\"color: #1b60ab;\"><strong>th\u00e8me de la participation<\/strong><\/span>, un concept fondamental des politiques sociales. <\/span><\/span><\/p>\n<p>Destin\u00e9 aux professionnels, \u00e9tudiants et personnes concern\u00e9es, cet \u00e9v\u00e9nement a \u00e9t\u00e9 caract\u00e9ris\u00e9 par la <span style=\"color: #1b60ab;\"><strong>richesse des \u00e9changes<\/strong><\/span> entre les intervenants. Il a rassembl\u00e9 pr\u00e8s de <span style=\"color: #1b60ab;\"><strong>soixante participants<\/strong><\/span> et a rencontr\u00e9 un franc succ\u00e8s.<\/p>\n<p>Nos <span style=\"color: #1b60ab;\"><strong>apprenants FAST<\/strong><\/span> (dispositif facilitant l&rsquo;acc\u00e8s \u00e0 la qualification en deux ans gr\u00e2ce \u00e0 une p\u00e9dagogie innovante ax\u00e9e sur la professionnalisation) ont saisi l\u2019occasion pour r\u00e9diger un travail de diagnostic identifiant les obstacles \u00e0 la participation et imaginant les transformations possibles au sein des structures.<\/p>\n<p>Souvent confondue avec une adh\u00e9sion passive, la participation repose avant tout sur un<span style=\"color: #1b60ab;\"><strong> lien de confiance<\/strong><\/span> \u00e9tabli. La <span style=\"color: #1b60ab;\"><strong>co-construction<\/strong><\/span> avec les personnes accompagn\u00e9es appara\u00eet alors comme un levier d&rsquo;\u00e9mancipation, renfor\u00e7ant le <span style=\"color: #1b60ab;\"><strong>pouvoir d&rsquo;agir<\/strong><\/span> et l&rsquo;<span style=\"color: #1b60ab;\"><strong>autod\u00e9termination<\/strong><\/span>, tout en d\u00e9veloppant la <span style=\"color: #1b60ab;\"><strong>confiance en soi<\/strong> <\/span>et en ses capacit\u00e9s.<\/p>\n<p>Nous tenons \u00e0 remercier pour leur travail, leur engagement et leur soutien : les \u00e9tudiants de la <span style=\"color: #1b60ab;\"><strong>promo FAST Dun-ES 2024-2026<\/strong><\/span>, <strong><span style=\"color: #1b60ab;\">Xavier GONZALEZ<\/span> <\/strong>et son \u00e9quipe du<span style=\"color: #1b60ab;\"> <strong>SAVS L&rsquo;\u00e9claircie<\/strong><\/span>, <span style=\"color: #1b60ab;\"><strong>Dominique Diaz<\/strong><\/span>, Directeur de l&rsquo;<span style=\"color: #1b60ab;\"><strong>APF France handicap PACA et Corse<\/strong><\/span>,<span style=\"color: #1b60ab;\"><strong> Bernab\u00e9 BAMOUNI<\/strong><\/span>, Directeur G\u00e9n\u00e9ral de l&rsquo;IMF RIS, <span style=\"color: #1b60ab;\"><strong>V\u00e9ronique Marguet<\/strong><\/span>, Facilitatrice graphique,<span style=\"color: #1b60ab;\"><strong> Alain Durand<\/strong><\/span> de l&rsquo;<span style=\"color: #1b60ab;\"><strong>ADEPAPE Vaucluse 84<\/strong><\/span>, <span style=\"color: #1b60ab;\"><strong>Florence Viale<\/strong><\/span> du <span style=\"color: #1b60ab;\"><strong>CRPA<\/strong><\/span> (<span style=\"color: #1b60ab;\"><strong>URIOPSS PACA et Corse<\/strong><\/span>) et <span style=\"color: #1b60ab;\"><strong>Emmanuelle Faure<\/strong><\/span>, Coordinatrice au <span style=\"color: #1b60ab;\"><strong>Conseil Local de Sant\u00e9 Mentale d&rsquo;Avignon<\/strong><\/span>).<\/p>\n<\/div>\n<\/div>\n<\/div>\n<div class=\"update-components-image update-components-image--smart-grid update-components-image--smart-grid-four-images update-components-image--smart-grid-four-images-horizontal feed-shared-update-v2__content\">\n<div class=\"update-components-image__container-wrapper relative\">\n<div class=\"update-components-image__container \">\n<div class=\"ivm-image-view-model \" aria-hidden=\"true\">\n<div class=\"ivm-view-attr__img-wrapper \">\u00a0<\/div>\n<\/div>\n<\/div>\n<\/div>\n<p><a href=\"https:\/\/www.imf.asso.fr\/pages\/?page_id=12017\"><img decoding=\"async\" src=\"https:\/\/www.imf.asso.fr\/pages\/wp-content\/uploads\/Bandeau-FAST-IMF-RIS-.png\" \/><\/a><\/p>\n<p>&nbsp;<\/p>\n<\/div>\n<table style=\"border-collapse: collapse; width: 100%;\">\n<tbody>\n<tr>\n<td style=\"width: 33.3333%;\"><img decoding=\"async\" loading=\"lazy\" class=\"alignnone size-full wp-image-16867\" src=\"https:\/\/www.imf.asso.fr\/pages\/wp-content\/uploads\/1-7.png\" alt=\"\" width=\"1000\" height=\"750\" \/><\/td>\n<td style=\"width: 33.3333%;\"><img decoding=\"async\" loading=\"lazy\" class=\"alignnone size-full wp-image-16864\" src=\"https:\/\/www.imf.asso.fr\/pages\/wp-content\/uploads\/2-6.png\" alt=\"\" width=\"1000\" height=\"750\" \/><\/td>\n<td style=\"width: 33.3333%;\"><img decoding=\"async\" loading=\"lazy\" class=\"alignnone size-full wp-image-16865\" src=\"https:\/\/www.imf.asso.fr\/pages\/wp-content\/uploads\/3-5.png\" alt=\"\" width=\"1000\" height=\"750\" \/><\/td>\n<\/tr>\n<tr>\n<td style=\"width: 33.3333%;\"><img decoding=\"async\" loading=\"lazy\" class=\"alignnone size-full wp-image-16860\" src=\"https:\/\/www.imf.asso.fr\/pages\/wp-content\/uploads\/IMG_2295-scaled.jpeg\" alt=\"\" width=\"1000\" height=\"750\" \/><\/td>\n<td style=\"width: 33.3333%;\"><img decoding=\"async\" loading=\"lazy\" class=\"alignnone size-full wp-image-16861\" src=\"https:\/\/www.imf.asso.fr\/pages\/wp-content\/uploads\/bleu-effectivite.png\" alt=\"\" width=\"1000\" height=\"750\" \/><\/td>\n<td style=\"width: 33.3333%;\"><img decoding=\"async\" loading=\"lazy\" class=\"alignnone size-full wp-image-16863\" src=\"https:\/\/www.imf.asso.fr\/pages\/wp-content\/uploads\/4-5.png\" alt=\"\" width=\"1000\" height=\"750\" \/><\/td>\n<\/tr>\n<tr>\n<td style=\"width: 33.3333%;\"><img decoding=\"async\" loading=\"lazy\" class=\"alignnone size-full wp-image-16866\" src=\"https:\/\/www.imf.asso.fr\/pages\/wp-content\/uploads\/rouge-levier-scaled.jpeg\" alt=\"\" width=\"1000\" height=\"750\" \/><\/td>\n<td style=\"width: 33.3333%;\"><img decoding=\"async\" loading=\"lazy\" class=\"alignnone size-full wp-image-16862\" src=\"https:\/\/www.imf.asso.fr\/pages\/wp-content\/uploads\/vert-transformation.png\" alt=\"\" width=\"1000\" height=\"750\" \/><\/td>\n<td style=\"width: 33.3333%;\"><img decoding=\"async\" loading=\"lazy\" class=\"alignnone size-full wp-image-16859\" src=\"https:\/\/www.imf.asso.fr\/pages\/wp-content\/uploads\/jaune-freins.png\" alt=\"\" width=\"1000\" height=\"750\" \/><\/td>\n<\/tr>\n<\/tbody>\n<\/table>\n","protected":false},"excerpt":{"rendered":"","protected":false},"author":6,"featured_media":0,"parent":0,"menu_order":0,"comment_status":"closed","ping_status":"closed","template":"","meta":{"footnotes":""},"_links":{"self":[{"href":"https:\/\/www.imf.asso.fr\/pages\/index.php?rest_route=\/wp\/v2\/pages\/17457"}],"collection":[{"href":"https:\/\/www.imf.asso.fr\/pages\/index.php?rest_route=\/wp\/v2\/pages"}],"about":[{"href":"https:\/\/www.imf.asso.fr\/pages\/index.php?rest_route=\/wp\/v2\/types\/page"}],"author":[{"embeddable":true,"href":"https:\/\/www.imf.asso.fr\/pages\/index.php?rest_route=\/wp\/v2\/users\/6"}],"replies":[{"embeddable":true,"href":"https:\/\/www.imf.asso.fr\/pages\/index.php?rest_route=%2Fwp%2Fv2%2Fcomments&post=17457"}],"version-history":[{"count":2,"href":"https:\/\/www.imf.asso.fr\/pages\/index.php?rest_route=\/wp\/v2\/pages\/17457\/revisions"}],"predecessor-version":[{"id":17505,"href":"https:\/\/www.imf.asso.fr\/pages\/index.php?rest_route=\/wp\/v2\/pages\/17457\/revisions\/17505"}],"wp:attachment":[{"href":"https:\/\/www.imf.asso.fr\/pages\/index.php?rest_route=%2Fwp%2Fv2%2Fmedia&parent=17457"}],"curies":[{"name":"wp","href":"https:\/\/api.w.org\/{rel}","templated":true}]}}