{"id":16828,"date":"2026-03-25T14:30:31","date_gmt":"2026-03-25T13:30:31","guid":{"rendered":"https:\/\/www.imf.asso.fr\/pages\/?page_id=16828"},"modified":"2026-05-11T11:21:22","modified_gmt":"2026-05-11T09:21:22","slug":"16828-2","status":"publish","type":"page","link":"https:\/\/www.imf.asso.fr\/pages\/?page_id=16828","title":{"rendered":"FC2602 | Gestion du Ph\u00e9nom\u00e8ne de la Violence"},"content":{"rendered":"<p><!--more--><\/p>\n<p>\n<span style=\"color: #1d60ab; font-size: 14pt;\">Cette certification professionnelle s\u2019adresse \u00e0 tous les professionnels du secteur m\u00e9dico-social, social, de l\u2019\u00e9ducation sp\u00e9cialis\u00e9e ou du secours \u00e0 personne mais aussi du secteur du tourisme, bancaire ou mutualiste, bref, dans toutes les activit\u00e9s susceptibles d\u2019\u00eatre confront\u00e9es \u00e0 la violence et aux particuliers souhaitant d\u00e9velopper leurs comp\u00e9tences sur cette th\u00e9matique.<\/span><span style=\"font-size: 12pt;\"><br \/>\n<\/span><\/p>\n<p>La m\u00e9thode GESIVI\u00ae a \u00e9t\u00e9 pens\u00e9e en 2001 par des professionnels expos\u00e9s au risque d\u2019agression. Ils \u00e9taient intervenants sociaux, \u00e9ducateurs, personnel de secours \u00e0 la personne et ont conceptualis\u00e9 un process d\u2019identification et de d\u00e9samor\u00e7age du passage \u00e0 l\u2019acte des publics rencontr\u00e9s dans l\u2019espace public (maraudes ; interventions de secours) ou en institution.<\/p>\n<p>Il est clair qu\u2019aujourd\u2019hui les faits de violence, compte tenu du contexte \u00e9conomique et des probl\u00e9matiques sociales et comportementales, sur le plan national et international, sont malheureusement croissants et \u00e9tendus \u00e0 plusieurs secteurs d\u2019activit\u00e9s, ce qui rend n\u00e9cessaire le d\u00e9ploiement d\u2019une formation certifiante telle que celle propos\u00e9e aujourd\u2019hui par GESIVI SYSTEME : <strong>Gestion du ph\u00e9nom\u00e8ne de la violence<\/strong>.<\/p>\n<p>Elle s\u2019appuie sur une m\u00e9thode fond\u00e9e \u00e0 l\u2019origine sur de la recherche\/action et op\u00e9rationnelle dans son application. Elle est consid\u00e9r\u00e9e comme \u00ab unique et pragmatique \u00bb par les participants eux-m\u00eames pour devenir \u00ab les secouristes de la violence \u00bb quel que soit le secteur d\u2019activit\u00e9.<\/p>\n<div style=\"width: 500px; float: left; margin-bottom: 50px;\">\n<p style=\"margin: 0 0 0px 0;\"><span style=\"color: #1d60ab;\">\u25cb<\/span> Intitul\u00e9 de la certification professionnelle :<\/p>\n<p><span style=\"color: #1d60ab;\"><span style=\"padding: 0 10px 2px; margin: 0 0 20px 0;\"><strong>Gestion du Ph\u00e9nom\u00e8ne de la Violence\u00a0<\/strong><\/span><\/span><\/p>\n<p style=\"margin: 0 0 0 0;\"><span style=\"color: #1d60ab;\">\u25cb<\/span> Dur\u00e9e :<\/p>\n<p><span style=\"color: #1d60ab;\"><strong><span style=\"padding: 0 10px; margin: 0 0 20px 0;\">14 jours (98h) r\u00e9partis sur 4 mois<\/span><\/strong><\/span>\u00a0\u00a0<\/p>\n<p style=\"margin: 0 0 0px 0;\"><span style=\"color: #1d60ab;\">\u25cb<\/span> Prochaine session (sous r\u00e9serve de candidatures suffisantes) :<\/p>\n<p><strong><span style=\"padding: 0 10px; margin: 0px 0 10px 0; display: inline-block;\"><span style=\"color: #1d60ab;\">Du 09\/09\/26 au 02\/12\/26<br \/>\n<\/span><\/span><\/strong><span style=\"padding: 0px 10px; margin: 0px 0px 0px; display: inline-block; font-size: 10pt;\">Module 1 :<span style=\"color: #1d60ab;\"> Du 09 au 11\/09\/2026 <br \/>\n<\/span>Module 2 :<span style=\"color: #1d60ab;\"> Du 05 au 06\/10\/2026 + 26 au 27\/10\/2026 <br \/>\n<\/span>Module 3 :<span style=\"color: #1d60ab;\"> Le 28\/10\/2026 + Du 02 au 04\/11\/2026 <br \/>\n<\/span>Module 4 :<span style=\"color: #1d60ab;\"> Du 30\/11 au 02\/12\/2026<\/span><\/span><\/p>\n<p style=\"margin: 0 0 25px 0;\"><a href=\"https:\/\/www.imf.asso.fr\/pages\/wp-content\/uploads\/Calendrier-GESIVI_2627.pdf\"><span style=\"padding: 5px 10px; margin: 10px 0 0 0; background: #f4f3fa; border: 1px solid purple; border-radius: 20px;\"><strong>Le calendrier<\/strong><\/span><\/a><\/p>\n<p style=\"margin: 0;\"><span style=\"color: #1d60ab;\">\u25cb<\/span> Lieu de la formation :<\/p>\n<p style=\"margin: 0; padding: 0 10px; color: #1d60ab;\"><strong>IMF RIS Avignon<\/strong><\/p>\n<p style=\"margin: 0 0 20px 0; padding: 0 10px; color: #333; font-size: 0.9em; line-height: 1.2em;\">Hamadryade B\u00e2t. B<br \/>\n55 All. Camille Claudel<br \/>\n84140 Avignon<\/p>\n<\/div>\n<div style=\"width: 300px; float: left;\"><\/p>\n<p style=\"margin: 0 0 0 0;\"><span style=\"color: #1d60ab;\">\u25cb<\/span> S&rsquo;inscrire ou s&rsquo;informer :<\/p>\n<p style=\"margin: 0 0 5px 0;\"><span style=\"margin: 0; padding: 0 10px; color: #1d60ab; display: block;\"><strong>e.ageneau@imf.asso.fr<br \/>\n04 32 40 41 85<\/strong><\/span><\/p>\n<p style=\"margin: 0 0 25px 0;\"><a href=\"https:\/\/www.imf.asso.fr\/pages\/wp-content\/uploads\/F-GPV-02-Fiche-dinscription-apprenant.pdf\"><span style=\"padding: 5px 10px; margin: 10px 0 0 0; background: #f4f3fa; border: 1px solid purple; border-radius: 20px;\"><strong>S&rsquo;inscrire<\/strong><\/span><\/a><\/p>\n<p style=\"margin: 0 0 10px 0;\"><span style=\"color: #1d60ab;\">\u25cb<\/span> La fiche de la formation :<\/p>\n<p><a href=\"https:\/\/www.imf.asso.fr\/pages\/wp-content\/uploads\/FC2602-Gestion-du-Phenomene-de-la-Violence-2026.pdf\"><span style=\"padding: 5px 10px; background: #f4f3fa; border: 1px solid purple; border-radius: 20px;\"><strong>\u00a0Gestion du Ph\u00e9nom\u00e8ne de la Violence<\/strong><\/span><\/a><\/p>\n<p style=\"margin: 0 0 10px 0; display: block;\"><span style=\"color: #1d60ab;\">\u25cb<\/span> En savoir plus, <br \/>\nsur le site de notre partenaire :<\/p>\n<p><a href=\"https:\/\/www.gesivi.fr\/formations\/certification-gestion-violence\/\"><span style=\"padding: 5px 10px; background: #f4f3fa; border: 1px solid purple; border-radius: 20px;\"><strong>\u00a0Gestion du Ph\u00e9nom\u00e8ne de la Violence<\/strong><\/span><\/a><\/p>\n<\/div>\n<p><img decoding=\"async\" loading=\"lazy\" style=\"clear: both; display: block;\" src=\"https:\/\/www.imf.asso.fr\/pages\/wp-content\/uploads\/logo-gesivi.png\" alt=\"\" width=\"148\" height=\"70\" \/><\/p>\n","protected":false},"excerpt":{"rendered":"","protected":false},"author":4,"featured_media":0,"parent":47,"menu_order":0,"comment_status":"closed","ping_status":"closed","template":"","meta":{"footnotes":""},"_links":{"self":[{"href":"https:\/\/www.imf.asso.fr\/pages\/index.php?rest_route=\/wp\/v2\/pages\/16828"}],"collection":[{"href":"https:\/\/www.imf.asso.fr\/pages\/index.php?rest_route=\/wp\/v2\/pages"}],"about":[{"href":"https:\/\/www.imf.asso.fr\/pages\/index.php?rest_route=\/wp\/v2\/types\/page"}],"author":[{"embeddable":true,"href":"https:\/\/www.imf.asso.fr\/pages\/index.php?rest_route=\/wp\/v2\/users\/4"}],"replies":[{"embeddable":true,"href":"https:\/\/www.imf.asso.fr\/pages\/index.php?rest_route=%2Fwp%2Fv2%2Fcomments&post=16828"}],"version-history":[{"count":3,"href":"https:\/\/www.imf.asso.fr\/pages\/index.php?rest_route=\/wp\/v2\/pages\/16828\/revisions"}],"predecessor-version":[{"id":17455,"href":"https:\/\/www.imf.asso.fr\/pages\/index.php?rest_route=\/wp\/v2\/pages\/16828\/revisions\/17455"}],"up":[{"embeddable":true,"href":"https:\/\/www.imf.asso.fr\/pages\/index.php?rest_route=\/wp\/v2\/pages\/47"}],"wp:attachment":[{"href":"https:\/\/www.imf.asso.fr\/pages\/index.php?rest_route=%2Fwp%2Fv2%2Fmedia&parent=16828"}],"curies":[{"name":"wp","href":"https:\/\/api.w.org\/{rel}","templated":true}]}}